{"id":721,"date":"2020-02-12T17:50:33","date_gmt":"2020-02-12T10:50:33","guid":{"rendered":"https:\/\/mayphatdienhungthinhphat.webdemo.vn\/?post_type=product&#038;p=721"},"modified":"2020-02-12T17:50:33","modified_gmt":"2020-02-12T10:50:33","slug":"kubota-310-312","status":"publish","type":"product","link":"https:\/\/webmaibinh.com\/w\/mayphatdien2011\/san-pham\/kubota-310-312\/","title":{"rendered":"Kubota 310-312"},"content":{"rendered":"<p>Avr m\u00e1y ph\u00e1t \u0111i\u1ec7n kubota 310-312<\/p>\n<p>\u0111\u1eb7c \u0111i\u1ec3m k\u1ef9 thu\u1eadt:<\/p>\n<p>M\u00e3 s\u1ea3n ph\u1ea9m : AVR J310-380V 50 HZ 3 Pha<br \/>\nChuy\u00ean d\u00f9ng\u00a0M\u00e1y Ph\u00e1t \u0110i\u1ec7n \u00a0: J310 J312J315 J320 J324 380<br \/>\nTr\u1ecdng l\u01b0\u1ee3ng: 0.6 kg (1.323lb.)<br \/>\nK\u00edch Th\u01b0\u1edbc: 16 cm x 15 cm x 8 cm (6.30in x 5.91in x 3.15in)<\/p>\n<p><strong>II. T\u1ea0I SAO B\u1ea0N N\u00caN MUA PH\u1ee4 T\u00d9NG M\u00c1Y PH\u00c1T \u0110I\u1ec6N C\u1ee6A CH\u00daNG T\u00d4I :<\/strong><\/p>\n<p>1. \u0110\u1ea7u ti\u00ean b\u1ea1n s\u1ebd c\u1ea3m nh\u1eadn \u0111\u01b0\u1ee3c s\u1ef1 t\u01b0 v\u1ea5n nhi\u1ec7t t\u00ecnh v\u1edbi ki\u1ebfn th\u1ee9c chuy\u00ean m\u00f4n v\u00e0 kinh nghi\u1ec7m 25 n\u0103m trong l\u0129nh v\u1ef1c b\u00e1n linh ph\u1ee5 ki\u1ec7n m\u00e1y ph\u00e1t \u0111i\u1ec7n<br \/>\n2. C\u00f4ng ty ch\u00fang t\u00f4i l\u00e0 nh\u00e0 ph\u00e2n ph\u1ed1i c\u1ea5p 1 t\u1ea1i Vi\u1ec7t Nam v\u1ec1 c\u00e1c ph\u1ee5 t\u00f9ng \u0111i k\u00e8m m\u00e1y<br \/>\n3. Do l\u00e0 nh\u00e0 ph\u00e2n ph\u1ed1i c\u1ea5p 1 n\u00ean ch\u00fang t\u00f4i c\u00f3 gi\u00e1 t\u1ed1t nh\u1ea5t so v\u1edbi c\u00e1c nh\u00e0 ph\u00e2n ph\u1ed1i ho\u1eb7c \u0111\u1ea1i l\u00fd b\u00e1n l\u1ebb kh\u00e1c.<\/p>\n<p>4. H\u00e0ng lu\u00f4n \u0111\u1ea3m b\u1ea3o Nh\u1eadp kh\u1ea9u t\u1eadn g\u1ed1c t\u1eeb nh\u00e0 m\u00e1y &#8211; Ch\u1ee9ng nh\u1eadn v\u00e0 b\u1ea3n quy\u1ec1n duy nh\u1ea5t &#8211; Cam k\u1ebft l\u1ed7i\/ h\u1ecfng \u0111\u1ec1n ti\u1ec1n g\u1ea5p \u0111\u00f4i.<br \/>\n5. Nh\u00e2n vi\u00ean k\u1ef9 thu\u1eadt 24\/24 c\u00f3 th\u1ec3 giao h\u00e0ng t\u1eadn n\u01a1i v\u00e0 thay th\u1ebf tr\u1ef1c ti\u1ebfp n\u1ebfu nh\u01b0 Kh\u00e1ch h\u00e0ng c\u00f3 nhu c\u1ea7u !<br \/>\n6. Lu\u00f4n lu\u00f4n c\u00f3 nh\u1eefng \u01b0u \u0111\u00e3i v\u00e0 d\u1ecbch v\u1ee5 sau b\u00e1n h\u00e0ng !<\/p>\n<p><span style=\"color: #ed1c24;\"><u><strong>H\u00c3Y \u0110\u1ebeN V\u00c0 C\u1ea2M NH\u1eacN S\u1ef0 UY T\u00cdN &#8211; CHUY\u00caN NGHI\u1ec6P M\u00c0 CH\u00daNG T\u00d4I \u0110EM L\u1ea0I CHO B\u1ea0N !!<\/strong><\/u><\/span><\/p>\n<hr \/>\n<p style=\"margin-bottom: 5px;\"><span style=\"color: #333399;\"><strong>C\u00d4NG TY TNHH SX &#8211; TM &#8211; XNK H\u01afNG TH\u1ecaNH PH\u00c1T<\/strong><\/span><\/p>\n<ul>\n<li><span style=\"color: #000000;\"><strong>\u0110\u1ecba ch\u1ec9:<\/strong> S\u1ed1 496\/13 L\u00e3 Xu\u00e2n Oai, T\u1ed5 7, Khu ph\u1ed1 Ph\u01b0\u1edbc Hi\u1ec7p, Ph\u01b0\u1eddng Long Tr\u01b0\u1eddng, Qu\u1eadn 9, TP.HCM<\/span><\/li>\n<li><span class=\"text\" style=\"color: #000000;\"><strong>\u0110i\u1ec7n tho\u1ea1i:<\/strong> <span style=\"color: #ed1c24;\"><strong>0909.078.509<\/strong><\/span><\/span><\/li>\n<li><span class=\"text\" style=\"color: #000000;\"><strong> Email:<\/strong> <span style=\"color: #3366ff;\">hungthinhphatgenerator@gmail.com<\/span><\/span><\/li>\n<\/ul>\n","protected":false},"excerpt":{"rendered":"<ul class=\"mnv-infoproduct\">\n<li><strong>M\u00e3 s\u1ea3n ph\u1ea9m:<\/strong> \u00a0<span style=\"color: red;\">310-312<\/span><\/li>\n<li><strong>Gi\u00e1 b\u00e1n:<\/strong> <span style=\"color: red;\">LH: 0909.078.509<\/span><\/li>\n<li><strong>Xu\u1ea5t x\u1ee9:<\/strong> China<\/li>\n<li><strong>B\u1ea3o h\u00e0nh:<\/strong> 12 Th\u00e1ng<\/li>\n<\/ul>\n","protected":false},"featured_media":722,"comment_status":"open","ping_status":"closed","template":"","meta":[],"_links":{"self":[{"href":"https:\/\/webmaibinh.com\/w\/mayphatdien2011\/wp-json\/wp\/v2\/product\/721"}],"collection":[{"href":"https:\/\/webmaibinh.com\/w\/mayphatdien2011\/wp-json\/wp\/v2\/product"}],"about":[{"href":"https:\/\/webmaibinh.com\/w\/mayphatdien2011\/wp-json\/wp\/v2\/types\/product"}],"replies":[{"embeddable":true,"href":"https:\/\/webmaibinh.com\/w\/mayphatdien2011\/wp-json\/wp\/v2\/comments?post=721"}],"wp:featuredmedia":[{"embeddable":true,"href":"https:\/\/webmaibinh.com\/w\/mayphatdien2011\/wp-json\/wp\/v2\/media\/722"}],"wp:attachment":[{"href":"https:\/\/webmaibinh.com\/w\/mayphatdien2011\/wp-json\/wp\/v2\/media?parent=721"}],"curies":[{"name":"wp","href":"https:\/\/api.w.org\/{rel}","templated":true}]}}