{"id":719,"date":"2020-02-12T17:49:14","date_gmt":"2020-02-12T10:49:14","guid":{"rendered":"https:\/\/mayphatdienhungthinhphat.webdemo.vn\/?post_type=product&#038;p=719"},"modified":"2020-02-12T17:49:14","modified_gmt":"2020-02-12T10:49:14","slug":"kutai-ea05af","status":"publish","type":"product","link":"https:\/\/webmaibinh.com\/w\/mayphatdien2011\/san-pham\/kutai-ea05af\/","title":{"rendered":"Kutai EA05AF"},"content":{"rendered":"<p>T\u1ef1 \u0111\u1ed9ng T\u1ef1 \u0111\u1ed9ng C\u1ef1c n\u00f3ng 5 Amp Full Wave<br \/>\n\u0110i\u1ec1u ch\u1ec9nh \u0111i\u1ec7n \u00e1p<br \/>\nT\u01b0\u01a1ng th\u00edch v\u1edbi b\u1ed9 \u0111i\u1ec1u ch\u1ec9nh d\u00f2ng Onan VR21<\/p>\n<p><u><strong>I. T\u00ednh n\u0103ng, \u0111\u1eb7c \u0111i\u1ec3m<\/strong><\/u><\/p>\n<p>\uf06c \u0110i\u1ec1u ch\u1ec9nh \u0111i\u1ec7n \u00e1p &lt;+\/- 1%<br \/>\n\uf06c B\u1ed9 ch\u1ec9nh l\u01b0u s\u00f3ng \u0111\u1ea7y 220 Vac<br \/>\n\uf06c Max. \u0111i\u1ec7n \u00e1p \u0111\u1ea7u ra&gt; 170 Vdc<br \/>\n\uf06c B\u1ea3o v\u1ec7 t\u1ea7n s\u1ed1<br \/>\n\uf06c Kh\u1edfi \u0111\u1ed9ng \u0111i\u1ec7n \u00e1p kh\u1edfi \u0111\u1ed9ng m\u1ec1m<br \/>\n\uf06c B\u1ea3o v\u1ec7 t\u1ea7n s\u1ed1<br \/>\n\uf06c C\u1ea7u ch\u00ec c\u00f4ng su\u1ea5t cao<\/p>\n<p><strong>II. Th\u00f4ng s\u1ed1 k\u1ef9 thu\u1eadt<\/strong><\/p>\n<p>Sensing &amp; Power \u0110i\u1ec7n \u00e1p \u0111\u1ea7u v\u00e0o 160 \u0111\u1ebfn 260 Vac D\u00f2ng 1 pha 2 d\u00e2y C\u00f4ng su\u1ea5t ti\u00eau hao t\u1ed1i \u0111a Max. 8 watts<br \/>\n\u0110i\u1ec1u ch\u1ec9nh t\u1ea7n s\u1ed1 50\/60 Hz \u0110i\u1ec1u ch\u1ec9nh \u0111i\u1ec7n \u00e1p ngo\u00e0i +\/- 10% v\u1edbi 5 k\u03a9 1 watt t\u00f4ng \u0111\u01a1<br \/>\n\u0110i\u1ec7n \u00e1p \u0111\u1ea7u ra Max. 170 Vdc @ 240 Vac Th\u1eddi gian b\u1eaft \u0111\u1ea7u kh\u1edfi \u0111\u1ed9ng m\u1ec1m 2 gi\u00e2y<br \/>\nHi\u1ec7n t\u1ea1i li\u00ean t\u1ee5c 5A theo B\u1ea3o v\u1ec7 T\u1ea7n s\u1ed1 (Factory Knee Point Setting)<br \/>\nKh\u00f4ng li\u00ean t\u1ee5c 7A trong 10 gi\u00e2y H\u1ec7 th\u1ed1ng 50 Hz \u0111\u1eb7t tr\u01b0\u1edbc \u0111i\u1ec3m \u0111\u1ea7u g\u1ed1i \u1edf 45 Hz<br \/>\nKh\u00e1ng chi\u1ebfn Min. 15 \u03a9 Max. H\u1ec7 th\u1ed1ng 100 \u03a9 60 Hz \u0111\u1eb7t \u0111\u1ea7u g\u1ed1i \u1edf 55 Hz<br \/>\nVolt Quy \u0111\u1ecbnh &lt;+\/- 1% (v\u1edbi 4% \u0111\u1ed9ng c\u01a1 qu\u1ea3n) M\u00f4i tr\u01b0\u1eddng Nhi\u1ec7t \u0111\u1ed9 ho\u1ea1t \u0111\u1ed9ng -40 \u0111\u1ebfn +65 \u00b0 C<br \/>\nX\u00e2y d\u1ef1ng \u0111i\u1ec7n \u00e1p d\u01b0 tr\u00ean \u0111\u1ea7u AVR&gt; 5 Vac Nhi\u1ec7t \u0111\u1ed9 b\u1ea3o qu\u1ea3n -40 to +80 \u00b0 C<br \/>\n\u0110i\u1ec7n \u00e1p Drift nhi\u1ec7t 0.03% tr\u00ean m\u1ed7i \u00b0 C thay \u0111\u1ed5i trong m\u00f4i tr\u01b0\u1eddng xung quanh AVR \u0110\u1ed9 \u1ea9m t\u1ed1i \u0111a Max. 95%<br \/>\nNhi\u1ec7t \u0111\u1ed9 3.3Gs @ 100 \u0111\u1ebfn 2K Hz<br \/>\nTh\u00f4ng s\u1ed1 c\u01a1 h\u1ecdc C\u00e1c ch\u1ee9c n\u0103ng \u0111i\u1ec1u khi\u1ec3n AVR<br \/>\n18,3<br \/>\n112,0 77,0<br \/>\n88,0 162,0 138,0<br \/>\n5.2 EA05AF<br \/>\n\u0110\u01a1n v\u1ecb: mm<br \/>\nVOLT \u0110i\u1ec1u ch\u1ec9nh \u0111i\u1ec7n \u00e1p<br \/>\nSTAB \u0110i\u1ec1u ch\u1ec9nh \u0111\u1ed9 \u1ed5n \u0111\u1ecbnh<br \/>\nU \/ F \u0110\u1eb7t d\u01b0\u1edbi \u0111\u1ea7u g\u1ed1i b\u1ea3o v\u1ec7 t\u1ea7n s\u1ed1 \u0111\u1ea7u g\u1ed1i<br \/>\nth\u00f4ng s\u1ed1 v\u1eadt l\u00fd<br \/>\nK\u00edch th\u01b0\u1edbc 162.0 (L) x 112.0 (W) x 77.0 (H) mm<br \/>\nTr\u1ecdng l\u01b0\u1ee3ng 421 g +\/- 2%<\/p>\n<p><strong>III. T\u1ea0I SAO B\u1ea0N N\u00caN MUA PH\u1ee4 T\u00d9NG M\u00c1Y PH\u00c1T \u0110I\u1ec6N C\u1ee6A CH\u00daNG T\u00d4I :<\/strong><\/p>\n<p>1. \u0110\u1ea7u ti\u00ean b\u1ea1n s\u1ebd c\u1ea3m nh\u1eadn \u0111\u01b0\u1ee3c s\u1ef1 t\u01b0 v\u1ea5n nhi\u1ec7t t\u00ecnh v\u1edbi ki\u1ebfn th\u1ee9c chuy\u00ean m\u00f4n v\u00e0 kinh nghi\u1ec7m 25 n\u0103m trong l\u0129nh v\u1ef1c b\u00e1n linh ph\u1ee5 ki\u1ec7n m\u00e1y ph\u00e1t \u0111i\u1ec7n<br \/>\n2. C\u00f4ng ty ch\u00fang t\u00f4i l\u00e0 nh\u00e0 ph\u00e2n ph\u1ed1i c\u1ea5p 1 t\u1ea1i Vi\u1ec7t Nam v\u1ec1 c\u00e1c ph\u1ee5 t\u00f9ng \u0111i k\u00e8m m\u00e1y<br \/>\n3. Do l\u00e0 nh\u00e0 ph\u00e2n ph\u1ed1i c\u1ea5p 1 n\u00ean ch\u00fang t\u00f4i c\u00f3 gi\u00e1 t\u1ed1t nh\u1ea5t so v\u1edbi c\u00e1c nh\u00e0 ph\u00e2n ph\u1ed1i ho\u1eb7c \u0111\u1ea1i l\u00fd b\u00e1n l\u1ebb kh\u00e1c.<\/p>\n<p>4. H\u00e0ng lu\u00f4n \u0111\u1ea3m b\u1ea3o Nh\u1eadp kh\u1ea9u t\u1eadn g\u1ed1c t\u1eeb nh\u00e0 m\u00e1y &#8211; Ch\u1ee9ng nh\u1eadn v\u00e0 b\u1ea3n quy\u1ec1n duy nh\u1ea5t &#8211; Cam k\u1ebft l\u1ed7i\/ h\u1ecfng \u0111\u1ec1n ti\u1ec1n g\u1ea5p \u0111\u00f4i.<br \/>\n5. Nh\u00e2n vi\u00ean k\u1ef9 thu\u1eadt 24\/24 c\u00f3 th\u1ec3 giao h\u00e0ng t\u1eadn n\u01a1i v\u00e0 thay th\u1ebf tr\u1ef1c ti\u1ebfp n\u1ebfu nh\u01b0 Kh\u00e1ch h\u00e0ng c\u00f3 nhu c\u1ea7u !<br \/>\n6. Lu\u00f4n lu\u00f4n c\u00f3 nh\u1eefng \u01b0u \u0111\u00e3i v\u00e0 d\u1ecbch v\u1ee5 sau b\u00e1n h\u00e0ng !<\/p>\n<p><span style=\"color: #008000;\"><strong>H\u00c3Y \u0110\u1ebeN V\u00c0 C\u1ea2M NH\u1eacN S\u1ef0 UY T\u00cdN &#8211; CHUY\u00caN NGHI\u1ec6P M\u00c0 CH\u00daNG T\u00d4I \u0110EM L\u1ea0I CHO B\u1ea0N !!<\/strong><\/span><\/p>\n<hr \/>\n<p style=\"margin-bottom: 5px;\"><span style=\"color: #333399;\"><strong>C\u00d4NG TY TNHH SX &#8211; TM &#8211; XNK H\u01afNG TH\u1ecaNH PH\u00c1T<\/strong><\/span><\/p>\n<ul>\n<li><span style=\"color: #000000;\"><strong>\u0110\u1ecba ch\u1ec9:<\/strong> S\u1ed1 496\/13 L\u00e3 Xu\u00e2n Oai, T\u1ed5 7, Khu ph\u1ed1 Ph\u01b0\u1edbc Hi\u1ec7p, Ph\u01b0\u1eddng Long Tr\u01b0\u1eddng, Qu\u1eadn 9, TP.HCM<\/span><\/li>\n<li><span class=\"text\" style=\"color: #000000;\"><strong>\u0110i\u1ec7n tho\u1ea1i:<\/strong> <span style=\"color: #ed1c24;\"><strong>0909.078.509<\/strong><\/span><\/span><\/li>\n<li><span class=\"text\" style=\"color: #000000;\"><strong> Email:<\/strong> <span style=\"color: #3366ff;\">hungthinhphatgenerator@gmail.com<\/span><\/span><\/li>\n<\/ul>\n","protected":false},"excerpt":{"rendered":"<ul class=\"mnv-infoproduct\">\n<li><strong>M\u00e3 s\u1ea3n ph\u1ea9m:<\/strong> \u00a0<span style=\"color: red;\">EA05AF<\/span><\/li>\n<li><strong>Gi\u00e1 b\u00e1n:<\/strong> <span style=\"color: red;\">LH: 0909.078.509<\/span><\/li>\n<li><strong>Xu\u1ea5t x\u1ee9:<\/strong> China<\/li>\n<li><strong>B\u1ea3o h\u00e0nh:<\/strong> 12 Th\u00e1ng<\/li>\n<\/ul>\n","protected":false},"featured_media":720,"comment_status":"open","ping_status":"closed","template":"","meta":[],"_links":{"self":[{"href":"https:\/\/webmaibinh.com\/w\/mayphatdien2011\/wp-json\/wp\/v2\/product\/719"}],"collection":[{"href":"https:\/\/webmaibinh.com\/w\/mayphatdien2011\/wp-json\/wp\/v2\/product"}],"about":[{"href":"https:\/\/webmaibinh.com\/w\/mayphatdien2011\/wp-json\/wp\/v2\/types\/product"}],"replies":[{"embeddable":true,"href":"https:\/\/webmaibinh.com\/w\/mayphatdien2011\/wp-json\/wp\/v2\/comments?post=719"}],"wp:featuredmedia":[{"embeddable":true,"href":"https:\/\/webmaibinh.com\/w\/mayphatdien2011\/wp-json\/wp\/v2\/media\/720"}],"wp:attachment":[{"href":"https:\/\/webmaibinh.com\/w\/mayphatdien2011\/wp-json\/wp\/v2\/media?parent=719"}],"curies":[{"name":"wp","href":"https:\/\/api.w.org\/{rel}","templated":true}]}}