{"id":715,"date":"2020-02-12T17:47:52","date_gmt":"2020-02-12T10:47:52","guid":{"rendered":"https:\/\/mayphatdienhungthinhphat.webdemo.vn\/?post_type=product&#038;p=715"},"modified":"2020-02-12T17:47:53","modified_gmt":"2020-02-12T10:47:53","slug":"kutai-ea05a","status":"publish","type":"product","link":"https:\/\/webmaibinh.com\/w\/mayphatdien2011\/san-pham\/kutai-ea05a\/","title":{"rendered":"Kutai EA05A"},"content":{"rendered":"<p><u><strong>1. \u0110\u1eb7c \u0110i\u1ec3m\u00a0m\u1ea1ch avr m\u00e1y ph\u00e1t \u0111i\u1ec7n Kutai EA05A<\/strong><\/u><\/p>\n<p>\u0110\u1ea7u v\u00e0o c\u1ea3m bi\u1ebfn :\u00a0\u0110i\u1ec7n \u00e1p 95 ~ 130 VAC, d\u00e2y 1 pha 2 &#8211;\u00a0T\u1ea7n s\u1ed1 50\/60 Hz, c\u00f3 th\u1ec3 l\u1ef1a ch\u1ecdn DIP<br \/>\nNg\u00f5 v\u00e0o ngu\u1ed3n :\u00a0\u0110i\u1ec7n \u00e1p 50 ~ 150 VAC, d\u00e2y 1 pha 2<br \/>\n\u0110\u1ea7u ra :\u00a0\u0110i\u1ec7n \u00e1p Max. \u0110\u1ea7u v\u00e0o 45 VDC @ 120 VAC<br \/>\nHi\u1ec7n t\u1ea1i li\u00ean t\u1ee5c 5A :\u00a0\u00a0X\u1ea3y li\u00ean t\u1ee5c 7A trong 10 gi\u00e2y<br \/>\nKh\u00e1ng chi\u1ebfn Min. T\u1ed1i \u0111a 15 ohm 100 ohm<br \/>\n\u0110i\u1ec1u ch\u1ec9nh \u0111i\u1ec7n \u00e1p :\u00a0&lt;\u00b1 0,5% (v\u1edbi 4% c\u00f4ng c\u1ee5 \u0111i\u1ec1u khi\u1ec3n)<br \/>\n\u0110i\u1ec7n \u00e1p X\u00e2y d\u1ef1ng :\u00a0\u0110i\u1ec7n \u00e1p d\u01b0 t\u1ea1i \u0111\u1ea7u cu\u1ed1i AVR&gt; 5 VAC<br \/>\nNhi\u1ec7t Drift : 0,03% \/ \u00b0 C thay \u0111\u1ed5i trong m\u00f4i tr\u01b0\u1eddng xung quanh AVR<br \/>\n\u0110i\u1ec1u ch\u1ec9nh \u0111i\u1ec7n ngo\u00e0i : 7% v\u1edbi 1K ohm 1 watt t\u00f4ng \u0111\u01a1<br \/>\nH\u1ee7y EMI : L\u1ecdc nhi\u1ec5u \u0111i\u1ec7n t\u1eeb n\u1ed9i b\u1ed9<br \/>\n\u0110\u01a1n v\u1ecb Dissipation Power : T\u1ed1i \u0111a 8 watt<br \/>\nTheo B\u1ea3o v\u1ec7 t\u1ea7n s\u1ed1 (C\u00e0i \u0111\u1eb7t Nh\u00e0 m\u00e1y) :\u00a0H\u1ec7 th\u1ed1ng 60 Hz \u0111\u1eb7t \u0111\u1ea7u g\u1ed1i \u1edf 55 Hz &#8211;\u00a0\u00a0H\u1ec7 th\u1ed1ng 50 Hz \u0111\u1eb7t \u0111\u1ea7u g\u1ed1i \u1edf 45 Hz<br \/>\nTh\u1eddi gian b\u1eaft \u0111\u1ea7u kh\u1edfi \u0111\u1ed9ng m\u1ec1m : 3 gi\u00e2y.<br \/>\nK\u00edch th\u01b0\u1edbc :\u00a0101mm L * 69mm W * 47.5mm H<br \/>\nC\u00e2n n\u1eb7ng :\u00a0183g \u00b1 2%<\/p>\n<p><span style=\"color: #ed1c24;\"><strong>***2. C\u1ea2NH B\u00c1O<\/strong><\/span><\/p>\n<p>\u0110i\u1ec1u ch\u1ec9nh \u0111i\u1ec7n \u00e1p t\u1ef1 \u0111\u1ed9ng n\u00e0y kh\u00f4ng<br \/>\ntrang b\u1ecb thi\u1ebft b\u1ecb b\u1ea3o v\u1ec7 ch\u1ed1ng m\u1ea5t m\u00e1t<br \/>\nch\u1ee9c n\u0103ng \/ B\u1ea3o v\u1ec7 K\u00edch th\u00edch. An<br \/>\nthi\u1ebft b\u1ecb b\u1ea3o v\u1ec7 qu\u00e1 \u00e1p b\u1ed5 sung cho<br \/>\nt\u1ea3i tr\u1ecdng c\u00f3 th\u1ec3 \u0111\u01b0\u1ee3c y\u00eau c\u1ea7u \u0111\u1ec3 tr\u00e1nh c\u00f3 th\u1ec3<br \/>\nh\u01b0 h\u1ecfng thi\u1ebft b\u1ecb ho\u1eb7c c\u00e1 nh\u00e2n nghi\u00eam tr\u1ecdng<br \/>\nth\u01b0\u01a1ng t\u00edch ho\u1eb7c t\u1eed vong.<\/p>\n<p><strong>\u00a03. X\u1eed l\u00fd khi AVR\u00a0Kutai EA05A G\u1eb7p s\u1ef1 c\u1ed1 :\u00a0<\/strong><\/p>\n<table border=\"1\" cellspacing=\"1\" cellpadding=\"1\">\n<tbody>\n<tr>\n<td><strong>Tri\u1ec7u ch\u1ee9ng<\/strong><\/td>\n<td><strong>Nguy\u00ean nh\u00e2n<\/strong><\/td>\n<td><strong>C\u00e1ch X\u1eed l\u00fd<\/strong><\/td>\n<\/tr>\n<tr>\n<td>\u0110i\u1ec7n \u00e1p kh\u00f4ng l\u00ean<\/td>\n<td>T\u1ed1c \u0111\u1ed9 \u0111\u1ed9ng c\u01a1 qu\u00e1 th\u1ea5p<br \/>\n\u0110i\u1ec7n \u00e1p d\u01b0 qu\u00e1 th\u1ea5p<\/td>\n<td>Vui l\u00f2ng tham kh\u1ea3o h\u01b0\u1edbng d\u1eabn s\u1eed d\u1ee5ng m\u00e1y ph\u00e1t \u0111i\u1ec7n<\/td>\n<\/tr>\n<tr>\n<td>\u0110i\u1ec7n \u00e1p ra th\u1ea5p<\/td>\n<td>C\u00e1p \u0111\u1ea7u v\u00e0o c\u1ee7a A, B, C kh\u00f4ng \u0111\u00fang<br \/>\nKi\u1ec3m tra c\u00e1c Potentiometer b\u00ean ngo\u00e0i.<br \/>\nD\u01b0\u1edbi t\u1ea7n s\u1ed1.<br \/>\nC\u00e1c exciter kh\u00f4ng ph\u00f9 h\u1ee3p v\u1edbi AVR<br \/>\nC\u00e0i \u0111\u1eb7t ch\u1ecdn \u0111i\u1ec7n \u00e1p \/ t\u1ea7n s\u1ed1<br \/>\nl\u00e0 kh\u00f4ng ch\u00ednh x\u00e1c.<\/td>\n<td>Ki\u1ec3m tra d\u00e2y v\u00e0 Potentiometer.<br \/>\nVui l\u00f2ng tham kh\u1ea3o h\u01b0\u1edbng d\u1eabn s\u1eed d\u1ee5ng m\u00e1y ph\u00e1t \u0111i\u1ec7n<\/td>\n<\/tr>\n<tr>\n<td>C\u1ea7u ch\u00ec th\u1ed5i<\/td>\n<td>\u0110\u00e8n flash k\u00edch ho\u1ea1t qu\u00e1 l\u1edbn ho\u1eb7c d\u00e2y<br \/>\nkh\u00f4ng k\u1ebft n\u1ed1i t\u1ed1t.<\/td>\n<td>Vui l\u00f2ng tham kh\u1ea3o h\u01b0\u1edbng d\u1eabn s\u1eed d\u1ee5ng m\u00e1y ph\u00e1t \u0111i\u1ec7n<\/td>\n<\/tr>\n<tr>\n<td>\u0110i\u1ec7n \u00e1p ra cao<\/td>\n<td>A, C \u0111\u1ea7u cu\u1ed1i kh\u00f4ng k\u1ebft n\u1ed1i ho\u1eb7c d\u00e2y<br \/>\nsai.<br \/>\nC\u00e0i \u0111\u1eb7t ch\u1ecdn \u0111i\u1ec7n \u00e1p \/ t\u1ea7n s\u1ed1<br \/>\nl\u00e0 kh\u00f4ng ch\u00ednh x\u00e1c.<\/td>\n<td>Xem h\u00ecnh d\u01b0\u1edbi<\/td>\n<\/tr>\n<tr>\n<td>\u0110i\u1ec7n \u00e1p ra kh\u00f4ng \u1ed5n \u0111\u1ecbnh<\/td>\n<td>S\u1ef1 \u1ed5n \u0111\u1ecbnh \u1ed5n \u0111\u1ecbnh kh\u00f4ng \u0111i\u1ec1u ch\u1ec9nh t\u1ed1t.<\/td>\n<td>Vui l\u00f2ng tham kh\u1ea3o ph\u1ea7n gi\u1edbi thi\u1ec7u v\u1ec1<br \/>\n\u0110i\u1ec1u ch\u1ec9nh.<\/td>\n<\/tr>\n<\/tbody>\n<\/table>\n<p><img class=\"aligncenter\" src=\"https:\/\/mayphatdienhungthinhphat.webdemo.com\/wp-content\/uploads\/2020\/02\/kutai-ea05a-715.jpg\" alt=\"m\u1ea1ch avr m\u00e1y ph\u00e1t \u0111i\u1ec7n Kutai EA05A\" \/><\/p>\n<div style=\"text-align: center;\"><em>M\u1ea1ch avr m\u00e1y ph\u00e1t \u0111i\u1ec7n Kutai EA05A<\/em><\/div>\n<p>\u203b Ch\u1ec9 s\u1eed d\u1ee5ng c\u1ea7u ch\u00ec b\u1ea3o v\u1ec7 d\u1ef1 ph\u00f2ng ban \u0111\u1ea7u \u0111\u01b0\u1ee3c cung c\u1ea5p \u0111\u1ec3 thay th\u1ebf c\u1ea7u ch\u00ec.<\/p>\n<p><u><strong>III. T\u1ea0I SAO B\u1ea0N N\u00caN MUA PH\u1ee4 T\u00d9NG M\u00c1Y PH\u00c1T \u0110I\u1ec6N C\u1ee6A CH\u00daNG T\u00d4I :<\/strong><\/u><\/p>\n<p>1. \u0110\u1ea7u ti\u00ean b\u1ea1n s\u1ebd c\u1ea3m nh\u1eadn \u0111\u01b0\u1ee3c s\u1ef1 t\u01b0 v\u1ea5n nhi\u1ec7t t\u00ecnh v\u1edbi ki\u1ebfn th\u1ee9c chuy\u00ean m\u00f4n v\u00e0 kinh nghi\u1ec7m 25 n\u0103m trong l\u0129nh v\u1ef1c b\u00e1n linh ph\u1ee5 ki\u1ec7n m\u00e1y ph\u00e1t \u0111i\u1ec7n<br \/>\n2. C\u00f4ng ty ch\u00fang t\u00f4i l\u00e0 nh\u00e0 ph\u00e2n ph\u1ed1i c\u1ea5p 1 t\u1ea1i Vi\u1ec7t Nam v\u1ec1 c\u00e1c ph\u1ee5 t\u00f9ng \u0111i k\u00e8m m\u00e1y<br \/>\n3. Do l\u00e0 nh\u00e0 ph\u00e2n ph\u1ed1i c\u1ea5p 1 n\u00ean ch\u00fang t\u00f4i c\u00f3 gi\u00e1 t\u1ed1t nh\u1ea5t so v\u1edbi c\u00e1c nh\u00e0 ph\u00e2n ph\u1ed1i ho\u1eb7c \u0111\u1ea1i l\u00fd b\u00e1n l\u1ebb kh\u00e1c.<\/p>\n<p>4. H\u00e0ng lu\u00f4n \u0111\u1ea3m b\u1ea3o Nh\u1eadp kh\u1ea9u t\u1eadn g\u1ed1c t\u1eeb nh\u00e0 m\u00e1y &#8211; Ch\u1ee9ng nh\u1eadn v\u00e0 b\u1ea3n quy\u1ec1n duy nh\u1ea5t &#8211; Cam k\u1ebft l\u1ed7i\/ h\u1ecfng \u0111\u1ec1n ti\u1ec1n g\u1ea5p \u0111\u00f4i.<br \/>\n5. Nh\u00e2n vi\u00ean k\u1ef9 thu\u1eadt 24\/24 c\u00f3 th\u1ec3 giao h\u00e0ng t\u1eadn n\u01a1i v\u00e0 thay th\u1ebf tr\u1ef1c ti\u1ebfp n\u1ebfu nh\u01b0 Kh\u00e1ch h\u00e0ng c\u00f3 nhu c\u1ea7u !<br \/>\n6. Lu\u00f4n lu\u00f4n c\u00f3 nh\u1eefng \u01b0u \u0111\u00e3i v\u00e0 d\u1ecbch v\u1ee5 sau b\u00e1n h\u00e0ng !<\/p>\n<p><span style=\"color: #ed1c24;\"><strong>H\u00c3Y \u0110\u1ebeN V\u00c0 C\u1ea2M NH\u1eacN S\u1ef0 UY T\u00cdN &#8211; CHUY\u00caN NGHI\u1ec6P M\u00c0 CH\u00daNG T\u00d4I \u0110EM L\u1ea0I CHO B\u1ea0N !!<\/strong><\/span><\/p>\n<hr \/>\n<p style=\"margin-bottom: 5px;\"><span style=\"color: #333399;\"><strong>C\u00d4NG TY TNHH SX &#8211; TM &#8211; XNK H\u01afNG TH\u1ecaNH PH\u00c1T<\/strong><\/span><\/p>\n<ul>\n<li><span style=\"color: #000000;\"><strong>\u0110\u1ecba ch\u1ec9:<\/strong> S\u1ed1 496\/13 L\u00e3 Xu\u00e2n Oai, T\u1ed5 7, Khu ph\u1ed1 Ph\u01b0\u1edbc Hi\u1ec7p, Ph\u01b0\u1eddng Long Tr\u01b0\u1eddng, Qu\u1eadn 9, TP.HCM<\/span><\/li>\n<li><span class=\"text\" style=\"color: #000000;\"><strong>\u0110i\u1ec7n tho\u1ea1i:<\/strong> <span style=\"color: #ed1c24;\"><strong>0909.078.509<\/strong><\/span><\/span><\/li>\n<li><span class=\"text\" style=\"color: #000000;\"><strong> Email:<\/strong> <span style=\"color: #3366ff;\">hungthinhphatgenerator@gmail.com<\/span><\/span><\/li>\n<\/ul>\n","protected":false},"excerpt":{"rendered":"<ul class=\"mnv-infoproduct\">\n<li><strong>M\u00e3 s\u1ea3n ph\u1ea9m:<\/strong> \u00a0<span style=\"color: red;\">EA05A<\/span><\/li>\n<li><strong>Gi\u00e1 b\u00e1n:<\/strong> <span style=\"color: red;\">LH: 0909.078.509<\/span><\/li>\n<li><strong>Xu\u1ea5t x\u1ee9:<\/strong> China<\/li>\n<li><strong>B\u1ea3o h\u00e0nh:<\/strong> 12 Th\u00e1ng<\/li>\n<\/ul>\n","protected":false},"featured_media":717,"comment_status":"open","ping_status":"closed","template":"","meta":[],"_links":{"self":[{"href":"https:\/\/webmaibinh.com\/w\/mayphatdien2011\/wp-json\/wp\/v2\/product\/715"}],"collection":[{"href":"https:\/\/webmaibinh.com\/w\/mayphatdien2011\/wp-json\/wp\/v2\/product"}],"about":[{"href":"https:\/\/webmaibinh.com\/w\/mayphatdien2011\/wp-json\/wp\/v2\/types\/product"}],"replies":[{"embeddable":true,"href":"https:\/\/webmaibinh.com\/w\/mayphatdien2011\/wp-json\/wp\/v2\/comments?post=715"}],"wp:featuredmedia":[{"embeddable":true,"href":"https:\/\/webmaibinh.com\/w\/mayphatdien2011\/wp-json\/wp\/v2\/media\/717"}],"wp:attachment":[{"href":"https:\/\/webmaibinh.com\/w\/mayphatdien2011\/wp-json\/wp\/v2\/media?parent=715"}],"curies":[{"name":"wp","href":"https:\/\/api.w.org\/{rel}","templated":true}]}}