{"id":713,"date":"2020-02-12T17:41:11","date_gmt":"2020-02-12T10:41:11","guid":{"rendered":"https:\/\/mayphatdienhungthinhphat.webdemo.vn\/?post_type=product&#038;p=713"},"modified":"2020-02-12T17:41:11","modified_gmt":"2020-02-12T10:41:11","slug":"kipor-avr-ki-davr-95s3","status":"publish","type":"product","link":"https:\/\/webmaibinh.com\/w\/mayphatdien2011\/san-pham\/kipor-avr-ki-davr-95s3\/","title":{"rendered":"Kipor AVR KI-DAVR-95S3"},"content":{"rendered":"<p><strong>I. Th\u00f4ng s\u1ed1 s\u1ea3n ph\u1ea9m :\u00a0<\/strong><\/p>\n<p>M\u00e1y ph\u00e1t \u0111i\u1ec7n ba pha AVR KI-DAVR-95S3 Thi\u1ebft b\u1ecb \u0111i\u1ec1u ch\u1ec9nh \u0111i\u1ec7n \u00e1p x\u0103ng AVR<\/p>\n<p>Ch\u1ee9c n\u0103ng b\u1ea3o v\u1ec7 ng\u1eafn m\u1ea1ch, b\u1ea3o v\u1ec7 qu\u00e1 d\u00f2ng \u0111i\u1ec7n, b\u1ea3o v\u1ec7 qu\u00e1 \u00e1p, b\u1ea3o v\u1ec7 qu\u00e1 t\u1ea3i, \u0111i\u1ec1u khi\u1ec3n PID.<\/p>\n<p>1.\u0110i\u1ec7n \u00e1p \u0111i\u1ec7n \u00e1p \u0111\u1ea7u ra<br \/>\n2.Thi\u1ebft tr\u00ed n\u00e3o t\u00edch h\u1ee3p m\u1ea1ch t\u00edch h\u1ee3p ki\u1ec3m so\u00e1t, ch\u1ee9c n\u0103ng b\u1ea3o v\u1ec7 m\u1ea1ch t\u1ef1 \u0111\u1ed9ng.<br \/>\n3. Ng\u1eebng t\u1ef1 \u0111\u1ed9ng hi\u1ec7n t\u1ea1i, \u0111i\u1ec7n \u00e1p \u0111\u1ea7u ra tr\u00ean 0% s\u1ebd t\u1ef1 \u0111\u1ed9ng d\u1eebng.<br \/>\n4.T\u1ed1c \u0111\u1ed9 n\u1ea1p ho\u1eb7c ng\u1eafn m\u1ea1ch s\u1ebd t\u1ef1 \u0111\u1ed9ng t\u1eaft m\u00e1y.<br \/>\n5. \u0110i\u1ec1u ch\u1ec9nh t\u1ef7 l\u1ec7 \u0111i\u1ec7n \u00e1p t\u1ef1 \u0111\u1ed9ng cao h\u01a1n 1%<\/p>\n<p>Ch\u00fang t\u00f4i c\u0169ng cung c\u1ea5p d\u01b0\u1edbi \u0111\u00e2y KIPOR AVR:<\/p>\n<p>DAVR-50S \u0110\u1ed1i v\u1edbi pha 5KW \u0111\u01a1n<br \/>\nDAVR-50S3 \u0110\u1ed1i v\u1edbi pha 5KW ba pha<br \/>\nDAVR-95S \u0110\u1ed1i v\u1edbi pha \u0111\u01a1n 8.5 \/ 9.5KW<br \/>\nDAVR-95S3 \u0110\u1ed1i v\u1edbi 8,5 \/ 9,5KW ba pha<\/p>\n<p><strong>II. Th\u00f4ng s\u1ed1 k\u1ef9 thu\u1eadt :\u00a0<\/strong><\/p>\n<p>T\u00ean s\u1ea3n ph\u1ea9m: M\u00e1y ph\u00e1t \u0111i\u1ec7n ba pha AVR KI-DAVR-95S3 Thi\u1ebft b\u1ecb \u0111i\u1ec1u ch\u1ec9nh \u0111i\u1ec7n \u00e1p AVR t\u1ef1 \u0111\u1ed9ng cho m\u00e1y ph\u00e1t \u0111i\u1ec7n KIPOR 8.5 \/ 9.5KW<br \/>\nM\u00e3 s\u1ed1 h\u00e0ng: 390035303<br \/>\nTh\u1ec3 lo\u1ea1i: M\u00e1y ph\u00e1t \u0111i\u1ec7n Ph\u1ee5 t\u00f9ng &amp; Ph\u1ee5 ki\u1ec7n<br \/>\nM\u00f4 t\u1ea3 ng\u1eafn: AVR KI DAVR 95S3 \u0111\u01b0\u1ee3c thi\u1ebft k\u1ebf cho m\u00e1y ph\u00e1t \u0111i\u1ec7n KIPOR ba pha, c\u00f3 ch\u1ee9c n\u0103ng b\u1ea3o v\u1ec7 qu\u00e1 d\u00f2ng, b\u1ea3o v\u1ec7 qu\u00e1 \u00e1p v\u00e0 b\u1ea3o v\u1ec7 qu\u00e1 t\u1ea3i.<br \/>\nS\u1ed1 l\u01b0\u1ee3ng: 1 m\u1ea1ch<br \/>\nK\u00edch th\u01b0\u1edbc g\u00f3i: 15.0 * 12.0 * 10.0 (cm)<br \/>\nTr\u1ecdng l\u01b0\u1ee3ng \/ bao b\u00ec: 0,7 (kg)<br \/>\nS\u1ed1 hi\u1ec7u s\u1ea3n ph\u1ea9m:KI-DAVR-95S3<br \/>\nCh\u1ee9c n\u0103ng:Ba pha<br \/>\nB\u1ea3o v\u1ec7 qu\u00e1 \u00e1p:C\u00d3<br \/>\nB\u1ea3o v\u1ec7 qu\u00e1 t\u1ea3i:C\u00d3<br \/>\nB\u1ea3o v\u1ec7 qu\u00e1 d\u00f2ng:C\u00d3<br \/>\nB\u1ea3o v\u1ec7 ng\u1eafn m\u1ea1ch:YES<br \/>\nM\u1ee9c \u0111i\u1ec1u ch\u1ec9nh \u0111i\u1ec7n \u00e1p:cao h\u01a1n 1%<\/p>\n<p><strong>III. T\u1ea0I SAO B\u1ea0N N\u00caN MUA PH\u1ee4 T\u00d9NG M\u00c1Y PH\u00c1T \u0110I\u1ec6N C\u1ee6A CH\u00daNG T\u00d4I :<\/strong><\/p>\n<p>1. \u0110\u1ea7u ti\u00ean b\u1ea1n s\u1ebd c\u1ea3m nh\u1eadn \u0111\u01b0\u1ee3c s\u1ef1 t\u01b0 v\u1ea5n nhi\u1ec7t t\u00ecnh v\u1edbi ki\u1ebfn th\u1ee9c chuy\u00ean m\u00f4n v\u00e0 kinh nghi\u1ec7m 25 n\u0103m trong l\u0129nh v\u1ef1c b\u00e1n linh ph\u1ee5 ki\u1ec7n m\u00e1y ph\u00e1t \u0111i\u1ec7n<br \/>\n2. C\u00f4ng ty ch\u00fang t\u00f4i l\u00e0 nh\u00e0 ph\u00e2n ph\u1ed1i c\u1ea5p 1 t\u1ea1i Vi\u1ec7t Nam v\u1ec1 c\u00e1c ph\u1ee5 t\u00f9ng \u0111i k\u00e8m m\u00e1y<br \/>\n3. Do l\u00e0 nh\u00e0 ph\u00e2n ph\u1ed1i c\u1ea5p 1 n\u00ean ch\u00fang t\u00f4i c\u00f3 gi\u00e1 t\u1ed1t nh\u1ea5t so v\u1edbi c\u00e1c nh\u00e0 ph\u00e2n ph\u1ed1i ho\u1eb7c \u0111\u1ea1i l\u00fd b\u00e1n l\u1ebb kh\u00e1c.<\/p>\n<p>4. H\u00e0ng lu\u00f4n \u0111\u1ea3m b\u1ea3o Nh\u1eadp kh\u1ea9u t\u1eadn g\u1ed1c t\u1eeb nh\u00e0 m\u00e1y &#8211; Ch\u1ee9ng nh\u1eadn v\u00e0 b\u1ea3n quy\u1ec1n duy nh\u1ea5t &#8211; Cam k\u1ebft l\u1ed7i\/ h\u1ecfng \u0111\u1ec1n ti\u1ec1n g\u1ea5p \u0111\u00f4i.<br \/>\n5. Nh\u00e2n vi\u00ean k\u1ef9 thu\u1eadt\u00a024\/24\u00a0c\u00f3 th\u1ec3 giao h\u00e0ng t\u1eadn n\u01a1i v\u00e0 thay th\u1ebf tr\u1ef1c ti\u1ebfp n\u1ebfu nh\u01b0 Kh\u00e1ch h\u00e0ng c\u00f3 nhu c\u1ea7u !<br \/>\n6. Lu\u00f4n lu\u00f4n c\u00f3 nh\u1eefng \u01b0u \u0111\u00e3i v\u00e0 d\u1ecbch v\u1ee5 sau b\u00e1n h\u00e0ng !<\/p>\n<div><span style=\"color: #008000;\"><strong><u>H\u00c3Y \u0110\u1ebeN V\u00c0 C\u1ea2M NH\u1eacN S\u1ef0 UY T\u00cdN &#8211; CHUY\u00caN NGHI\u1ec6P M\u00c0 CH\u00daNG T\u00d4I \u0110EM L\u1ea0I CHO B\u1ea0N !!<\/u><\/strong><\/span><\/div>\n<hr \/>\n<p style=\"margin-bottom: 5px;\"><span style=\"color: #333399;\"><strong>C\u00d4NG TY TNHH SX &#8211; TM &#8211; XNK H\u01afNG TH\u1ecaNH PH\u00c1T<\/strong><\/span><\/p>\n<ul>\n<li><span style=\"color: #000000;\"><strong>\u0110\u1ecba ch\u1ec9:<\/strong> S\u1ed1 496\/13 L\u00e3 Xu\u00e2n Oai, T\u1ed5 7, Khu ph\u1ed1 Ph\u01b0\u1edbc Hi\u1ec7p, Ph\u01b0\u1eddng Long Tr\u01b0\u1eddng, Qu\u1eadn 9, TP.HCM<\/span><\/li>\n<li><span class=\"text\" style=\"color: #000000;\"><strong>\u0110i\u1ec7n tho\u1ea1i:<\/strong> <span style=\"color: #ed1c24;\"><strong>0909.078.509<\/strong><\/span><\/span><\/li>\n<li><span class=\"text\" style=\"color: #000000;\"><strong> Email:<\/strong> <span style=\"color: #3366ff;\">hungthinhphatgenerator@gmail.com<\/span><\/span><\/li>\n<\/ul>\n","protected":false},"excerpt":{"rendered":"<ul class=\"mnv-infoproduct\">\n<li><strong>M\u00e3 s\u1ea3n ph\u1ea9m:<\/strong> \u00a0<span style=\"color: red;\">KI-DAVR-95S3<\/span><\/li>\n<li><strong>Gi\u00e1 b\u00e1n:<\/strong> <span style=\"color: red;\">LH: 0909.078.509<\/span><\/li>\n<li><strong>Xu\u1ea5t x\u1ee9:<\/strong> China<\/li>\n<li><strong>B\u1ea3o h\u00e0nh:<\/strong> 12 Th\u00e1ng<\/li>\n<\/ul>\n","protected":false},"featured_media":714,"comment_status":"open","ping_status":"closed","template":"","meta":[],"_links":{"self":[{"href":"https:\/\/webmaibinh.com\/w\/mayphatdien2011\/wp-json\/wp\/v2\/product\/713"}],"collection":[{"href":"https:\/\/webmaibinh.com\/w\/mayphatdien2011\/wp-json\/wp\/v2\/product"}],"about":[{"href":"https:\/\/webmaibinh.com\/w\/mayphatdien2011\/wp-json\/wp\/v2\/types\/product"}],"replies":[{"embeddable":true,"href":"https:\/\/webmaibinh.com\/w\/mayphatdien2011\/wp-json\/wp\/v2\/comments?post=713"}],"wp:featuredmedia":[{"embeddable":true,"href":"https:\/\/webmaibinh.com\/w\/mayphatdien2011\/wp-json\/wp\/v2\/media\/714"}],"wp:attachment":[{"href":"https:\/\/webmaibinh.com\/w\/mayphatdien2011\/wp-json\/wp\/v2\/media?parent=713"}],"curies":[{"name":"wp","href":"https:\/\/api.w.org\/{rel}","templated":true}]}}