{"id":706,"date":"2020-02-12T17:09:44","date_gmt":"2020-02-12T10:09:44","guid":{"rendered":"https:\/\/mayphatdienhungthinhphat.webdemo.vn\/?post_type=product&#038;p=706"},"modified":"2020-02-12T17:09:44","modified_gmt":"2020-02-12T10:09:44","slug":"sac-ac-quy-tu-dong-deepsea-dsse9150","status":"publish","type":"product","link":"https:\/\/webmaibinh.com\/w\/mayphatdien2011\/san-pham\/sac-ac-quy-tu-dong-deepsea-dsse9150\/","title":{"rendered":"S\u1ea1c \u1eafc quy t\u1ef1 \u0111\u1ed9ng Deepsea DSSE9150"},"content":{"rendered":"<p><strong>K\u00edch th\u01b0\u1edbc t\u1ed5ng th\u1ec3<\/strong><br \/>\n108 mm x 101 mm x 49 mm (4.2\u201d x 4.0\u201d x 1.9\u201d )<br \/>\n<strong>Tr\u1ecdng l\u01b0\u1ee3ng<\/strong><br \/>\n0.16kg<br \/>\n<strong>H\u00f3a bi\u1ebfn<\/strong><br \/>\n9150-00 &#8211; 12 volt 3 amp Pin S\u1ea1c nh\u1ecf g\u1ecdn (90V-265v 50 \/ 60Hz)<\/p>\n<p><strong>\u0110I\u1ec2M N\u1ed4I B\u1eacT C\u1ee6A S\u1ea2N PH\u1ea8M &#8211; <\/strong><strong>C\u00c1C T\u00cdNH N\u0102NG CH\u00cdNH &#8211; <\/strong><strong>L\u1ee2I \u00cdCH CH\u00cdNH<\/strong><\/p>\n<p>H\u1eb1ng s\u1ed1 hi\u1ec7n t\u1ea1i \/ \u0111i\u1ec7n \u00e1p kh\u00f4ng \u0111\u1ed5i. Cung c\u1ea5p t\u00ednh linh ho\u1ea1t cho ho\u1ea1t \u0111\u1ed9ng v\u1edbi nhi\u1ec1u lo\u1ea1i c\u00f4ng ngh\u1ec7 pin.<br \/>\nT\u1ef1 \u0111\u1ed9ng th\u1ea3 n\u1ed5i ch\u1ebf \u0111\u1ed9. Ng\u0103n ng\u1eeba qu\u00e1 t\u1ea3i pin.<br \/>\nG\u1ee3n \u0111\u1ea7u ra th\u1ea5p. S\u1ea1c an to\u00e0n c\u1ea3 hai lo\u1ea1i pin k\u00edn v\u00e0 th\u00f4ng kh\u00ed.<br \/>\nCh\u1ed1ng ph\u00e2n c\u1ef1c c\u1ef1c ng\u1eafn, ch\u1ed1ng ng\u1eafn m\u1ea1ch v\u00e0 h\u1ea1n ch\u1ebf. Ng\u0103n ng\u1eeba h\u01b0 h\u1ecfng cho b\u1ed9 s\u1ea1c v\u00e0 pin, \u0111\u1ec3 \u0111\u1ea3m b\u1ea3o ho\u1ea1t \u0111\u1ed9ng an to\u00e0n v\u00e0 \u0111\u00e1ng tin c\u1eady.<br \/>\nPh\u1ee5c h\u1ed3i t\u1ef1 \u0111\u1ed9ng khi lo\u1ea1i b\u1ecf t\u00ecnh tr\u1ea1ng l\u1ed7i. \u0110\u1ea3m b\u1ea3o b\u1ed9 s\u1ea1c ho\u1ea1t \u0111\u1ed9ng tr\u1edf l\u1ea1i m\u00e0 kh\u00f4ng c\u1ea7n ph\u1ea3i \u0111\u1eb7t l\u1ea1i b\u1eb1ng tay.<br \/>\nT\u0103ng ph\u00ed \u0111i\u1ec7n tho\u1ea1i v\u00e0 c\u00e2n b\u1eb1ng. Gi\u00fap c\u1ea3i thi\u1ec7n tu\u1ed5i th\u1ecd pin v\u00e0 hi\u1ec7u su\u1ea5t ho\u1ea1t \u0111\u1ed9ng.<br \/>\nCh\u1ebf \u0111\u1ed9 ti\u1ebft ki\u1ec7m \u0111i\u1ec7n. \u0110\u1ea3m b\u1ea3o pin lu\u00f4n duy tr\u00ec \u0111\u1ee7 \u0111i\u1ec7n.<br \/>\nKh\u00f4ng c\u00f3 b\u1ed9 ph\u1eadn chuy\u1ec3n \u0111\u1ed9ng. \u0110\u1ea3m b\u1ea3o tu\u1ed5i th\u1ecd pin s\u1ea1c l\u00e2u h\u01a1n.<br \/>\nS\u1ea1c c\u00f3 th\u1ec3 \u0111\u01b0\u1ee3c li\u00ean k\u1ebft v\u1edbi nhau. T\u0103ng s\u1ea3n l\u01b0\u1ee3ng hi\u1ec7n c\u00f3 s\u1eb5n.<br \/>\nHi\u1ec7u qu\u1ea3 ho\u1ea1t \u0111\u1ed9ng 80%. Cung c\u1ea5p b\u1ed9 s\u1ea1c pin hi\u1ec7u qu\u1ea3, kinh t\u1ebf v\u00e0 m\u00e1t m\u1ebb.<br \/>\nThi\u1ebft b\u1ecb \u0111\u1ea7u cu\u1ed1i k\u1ebft n\u1ed1i t\u0103ng c\u01b0\u1eddng. Cung c\u1ea5p chu k\u1ef3 s\u1ea1c pin nhanh h\u01a1n cho pin \u0111\u00e3 x\u1ea3.<\/p>\n<hr \/>\n<p style=\"margin-bottom: 5px;\"><span style=\"color: #333399;\"><strong>C\u00d4NG TY TNHH SX &#8211; TM &#8211; XNK H\u01afNG TH\u1ecaNH PH\u00c1T<\/strong><\/span><\/p>\n<ul>\n<li><span style=\"color: #000000;\"><strong>\u0110\u1ecba ch\u1ec9:<\/strong> S\u1ed1 496\/13 L\u00e3 Xu\u00e2n Oai, T\u1ed5 7, Khu ph\u1ed1 Ph\u01b0\u1edbc Hi\u1ec7p, Ph\u01b0\u1eddng Long Tr\u01b0\u1eddng, Qu\u1eadn 9, TP.HCM<\/span><\/li>\n<li><span class=\"text\" style=\"color: #000000;\"><strong>\u0110i\u1ec7n tho\u1ea1i:<\/strong> <span style=\"color: #ed1c24;\"><strong>0909.078.509<\/strong><\/span><\/span><\/li>\n<li><span class=\"text\" style=\"color: #000000;\"><strong> Email:<\/strong> <span style=\"color: #3366ff;\">hungthinhphatgenerator@gmail.com<\/span><\/span><\/li>\n<\/ul>\n","protected":false},"excerpt":{"rendered":"<ul class=\"mnv-infoproduct\">\n<li><strong>M\u00e3 s\u1ea3n ph\u1ea9m:<\/strong> \u00a0<span style=\"color: red;\">Deepsea DSSE9150<\/span><\/li>\n<li><strong>Gi\u00e1 b\u00e1n:<\/strong> <span style=\"color: red;\">LH: 0909.078.509<\/span><\/li>\n<li><strong>Xu\u1ea5t x\u1ee9:<\/strong> US<\/li>\n<li><strong>B\u1ea3o h\u00e0nh:<\/strong> 12 Th\u00e1ng<\/li>\n<\/ul>\n","protected":false},"featured_media":707,"comment_status":"open","ping_status":"closed","template":"","meta":[],"_links":{"self":[{"href":"https:\/\/webmaibinh.com\/w\/mayphatdien2011\/wp-json\/wp\/v2\/product\/706"}],"collection":[{"href":"https:\/\/webmaibinh.com\/w\/mayphatdien2011\/wp-json\/wp\/v2\/product"}],"about":[{"href":"https:\/\/webmaibinh.com\/w\/mayphatdien2011\/wp-json\/wp\/v2\/types\/product"}],"replies":[{"embeddable":true,"href":"https:\/\/webmaibinh.com\/w\/mayphatdien2011\/wp-json\/wp\/v2\/comments?post=706"}],"wp:featuredmedia":[{"embeddable":true,"href":"https:\/\/webmaibinh.com\/w\/mayphatdien2011\/wp-json\/wp\/v2\/media\/707"}],"wp:attachment":[{"href":"https:\/\/webmaibinh.com\/w\/mayphatdien2011\/wp-json\/wp\/v2\/media?parent=706"}],"curies":[{"name":"wp","href":"https:\/\/api.w.org\/{rel}","templated":true}]}}