{"id":695,"date":"2020-02-12T16:58:04","date_gmt":"2020-02-12T09:58:04","guid":{"rendered":"https:\/\/mayphatdienhungthinhphat.webdemo.vn\/?post_type=product&#038;p=695"},"modified":"2020-02-12T16:58:04","modified_gmt":"2020-02-12T09:58:04","slug":"bo-sac-ac-quy-lixise-lbc2421","status":"publish","type":"product","link":"https:\/\/webmaibinh.com\/w\/mayphatdien2011\/san-pham\/bo-sac-ac-quy-lixise-lbc2421\/","title":{"rendered":"B\u1ed9 s\u1ea1c \u00e1c quy Lixise LBC2421"},"content":{"rendered":"<p>LBC2421 lo\u1ea1t ba b\u01b0\u1edbc float s\u1ea1c thi\u1ebft b\u1ecb l\u00e0 m\u1ed9t 600 w\u00e1t xen k\u1ebd dc b\u1ed9 s\u1ea1c pin, \u0111\u1ea7y silicone v\u00e0 nh\u00f4m v\u1ecf thi\u1ebft k\u1ebf. N\u00f3 l\u00e0 l\u00ean \u0111\u1ebfn 95.5% hi\u1ec7u qu\u1ea3, b\u1eb1ng ch\u1ee9ng n\u01b0\u1edbc v\u00e0 t\u1eeb xa \u0111\u00f3ng th\u1ea5p kh\u00f4ng t\u1ea3i \u0111i\u1ec7n n\u0103ng ti\u00eau th\u1ee5 l\u00e0 \u00edt h\u01a1n 0.5 W\u00e1t K\u1ebft h\u1ee3p v\u1edbi tr\u1ea1ng th\u00e1i ngh\u1ec7 thu\u1eadt v\u00e0 thi\u1ebft k\u1ebf, thi\u1ebft k\u1ebf kh\u00f4ng qu\u1ea1t LBC2421 c\u00f3 th\u1ec3 ho\u1ea1t \u0111\u1ed9ng \u1edf tr\u1ea1ng th\u00e1i rung cao 5 g, b\u1ee5i b\u1ea9n, \u1ea9m \u01b0\u1edbt v\u00e0 \u00f4 nhi\u1ec5m d\u1ea7u, nhi\u1ec1u t\u00ednh n\u0103ng kh\u00e1c bao g\u1ed3m \u0111i\u1ec7n \u00e1p \u0111\u1ea7u ra c\u00f3 th\u1ec3 \u0111i\u1ec1u ch\u1ec9nh \/ hi\u1ec7n t\u1ea1i v\u00e0 &#8211; 40 \u2103 ~ + 70 \u2103 ph\u1ea1m vi nhi\u1ec7t \u0111\u1ed9 l\u00e0m vi\u1ec7c r\u1ed9ng.<\/p>\n<p><strong>T\u00ednh n\u0103ng s<\/strong><strong>\u1ea3<\/strong><strong>n ph<\/strong><strong>\u1ea9<\/strong><strong>m:<\/strong><br \/>\n\u25c6 3 giai \u0111o\u1ea1n s\u1ea1c<br \/>\n\u25c6 \u0111\u1ea7u v\u00e0o AC to\u00e0n d\u1ea3i<br \/>\n\u25c6 v\u1edbi ch\u1ee9c n\u0103ng PFC ho\u1ea1t \u0111\u1ed9ng<br \/>\n\u25c6 Remote Close &lt;&lt; 0.5W kh\u00f4ng ti\u00eau th\u1ee5 \u0111i\u1ec7n n\u0103ng t\u1ea3i<br \/>\n\u25c6 hi\u1ec7u qu\u1ea3 cao l\u00ean \u0111\u1ebfn 95,5%<br \/>\n\u25c6 thi\u1ebft k\u1ebf kh\u00f4ng qu\u1ea1t, l\u00e0m m\u00e1t kh\u00f4ng kh\u00ed t\u1ef1 nhi\u00ean<br \/>\n\u25c6 \u0111i\u1ec7n \u00e1p \u0111\u1ea7u ra v\u00e0 d\u00f2ng \u0111i\u1ec7n c\u00f3 th\u1ec3 \u0111\u01b0\u1ee3c \u0111i\u1ec1u ch\u1ec9nh b\u1eb1ng chi\u1ebft \u00e1p b\u00ean trong<br \/>\n\u25c6 khung nh\u00f4m, th\u1ee7y l\u1ee3i nh\u1ef1a nhi\u1ec7t<br \/>\n\u25c6 -40 ~ + 70 \u2103 ph\u1ea1m vi ho\u1ea1t \u0111\u1ed9ng r\u1ed9ng<br \/>\n\u25c6 c\u00f3 th\u1ec3 ch\u1ecbu \u0111\u01b0\u1ee3c m\u1ee9c t\u0103ng \u0111\u1ea7u v\u00e0o 300VAC trong 5 gi\u00e2y<br \/>\n\u25c6 c\u00f3 th\u1ec3 ch\u1ecbu \u0111\u01b0\u1ee3c th\u1eed nghi\u1ec7m rung 5G<br \/>\n\u25c6 b\u1ea3o v\u1ec7: qu\u00e1 \u00e1p s\u1ebd ng\u1eafn m\u1ea1ch v\u00e0 h\u01a1n nhi\u1ec7t \u0111\u1ed9<br \/>\n\u25c6 cho s\u1ea1c pin ax\u00edt ch\u00ec<br \/>\n\u25c6 3 ch\u1ec9 s\u1ed1 t\u1ea3i LED m\u00e0u<br \/>\n\u25c6 B\u1ea3o h\u00e0nh 5 n\u0103m (Thuy\u1ebft minh 4)<\/p>\n<p><strong>\u1ee8<\/strong><strong>ng d<\/strong><strong>\u1ee5<\/strong><strong>ng:<\/strong><br \/>\n\u25c7 cho b\u1ed9 s\u1ea1c pin m\u00f4i tr\u01b0\u1eddng kh\u1eafc nghi\u1ec7t<br \/>\n\u25c7 robot mower<br \/>\n\u25c7 ph\u01b0\u01a1ng ti\u1ec7n giao th\u00f4ng \u0111i\u1ec7n t\u1eed<br \/>\n\u25c7 du thuy\u1ec1n, du thuy\u1ec1n t\u01b0 nh\u00e2n ho\u1eb7c thuy\u1ec1n c\u00f4ng nh\u00e2n<br \/>\n\u25c7 m\u1ea1ng ho\u1eb7c b\u1ea3o m\u1eadt h\u1ec7 th\u1ed1ng<br \/>\n\u25c7 tr\u1ea1m l\u0103ng m\u1ed9 vi\u1ec5n th\u00f4ng<br \/>\n\u25c7 Thi\u1ebft b\u1ecb ho\u1eb7c thi\u1ebft b\u1ecb c\u00f3 pin \u0111\u01b0\u1ee3c h\u1ed7 tr\u1ee3<\/p>\n<p><strong>Th\u00f4ng s<\/strong><strong>\u1ed1<\/strong><strong>\u00a0k<\/strong><strong>\u1ef9<\/strong><strong>\u00a0thu<\/strong><strong>\u1ead<\/strong><strong>t \u0110i<\/strong><strong>\u1ec7<\/strong><strong>n:<\/strong><\/p>\n<table border=\"1\" cellspacing=\"0\" cellpadding=\"0\">\n<tbody>\n<tr>\n<td>m\u00f4 h\u00ecnh<\/td>\n<td><\/td>\n<td>LBC2421-12<\/td>\n<td>LBC2421-24<\/td>\n<td>LBC2421-48<\/td>\n<\/tr>\n<tr>\n<td rowspan=\"7\">\u0110\u1ea7u ra<\/td>\n<td>\u0110i\u1ec7n \u00e1p xung<\/td>\n<td>14,4V<\/td>\n<td>28,8V<\/td>\n<td>57,6V<\/td>\n<\/tr>\n<tr>\n<td>\u0110i\u1ec7n \u00e1p ph\u00ed n\u1ed5i<\/td>\n<td>13,6V<\/td>\n<td>72,2V<\/td>\n<td>54,4V<\/td>\n<\/tr>\n<tr>\n<td>Ph\u1ea1m vi \u0111i\u1ec1u ch\u1ec9nh \u0111i\u1ec7n \u00e1p<\/td>\n<td>11.5 ~ 15.1V<\/td>\n<td>23 ~ 30.2V<\/td>\n<td>46,1 ~ 60,5V<\/td>\n<\/tr>\n<tr>\n<td>Ph\u1ea1m vi \u0111i\u1ec1u ch\u1ec9nh hi\u1ec7n t\u1ea1i<\/td>\n<td>17,5 ~ 35A<\/td>\n<td>10.5 ~ 21A<\/td>\n<td>5,2 ~ 10,5A<\/td>\n<\/tr>\n<tr>\n<td>Dung l\u01b0\u1ee3ng pin \u0111\u01b0\u1ee3c \u0111\u1ec1 xu\u1ea5t (AMP HOURS) (l\u01b0u \u00fd 2)<\/td>\n<td>135 ~ 400AH<\/td>\n<td>70 ~ 210AH<\/td>\n<td>35 ~ 105AH<\/td>\n<\/tr>\n<tr>\n<td>M\u00f4 h\u00ecnh pin<\/td>\n<td>Pin ch\u00ec ax\u00edt ch\u00ec<\/td>\n<td><\/td>\n<td><\/td>\n<\/tr>\n<tr>\n<td>S\u1ea3n l\u01b0\u1ee3ng hi\u1ec7n t\u1ea1i<\/td>\n<td>35A<\/td>\n<td>21A<\/td>\n<td>10.5A<\/td>\n<\/tr>\n<tr>\n<td rowspan=\"7\">\u0110\u1ea7u v\u00e0o<\/td>\n<td>Ph\u1ea1m vi \u0111i\u1ec7n \u00e1p<\/td>\n<td colspan=\"3\">90 ~ 264VAC 127 ~ 373VDC<\/td>\n<\/tr>\n<tr>\n<td>D\u1ea3i t\u1ea7n s\u1ed1<\/td>\n<td colspan=\"3\">47 ~ 63Hz<\/td>\n<\/tr>\n<tr>\n<td>H\u1ec7 s\u1ed1 c\u00f4ng su\u1ea5t (Typ.)<\/td>\n<td colspan=\"3\">PF&gt; 0,98 \/ 115 vac, PF&gt; 0,98 \/ 115 vac (\u0111\u1ea7y \u0111\u1ee7)<\/td>\n<\/tr>\n<tr>\n<td>Hi\u1ec7u qu\u1ea3 (Typ.)<\/td>\n<td>93,50%<\/td>\n<td>94,50%<\/td>\n<td>95,50%<\/td>\n<\/tr>\n<tr>\n<td>D\u00f2ng \u0111i\u1ec7n xoay chi\u1ec1u (Typ.)<\/td>\n<td colspan=\"3\">7A \/ 115VAC 3.3A \/ 230VAC<\/td>\n<\/tr>\n<tr>\n<td>Surge hi\u1ec7n t\u1ea1i (Typ.)<\/td>\n<td>L\u1ea1nh b\u1eaft \u0111\u1ea7u 70 a (th\u1eed nghi\u1ec7m d\u01b0\u1edbi 50% lpeak twidth = 1010 ch\u00fang t\u00f4i) \/ 230 vac<\/td>\n<td><\/td>\n<td><\/td>\n<\/tr>\n<tr>\n<td>R\u00f2 r\u1ec9 hi\u1ec7n t\u1ea1i<\/td>\n<td colspan=\"3\">&lt;0,75mA \/ 240VAC<\/td>\n<\/tr>\n<tr>\n<td rowspan=\"3\">\u0110\u1ec3 b\u1ea3o v\u1ec7<\/td>\n<td>qu\u00e1 \u00e1p<\/td>\n<td>16,5 ~ 20,5V<\/td>\n<td>32,5 ~ 36,5<\/td>\n<td>68 ~ 73V<\/td>\n<\/tr>\n<tr>\n<td><\/td>\n<td colspan=\"3\">Ch\u1ebf \u0111\u1ed9 b\u1ea3o v\u1ec7: \u0111i\u1ec7n \u00e1p \u0111\u1ea7u ra, kh\u1edfi \u0111\u1ed9ng l\u1ea1i ph\u1ee5c h\u1ed3i<\/td>\n<\/tr>\n<tr>\n<td>Nhi\u1ec7t \u0111\u1ed9<\/td>\n<td colspan=\"3\">X\u00e1c \u0111\u1ecbnh \u0111i\u1ec7n \u00e1p \u0111\u1ea7u ra, kh\u1edfi \u0111\u1ed9ng l\u1ea1i ph\u1ee5c h\u1ed3i<\/td>\n<\/tr>\n<tr>\n<td rowspan=\"2\">ch\u1ee9c n\u0103ng<\/td>\n<td>Kh\u1edfi \u0111\u1ed9ng t\u1eeb xa<\/td>\n<td colspan=\"3\">Kh\u1edfi \u0111\u1ed9ng: &#8220;Hi&#8221;&gt; t\u1eaft 2 ~ 5 V ho\u1eb7c m\u1edf: &#8220;Th\u1ea5p&#8221; &lt;0 ~ 0,5 V ho\u1eb7c ng\u1eafn m\u1ea1ch<\/td>\n<\/tr>\n<tr>\n<td>5 v ch\u1ebf \u0111\u1ed9 ch\u1edd<\/td>\n<td colspan=\"3\">5 v ch\u1edd: v@0.5a; Dung sai: + \/ &#8211; 5%, g\u1ee3n s\u00f3ng: 100 MVP &#8211; p (t\u1ed1i \u0111a)<\/td>\n<\/tr>\n<tr>\n<td rowspan=\"5\">M\u00f4i tr\u01b0\u1eddng<\/td>\n<td>Nhi\u1ec7t \u0111\u1ed9 l\u00e0m vi\u1ec7c<\/td>\n<td colspan=\"3\">&#8211; 40 ~ + 70 \u2103 (vui l\u00f2ng tham kh\u1ea3o &#8220;\u0111\u01b0\u1eddng cong kh\u1ea5u tr\u1eeb&#8221;)<\/td>\n<\/tr>\n<tr>\n<td>\u0110\u1ed9 \u1ea9m l\u00e0m vi\u1ec7c<\/td>\n<td colspan=\"3\">20 ~ 95% RH, kh\u00f4ng ng\u01b0ng t\u1ee5<\/td>\n<\/tr>\n<tr>\n<td>Nhi\u1ec7t \u0111\u1ed9 l\u01b0u tr\u1eef v\u00e0 \u0111\u1ed9 \u1ea9m<\/td>\n<td colspan=\"3\">\u201440 ~ + 85 \u2103 \uff0c 10- ~ 95% RH<\/td>\n<\/tr>\n<tr>\n<td>H\u1ec7 s\u1ed1 nhi\u1ec7t \u0111\u1ed9 c\u1ee7a<\/td>\n<td colspan=\"3\">C\u1ed9ng ho\u1eb7c tr\u1eeb 0,05% \/ \u2103 (0 ~ 60 \u2103)<\/td>\n<\/tr>\n<tr>\n<td>Kh\u1ea3 n\u0103ng ch\u1ed1ng rung<\/td>\n<td colspan=\"3\">10 ~ 500 hz, 5 g \/ 10 ph\u00fat chu k\u1ef3, X, Y, Z m\u1ed7i 72 ph\u00fat m\u1ed9t l\u1ea7n<\/td>\n<\/tr>\n<tr>\n<td rowspan=\"5\">An to\u00e0n v\u00e0 t\u01b0\u01a1ng th\u00edch \u0111i\u1ec7n t\u1eeb (l\u01b0u \u00fd 3)<\/td>\n<td>Ti\u00eau chu\u1ea9n an to\u00e0n<\/td>\n<td colspan=\"3\">UL60950-1, ch\u1ee9ng nh\u1eadn qua TUV EN60950-1<\/td>\n<\/tr>\n<tr>\n<td>s\u1ee9c \u00e9p<\/td>\n<td colspan=\"3\">I \/ PO \/ P: 3KVAC I \/ P-FG: 2KVAC O \/ P-FG: 1.5KVAC<\/td>\n<\/tr>\n<tr>\n<td>Tr\u1edf kh\u00e1ng c\u00e1ch \u0111i\u1ec7n<\/td>\n<td colspan=\"3\">I \/ PO \/ P \uff0c I \/ P-FG, O \/ P-FG: 100M Ohms \/ 500VDC \/ 25 \u2103 \/ 70% RH<\/td>\n<\/tr>\n<tr>\n<td>Emc ph\u00e1t th\u1ea3i<\/td>\n<td colspan=\"3\">G\u1eb7p EN55022 (CISPR22), b\u1ee9c x\u1ea1 l\u1edbp A, d\u1eabn \u0111i\u1ec7n, l\u1edbp B, EN61000-3-2-3<\/td>\n<\/tr>\n<tr>\n<td>Emc mi\u1ec5n d\u1ecbch<\/td>\n<td colspan=\"3\">Ph\u00f9 h\u1ee3p v\u1edbi EN6100-4-2,3,4,5,6,8,11 EN55024, ti\u00eau chu\u1ea9n y t\u1ebf lo\u1ea1i A<\/td>\n<\/tr>\n<tr>\n<td rowspan=\"3\">kh\u00e1c<\/td>\n<td>MTBF<\/td>\n<td colspan=\"3\">\u226573.1Khrs MIL-HDBK-217F (25 \u2103)<\/td>\n<\/tr>\n<tr>\n<td>k\u00edch th\u01b0\u1edbc<\/td>\n<td colspan=\"3\">280 * 144 * 48,5mm (L * W * H)<\/td>\n<\/tr>\n<tr>\n<td>bao b\u00ec<\/td>\n<td colspan=\"3\">3,9KG; 4 chi\u1ebfc \/ 16,6Kg \/ 0,9CUFT<\/td>\n<\/tr>\n<tr>\n<td>ch\u00fa th\u00edch<\/td>\n<td colspan=\"4\">1. N\u1ebfu kh\u00f4ng quy \u0111\u1ecbnh kh\u00e1c, t\u1ea5t c\u1ea3 c\u00e1c th\u00f4ng s\u1ed1 k\u1ef9 thu\u1eadt v\u00e0 c\u00e1c th\u00f4ng s\u1ed1 trong \u0111\u1ea7u v\u00e0o l\u00e0 230 vac, t\u1ea3i tr\u1ecdng \u0111\u1ecbnh m\u1ee9c, 25 \u2103 \u0111o nhi\u1ec7t \u0111\u1ed9 m\u00f4i tr\u01b0\u1eddng xung quanh.<br \/>\n2. \u0110\u00e2y l\u00e0 ph\u1ea1m vi c\u1ee7a kh\u1ed1i l\u01b0\u1ee3ng l\u1eddi khuy\u00ean ch\u00e2n th\u00e0nh v\u1ec1 gi\u1edbi h\u1ea1n t\u1ed1i \u0111a hi\u1ec7n t\u1ea1i, vui l\u00f2ng li\u00ean h\u1ec7 v\u1edbi ch\u00fang t\u00f4i.<br \/>\n3. Vi\u1ec7c cung c\u1ea5p \u0111i\u1ec7n \u0111\u01b0\u1ee3c coi l\u00e0 m\u1ed9t ph\u1ea7n trong c\u00e1c th\u00e0nh ph\u1ea7n h\u1ec7 th\u1ed1ng, x\u00e1c th\u1ef1c li\u00ean quan \u0111\u1ebfn emc n\u00ean \u0111\u01b0\u1ee3c th\u1ef1c hi\u1ec7n k\u1ebft h\u1ee3p v\u1edbi thi\u1ebft b\u1ecb \u0111\u1ea7u cu\u1ed1i.<br \/>\n4. C\u00e1c th\u00f4ng s\u1ed1 c\u1ee7a b\u00e1o c\u00e1o b\u1ea3o h\u00e0nh.<\/td>\n<\/tr>\n<\/tbody>\n<\/table>\n<hr \/>\n<p style=\"margin-bottom: 5px;\"><span style=\"color: #333399;\"><strong>C\u00d4NG TY TNHH SX &#8211; TM &#8211; XNK H\u01afNG TH\u1ecaNH PH\u00c1T<\/strong><\/span><\/p>\n<ul>\n<li><span style=\"color: #000000;\"><strong>\u0110\u1ecba ch\u1ec9:<\/strong> S\u1ed1 496\/13 L\u00e3 Xu\u00e2n Oai, T\u1ed5 7, Khu ph\u1ed1 Ph\u01b0\u1edbc Hi\u1ec7p, Ph\u01b0\u1eddng Long Tr\u01b0\u1eddng, Qu\u1eadn 9, TP.HCM<\/span><\/li>\n<li><span class=\"text\" style=\"color: #000000;\"><strong>\u0110i\u1ec7n tho\u1ea1i:<\/strong> <span style=\"color: #ed1c24;\"><strong>0909.078.509<\/strong><\/span><\/span><\/li>\n<li><span class=\"text\" style=\"color: #000000;\"><strong> Email:<\/strong> <span style=\"color: #3366ff;\">hungthinhphatgenerator@gmail.com<\/span><\/span><\/li>\n<\/ul>\n","protected":false},"excerpt":{"rendered":"<ul class=\"mnv-infoproduct\">\n<li><strong>M\u00e3 s\u1ea3n ph\u1ea9m:<\/strong> \u00a0<span style=\"color: red;\">LBC2421<\/span><\/li>\n<li><strong>Gi\u00e1 b\u00e1n:<\/strong> <span style=\"color: red;\">LH: 0909.078.509<\/span><\/li>\n<li><strong>Xu\u1ea5t x\u1ee9:<\/strong> China<\/li>\n<li><strong>B\u1ea3o h\u00e0nh:<\/strong> 12 Th\u00e1ng<\/li>\n<\/ul>\n","protected":false},"featured_media":696,"comment_status":"open","ping_status":"closed","template":"","meta":[],"_links":{"self":[{"href":"https:\/\/webmaibinh.com\/w\/mayphatdien2011\/wp-json\/wp\/v2\/product\/695"}],"collection":[{"href":"https:\/\/webmaibinh.com\/w\/mayphatdien2011\/wp-json\/wp\/v2\/product"}],"about":[{"href":"https:\/\/webmaibinh.com\/w\/mayphatdien2011\/wp-json\/wp\/v2\/types\/product"}],"replies":[{"embeddable":true,"href":"https:\/\/webmaibinh.com\/w\/mayphatdien2011\/wp-json\/wp\/v2\/comments?post=695"}],"wp:featuredmedia":[{"embeddable":true,"href":"https:\/\/webmaibinh.com\/w\/mayphatdien2011\/wp-json\/wp\/v2\/media\/696"}],"wp:attachment":[{"href":"https:\/\/webmaibinh.com\/w\/mayphatdien2011\/wp-json\/wp\/v2\/media?parent=695"}],"curies":[{"name":"wp","href":"https:\/\/api.w.org\/{rel}","templated":true}]}}