{"id":691,"date":"2020-02-12T16:53:58","date_gmt":"2020-02-12T09:53:58","guid":{"rendered":"https:\/\/mayphatdienhungthinhphat.webdemo.vn\/?post_type=product&#038;p=691"},"modified":"2020-02-12T16:53:58","modified_gmt":"2020-02-12T09:53:58","slug":"bo-sac-smartgen-bacm2420","status":"publish","type":"product","link":"https:\/\/webmaibinh.com\/w\/mayphatdien2011\/san-pham\/bo-sac-smartgen-bacm2420\/","title":{"rendered":"B\u1ed9 s\u1ea1c Smartgen BACM2420"},"content":{"rendered":"<p>B\u1ed9 s\u1ea1c pin BACM24 2 0 th\u00f4ng minh v\u00e0 \u0111a ch\u1ee9c n\u0103ng \u0111\u01b0\u1ee3c thi\u1ebft k\u1ebf \u0111\u1eb7c bi\u1ec7t \u0111\u1ec3 \u0111\u00e1p \u1ee9ng c\u00e1c \u0111\u1eb7c t\u00ednh s\u1ea1c c\u1ee7a pin kh\u1edfi \u0111\u1ed9ng \u0111\u1ed9ng c\u01a1 ax\u00edt ch\u00ec. Th\u00edch h\u1ee3p cho pin 24V ho\u1eb7c 12V v\u00e0 d\u00f2ng \u0111i\u1ec7n t\u1ed1i \u0111a l\u00e0 2 0A.<\/p>\n<p>1\u00a0 T\u00cdNH N\u0102NG V\u00c0 \u0110\u1eb6C \u0110I\u1ec2M<br \/>\n1)\u00a0 Chuy\u1ec3n \u0111\u1ed5i c\u1ea5u tr\u00fac cung c\u1ea5p \u0111i\u1ec7n, ph\u1ea1m vi \u0111i\u1ec7n \u00e1p \u0111\u1ea7u v\u00e0o r\u1ed9ng AC, k\u00edch th\u01b0\u1edbc nh\u1ecf, tr\u1ecdng l\u01b0\u1ee3ng nh\u1eb9, t\u1ef7 l\u1ec7 hi\u1ec7u qu\u1ea3 cao ;<\/p>\n<p>2)\u00a0 Ng\u01b0\u1eddi d\u00f9ng c\u00f3 th\u1ec3 ch\u1ecdn quy tr\u00ecnh s\u1ea1c hai giai \u0111o\u1ea1n t\u1ef1 \u0111\u1ed9ng ho\u1eb7c quy tr\u00ecnh s\u1ea1c ba giai \u0111o\u1ea1n t\u1ef1 \u0111\u1ed9ng khi c\u1ea7n. C\u1ea3 hai qu\u00e1 tr\u00ecnh s\u1ea1c \u0111\u01b0\u1ee3c th\u1ef1c hi\u1ec7n theo \u0111\u1eb7c t\u00ednh s\u1ea1c pin l\u01b0u tr\u1eef \u0111\u1ec3 ng\u0103n ng\u1eeba qu\u00e1 t\u1ea3i v\u00e0 k\u00e9o d\u00e0i tu\u1ed5i th\u1ecd pin \u0111\u00e1ng k\u1ec3;<\/p>\n<p>3)\u00a0 M\u1ea1ch PFC t\u00edch h\u1ee3p c\u00f3 th\u1ec3 hi\u1ec7u ch\u1ec9nh h\u1ec7 s\u1ed1 c\u00f4ng su\u1ea5t tr\u00ean 0,99;<\/p>\n<p>4) C\u00e1c\u00a0 c\u1ed5ng ph\u00e1t hi\u1ec7n \u0111i\u1ec7n \u00e1p pin c\u00f3 th\u1ec3 ph\u00e1t hi\u1ec7n \u0111i\u1ec7n \u00e1p pin trong th\u1eddi gian th\u1ef1c.<\/p>\n<p>5)\u00a0 Pin \u0111\u1ea7u ra \u0111i\u1ec7n \u00e1p th\u1ea5p; n\u00f3 s\u1ebd xu\u1ea5t ra m\u1ee9c th\u1ea5p ngay l\u1eadp t\u1ee9c sau khi \u0111i\u1ec7n \u00e1p pin gi\u1ea3m xu\u1ed1ng d\u01b0\u1edbi gi\u00e1 tr\u1ecb c\u00e0i \u0111\u1eb7t cho \u0111\u1ed9 tr\u1ec5 \u0111\u1eb7t tr\u01b0\u1edbc.<\/p>\n<p>6)\u00a0 c\u1ed5ng c\u1ea3m bi\u1ebfn nhi\u1ec7t \u0111\u1ed9 cho ph\u00e9p theo d\u00f5i nhi\u1ec7t \u0111\u1ed9 pin trong th\u1eddi gian th\u1ef1c v\u00e0 ch\u1ee9c n\u0103ng b\u00f9 nhi\u1ec7t \u0111\u1ed9 c\u00f3 th\u1ec3 ng\u0103n ch\u1eb7n nhi\u1ec7t \u0111\u1ed9 pin qu\u00e1 cao m\u1ed9t c\u00e1ch hi\u1ec7u qu\u1ea3.<\/p>\n<p>7)\u00a0 C\u1ed5ng h\u1ecfng ngu\u1ed3n; N\u00f3 s\u1ebd xu\u1ea5t ra m\u1ee9c th\u1ea5p khi \u0111\u1ea7u v\u00e0o AC b\u1ecb gi\u00e1n \u0111o\u1ea1n.<\/p>\n<p>8)\u00a0 C\u1ed5ng giao ti\u1ebfp chu\u1ea9n RS485.<\/p>\n<p>9)\u00a0 B\u1ed9 s\u1ea1c BACM2410 l\u00e0 b\u1ea3ng sui cho pin 24V, ho\u1eb7c th\u00edch h\u1ee3p cho pin 12V sau khi thay \u0111\u1ed5i th\u00f4ng tin c\u1ea5u h\u00ecnh \uff1b Rat ed hi\u1ec7n t\u1ea1i: 2 0A.<\/p>\n<p>10)\u00a0 M\u00e0n h\u00ecnh LED: Ch\u1ec9 b\u00e1o s\u1ea1c \u0111\u1ea7y (\u0111\u00e8n xanh) v\u00e0 ch\u1ec9 b\u00e1o s\u1ea1c (\u0111\u00e8n \u0111\u1ecf).<\/p>\n<p>&#8212;&#8212;&#8212;&#8212;&#8212;&#8212;&#8212;&#8212;&#8212;&#8212;&#8212;&#8212;&#8212;&#8212;&#8212;&#8212;&#8212;&#8212;&#8212;&#8211;<\/p>\n<p style=\"margin-bottom: 5px;\"><span style=\"color: #333399;\"><strong>C\u00d4NG TY TNHH SX &#8211; TM &#8211; XNK H\u01afNG TH\u1ecaNH PH\u00c1T<\/strong><\/span><\/p>\n<ul>\n<li><span style=\"color: #000000;\"><strong>\u0110\u1ecba ch\u1ec9:<\/strong> S\u1ed1 496\/13 L\u00e3 Xu\u00e2n Oai, T\u1ed5 7, Khu ph\u1ed1 Ph\u01b0\u1edbc Hi\u1ec7p, Ph\u01b0\u1eddng Long Tr\u01b0\u1eddng, Qu\u1eadn 9, TP.HCM<\/span><\/li>\n<li><span class=\"text\" style=\"color: #000000;\"><strong>\u0110i\u1ec7n tho\u1ea1i:<\/strong> <span style=\"color: #ed1c24;\"><strong>0909.078.509<\/strong><\/span><\/span><\/li>\n<li><span class=\"text\" style=\"color: #000000;\"><strong> Email:<\/strong> <span style=\"color: #3366ff;\">hungthinhphatgenerator@gmail.com<\/span><\/span><\/li>\n<\/ul>\n","protected":false},"excerpt":{"rendered":"<ul class=\"mnv-infoproduct\">\n<li><strong>M\u00e3 s\u1ea3n ph\u1ea9m:<\/strong> BACM2420<\/li>\n<li><strong>Gi\u00e1 b\u00e1n:<\/strong> <span style=\"color: red;\">LH: 0909.078.509<\/span><\/li>\n<li><strong>Xu\u1ea5t x\u1ee9:<\/strong> China<\/li>\n<li><strong>B\u1ea3o h\u00e0nh:<\/strong> 12 Th\u00e1ng<\/li>\n<\/ul>\n","protected":false},"featured_media":692,"comment_status":"open","ping_status":"closed","template":"","meta":[],"_links":{"self":[{"href":"https:\/\/webmaibinh.com\/w\/mayphatdien2011\/wp-json\/wp\/v2\/product\/691"}],"collection":[{"href":"https:\/\/webmaibinh.com\/w\/mayphatdien2011\/wp-json\/wp\/v2\/product"}],"about":[{"href":"https:\/\/webmaibinh.com\/w\/mayphatdien2011\/wp-json\/wp\/v2\/types\/product"}],"replies":[{"embeddable":true,"href":"https:\/\/webmaibinh.com\/w\/mayphatdien2011\/wp-json\/wp\/v2\/comments?post=691"}],"wp:featuredmedia":[{"embeddable":true,"href":"https:\/\/webmaibinh.com\/w\/mayphatdien2011\/wp-json\/wp\/v2\/media\/692"}],"wp:attachment":[{"href":"https:\/\/webmaibinh.com\/w\/mayphatdien2011\/wp-json\/wp\/v2\/media?parent=691"}],"curies":[{"name":"wp","href":"https:\/\/api.w.org\/{rel}","templated":true}]}}