{"id":689,"date":"2020-02-12T16:45:34","date_gmt":"2020-02-12T09:45:34","guid":{"rendered":"https:\/\/mayphatdienhungthinhphat.webdemo.vn\/?post_type=product&#038;p=689"},"modified":"2020-02-12T16:45:34","modified_gmt":"2020-02-12T09:45:34","slug":"bo-sac-smartgen-bac4812","status":"publish","type":"product","link":"https:\/\/webmaibinh.com\/w\/mayphatdien2011\/san-pham\/bo-sac-smartgen-bac4812\/","title":{"rendered":"B\u1ed9 s\u1ea1c Smartgen BAC4812"},"content":{"rendered":"<p><strong>T\u1ed4NG QUAN<\/strong><\/p>\n<p>Ph\u00f9 h\u1ee3p v\u1edbi thi\u1ebft b\u1ecb c\u1ea5p \u0111i\u1ec7n \u0111\u01b0\u1ee3c c\u1eadp nh\u1eadt, b\u1ed9 s\u1ea1c n\u1ed5i BAC4812-KP \u0111\u01b0\u1ee3c thi\u1ebft k\u1ebf \u0111\u1eb7c bi\u1ec7t \u0111\u1ec3 \u0111\u00e1p \u1ee9ng c\u00e1c \u0111\u1eb7c t\u00ednh s\u1ea1c c\u1ee7a pin kh\u1edfi \u0111\u1ed9ng \u0111\u1ed9ng c\u01a1 ax\u00edt ch\u00ec v\u00e0 c\u00f3 th\u1ec3 \u0111\u01b0\u1ee3c s\u1eed d\u1ee5ng \u0111\u1ec3 s\u1ea1c phao d\u00e0i h\u1ea1n c\u1ee7a pin ax\u00edt ch\u00ec 12V. D\u00f2ng s\u1ea1c t\u1ed1i \u0111a l\u00e0 3A.<\/p>\n<p><strong>HO\u1ea0T \u0110\u1ed8NG V\u00c0 \u0110\u1eb6C \u0110I\u1ec2M<\/strong><\/p>\n<p>Chuy\u1ec3n \u0111\u1ed5i c\u1ea5u tr\u00fac cung c\u1ea5p \u0111i\u1ec7n, \u0111\u1ea7u v\u00e0o r\u1ed9ng ph\u1ea1m vi \u0111i\u1ec7n \u00e1p xen k\u1ebd, k\u00edch th\u01b0\u1edbc nh\u1ecf, tr\u1ecdng l\u01b0\u1ee3ng nh\u1eb9, t\u1ef7 l\u1ec7 hi\u1ec7u qu\u1ea3 cao ;<br \/>\nT\u1ef1 \u0111\u1ed9ng hai giai \u0111o\u1ea1n s\u1ea1c qu\u00e1 tr\u00ecnh (\u0111\u1ea7u ti\u00ean li\u00ean t\u1ee5c hi\u1ec7n t\u1ea1i, sau \u0111\u00f3 \u0111i\u1ec7n \u00e1p kh\u00f4ng \u0111\u1ed5i) th\u1ef1c hi\u1ec7n theo l\u01b0u tr\u1eef pin s\u1ea1c \u0111\u1eb7c \u0111i\u1ec3m \u0111\u1ec3 ng\u0103n ch\u1eb7n qu\u00e1 m\u1ee9c v\u00e0 k\u00e9o d\u00e0i \u0111\u00e1ng k\u1ec3 tu\u1ed5i th\u1ecd pin;<br \/>\nV\u1edbi c\u1ed5ng \u0111\u1ea7u ra \u0111i\u1ec7n \u00e1p ph\u1ee5. C\u00f4ng su\u1ea5t \u0111i\u1ec7n \u00e1p \u0111\u1ea7u ra: -12V.<br \/>\n+ \u0110\u1ea7u ra 12V c\u00f3 m\u1ea1ch b\u1ea3o v\u1ec7 hi\u1ec7n t\u1ea1i \u0111\u1ec3 b\u1ea3o v\u1ec7 ng\u1eafn m\u1ea1ch v\u00e0 b\u1ea3o v\u1ec7 k\u1ebft n\u1ed1i ng\u01b0\u1ee3c.<br \/>\n-12V \u0111\u1ea7u ra c\u00f3 ch\u1ee9c n\u0103ng t\u1ef1 ph\u1ee5c h\u1ed3i ng\u1eafn m\u1ea1ch.<br \/>\nC\u1ea3 hai \u0111i\u1ec7n \u00e1p s\u1ea1c v\u00e0 gi\u00e1 tr\u1ecb hi\u1ec7n t\u1ea1i c\u00f3 th\u1ec3 \u0111\u01b0\u1ee3c \u0111i\u1ec1u ch\u1ec9nh b\u1edfi chi\u1ebft \u00e1p t\u1ea1i ch\u1ed7;<br \/>\nM\u00e0n h\u00ecnh LED: Ch\u1ec9 b\u00e1o ngu\u1ed3n (\u0111\u00e8n xanh) v\u00e0 ch\u1ec9 b\u00e1o s\u1ea1c (\u0111\u00e8n \u0111\u1ecf).<\/p>\n<p>&#8212;&#8212;&#8212;&#8212;&#8212;&#8212;&#8212;&#8212;&#8212;&#8212;&#8212;&#8212;&#8212;&#8212;&#8212;&#8212;&#8212;&#8212;&#8212;&#8211;<\/p>\n<p style=\"margin-bottom: 5px;\"><span style=\"color: #333399;\"><strong>C\u00d4NG TY TNHH SX &#8211; TM &#8211; XNK H\u01afNG TH\u1ecaNH PH\u00c1T<\/strong><\/span><\/p>\n<ul>\n<li><span style=\"color: #000000;\"><strong>\u0110\u1ecba ch\u1ec9:<\/strong> S\u1ed1 496\/13 L\u00e3 Xu\u00e2n Oai, T\u1ed5 7, Khu ph\u1ed1 Ph\u01b0\u1edbc Hi\u1ec7p, Ph\u01b0\u1eddng Long Tr\u01b0\u1eddng, Qu\u1eadn 9, TP.HCM<\/span><\/li>\n<li><span class=\"text\" style=\"color: #000000;\"><strong>\u0110i\u1ec7n tho\u1ea1i:<\/strong> <span style=\"color: #ed1c24;\"><strong>0909.078.509<\/strong><\/span><\/span><\/li>\n<li><span class=\"text\" style=\"color: #000000;\"><strong> Email:<\/strong> <span style=\"color: #3366ff;\">hungthinhphatgenerator@gmail.com<\/span><\/span><\/li>\n<\/ul>\n","protected":false},"excerpt":{"rendered":"<ul class=\"mnv-infoproduct\">\n<li><strong>M\u00e3 s\u1ea3n ph\u1ea9m:<\/strong> BAC4812<\/li>\n<li><strong>Gi\u00e1 b\u00e1n:<\/strong> <span style=\"color: red;\">LH: 0909.078.509<\/span><\/li>\n<li><strong>Xu\u1ea5t x\u1ee9:<\/strong> China<\/li>\n<li><strong>B\u1ea3o h\u00e0nh:<\/strong> 12 Th\u00e1ng<\/li>\n<\/ul>\n","protected":false},"featured_media":690,"comment_status":"open","ping_status":"closed","template":"","meta":[],"_links":{"self":[{"href":"https:\/\/webmaibinh.com\/w\/mayphatdien2011\/wp-json\/wp\/v2\/product\/689"}],"collection":[{"href":"https:\/\/webmaibinh.com\/w\/mayphatdien2011\/wp-json\/wp\/v2\/product"}],"about":[{"href":"https:\/\/webmaibinh.com\/w\/mayphatdien2011\/wp-json\/wp\/v2\/types\/product"}],"replies":[{"embeddable":true,"href":"https:\/\/webmaibinh.com\/w\/mayphatdien2011\/wp-json\/wp\/v2\/comments?post=689"}],"wp:featuredmedia":[{"embeddable":true,"href":"https:\/\/webmaibinh.com\/w\/mayphatdien2011\/wp-json\/wp\/v2\/media\/690"}],"wp:attachment":[{"href":"https:\/\/webmaibinh.com\/w\/mayphatdien2011\/wp-json\/wp\/v2\/media?parent=689"}],"curies":[{"name":"wp","href":"https:\/\/api.w.org\/{rel}","templated":true}]}}