{"id":687,"date":"2020-02-12T16:43:37","date_gmt":"2020-02-12T09:43:37","guid":{"rendered":"https:\/\/mayphatdienhungthinhphat.webdemo.vn\/?post_type=product&#038;p=687"},"modified":"2020-02-12T16:43:37","modified_gmt":"2020-02-12T09:43:37","slug":"permanent-zh-ch2804-4a","status":"publish","type":"product","link":"https:\/\/webmaibinh.com\/w\/mayphatdien2011\/san-pham\/permanent-zh-ch2804-4a\/","title":{"rendered":"Permanent ZH-CH2804 4A"},"content":{"rendered":"<p>ZH-CH2804A CH2804A B\u1ed9 s\u1ea1c pin th\u00f4ng minh Generator 4A 12V \/ 24V<\/p>\n<p><u><strong>I. Th\u00f4ng tin s\u1ea3n ph\u1ea9m :\u00a0<\/strong><\/u><\/p>\n<p>B\u1ed9 s\u1ea1c th\u00f4ng minh \u0111\u01b0\u1ee3c thi\u1ebft k\u1ebf \u0111\u1eb7c bi\u1ec7t \u0111\u1ec3 kh\u1edfi \u0111\u1ed9ng ho\u1eb7c l\u00e0m vi\u1ec7c c\u1ee7a pin d\u1ef1 ph\u00f2ng (\u0111\u1eb7c bi\u1ec7t ph\u00f9 h\u1ee3p v\u1edbi pin l\u01b0u tr\u1eef nhi\u1ec7t \u0111\u1ed9 r\u1eafn to\u00e0n k\u00edn) trong \u0111\u1ed9ng c\u01a1 diesel. \u0110\u00e2y l\u00e0 m\u1ed9t c\u1ea5u tr\u00fac chuy\u1ec3n \u0111\u1ed5i th\u00f4ng minh. N\u00f3 c\u00f3 \u0111\u1eb7c t\u00ednh ch\u1ecbu \u00e1p su\u1ea5t li\u00ean t\u1ee5c, d\u00f2ng \u0111i\u1ec7n li\u00ean t\u1ee5c, d\u00f2ng \u0111i\u1ec7n ch\u1ea1y tr\u1ed1n, \u0111i\u1ec7n tr\u1edf ng\u1eafn, v\u00e0 ch\u1ee9c n\u0103ng t\u1ef1 \u0111\u1ed9ng ho\u00e0n to\u00e0n. Truy\u1ec1n t\u1ea3i nhanh 12V \/ 24V t\u1ef1 \u0111\u1ed9ng. C\u00f3 th\u1ec3 s\u1eed d\u1ee5ng c\u1ea3 12v \u200b\u200bv\u00e0 24v.<\/p>\n<p><u><strong>II. Th\u00f4ng s\u1ed1 k\u1ef9 thu\u1eadt:<\/strong><\/u><\/p>\n<p>Ng\u00f5 v\u00e0o ngu\u1ed3n : \u0110i\u1ec7n \u00e1p 160 ~ 250 VAC &#8211; T\u1ea7n s\u1ed1 20 ~ 100Hz<br \/>\n\u0110\u1ea7u ra DC<br \/>\n\u0110i\u1ec7n \u00e1p 13.8 VDC, D\u00f2ng 5A &#8211; khi nh\u00f3m pin = 12V<br \/>\n\u0110i\u1ec7n \u00e1p 27,6 VDC, D\u00f2ng 3A &#8211; khi nh\u00f3m pin = 24V<br \/>\nCh\u1ebf \u0111\u1ed9 Charge : Ph\u00ed n\u1ed5i<br \/>\nQuy \u0111\u1ecbnh v\u1ec1 \u0111i\u1ec7n \u00e1p DC : &lt;\u00b1 1%<br \/>\nHi\u1ec7u qu\u1ea3 : &gt; 80% @ To\u00e0n t\u1ea3i<br \/>\nDung l\u01b0\u1ee3ng li\u00ean h\u1ec7 : 0.5A @ 120 VAC<br \/>\nS\u1ef1 b\u1ea3o v\u1ec7 : \u0110\u1ea3o c\u1ef1c ng\u01b0\u1ee3c, qu\u00e1 \u00e1p, ng\u1eafn m\u1ea1ch, gi\u1edbi h\u1ea1n d\u00f2ng \u0111i\u1ec7n<\/p>\n<p>M\u00f4i tr\u01b0\u1eddng<\/p>\n<p>Nhi\u1ec7t \u0111\u1ed9 ho\u1ea1t \u0111\u1ed9ng: 0 ~ 40 \u00b0 C<br \/>\nNhi\u1ec7t \u0111\u1ed9 l\u01b0u tr\u1eef: -20 ~ 60 \u00b0 C<br \/>\n\u0110\u1ed9 \u1ea9m t\u01b0\u01a1ng \u0111\u1ed1i: T\u1ed1i \u0111a 90%<br \/>\nRung \u0111\u1ed9ng: 1,5G @ 5 ~ 30 Hz \/ 5,0G @ 30 ~ 500 Hz<br \/>\nK\u00edch th\u01b0\u1edbc 53 (L) x 105 (W) x 47 (H) mm<br \/>\nC\u00e2n n\u1eb7ng 0,47 Kg \u00b1 2%<\/p>\n<p>\u01afu \u0111i\u1ec3m ch\u00ednh:<\/p>\n<p>B\u1ea3o v\u1ec7 ch\u1ed1ng ng\u1eafn m\u1ea1ch v\u00e0 ch\u1ed1ng \u0111\u1ea3o ng\u01b0\u1ee3c<br \/>\nT\u00ednh ph\u00ed t\u1ef1 \u0111\u1ed9ng d\u01b0\u1edbi m\u1ecdi \u0111i\u1ec1u ki\u1ec7n<br \/>\nT\u1ef1 \u0111\u1ed9ng x\u00e1c \u0111\u1ecbnh \u0111i\u1ec7n \u00e1p s\u1ea1c c\u1ee7a pin nh\u00f3m v\u00e0 putout 12V \/ 24V.<br \/>\nK\u00edch th\u01b0\u1edbc nh\u1ecf g\u1ecdn &amp; hi\u1ec7u qu\u1ea3 cao<br \/>\nM\u00e0n h\u00ecnh \u0111i\u1ec7n th\u1ebf pin y\u1ebfu v\u1edbi vi\u1ec7c m\u1edf ho\u1eb7c \u0111\u00f3ng c\u00e1c \u0111\u1ecba ch\u1ec9 li\u00ean l\u1ea1c kh\u00f4 Trong l\u1ed7i<br \/>\n\u0110ang s\u1ea1c c\u00e1c ch\u1ec9 th\u1ecb LED hi\u1ec7n t\u1ea1i<br \/>\nKh\u00f4ng c\u00f3 d\u00f2ng ch\u1ea3y hi\u1ec7n t\u1ea1i khi \u0111i\u1ec7n \u0111\u1ea7u v\u00e0o l\u00e0 Off<\/p>\n<p><strong>III. T\u1ea0I SAO B\u1ea0N N\u00caN MUA PH\u1ee4 T\u00d9NG M\u00c1Y PH\u00c1T \u0110I\u1ec6N C\u1ee6A CH\u00daNG T\u00d4I :<\/strong><\/p>\n<p>1. \u0110\u1ea7u ti\u00ean b\u1ea1n s\u1ebd c\u1ea3m nh\u1eadn \u0111\u01b0\u1ee3c s\u1ef1 t\u01b0 v\u1ea5n nhi\u1ec7t t\u00ecnh v\u1edbi ki\u1ebfn th\u1ee9c chuy\u00ean m\u00f4n v\u00e0 kinh nghi\u1ec7m 25 n\u0103m trong l\u0129nh v\u1ef1c b\u00e1n linh ph\u1ee5 ki\u1ec7n m\u00e1y ph\u00e1t \u0111i\u1ec7n<br \/>\n2. C\u00f4ng ty ch\u00fang t\u00f4i l\u00e0 nh\u00e0 ph\u00e2n ph\u1ed1i c\u1ea5p 1 t\u1ea1i Vi\u1ec7t Nam v\u1ec1 c\u00e1c ph\u1ee5 t\u00f9ng \u0111i k\u00e8m m\u00e1y<br \/>\n3. Do l\u00e0 nh\u00e0 ph\u00e2n ph\u1ed1i c\u1ea5p 1 n\u00ean ch\u00fang t\u00f4i c\u00f3 gi\u00e1 t\u1ed1t nh\u1ea5t so v\u1edbi c\u00e1c nh\u00e0 ph\u00e2n ph\u1ed1i ho\u1eb7c \u0111\u1ea1i l\u00fd b\u00e1n l\u1ebb kh\u00e1c.<\/p>\n<p>4. H\u00e0ng lu\u00f4n \u0111\u1ea3m b\u1ea3o Nh\u1eadp kh\u1ea9u t\u1eadn g\u1ed1c t\u1eeb nh\u00e0 m\u00e1y &#8211; Ch\u1ee9ng nh\u1eadn v\u00e0 b\u1ea3n quy\u1ec1n duy nh\u1ea5t &#8211; Cam k\u1ebft l\u1ed7i\/ h\u1ecfng \u0111\u1ec1n ti\u1ec1n g\u1ea5p \u0111\u00f4i.<br \/>\n5. Nh\u00e2n vi\u00ean k\u1ef9 thu\u1eadt 24\/24 c\u00f3 th\u1ec3 giao h\u00e0ng t\u1eadn n\u01a1i v\u00e0 thay th\u1ebf tr\u1ef1c ti\u1ebfp n\u1ebfu nh\u01b0 Kh\u00e1ch h\u00e0ng c\u00f3 nhu c\u1ea7u !<br \/>\n6. Lu\u00f4n lu\u00f4n c\u00f3 nh\u1eefng \u01b0u \u0111\u00e3i v\u00e0 d\u1ecbch v\u1ee5 sau b\u00e1n h\u00e0ng !<\/p>\n<p><span style=\"color: #008000;\"><strong><u>H\u00c3Y \u0110\u1ebeN V\u00c0 C\u1ea2M NH\u1eacN S\u1ef0 UY T\u00cdN &#8211; CHUY\u00caN NGHI\u1ec6P M\u00c0 CH\u00daNG T\u00d4I \u0110EM L\u1ea0I CHO B\u1ea0N !!<\/u><\/strong><\/span><\/p>\n<p>&#8212;&#8212;&#8212;&#8212;&#8212;&#8212;&#8212;&#8212;&#8212;&#8212;&#8212;&#8212;&#8212;&#8212;&#8212;&#8212;&#8212;&#8212;&#8212;&#8211;<\/p>\n<p style=\"margin-bottom: 5px;\"><span style=\"color: #333399;\"><strong>C\u00d4NG TY TNHH SX &#8211; TM &#8211; XNK H\u01afNG TH\u1ecaNH PH\u00c1T<\/strong><\/span><\/p>\n<ul>\n<li><span style=\"color: #000000;\"><strong>\u0110\u1ecba ch\u1ec9:<\/strong> S\u1ed1 496\/13 L\u00e3 Xu\u00e2n Oai, T\u1ed5 7, Khu ph\u1ed1 Ph\u01b0\u1edbc Hi\u1ec7p, Ph\u01b0\u1eddng Long Tr\u01b0\u1eddng, Qu\u1eadn 9, TP.HCM<\/span><\/li>\n<li><span class=\"text\" style=\"color: #000000;\"><strong>\u0110i\u1ec7n tho\u1ea1i:<\/strong> <span style=\"color: #ed1c24;\"><strong>0909.078.509<\/strong><\/span><\/span><\/li>\n<li><span class=\"text\" style=\"color: #000000;\"><strong> Email:<\/strong> <span style=\"color: #3366ff;\">hungthinhphatgenerator@gmail.com<\/span><\/span><\/li>\n<\/ul>\n","protected":false},"excerpt":{"rendered":"<ul class=\"mnv-infoproduct\">\n<li><strong>M\u00e3 s\u1ea3n ph\u1ea9m:<\/strong> ZH-CH2804<\/li>\n<li><strong>Gi\u00e1 b\u00e1n:<\/strong> <span style=\"color: red;\">LH: 0909.078.509<\/span><\/li>\n<li><strong>Xu\u1ea5t x\u1ee9:<\/strong> China<\/li>\n<li><strong>B\u1ea3o h\u00e0nh:<\/strong> 12 Th\u00e1ng<\/li>\n<\/ul>\n","protected":false},"featured_media":688,"comment_status":"open","ping_status":"closed","template":"","meta":[],"_links":{"self":[{"href":"https:\/\/webmaibinh.com\/w\/mayphatdien2011\/wp-json\/wp\/v2\/product\/687"}],"collection":[{"href":"https:\/\/webmaibinh.com\/w\/mayphatdien2011\/wp-json\/wp\/v2\/product"}],"about":[{"href":"https:\/\/webmaibinh.com\/w\/mayphatdien2011\/wp-json\/wp\/v2\/types\/product"}],"replies":[{"embeddable":true,"href":"https:\/\/webmaibinh.com\/w\/mayphatdien2011\/wp-json\/wp\/v2\/comments?post=687"}],"wp:featuredmedia":[{"embeddable":true,"href":"https:\/\/webmaibinh.com\/w\/mayphatdien2011\/wp-json\/wp\/v2\/media\/688"}],"wp:attachment":[{"href":"https:\/\/webmaibinh.com\/w\/mayphatdien2011\/wp-json\/wp\/v2\/media?parent=687"}],"curies":[{"name":"wp","href":"https:\/\/api.w.org\/{rel}","templated":true}]}}