{"id":684,"date":"2020-02-12T16:40:38","date_gmt":"2020-02-12T09:40:38","guid":{"rendered":"https:\/\/mayphatdienhungthinhphat.webdemo.vn\/?post_type=product&#038;p=684"},"modified":"2020-02-12T16:40:38","modified_gmt":"2020-02-12T09:40:38","slug":"zh-ch2806-battery-charger-6a","status":"publish","type":"product","link":"https:\/\/webmaibinh.com\/w\/mayphatdien2011\/san-pham\/zh-ch2806-battery-charger-6a\/","title":{"rendered":"ZH-CH2806 Battery charger 6A"},"content":{"rendered":"<p><span style=\"color: #ed1c24;\"><u><strong>I. Th\u00f4ng tin s\u1ea3n ph\u1ea9m B\u1ed9 s\u1eb7c \u1eafc quy ZH-CH2806 6A<\/strong><\/u><\/span><\/p>\n<p>B\u1ed9 s\u1ea1c th\u00f4ng minh \u0111\u01b0\u1ee3c thi\u1ebft k\u1ebf \u0111\u1eb7c bi\u1ec7t \u0111\u1ec3 kh\u1edfi \u0111\u1ed9ng ho\u1eb7c l\u00e0m vi\u1ec7c c\u1ee7a pin d\u1ef1 ph\u00f2ng (\u0111\u1eb7c bi\u1ec7t ph\u00f9 h\u1ee3p v\u1edbi pin l\u01b0u tr\u1eef nhi\u1ec7t \u0111\u1ed9 r\u1eafn to\u00e0n k\u00edn) trong \u0111\u1ed9ng c\u01a1 diesel. \u0110\u00e2y l\u00e0 m\u1ed9t c\u1ea5u tr\u00fac chuy\u1ec3n \u0111\u1ed5i th\u00f4ng minh. N\u00f3 c\u00f3 \u0111\u1eb7c t\u00ednh ch\u1ecbu \u00e1p su\u1ea5t li\u00ean t\u1ee5c, d\u00f2ng \u0111i\u1ec7n li\u00ean t\u1ee5c, d\u00f2ng \u0111i\u1ec7n ch\u1ea1y tr\u1ed1n, \u0111i\u1ec7n tr\u1edf ng\u1eafn, v\u00e0 ch\u1ee9c n\u0103ng t\u1ef1 \u0111\u1ed9ng ho\u00e0n to\u00e0n.<\/p>\n<p>B\u1ea3o v\u1ec7 ch\u1ed1ng ng\u1eafn m\u1ea1ch v\u00e0 ch\u1ed1ng \u0111\u1ea3o ng\u01b0\u1ee3c<br \/>\nT\u00ednh ph\u00ed t\u1ef1 \u0111\u1ed9ng d\u01b0\u1edbi m\u1ecdi \u0111i\u1ec1u ki\u1ec7n<br \/>\nAutomatis x\u00e1c \u0111\u1ecbnh \u0111i\u1ec7n \u00e1p s\u1ea1c c\u1ee7a pin nh\u00f3m v\u00e0 putout 12V \/ 24V.<br \/>\nK\u00edch th\u01b0\u1edbc nh\u1ecf g\u1ecdn &amp; hi\u1ec7u qu\u1ea3 cao<br \/>\nM\u00e0n h\u00ecnh \u0111i\u1ec7n th\u1ebf pin y\u1ebfu v\u1edbi vi\u1ec7c m\u1edf ho\u1eb7c \u0111\u00f3ng c\u00e1c \u0111\u1ecba ch\u1ec9 li\u00ean l\u1ea1c kh\u00f4 Trong l\u1ed7i<br \/>\n\u0110ang s\u1ea1c c\u00e1c ch\u1ec9 th\u1ecb LED hi\u1ec7n t\u1ea1i<br \/>\nKh\u00f4ng c\u00f3 d\u00f2ng ch\u1ea3y hi\u1ec7n t\u1ea1i khi \u0111i\u1ec7n \u0111\u1ea7u v\u00e0o l\u00e0 Off<\/p>\n<p><span style=\"color: #ed1c24;\"><u><strong>II. Th\u00f4ng s\u1ed1 k\u1ef9 thu\u1eadt\u00a0<\/strong><\/u><\/span><\/p>\n<table border=\"1\" width=\"0\" cellspacing=\"0\" cellpadding=\"0\" align=\"center\">\n<tbody>\n<tr>\n<td>Ng\u00f5 v\u00e0o ngu\u1ed3n<\/td>\n<td>\u0110i\u1ec7n \u00e1p 160 ~ 250 VAC<br \/>\nT\u1ea7n s\u1ed1 20 ~ 100Hz<\/td>\n<\/tr>\n<tr>\n<td>\u0110\u1ea7u ra DC<\/td>\n<td>\u0110i\u1ec7n \u00e1p 13.8 VDC, D\u00f2ng 7A &#8211; khi nh\u00f3m pin = 12V<br \/>\n\u0110i\u1ec7n \u00e1p 27.6 VDC, D\u00f2ng 5A &#8211; khi nh\u00f3m pin = 24V<\/td>\n<\/tr>\n<tr>\n<td>Ch\u1ebf \u0111\u1ed9 Charge<\/td>\n<td>Ph\u00ed n\u1ed5i<\/td>\n<\/tr>\n<tr>\n<td>Quy \u0111\u1ecbnh v\u1ec1 \u0111i\u1ec7n \u00e1p DC<\/td>\n<td>&lt;\u00b1 1%<\/td>\n<\/tr>\n<tr>\n<td>Hi\u1ec7u qu\u1ea3<\/td>\n<td>&gt; 80% @ To\u00e0n t\u1ea3i<\/td>\n<\/tr>\n<tr>\n<td>Dung l\u01b0\u1ee3ng li\u00ean h\u1ec7<\/td>\n<td>0.5A @ 120 VAC<\/td>\n<\/tr>\n<tr>\n<td>S\u1ef1 b\u1ea3o v\u1ec7<\/td>\n<td>\u0110\u1ea3o c\u1ef1c ng\u01b0\u1ee3c, qu\u00e1 \u00e1p, ng\u1eafn m\u1ea1ch, gi\u1edbi h\u1ea1n d\u00f2ng \u0111i\u1ec7n<\/td>\n<\/tr>\n<tr>\n<td>M\u00f4i tr\u01b0\u1eddng<\/td>\n<td>Nhi\u1ec7t \u0111\u1ed9 ho\u1ea1t \u0111\u1ed9ng: 0 ~ 40 \u00b0 C<br \/>\nNhi\u1ec7t \u0111\u1ed9 l\u01b0u tr\u1eef: -20 ~ 60 \u00b0 C<br \/>\n\u0110\u1ed9 \u1ea9m t\u01b0\u01a1ng \u0111\u1ed1i: T\u1ed1i \u0111a 90% \u0110\u1ed9<br \/>\nrung: 1,5G @ 5 ~ 30 Hz \/ 5,0G @ 30 ~ 500 Hz<\/td>\n<\/tr>\n<tr>\n<td>K\u00edch th\u01b0\u1edbc<\/td>\n<td>180 (L) x 160 (W) x 60 (H) mm<\/td>\n<\/tr>\n<\/tbody>\n<\/table>\n<div><\/div>\n<p><strong>H\u01b0\u1edbng d\u1eabn s\u1eed d\u1ee5ng :<\/strong><\/p>\n<p>Zh-ch2806 lo\u1ea1t th\u00f4ng minh s\u1ea1c \u0111\u01b0\u1ee3c thi\u1ebft k\u1ebf \u0111\u1eb7c bi\u1ec7t \u0111\u1ec3 s\u1ea1c pin v\u1edbi \u0111i\u1ec7n \u00e1p kh\u00f4ng \u0111\u1ed5i, li\u00ean t\u1ee5c hi\u1ec7n t\u1ea1i, nh\u1ecf gi\u1ecdt, ng\u1eebng, ng\u1eafn m\u1ea1ch v\u00e0 c\u00e1c t\u00ednh n\u0103ng kh\u00e1c.<\/p>\n<p>1. ph\u1ea1m vi;<\/p>\n<p>1.1 l\u00e0 th\u00edch h\u1ee3p cho m\u1ed9t lo\u1ea1t c\u00e1c th\u01b0\u01a1ng hi\u1ec7u, m\u00f4 h\u00ecnh, h\u1ed7 tr\u1ee3 vi\u1ec7c s\u1eed d\u1ee5ng c\u00e1c s\u1ee9c m\u1ea1nh c\u1ee7a \u0111\u1ed9ng c\u01a1 diesel.<\/p>\n<p>1.2 \u0111i\u1ec1u h\u00e0nh \u0111i\u1ec7n \u00e1p ac 160 ~ 250V, t\u1ea7n s\u1ed1 ho\u1ea1t \u0111\u1ed9ng 20 ~ 100Hz, c\u00f3 th\u1ec3 \u0111\u1ea3m b\u1ea3o r\u1eb1ng \u0111\u1ed9ng c\u01a1 \u1edf t\u1ed1c \u0111\u1ed9 th\u1ea5p( nh\u00e0n r\u1ed7i) trong khi v\u1eabn s\u1ea1c.<\/p>\n<p>1.3 c\u00f3 th\u1ec3 \u0111\u01b0\u1ee3c tr\u1ef1c ti\u1ebfp t\u00ednh ph\u00ed th\u00f4ng qua \u0111i\u1ec7n m\u00e1y ph\u00e1t \u0111i\u1ec7n diesel thi\u1ebft l\u1eadp, \u0111\u1ec3 thay th\u1ebf s\u1ea1c c\u01a1 th\u1ec3.<\/p>\n<p>1.4 c\u00f3 th\u1ec3 \u0111\u01b0\u1ee3c \u1edf nhi\u1ec7t \u0111\u1ed9-40 ~ 50 v\u00e0 \u0111\u1ed9 \u1ea9m t\u01b0\u01a1ng \u0111\u1ed1i 98% rh kh\u00f4ng ng\u01b0ng t\u1ee5 m\u00f4i tr\u01b0\u1eddng c\u00f3 \u0111\u1ed9 \u1ea9m.<\/p>\n<p>1,5 c\u00f3 th\u1ec3 cho ph\u00e9p \u0111i\u1ec7n \u0111\u1ec3 s\u1ea1c pin c\u00f9ng m\u1ed9t l\u00fac b\u1eaft \u0111\u1ea7u \u0111\u1ec3 b\u1eaft \u0111\u1ea7u \u0111\u1ed9ng c\u01a1.<\/p>\n<p>1.6 l\u00e0 th\u00edch h\u1ee3p cho ch\u00ec- pin axit, \u0111\u1eb7c bi\u1ec7t l\u00e0 \u0111\u1ed1i v\u1edbi r\u1eafn ph\u1ea1m vi nhi\u1ec7t \u0111\u1ed9 r\u1ed9ng cho k\u00edn s\u1ea1c pin.<\/p>\n<p>1,7 d\u00f2ng s\u1ea3n ph\u1ea9m bao g\u1ed3m 12v, 24v; 10a, 6a, 4a v\u00e0 c\u00e1c m\u00f4 h\u00ecnh kh\u00e1c, xin vui l\u00f2ng b\u1ea5m c\u1ea7n ph\u1ea3i s\u1eed d\u1ee5ng v\u00e0 c\u00e0i \u0111\u1eb7t( bao b\u00ec s\u1ea3n ph\u1ea9m x\u00e1c \u0111\u1ecbnh).<\/p>\n<p>2. T\u00ednh n\u0103ng;<\/p>\n<p>2.1 li\u00ean t\u1ee5c hi\u1ec7n t\u1ea1i nhanh ph\u00ed: khi pin c\u00f3 th\u1ec3 s\u1ea1c l\u1ea1i \u0111i\u1ec7n \u00e1p th\u1ea5p h\u01a1n gi\u00e1 tr\u1ecb thi\u1ebft l\u1eadp( 12v pin&amp; ang; 12v, 24v pin&amp; ang; 24v), \u0111\u01a1n v\u1ecb thu ph\u00ed theo c\u00e1ch th\u1ee9c li\u00ean t\u1ee5c hi\u1ec7n t\u1ea1i \u0111\u1ec3 s\u1ea1c nhanh pin.<\/p>\n<p>2.2 h\u1ea1n ch\u1ebf: khi pin \u0111\u00e3 \u0111\u01b0\u1ee3c s\u1ea1c khi ti\u1ebfp c\u1eadn \u0111\u1ea7y \u0111\u1ee7( 12v pin&amp; ge; 12v, 24v pin&amp; ge; 24v), t\u00ednh ph\u00ed hi\u1ec7n h\u00e0nh l\u00e0 t\u1ef1 \u0111\u1ed9ng h\u1ea1n ch\u1ebf( kh\u00f4ng \u0111\u1ed5i \u0111i\u1ec7n \u00e1p \u0111\u1eb7c \u0111i\u1ec3m nh\u01b0 h\u00ecnh 1 \u1edf tr\u00ean).<\/p>\n<p>2.3 ch\u1ea3y n\u1ed5i: khi \u0111i\u1ec7n \u00e1p pin \u0111\u1ea1t \u0111\u1ebfn n\u1ed5i \u0111\u01b0\u1ee3c t\u00ednh \u0111i\u1ec3m \u0111\u1eb7t( 12v pin l\u00e0 kho\u1ea3ng 13.8V, 24v pin l\u00e0 kho\u1ea3ng 27.6v), \u0111\u01b0\u1ee3c t\u1ef1 \u0111\u1ed9ng chuy\u1ec3n \u0111\u1ed5i sang tr\u1ea1ng th\u00e1i n\u1ed5i, \u0111\u00f3 l\u00e0 v\u1ec1 0.1 ~ 0.2a ph\u00ed hi\u1ec7n t\u1ea1i( \u0111\u1eb7c bi\u1ec7t l\u00e0 v\u1edbi vi\u1ec7c cung c\u1ea5p \u0111i\u1ec7n thi\u1ebft b\u1ecb li\u00ean quan v\u00e0o th\u1eddi \u0111i\u1ec3m \u0111\u00f3).<\/p>\n<p>2.4 ng\u1eebng thu ph\u00ed: khi \u0111i\u1ec7n \u00e1p pin \u0111\u1ea1t \u0111\u1ebfn \u0111i\u1ec1n \u0111\u01b0\u1ee3c t\u00ednh \u0111i\u1ec3m \u0111\u1eb7t( 12v khi 14v, 2 khi 28V), n\u00f3 s\u1ebd t\u1ef1 \u0111\u1ed9ng t\u1eaft s\u1ea1c \u0111\u1ea7u ra.<\/p>\n<p>2,5 d\u00f2ng v\u00e0 ng\u1eafn m\u1ea1ch b\u1ea3o v\u1ec7: s\u1ea3n ph\u1ea9m c\u00f3 m\u1ed9t ho\u00e0n h\u1ea3o h\u01a1n- hi\u1ec7n t\u1ea1i v\u00e0 ng\u1eafn m\u1ea1ch b\u1ea3o v\u1ec7, k\u1ec3 t\u1eeb khi s\u1ea3n ph\u1ea9m n\u00e0y c\u00f3 m\u1ed9t h\u1eb1ng s\u1ed1 hi\u1ec7n \u0111\u1eb7c tr\u01b0ng, v\u00ec v\u1eady khi c\u00f3 m\u1ed9t pin dung l\u01b0\u1ee3ng l\u1edbn( kh\u00e1ng t\u1ed1i thi\u1ec3u), t\u1ea3i ng\u1eafn m\u1ea1ch ho\u1eb7c trong ngu\u1ed3n \u0111i\u1ec7n s\u1ea1c c\u00f9ng m\u1ed9t l\u00fac b\u1eaft \u0111\u1ea7u \u0111\u1ec3 b\u1eaft \u0111\u1ea7u khi \u0111\u1ed9ng c\u01a1( trong tr\u01b0\u1eddng h\u1ee3p n\u00e0y d\u00f2ng kh\u1edfi \u0111\u1ed9ng l\u00e0 r\u1ea5t l\u1edbn, c\u00e1c b\u1ed9 s\u1ea1c \u0111\u01b0\u1ee3c g\u1ea7n v\u1ec1 ng\u1eafn- m\u1ea1ch) kh\u00f4ng b\u1ecb h\u01b0 h\u1ecfng. C\u0169ng, v\u00ec \u0111\u1eb7c t\u00ednh c\u1ee7a s\u1ea3n ph\u1ea9m, \u0111\u1ec3 khi s\u1ea1c pin \u0111\u01b0\u1ee3c s\u1eed d\u1ee5ng nh\u01b0 m\u1ed9t s\u1ef1 kh\u1edfi \u0111\u1ea7u, m\u00e0 kh\u00f4ng c\u1ea7n ng\u1eaft k\u1ebft n\u1ed1i cung c\u1ea5p \u0111i\u1ec7n.<\/p>\n<p><span style=\"color: #ed1c24;\"><strong>3. H\u01b0\u1edbng d\u1eabn c\u00e0i \u0111\u1eb7t<\/strong><\/span><\/p>\n<p>3.1 b\u1ed9 s\u1ea1c k\u1ebft n\u1ed1i th\u1ec3 hi\u1ec7n trong h\u00ecnh 2:&#8221; l&#8221; pha d\u00f2ng k\u1ebft n\u1ed1i v\u1edbi 220v,&#8221; n&#8221; k\u1ebft n\u1ed1i v\u1edbi 220v \u0111\u01b0\u1eddng zero,&#8221;&amp; perp;&#8221; n\u1ec1n t\u1ea3ng,&#8221; +&#8221; thi\u1ebft b\u1ecb \u0111\u1ea7u cu\u1ed1i t\u00edch c\u1ef1c c\u1ee7a pin,&#8221;-&#8221; sau \u0111\u00f3 pin ti\u00eau c\u1ef1c. M\u1eb7t \u0111\u1ea5t s\u1ea1c c\u0169ng ph\u1ea3i \u0111\u01b0\u1ee3c c\u0103n c\u1ee9.<\/p>\n<p>3.2 s\u1ea3n ph\u1ea9m b\u1ea3ng \u0111i\u1ec1u khi\u1ec3n g\u1eafn k\u1ebft d\u1eabn( diode ph\u00e1t s\u00e1ng), khi \u00e1nh s\u00e1ng hi\u1ec3n th\u1ecb m\u00e0u s\u1eafc kh\u00e1c nhau, \u0111\u1ea1i di\u1ec7n cho s\u1ea1c c\u00e1c \u0111i\u1ec1u ki\u1ec7n.<\/p>\n<p>M\u00e0u \u0111\u1ecf: li\u00ean t\u1ee5c hi\u1ec7n t\u1ea1i nhanh ph\u00ed giai \u0111o\u1ea1n, d\u00f2ng s\u1ea1c l\u00e0 \u0111\u00e1nh gi\u00e1 cao t\u1ed1i \u0111a gi\u00e1 tr\u1ecb hi\u1ec7n t\u1ea1i( bao g\u1ed3m c\u1ea3 ng\u1eafn m\u1ea1ch t\u1ea1i \u0111\u1ea7u ra c\u1ee7a m\u00e0u \u0111\u1ecf);<\/p>\n<p>M\u00e0u v\u00e0ng( m\u00e0u \u0111\u1ecf + m\u00e0u xanh l\u00e1 c\u00e2y): nh\u1ecf gi\u1ecdt n\u1ed5i giai \u0111o\u1ea1n( kh\u00f4ng \u0111\u1ed5i \u0111i\u1ec7n \u00e1p), \u0111\u00f3 l\u00e0 ph\u00ed hi\u1ec7n h\u00e0nh b\u1eaft \u0111\u1ea7u gi\u1ea3m, m\u00e0u \u0111\u1ecf \u00e1nh s\u00e1ng sau \u0111\u00f3 hi\u1ec7n nay l\u00e0 l\u1edbn, xanh thencurrent \u00edt;<\/p>\n<p>M\u00e0u xanh l\u00e1 c\u00e2y: pin \u0111\u00e3 \u0111\u01b0\u1ee3c v\u1ec1 c\u01a1 b\u1ea3n \u0111\u1ea7y \u0111\u1ee7( khi \u0111\u1ea7u ra m\u1edf m\u1ea1ch c\u0169ng m\u00e0u xanh l\u00e1 c\u00e2y).<\/p>\n<p><span style=\"color: #ed1c24;\"><strong><em>4. L\u01b0u \u00fd<\/em><\/strong><\/span><\/p>\n<p>4.1 s\u1ea3n ph\u1ea9m \u0111\u01b0\u1ee3c thi\u1ebft k\u1ebf \u0111\u1eb7c bi\u1ec7t cho s\u1ea1c pin, t\u1eeb xung \u0111\u1ea7u ra c\u00f3 ch\u1ee9a c\u00e1c th\u00e0nh ph\u1ea7n, nh\u01b0 v\u1eady trong s\u1ef1 v\u1eafng m\u1eb7t c\u1ee7a pin, v\u00e0 kh\u00f4ng th\u00edch h\u1ee3p nh\u01b0 l\u00e0 m\u1ed9t ngu\u1ed3n thi\u1ebft b\u1ecb \u0111i\u1ec7n t\u1eed tr\u1ef1c ti\u1ebfp, n\u1ebfu kh\u00f4ng n\u00f3 s\u1ebd g\u00e2y c\u1ea3n tr\u1edf ho\u1eb7c th\u1eadm ch\u00ed thi\u1ec7t h\u1ea1i thi\u1ebft b\u1ecb \u0111i\u1ec7n t\u1eed;<\/p>\n<p>4.2 n\u1ebfu c\u00f3 s\u1ed1c t\u1ed1t c\u00e1c bi\u1ec7n ph\u00e1p, kh\u00f4ng ph\u00f9 h\u1ee3p s\u1ea1c g\u1eafn tr\u1ef1c ti\u1ebfp tr\u00ean diesel nh\u00f3m.<\/p>\n<p>4.3 s\u1ea3n ph\u1ea9m ph\u1ea3i ng\u0103n kh\u00f4ng cho n\u01b0\u1edbc ho\u1eb7c ch\u1ea5t l\u1ecfng kh\u00e1c t\u1eafm r\u1eeda, v\u00e0 n\u00ean ch\u00fa \u00fd \u0111\u1ebfn th\u00f4ng gi\u00f3 v\u00e0 c\u00e1ch xa ngu\u1ed3n nhi\u1ec7t v\u00e0 b\u1ee9c x\u1ea1 nhi\u1ec7t.<\/p>\n<p><span style=\"color: #ed1c24;\"><u><strong>III. T\u1ea0I SAO B\u1ea0N N\u00caN MUA PH\u1ee4 T\u00d9NG M\u00c1Y PH\u00c1T \u0110I\u1ec6N C\u1ee6A CH\u00daNG T\u00d4I :<\/strong><\/u><\/span><\/p>\n<p>1. \u0110\u1ea7u ti\u00ean b\u1ea1n s\u1ebd c\u1ea3m nh\u1eadn \u0111\u01b0\u1ee3c s\u1ef1 t\u01b0 v\u1ea5n nhi\u1ec7t t\u00ecnh v\u1edbi ki\u1ebfn th\u1ee9c chuy\u00ean m\u00f4n v\u00e0 kinh nghi\u1ec7m 25 n\u0103m trong l\u0129nh v\u1ef1c b\u00e1n linh ph\u1ee5 ki\u1ec7n m\u00e1y ph\u00e1t \u0111i\u1ec7n<br \/>\n2. C\u00f4ng ty ch\u00fang t\u00f4i l\u00e0 nh\u00e0 ph\u00e2n ph\u1ed1i c\u1ea5p 1 t\u1ea1i Vi\u1ec7t Nam v\u1ec1 c\u00e1c ph\u1ee5 t\u00f9ng \u0111i k\u00e8m m\u00e1y<br \/>\n3. Do l\u00e0 nh\u00e0 ph\u00e2n ph\u1ed1i c\u1ea5p 1 n\u00ean ch\u00fang t\u00f4i c\u00f3 gi\u00e1 t\u1ed1t nh\u1ea5t so v\u1edbi c\u00e1c nh\u00e0 ph\u00e2n ph\u1ed1i ho\u1eb7c \u0111\u1ea1i l\u00fd b\u00e1n l\u1ebb kh\u00e1c.<\/p>\n<p>4. H\u00e0ng lu\u00f4n \u0111\u1ea3m b\u1ea3o Nh\u1eadp kh\u1ea9u t\u1eadn g\u1ed1c t\u1eeb nh\u00e0 m\u00e1y &#8211; Ch\u1ee9ng nh\u1eadn v\u00e0 b\u1ea3n quy\u1ec1n duy nh\u1ea5t &#8211; Cam k\u1ebft l\u1ed7i\/ h\u1ecfng \u0111\u1ec1n ti\u1ec1n g\u1ea5p \u0111\u00f4i.<br \/>\n5. Nh\u00e2n vi\u00ean k\u1ef9 thu\u1eadt 24\/24 c\u00f3 th\u1ec3 giao h\u00e0ng t\u1eadn n\u01a1i v\u00e0 thay th\u1ebf tr\u1ef1c ti\u1ebfp n\u1ebfu nh\u01b0 Kh\u00e1ch h\u00e0ng c\u00f3 nhu c\u1ea7u !<br \/>\n6. Lu\u00f4n lu\u00f4n c\u00f3 nh\u1eefng \u01b0u \u0111\u00e3i v\u00e0 d\u1ecbch v\u1ee5 sau b\u00e1n h\u00e0ng !<\/p>\n<p><span style=\"color: #008000;\"><strong>H\u00c3Y \u0110\u1ebeN V\u00c0 C\u1ea2M NH\u1eacN S\u1ef0 UY T\u00cdN &#8211; CHUY\u00caN NGHI\u1ec6P M\u00c0 CH\u00daNG T\u00d4I \u0110EM L\u1ea0I CHO B\u1ea0N !!<\/strong><\/span><\/p>\n<hr \/>\n<p style=\"margin-bottom: 5px;\"><span style=\"color: #333399;\"><strong>C\u00d4NG TY TNHH SX &#8211; TM &#8211; XNK H\u01afNG TH\u1ecaNH PH\u00c1T<\/strong><\/span><\/p>\n<ul>\n<li><span style=\"color: #000000;\"><strong>\u0110\u1ecba ch\u1ec9:<\/strong> S\u1ed1 496\/13 L\u00e3 Xu\u00e2n Oai, T\u1ed5 7, Khu ph\u1ed1 Ph\u01b0\u1edbc Hi\u1ec7p, Ph\u01b0\u1eddng Long Tr\u01b0\u1eddng, Qu\u1eadn 9, TP.HCM<\/span><\/li>\n<li><span class=\"text\" style=\"color: #000000;\"><strong>\u0110i\u1ec7n tho\u1ea1i:<\/strong> <span style=\"color: #ed1c24;\"><strong>0909.078.509<\/strong><\/span><\/span><\/li>\n<li><span class=\"text\" style=\"color: #000000;\"><strong> Email:<\/strong> <span style=\"color: #3366ff;\">hungthinhphatgenerator@gmail.com<\/span><\/span><\/li>\n<\/ul>\n","protected":false},"excerpt":{"rendered":"<ul class=\"mnv-infoproduct\">\n<li><strong>M\u00e3 s\u1ea3n ph\u1ea9m:<\/strong> <span style=\"color: red;\">ZH-CH2806 6A<\/span><\/li>\n<li><strong>Gi\u00e1 b\u00e1n:<\/strong> <span style=\"color: red;\">LH: 0909.078.509<\/span><\/li>\n<li><strong>Xu\u1ea5t x\u1ee9:<\/strong> China<\/li>\n<li><strong>B\u1ea3o h\u00e0nh:<\/strong> 12 Th\u00e1ng<\/li>\n<\/ul>\n","protected":false},"featured_media":686,"comment_status":"open","ping_status":"closed","template":"","meta":[],"_links":{"self":[{"href":"https:\/\/webmaibinh.com\/w\/mayphatdien2011\/wp-json\/wp\/v2\/product\/684"}],"collection":[{"href":"https:\/\/webmaibinh.com\/w\/mayphatdien2011\/wp-json\/wp\/v2\/product"}],"about":[{"href":"https:\/\/webmaibinh.com\/w\/mayphatdien2011\/wp-json\/wp\/v2\/types\/product"}],"replies":[{"embeddable":true,"href":"https:\/\/webmaibinh.com\/w\/mayphatdien2011\/wp-json\/wp\/v2\/comments?post=684"}],"wp:featuredmedia":[{"embeddable":true,"href":"https:\/\/webmaibinh.com\/w\/mayphatdien2011\/wp-json\/wp\/v2\/media\/686"}],"wp:attachment":[{"href":"https:\/\/webmaibinh.com\/w\/mayphatdien2011\/wp-json\/wp\/v2\/media?parent=684"}],"curies":[{"name":"wp","href":"https:\/\/api.w.org\/{rel}","templated":true}]}}