{"id":681,"date":"2020-02-12T15:42:11","date_gmt":"2020-02-12T08:42:11","guid":{"rendered":"https:\/\/mayphatdienhungthinhphat.webdemo.vn\/?post_type=product&#038;p=681"},"modified":"2020-02-12T15:42:11","modified_gmt":"2020-02-12T08:42:11","slug":"bo-dieu-toc-may-phat-dien-doosan-dgc-2013","status":"publish","type":"product","link":"https:\/\/webmaibinh.com\/w\/mayphatdien2011\/san-pham\/bo-dieu-toc-may-phat-dien-doosan-dgc-2013\/","title":{"rendered":"B\u1ed9 \u0111i\u1ec1u t\u1ed1c m\u00e1y ph\u00e1t \u0111i\u1ec7n Doosan DGC-2013"},"content":{"rendered":"<p>DGC-2013 \u0110\u1ed1c \u0111i\u1ec1u khi\u1ec3n \u0111\u01a1n v\u1ecb l\u00e0 m\u1ed9t \u0111i\u1ec7n t\u1eed thi\u1ebft b\u1ecb \u0111\u01b0\u1ee3c thi\u1ebft k\u1ebf \u0111\u1ec3 ki\u1ec3m so\u00e1t t\u1ed1c \u0111\u1ed9 \u0110\u1ed9ng C\u01a1 v\u1edbi nhanh ch\u00f3ng v\u00e0 ch\u00ednh x\u00e1c<br \/>\n\u0111\u1ec3 \u0111\u00e1p \u1ee9ng v\u1edbi tho\u00e1ng qua nh\u1eefng thay \u0111\u1ed5i t\u1ea3i m\u00e0 l\u00e0 d\u1ef1a tr\u00ean PID thu\u1eadt to\u00e1n. c\u00e1c thi\u1ebft b\u1ecb bao g\u1ed3m m\u1ed9t \u0110i\u1ec1u Khi\u1ec3n Ch\u00ednh v\u1edbi<br \/>\nc\u00e1c ch\u1ee9c n\u0103ng c\u1ee7a ho\u1ea1t \u0111\u1ed9ng \u0111\u01a1n l\u1ebb (\u0110\u1eb3ng Th\u1eddi ch\u1ebf \u0111\u1ed9) v\u00e0 ho\u1ea1t \u0111\u1ed9ng song song (C\u1ee5p Shipping ch\u1ebf \u0111\u1ed9), v\u00e0 v\u1edbi m\u1ed9t Ph\u1ee5 Tr\u1ee3 \u0110i\u1ec1u Khi\u1ec3n<br \/>\ncho ph\u00e9p c\u00e1c kh\u1ea9n c\u1ea5p ho\u1ea1t \u0111\u1ed9ng trong tr\u01b0\u1eddng h\u1ee3p c\u1ee7a s\u1ef1 c\u1ed1 c\u1ee7a c\u00e1c ch\u00ednh b\u1ed9 \u0111i\u1ec1u khi\u1ec3n.<br \/>\nth\u00e1o l\u1eafp &amp; C\u1ea3nh B\u00e1o<br \/>\ng\u1eafn b\u1ed9 \u0111i\u1ec1u khi\u1ec3n \u0111\u01a1n v\u1ecb theo chi\u1ec1u d\u1ecdc \u0111\u1ec3 b\u1ec1 m\u1eb7t c\u1ee7a m\u1ed9t t\u1ee7 \u0111i\u1ec1u khi\u1ec3n, b\u1ea3o v\u1ec7 kh\u1ecfi th\u1eddi ti\u1ebft v\u00e0 cao<br \/>\n\u0111\u1ed9 \u1ea9m, v\u00e0 kh\u00f4ng ti\u1ebfp x\u00fac v\u1edbi b\u1ed9 \u0111i\u1ec1u khi\u1ec3n \u0111\u01a1n v\u1ecb \u0111\u1ec3 ngu\u1ed3n g\u1ed1c c\u1ee7a nhi\u1ec7t b\u1ee9c x\u1ea1.<br \/>\nkh\u00f4ng d\u1ef1a ho\u00e0n to\u00e0n v\u00e0o th\u1ed1ng \u0111\u1ed1c h\u1ec7 th\u1ed1ng thi\u1ebft b\u1ecb truy\u1ec1n \u0111\u1ed9ng \u0111i\u1ec7n \u0111\u1ec3 ng\u0103n ch\u1eb7n qu\u00e1 t\u1ed1c. m\u1ed9t th\u1ee9 c\u1ea5p ng\u1eaft thi\u1ebft b\u1ecb,<br \/>\nch\u1eb3ng h\u1ea1n nh\u01b0 m\u1ed9t nhi\u00ean li\u1ec7u solenoid ph\u1ea3i \u0111\u01b0\u1ee3c s\u1eed d\u1ee5ng.<br \/>\nEMC (\u0110i\u1ec7n T\u1eeb Kh\u1ea3 N\u0103ng T\u01b0\u01a1ng Th\u00edch)<br \/>\n\u0111\u1ec3 \u0111\u00e1p \u1ee9ng EMC y\u00eau c\u1ea7u, b\u1ed9 \u0111i\u1ec1u khi\u1ec3n \u0111\u01a1n v\u1ecb c\u1ea7n \u0111\u01b0\u1ee3c g\u1eafn tr\u00ean c\u0103n c\u1ee9 kim lo\u1ea1i side, v\u00e0 n\u00f3 l\u00e0 c\u1ea7n thi\u1ebft \u0111\u1ec3<br \/>\ns\u1eed d\u1ee5ng che ch\u1eafn d\u00e2y cho t\u1ea5t c\u1ea3 c\u00e1c t\u00edn hi\u1ec7u d\u00f2ng v\u00e0 m\u1eb7t \u0111\u1ea5t t\u1ea5t c\u1ea3 c\u00e1c shields \u0111\u1ec3 m\u1ed9t trong nh\u1eefng chi\u1ebfc bu l\u00f4ng s\u1eed d\u1ee5ng \u0111\u1ec3 g\u1eafn b\u1ed9 \u0111i\u1ec1u khi\u1ec3n.<br \/>\nch\u1ee9c n\u0103ng<br \/>\n&lt; &lt; ph\u1ee5 tr\u1ee3 (Kh\u1ea9n C\u1ea5p) ch\u1ebf \u0111\u1ed9 \u0110i\u1ec1u Khi\u1ec3n &gt; &gt;<br \/>\nEm. t\u1ed1c \u0111\u1ed9: \u0110\u1ed9ng C\u01a1 \u0111i\u1ec1u ch\u1ec9nh T\u1ed1c \u0110\u1ed9 n\u1ed3i trong tr\u01b0\u1eddng h\u1ee3p c\u1ee7a &#8221; Ph\u1ee5 Tr\u1ee3 ch\u1ebf \u0111\u1ed9 \u0110i\u1ec1u Khi\u1ec3n &#8220;.<br \/>\nEm. ki\u1ec3m tra: Ki\u1ec3m Tra push button cho &#8221; Ph\u1ee5 Tr\u1ee3 ch\u1ebf \u0111\u1ed9 \u0110i\u1ec1u Khi\u1ec3n &#8220;.<br \/>\nD\u00e2y nh\u1ea3y: c\u1ee7a trong tr\u01b0\u1eddng h\u1ee3p \u0110\u1ec3 \u0111\u01b0\u1ee3c c\u1eaft b\u1ecf &#8221; Ph\u1ee5 Tr\u1ee3 ch\u1ebf \u0111\u1ed9 \u0110i\u1ec1u Khi\u1ec3n &#8220;.<br \/>\nEm. SW: Selector chuy\u1ec3n \u0111\u1ed5i gi\u1eefa &#8221; Main ch\u1ebf \u0111\u1ed9 \u0111i\u1ec1u khi\u1ec3n &#8221; v\u00e0 &#8221; Ph\u1ee5 Tr\u1ee3 ch\u1ebf \u0111\u1ed9 \u0110i\u1ec1u Khi\u1ec3n &#8220;.<br \/>\nOFF: Ch\u00ednh ch\u1ebf \u0111\u1ed9 \u0111i\u1ec1u khi\u1ec3n TR\u00caN: Ph\u1ee5 Tr\u1ee3 ch\u1ebf \u0111\u1ed9 \u0110i\u1ec1u Khi\u1ec3n<\/p>\n<hr \/>\n<p style=\"margin-bottom: 5px;\"><span style=\"color: #333399;\"><strong>C\u00d4NG TY TNHH SX &#8211; TM &#8211; XNK H\u01afNG TH\u1ecaNH PH\u00c1T<\/strong><\/span><\/p>\n<ul>\n<li><span style=\"color: #000000;\"><strong>\u0110\u1ecba ch\u1ec9:<\/strong> S\u1ed1 496\/13 L\u00e3 Xu\u00e2n Oai, T\u1ed5 7, Khu ph\u1ed1 Ph\u01b0\u1edbc Hi\u1ec7p, Ph\u01b0\u1eddng Long Tr\u01b0\u1eddng, Qu\u1eadn 9, TP.HCM<\/span><\/li>\n<li><span class=\"text\" style=\"color: #000000;\"><strong>\u0110i\u1ec7n tho\u1ea1i:<\/strong> <span style=\"color: #ed1c24;\"><strong>0909.078.509<\/strong><\/span><\/span><\/li>\n<li><span class=\"text\" style=\"color: #000000;\"><strong> Email:<\/strong> <span style=\"color: #3366ff;\">hungthinhphatgenerator@gmail.com<\/span><\/span><\/li>\n<\/ul>\n","protected":false},"excerpt":{"rendered":"<ul class=\"mnv-infoproduct\">\n<li><strong>M\u00e3 s\u1ea3n ph\u1ea9m:<\/strong> DGC-2013<\/li>\n<li><strong>Gi\u00e1 b\u00e1n:<\/strong> <span style=\"color: red;\">LH: 0909.078.509<\/span><\/li>\n<li><strong>Xu\u1ea5t x\u1ee9:<\/strong> China<\/li>\n<li><strong>B\u1ea3o h\u00e0nh:<\/strong> 12 Th\u00e1ng<\/li>\n<\/ul>\n","protected":false},"featured_media":682,"comment_status":"open","ping_status":"closed","template":"","meta":[],"_links":{"self":[{"href":"https:\/\/webmaibinh.com\/w\/mayphatdien2011\/wp-json\/wp\/v2\/product\/681"}],"collection":[{"href":"https:\/\/webmaibinh.com\/w\/mayphatdien2011\/wp-json\/wp\/v2\/product"}],"about":[{"href":"https:\/\/webmaibinh.com\/w\/mayphatdien2011\/wp-json\/wp\/v2\/types\/product"}],"replies":[{"embeddable":true,"href":"https:\/\/webmaibinh.com\/w\/mayphatdien2011\/wp-json\/wp\/v2\/comments?post=681"}],"wp:featuredmedia":[{"embeddable":true,"href":"https:\/\/webmaibinh.com\/w\/mayphatdien2011\/wp-json\/wp\/v2\/media\/682"}],"wp:attachment":[{"href":"https:\/\/webmaibinh.com\/w\/mayphatdien2011\/wp-json\/wp\/v2\/media?parent=681"}],"curies":[{"name":"wp","href":"https:\/\/api.w.org\/{rel}","templated":true}]}}