{"id":673,"date":"2020-02-12T10:07:56","date_gmt":"2020-02-12T03:07:56","guid":{"rendered":"https:\/\/mayphatdienhungthinhphat.webdemo.vn\/?post_type=product&#038;p=673"},"modified":"2020-02-12T10:07:56","modified_gmt":"2020-02-12T03:07:56","slug":"bo-dieu-toc-may-phat-dien-gac-esd2210","status":"publish","type":"product","link":"https:\/\/webmaibinh.com\/w\/mayphatdien2011\/san-pham\/bo-dieu-toc-may-phat-dien-gac-esd2210\/","title":{"rendered":"B\u1ed9 \u0111i\u1ec1u t\u1ed1c m\u00e1y ph\u00e1t \u0111i\u1ec7n GAC ESD2210"},"content":{"rendered":"<p>B\u1ed9 \u0111i\u1ec1u khi\u1ec3n t\u1ed1c \u0111\u1ed9 D\u00f2ng ESD2200 l\u00e0 thi\u1ebft b\u1ecb \u0111i\u1ec7n t\u1eed \u0111\u01b0\u1ee3c thi\u1ebft k\u1ebf \u0111\u1ec3 \u0111i\u1ec1u khi\u1ec3n t\u1ed1c \u0111\u1ed9 \u0111\u1ed9ng c\u01a1 v\u1edbi \u0111\u00e1p \u1ee9ng nhanh v\u00e0 ch\u00ednh x\u00e1c cho nh\u1eefng thay \u0111\u1ed5i t\u1ea3i tho\u00e1ng qua. \u0110i\u1ec1u khi\u1ec3n v\u00f2ng k\u00edn n\u00e0y, khi \u0111\u01b0\u1ee3c k\u1ebft n\u1ed1i v\u1edbi b\u1ed9 truy\u1ec1n \u0111\u1ed9ng \u0111i\u1ec7n t\u1ef7 l\u1ec7 thu\u1eadn v\u00e0 \u0111\u01b0\u1ee3c cung c\u1ea5p t\u00edn hi\u1ec7u c\u1ea3m bi\u1ebfn t\u1ed1c \u0111\u1ed9 t\u1eeb, s\u1ebd \u0111i\u1ec1u khi\u1ec3n nhi\u1ec1u lo\u1ea1i \u0111\u1ed9ng c\u01a1 kh\u00e1c nhau \u1edf ch\u1ebf \u0111\u1ed9 \u0111\u1eb3ng th\u1eddi ho\u1eb7c nh\u1ecf gi\u1ecdt. N\u00f3 \u0111\u01b0\u1ee3c thi\u1ebft k\u1ebf cho \u0111\u1ed9 tin c\u1eady cao v\u00e0 n\u00f3 c\u1ee9ng trong ch\u1eadu \u0111\u1ec3 ch\u1ecbu \u0111\u01b0\u1ee3c m\u00f4i tr\u01b0\u1eddng \u0111\u1ed9ng c\u01a1.<\/p>\n<p>C\u00e1c \u0111\u01a1n v\u1ecb \u0111i\u1ec1u khi\u1ec3n t\u1ed1c \u0111\u1ed9 d\u1ef1a tr\u00ean \u1ee9ng d\u1ee5ng v\u00e0 c\u00f3 th\u1ec3 \u0111\u01b0\u1ee3c s\u1eed d\u1ee5ng v\u1edbi b\u1ea5t k\u1ef3 thi\u1ebft b\u1ecb truy\u1ec1n \u0111\u1ed9ng n\u00e0o c\u1ee7a GAC. C\u00e1c lo\u1ea1i thi\u1ebft b\u1ecb truy\u1ec1n \u0111\u1ed9ng: Throttle Body, Pump Mounted, Engine Mounted v\u00e0 \/ ho\u1eb7c Universal. Li\u00ean h\u1ec7 v\u1edbi H\u01b0ng Th\u1ecbnh Ph\u00e1t \u0111\u1ec3 \u0111\u01b0\u1ee3c h\u1ed7 tr\u1ee3.<\/p>\n<p style=\"margin-bottom: 5px;\"><span style=\"color: #333399;\"><strong>C\u00d4NG TY TNHH SX &#8211; TM &#8211; XNK H\u01afNG TH\u1ecaNH PH\u00c1T<\/strong><\/span><\/p>\n<ul>\n<li><span style=\"color: #000000;\"><strong>\u0110\u1ecba ch\u1ec9:<\/strong> S\u1ed1 496\/13 L\u00e3 Xu\u00e2n Oai, T\u1ed5 7, KP Ph\u01b0\u1edbc Hi\u1ec7p, P. Long Tr\u01b0\u1eddng, Q. 9, TP.HCM<\/span><\/li>\n<li><span class=\"text\" style=\"color: #000000;\"><strong>\u0110i\u1ec7n tho\u1ea1i:<\/strong> <span style=\"color: #ed1c24;\"><strong>0909.078.509<\/strong><\/span><\/span><\/li>\n<li><span class=\"text\" style=\"color: #000000;\"><strong> Email:<\/strong> <span style=\"color: #3366ff;\">hungthinhphatgenerator@gmail.com<\/span><\/span><\/li>\n<\/ul>\n","protected":false},"excerpt":{"rendered":"<ul class=\"mnv-infoproduct\">\n<li><strong>M\u00e3 s\u1ea3n ph\u1ea9m:<\/strong> <span style=\"color: red;\">GAC ESD2210<\/span><\/li>\n<li><strong>Gi\u00e1 b\u00e1n:<\/strong> <span style=\"color: red;\">LH: 0909.078.509<\/span><\/li>\n<li><strong>Xu\u1ea5t x\u1ee9:<\/strong> China<\/li>\n<li><strong>B\u1ea3o h\u00e0nh:<\/strong> 12 Th\u00e1ng<\/li>\n<\/ul>\n","protected":false},"featured_media":674,"comment_status":"closed","ping_status":"closed","template":"","meta":[],"_links":{"self":[{"href":"https:\/\/webmaibinh.com\/w\/mayphatdien2011\/wp-json\/wp\/v2\/product\/673"}],"collection":[{"href":"https:\/\/webmaibinh.com\/w\/mayphatdien2011\/wp-json\/wp\/v2\/product"}],"about":[{"href":"https:\/\/webmaibinh.com\/w\/mayphatdien2011\/wp-json\/wp\/v2\/types\/product"}],"replies":[{"embeddable":true,"href":"https:\/\/webmaibinh.com\/w\/mayphatdien2011\/wp-json\/wp\/v2\/comments?post=673"}],"wp:featuredmedia":[{"embeddable":true,"href":"https:\/\/webmaibinh.com\/w\/mayphatdien2011\/wp-json\/wp\/v2\/media\/674"}],"wp:attachment":[{"href":"https:\/\/webmaibinh.com\/w\/mayphatdien2011\/wp-json\/wp\/v2\/media?parent=673"}],"curies":[{"name":"wp","href":"https:\/\/api.w.org\/{rel}","templated":true}]}}