{"id":671,"date":"2020-02-12T10:05:18","date_gmt":"2020-02-12T03:05:18","guid":{"rendered":"https:\/\/mayphatdienhungthinhphat.webdemo.vn\/?post_type=product&#038;p=671"},"modified":"2020-02-12T10:05:18","modified_gmt":"2020-02-12T03:05:18","slug":"bo-dieu-toc-may-phat-dien-doosan-dgc2007","status":"publish","type":"product","link":"https:\/\/webmaibinh.com\/w\/mayphatdien2011\/san-pham\/bo-dieu-toc-may-phat-dien-doosan-dgc2007\/","title":{"rendered":"B\u1ed9 \u0111i\u1ec1u t\u1ed1c m\u00e1y ph\u00e1t \u0111i\u1ec7n Doosan DGC2007"},"content":{"rendered":"<p>\u0110\u01a1n v\u1ecb \u0111i\u1ec1u khi\u1ec3n c\u1ee7a Th\u1ed1ng \u0111\u1ed1c DGC-2007 \u0111\u01b0\u1ee3c thi\u1ebft k\u1ebf \u0111\u1ec3 ki\u1ec3m so\u00e1t t\u1ed1c \u0111\u1ed9 \u0111\u1ed9ng c\u01a1 nhanh v\u00e0 ch\u00ednh x\u00e1c<br \/>\n\u0111\u00e1p \u1ee9ng v\u1edbi thay \u0111\u1ed5i t\u1ea3i t\u1ea1m th\u1eddi. Thi\u1ebft b\u1ecb g\u1ed3m c\u00f3 B\u1ed9 \u0111i\u1ec1u khi\u1ec3n ch\u00ednh v\u1edbi<br \/>\nch\u1ee9c n\u0103ng ho\u1ea1t \u0111\u1ed9ng \u0111\u01a1n (ch\u1ebf \u0111\u1ed9 isochronous) v\u00e0 ho\u1ea1t \u0111\u1ed9ng song song (ch\u1ebf \u0111\u1ed9 Droop), v\u00e0 v\u1edbi m\u1ed9t b\u1ed9 \u0111i\u1ec1u khi\u1ec3n ph\u1ee5 tr\u1ee3<br \/>\nb\u1ed9 \u0111i\u1ec1u khi\u1ec3n ch\u00ednh c\u1ee7a s\u1ef1 c\u1ed1.<\/p>\n<p>\u25a3 G\u1eafn &amp; c\u1ea3nh b\u00e1o<\/p>\n<p>? L\u1eafp b\u1ed9 \u0111i\u1ec1u khi\u1ec3n theo chi\u1ec1u d\u1ecdc tr\u00ean b\u1ec1 m\u1eb7t c\u1ee7a t\u1ee7 \u0111i\u1ec1u khi\u1ec3n, \u0111\u01b0\u1ee3c b\u1ea3o v\u1ec7 kh\u1ecfi th\u1eddi ti\u1ebft v\u00e0 cao<br \/>\n\u0111\u1ed9 \u1ea9m, v\u00e0 kh\u00f4ng \u0111\u1ec3 thi\u1ebft b\u1ecb \u0111i\u1ec1u khi\u1ec3n v\u00e0o ngu\u1ed3n b\u1ee9c x\u1ea1 nhi\u1ec7t.<br \/>\n? Kh\u00f4ng n\u00ean ch\u1ec9 d\u1ef1a v\u00e0o h\u1ec7 th\u1ed1ng c\u01a1 c\u1ea5u \u0111i\u1ec7n c\u1ee7a th\u1ed1ng \u0111\u1ed1c \u0111\u1ec3 tr\u00e1nh qu\u00e1 t\u1ea3i. M\u1ed9t thi\u1ebft b\u1ecb shutoff th\u1ee9 c\u1ea5p,<br \/>\nch\u1eb3ng h\u1ea1n nh\u01b0 solenoid nhi\u00ean li\u1ec7u ph\u1ea3i \u0111\u01b0\u1ee3c s\u1eed d\u1ee5ng.<br \/>\nT\u01b0\u01a1ng th\u00edch \u0111i\u1ec7n t\u1eeb (EMC)<br \/>\n\u0110\u1ec3 \u0111\u00e1p \u1ee9ng c\u00e1c y\u00eau c\u1ea7u c\u1ee7a EMC, b\u1ed9 \u0111i\u1ec1u khi\u1ec3n ph\u1ea3i \u0111\u01b0\u1ee3c g\u1eafn \u1edf ph\u00eda kim lo\u1ea1i c\u00f3 v\u1ecf b\u1ecdc, v\u00e0 ph\u1ea3i<br \/>\ns\u1eed d\u1ee5ng c\u00e1c d\u00e2y d\u1eabn \u0111\u01b0\u1ee3c che ch\u1eafn cho t\u1ea5t c\u1ea3 c\u00e1c \u0111\u01b0\u1eddng t\u00edn hi\u1ec7u v\u00e0 n\u1ed1i t\u1ea5t c\u1ea3 c\u00e1c khi\u00ean v\u00e0o m\u1ed9t trong nh\u1eefng bu l\u00f4ng \u0111\u01b0\u1ee3c s\u1eed d\u1ee5ng \u0111\u1ec3 g\u1eafn b\u1ed9 \u0111i\u1ec1u khi\u1ec3n.<\/p>\n<p>&#8212;&#8212;&#8212;&#8212;&#8212;&#8212;&#8212;&#8212;&#8212;&#8212;&#8212;&#8212;&#8212;&#8212;&#8212;&#8212;-<\/p>\n<p style=\"margin-bottom: 5px;\"><span style=\"color: #333399;\"><strong>C\u00d4NG TY TNHH SX &#8211; TM &#8211; XNK H\u01afNG TH\u1ecaNH PH\u00c1T<\/strong><\/span><\/p>\n<ul>\n<li><span style=\"color: #000000;\"><strong>\u0110\u1ecba ch\u1ec9:<\/strong> S\u1ed1 496\/13 L\u00e3 Xu\u00e2n Oai, T\u1ed5 7, KP Ph\u01b0\u1edbc Hi\u1ec7p, P. Long Tr\u01b0\u1eddng, Q. 9, TP.HCM<\/span><\/li>\n<li><span class=\"text\" style=\"color: #000000;\"><strong>\u0110i\u1ec7n tho\u1ea1i:<\/strong> <span style=\"color: #ed1c24;\"><strong>0909.078.509<\/strong><\/span><\/span><\/li>\n<li><span class=\"text\" style=\"color: #000000;\"><strong> Email:<\/strong> <span style=\"color: #3366ff;\">hungthinhphatgenerator@gmail.com<\/span><\/span><\/li>\n<\/ul>\n","protected":false},"excerpt":{"rendered":"<ul class=\"mnv-infoproduct\">\n<li><strong>M\u00e3 s\u1ea3n ph\u1ea9m:<\/strong> <span style=\"color: red;\">DGC2007<\/span><\/li>\n<li><strong>Gi\u00e1 b\u00e1n:<\/strong> <span style=\"color: red;\">LH: 0909.078.509<\/span><\/li>\n<li><strong>Xu\u1ea5t x\u1ee9:<\/strong> China<\/li>\n<li><strong>B\u1ea3o h\u00e0nh:<\/strong> 12 Th\u00e1ng<\/li>\n<\/ul>\n","protected":false},"featured_media":672,"comment_status":"open","ping_status":"closed","template":"","meta":[],"_links":{"self":[{"href":"https:\/\/webmaibinh.com\/w\/mayphatdien2011\/wp-json\/wp\/v2\/product\/671"}],"collection":[{"href":"https:\/\/webmaibinh.com\/w\/mayphatdien2011\/wp-json\/wp\/v2\/product"}],"about":[{"href":"https:\/\/webmaibinh.com\/w\/mayphatdien2011\/wp-json\/wp\/v2\/types\/product"}],"replies":[{"embeddable":true,"href":"https:\/\/webmaibinh.com\/w\/mayphatdien2011\/wp-json\/wp\/v2\/comments?post=671"}],"wp:featuredmedia":[{"embeddable":true,"href":"https:\/\/webmaibinh.com\/w\/mayphatdien2011\/wp-json\/wp\/v2\/media\/672"}],"wp:attachment":[{"href":"https:\/\/webmaibinh.com\/w\/mayphatdien2011\/wp-json\/wp\/v2\/media?parent=671"}],"curies":[{"name":"wp","href":"https:\/\/api.w.org\/{rel}","templated":true}]}}