{"id":666,"date":"2020-02-11T19:07:07","date_gmt":"2020-02-11T12:07:07","guid":{"rendered":"https:\/\/mayphatdienhungthinhphat.webdemo.vn\/?post_type=product&#038;p=666"},"modified":"2020-02-11T19:07:07","modified_gmt":"2020-02-11T12:07:07","slug":"kutai-eg2000","status":"publish","type":"product","link":"https:\/\/webmaibinh.com\/w\/mayphatdien2011\/san-pham\/kutai-eg2000\/","title":{"rendered":"Kutai EG2000"},"content":{"rendered":"<div><u><strong>I. TH\u00d4NG S\u1ed0 K\u1ef8 THU\u1eacT\u00a0Kutai EG2000<\/strong><\/u><\/p>\n<p>1.1 Th\u00f4ng s\u1ed1 k\u1ef9 thu\u1eadt \u0111i\u1ec7n t\u1eed<\/p>\n<p>\u0110i\u1ec7n \u00e1p ho\u1ea1t \u0111\u1ed9ng : 12 ho\u1eb7c 24 VDC \u00b1 20%<br \/>\nS\u1ea3n l\u01b0\u1ee3ng hi\u1ec7n t\u1ea1i : 0,5 ~ 15 A<br \/>\nKh\u1edfi \u0111\u1ed9ng T\u1ed1c \u0111\u1ed9 \u0110i\u1ec1u ch\u1ec9nh : B\u1ed9 \u0111i\u1ec1u ch\u1ec9nh t\u1ed1c \u0111\u1ed9 (30 v\u00f2ng)<br \/>\n4 Dip Dip ph\u00e2n \u0110i\u1ec1u ch\u1ec9nh t\u1eeb 600 ~ 9500 Hz.<br \/>\nD\u1ea3i \u0111i\u1ec1u ch\u1ec9nh t\u1ed1c \u0111\u1ed9 kh\u00f4ng t\u1ea3i : T\u1ed1c \u0111\u1ed9 ch\u1ea1y 30 ~ 85%<br \/>\nTh\u1eddi gian d\u1ed1c : 3 ~ 20 gi\u00e2y<br \/>\nT\u1ed1c \u0111\u1ed9 T\u1eeb xa T\u1ed1c \u0111\u1ed9 : Ext. \u0110\u1ea7u c\u1eafm n\u1ed3i c\u00f3 t\u1ed1c \u0111\u1ed9 t\u1eeb xa 6, 7, 8 (ILS) v\u00e0 6, 7, 9<br \/>\nk\u1ebft n\u1ed1i m\u1ed9t c\u00f4ng su\u1ea5t 5K\u03a9 \u00b1 5% ph\u1ea1m vi \u0111i\u1ec1u ch\u1ec9nh.<br \/>\nTemp. T\u00ednh \u1ed5n \u0111\u1ecbnh : &lt;0,01%<br \/>\nCh\u1ea1y \u1ed5n \u0111\u1ecbnh t\u1ed1c \u0111\u1ed9 : \u00b1 0.25% \u1edf tr\u1ea1ng th\u00e1i \u1ed5n \u0111\u1ecbnh<br \/>\nT\u00edn hi\u1ec7u \u0111\u1ea7u v\u00e0o MPU :1 ~ 120VAC RMS<br \/>\nDroop : 4%<br \/>\n\u0110i\u1ec1u ch\u1ec9nh :T\u1ed1c \u0111\u1ed9 ch\u1ea1y, t\u1ed1c \u0111\u1ed9 kh\u00f4ng t\u1ea3i,<br \/>\nTh\u1eddi gian tri\u1ec1n mi\u00ean, s\u1ef1 \u0111\u1ed5 v\u1ee1, t\u0103ng tr\u01b0\u1edfng, h\u1ed9i nh\u1eadp<br \/>\nRung \u0111\u1ed9ng c\u01a1 h\u1ecdc : 1G @ 18 ~ 30 Hz, 2,5G @ 48 ~ 70 Hz<br \/>\n\u0110\u1ed9 \u1ea9m t\u01b0\u01a1ng \u0111\u1ed1i : &lt;95%<br \/>\nNhi\u1ec7t \u0111\u1ed9 ho\u1ea1t \u0111\u1ed9ng : -40 ~ 85 \u2103<br \/>\nNhi\u1ec7t \u0111\u1ed9 l\u01b0u tr\u1eef : -40 ~ 85 \u2103<br \/>\nK\u00edch th\u01b0\u1edbc : 147mm L * 114mm W * 50mm H<br \/>\nC\u00e2n n\u1eb7ng : 690g \u00b1 2%<\/p>\n<p><u><strong>II. m\u00f4 t\u1ea3 ch\u1ee9c n\u0103ng<\/strong><\/u><\/p>\n<p>EG2000 cung c\u1ea5p c\u1ea3 hai \u0111i\u1ec1u ch\u1ec9nh Idle T\u1ed1c \u0111\u1ed9 v\u00e0 \u0111\u01b0\u1eddng n\u1ed1i, \u0111\u1ec3 ki\u1ec3m so\u00e1t kh\u00f3i \u0111\u1ed9ng c\u01a1, rung \u0111\u1ed9ng v\u00e0 kh\u1edfi \u0111\u1ed9ng.<\/p>\n<p>2.1 B\u1ed9 \u0111i\u1ec1u khi\u1ec3n<\/p>\n<p>C\u00f9ng v\u1edbi nhau, b\u1ed9 \u0111i\u1ec1u khi\u1ec3n EG2000, b\u1ed9 truy\u1ec1n \u0111\u1ed9ng v\u00e0 MPU (Magnetic Pickup) t\u1ea1o th\u00e0nh \u0111\u1ed9ng c\u01a1 \u0111i\u1ec7n t\u1eed th\u1ed1ng \u0111\u1ed1c l\u1eafp r\u00e1p.<br \/>\nEG2000 nh\u1eadn \u0111\u01b0\u1ee3c t\u00edn hi\u1ec7u t\u1eeb MPU v\u00e0, ph\u1ee5 thu\u1ed9c v\u00e0o RPM c\u1ee7a \u0111\u1ed9ng c\u01a1, \u0111i\u1ec1u khi\u1ec3n thi\u1ebft b\u1ecb truy\u1ec1n \u0111\u1ed9ng l\u01b0\u1ee3ng nhi\u00ean li\u1ec7u n\u1ea1p v\u00e0o \u0111\u1ed9ng c\u01a1.<br \/>\nEG2000 nh\u1eadn \u0111\u01b0\u1ee3c s\u1ee9c m\u1ea1nh t\u1eeb \u0111\u1ed9ng c\u01a1 pin ho\u1eb7c ngu\u1ed3n \u0111i\u1ec7n AC \u0111\u1ebfn DC t\u1eeb 12 ho\u1eb7c 24 VDC \u00b1 20% ph\u00f9 h\u1ee3p v\u1edbi \u0111i\u1ec7n \u00e1p Actuator.<br \/>\nD\u00f2ng ho\u1ea1t \u0111\u1ed9ng trung b\u00ecnh kho\u1ea3ng 2,5 \u0111\u1ebfn 3,5amps, nh\u01b0ng n\u00f3 c\u00f3 th\u1ec3 \u0111\u1ea1t \u0111\u1ebfn 15 Amps trong qu\u00e1 tr\u00ecnh kh\u1edfi \u0111\u1ed9ng \u0111\u1ed9ng c\u01a1<br \/>\nho\u1eb7c thay \u0111\u1ed5i t\u1ea3i \u0111\u1ed9t ng\u1ed9t.<br \/>\n2.2 M\u00f4 t\u1ea3 c\u00e0i \u0111\u1eb7t<\/p>\n<p>1. B\u1ea3o v\u1ec7 EG2000 b\u1eb1ng c\u00e1ch l\u1eafp n\u00f3 v\u00e0o b\u1ea3ng \u0111i\u1ec1u khi\u1ec3n d\u1ee5ng c\u1ee5 \u0111\u1ed9ng c\u01a1.<br \/>\n2. L\u1eafp thi\u1ebft b\u1ecb truy\u1ec1n \u0111\u1ed9ng g\u1ea7n v\u1edbi nhi\u00ean li\u1ec7u \u0111\u1ed9ng c\u01a1 h\u1ec7 th\u1ed1ng. Xem h\u01b0\u1edbng d\u1eabn s\u1ea3n xu\u1ea5t thi\u1ebft b\u1ecb truy\u1ec1n \u0111\u1ed9ng.<br \/>\n3. Lu\u00f4n ch\u1ecdn m\u1ed9t \u0111i\u1ec3m ki\u1ec3m so\u00e1t thi\u1ebft b\u1ecb truy\u1ec1n \u0111\u1ed9ng c\u00e1nh tay m\u00e0 n\u00f3 c\u00f3 th\u1ec3 xoay t\u1ef1 do, cung c\u1ea5p<br \/>\nt\u1ed1i thi\u1ec3u v\u00e0 t\u1ed1i \u0111a nhi\u00ean li\u1ec7u (Nh\u01b0ng \u0111\u1eebng \u0111\u00e1y ra thi\u1ebft b\u1ecb truy\u1ec1n \u0111\u1ed9ng; \u0111\u1ec3 l\u1ea1i 2 \u0111\u1ebfn 3 \u0111\u1ed9 tr\u01b0\u1edbc khi<br \/>\noff v\u00e0 tr\u00ean v\u1ecb tr\u00ed).<br \/>\n4. S\u1eed d\u1ee5ng m\u1ed9t li\u00ean k\u1ebft phi tuy\u1ebfn t\u00ednh tr\u00ean \u0111\u1ed9ng c\u01a1 Gas \u0111\u1ec3 c\u00f3 \u0111\u01b0\u1ee3c th\u1ea5p T\u0103ng khi t\u1ea3i nh\u1eb9 v\u00e0 t\u0103ng cao khi t\u1ea3i n\u1eb7ng<br \/>\nv\u00e0 m\u1ed9t li\u00ean k\u1ebft tuy\u1ebfn t\u00ednh tr\u00ean m\u00e1y b\u01a1m phun d\u1ea7u diesel.<br \/>\n5. L\u1eafp l\u1ea5y t\u1eeb tr\u00ean b\u00e1nh \u0111\u00e0 nh\u00e0 \u1edf \u0111\u1ec3 t\u00ednh r\u0103ng tr\u00ean b\u00e1nh r\u0103ng. C\u00e1c r\u0103ng \u0111\u01b0\u1ee3c chuy\u1ec3n th\u00e0nh m\u1ed9t xung \u0111i\u1ec7n b\u1edfi MPU. Nh\u1eefng xung n\u00e0y \u0111\u01b0\u1ee3c ch\u00e9o tham chi\u1ebfu v\u1edbi<br \/>\nc\u00e0i \u0111\u1eb7t ban \u0111\u1ea7u tr\u00ean EG2000. B\u1ea5t k\u1ef3 s\u1ef1 kh\u00e1c bi\u1ec7t l\u00e0 \u0111\u01b0\u1ee3c s\u1eed d\u1ee5ng b\u1edfi thi\u1ebft b\u1ecb truy\u1ec1n \u0111\u1ed9ng \u0111\u1ec3 thay \u0111\u1ed5i RPM \u0111\u1ed9ng c\u01a1 \u0111\u1ec3 duy tr\u00ec c\u00f9ng m\u1ed9t xung xung.<\/p>\n<p><strong>3. C\u00e1ch \u0111\u1ea5u n\u1ed1i\u00a0b\u1ed9 \u0111i\u1ec1u khi\u1ec3n EG2000<\/strong><\/p>\n<p>Thi\u1ebft b\u1ecb \u0111\u1ea7u cu\u1ed1i<br \/>\n1, 2 Ng\u00f5 v\u00e0o Ngu\u1ed3n DC<br \/>\n2, 3 Tr\u1ea1m \u0111\u1ea7u cu\u1ed1i IDLE<br \/>\n4, 5 \u0110\u1ed1i v\u1edbi ACT, Max @ 15A<br \/>\n6, 7, 8<br \/>\n6, 7, 9<br \/>\n\u0110i\u1ec1u khi\u1ec3n t\u1ed1c \u0111\u1ed9 t\u1eeb xa.<br \/>\nK\u1ebft n\u1ed1i \u0111i\u1ec7n th\u1ebf 5K\u03a9 kho\u1ea3ng<br \/>\n\u00b1 5% ph\u1ea1m vi \u0111i\u1ec1u ch\u1ec9nh.<br \/>\n10, 11 \u0111\u1ea7u v\u00e0o MPU, \u0111\u1ea7u cu\u1ed1i m\u1eb7t \u0111\u1ea5t s\u1ed1 10<br \/>\n1. \u0110\u1ea7u cu\u1ed1i 1 v\u00e0 2 \u0111\u01b0\u1ee3c s\u1eed d\u1ee5ng cho \u0111\u1ea7u v\u00e0o ngu\u1ed3n DC. Thi\u1ebft b\u1ecb \u0111\u1ea7u cu\u1ed1i 1 cho Positive (+) v\u00e0 Terminal 2 cho Negative (-) \u0111\u1ea7u v\u00e0o -\u0110i\u1ec7n \u00e1p c\u00f3 th\u1ec3 l\u00e0 12 \/ 24VDC \u00b1 20%.<br \/>\n2. \u0110\u1ea7u cu\u1ed1i 2 v\u00e0 3 l\u00e0 IDLE SW. Ga khi2 &amp; 3 m\u1edf normal t\u1ed1c \u0111\u1ed9 ch\u1ea1y, khi Terminal 2 &amp; 3 \u0111\u1ed9ng c\u01a1 b\u1ecb \u0111\u1ed9ng trong Idle.<br \/>\n3. \u0110\u1ea7u cu\u1ed1i 4 v\u00e0 5 l\u00e0 \u0111\u1ea7u ra \u0111\u1ea7u ra cho thi\u1ebft b\u1ecb truy\u1ec1n \u0111\u1ed9ng, cung c\u1ea5p t\u1ed1i \u0111a 15A.<br \/>\n4. C\u1ed5ng 6 v\u00e0 7-8 v\u00e0 \u0111\u1ea7u cu\u1ed1i 6 v\u00e0 7-9 l\u00e0 hai b\u1ed9 ki\u1ec3m so\u00e1t t\u1ed1c \u0111\u1ed9 t\u1eeb xa. Li\u00ean quan \u0111\u1ebfn H\u00ecnh 4, n\u1ed1i m\u1ed9t Potentiometer 5K\u03a9, v\u00e0 l\u1ea7n l\u01b0\u1ee3t n\u00fat \u0111\u1ec3 v\u1ecb tr\u00ed trung t\u00e2m. H\u00e3y \u0111\u1ec3 \u0111\u1ed9ng c\u01a1 ho\u1ea1t \u0111\u1ed9ng.Ch\u1ea1y T\u1ed1c \u0111\u1ed9 \u0111\u1ec3 \u0111i\u1ec1u ch\u1ec9nh t\u1ed1c \u0111\u1ed9 \u0111\u1ed9ng c\u01a1 \u0111\u01b0\u1ee3c \u0111\u00e1nh gi\u00e1, ph\u1ea1m vi \u0111i\u1ec1u ch\u1ec9nh l\u00e0 \u00b1 5%. Ng\u01b0\u1eddi d\u00f9ng c\u0169ng c\u00f3 th\u1ec3 lo\u1ea1t m\u1ed9t \u0111i\u1ec7n tr\u1edf \u0111\u1ec3 bi\u1ebfn Potentiometer<br \/>\ntr\u1ecf \u0111\u1ebfn \u0111\u1ea7u cu\u1ed1i 8 ho\u1eb7c 9 \u0111\u1ec3 thu h\u1eb9p ph\u1ea1m vi \u0111i\u1ec1u ch\u1ec9nh. C\u00e1c d\u00e2y d\u1eabn \u0111\u01b0\u1ee3c s\u1eed d\u1ee5ng \u0111\u1ec3 k\u1ebft n\u1ed1i v\u1edbi \u0111\u1ea7u cu\u1ed1i 6, 7-8 v\u00e0 6, 7-9 ph\u1ea3i s\u1eed d\u1ee5ng 3 d\u00e2y c\u00e1p \u0111\u01b0\u1ee3c che ch\u1eafn. D\u00e2y ch\u1eafn l\u00e1 ch\u1eafn s\u1ebd \u0111\u01b0\u1ee3c k\u1ebft n\u1ed1i v\u1edbi \u0111\u1ea7u cu\u1ed1i 10 v\u00e0 \u0111\u1ea7u kia c\u1ee7a r\u00fat d\u00e2y l\u00e1 ch\u1eafn ph\u1ea3i c\u1eaft v\u00e0 thu b\u0103ng.\u00a05. Ng\u00f5 v\u00e0o 10 v\u00e0 11 l\u00e0 \u0111\u1ea7u v\u00e0o t\u00edn hi\u1ec7u MPU thi\u1ebft b\u1ecb \u0111\u1ea7u cu\u1ed1i. C\u00e1c d\u00e2y \u0111\u01b0\u1ee3c s\u1eed d\u1ee5ng \u0111\u1ec3 k\u1ebft n\u1ed1i v\u1edbi thi\u1ebft b\u1ecb \u0111\u1ea7u cu\u1ed1i ph\u1ea3i s\u1eed d\u1ee5ng c\u00e1p 2 l\u00e1 ch\u1eafn. C\u00e1c d\u00e2y d\u1eabn r\u00e1o n\u01b0\u1edbc s\u1ebd \u0111\u01b0\u1ee3c k\u1ebft n\u1ed1i v\u1edbi Terminal 10 v\u00e0 \u0111\u1ea7u kia c\u1ee7a d\u00e2y ch\u1eafn r\u00e1o n\u00ean c\u1eaft v\u00e0 thu b\u0103ng.<br \/>\n6. D\u00e2y n\u1ed1i \u0111\u01b0\u1ee3c s\u1eed d\u1ee5ng \u0111\u1ec3 n\u1ed1i v\u1edbi Tr\u1ea1m 1, 2, 4 v\u00e0 5 ph\u1ea3i s\u1eed d\u1ee5ng d\u00e2y c\u00e1p xo\u1eafn 2.0mm.<\/p>\n<p><u><strong>III. T\u1ea0I SAO B\u1ea0N N\u00caN MUA PH\u1ee4 T\u00d9NG M\u00c1Y PH\u00c1T \u0110I\u1ec6N C\u1ee6A CH\u00daNG T\u00d4I :<\/strong><\/u><\/p>\n<p>1. \u0110\u1ea7u ti\u00ean b\u1ea1n s\u1ebd c\u1ea3m nh\u1eadn \u0111\u01b0\u1ee3c s\u1ef1 t\u01b0 v\u1ea5n nhi\u1ec7t t\u00ecnh v\u1edbi ki\u1ebfn th\u1ee9c chuy\u00ean m\u00f4n v\u00e0 kinh nghi\u1ec7m 25 n\u0103m trong l\u0129nh v\u1ef1c b\u00e1n linh ph\u1ee5 ki\u1ec7n m\u00e1y ph\u00e1t \u0111i\u1ec7n<br \/>\n2. C\u00f4ng ty ch\u00fang t\u00f4i l\u00e0 nh\u00e0 ph\u00e2n ph\u1ed1i c\u1ea5p 1 t\u1ea1i Vi\u1ec7t Nam v\u1ec1 c\u00e1c ph\u1ee5 t\u00f9ng \u0111i k\u00e8m m\u00e1y<br \/>\n3. Do l\u00e0 nh\u00e0 ph\u00e2n ph\u1ed1i c\u1ea5p 1 n\u00ean ch\u00fang t\u00f4i c\u00f3 gi\u00e1 t\u1ed1t nh\u1ea5t so v\u1edbi c\u00e1c nh\u00e0 ph\u00e2n ph\u1ed1i ho\u1eb7c \u0111\u1ea1i l\u00fd b\u00e1n l\u1ebb kh\u00e1c.<\/p>\n<p>4. H\u00e0ng lu\u00f4n \u0111\u1ea3m b\u1ea3o Nh\u1eadp kh\u1ea9u t\u1eadn g\u1ed1c t\u1eeb nh\u00e0 m\u00e1y &#8211; Ch\u1ee9ng nh\u1eadn v\u00e0 b\u1ea3n quy\u1ec1n duy nh\u1ea5t &#8211; Cam k\u1ebft l\u1ed7i\/ h\u1ecfng \u0111\u1ec1n ti\u1ec1n g\u1ea5p \u0111\u00f4i.<br \/>\n5. Nh\u00e2n vi\u00ean k\u1ef9 thu\u1eadt 24\/24 c\u00f3 th\u1ec3 giao h\u00e0ng t\u1eadn n\u01a1i v\u00e0 thay th\u1ebf tr\u1ef1c ti\u1ebfp n\u1ebfu nh\u01b0 Kh\u00e1ch h\u00e0ng c\u00f3 nhu c\u1ea7u !<br \/>\n6. Lu\u00f4n lu\u00f4n c\u00f3 nh\u1eefng \u01b0u \u0111\u00e3i v\u00e0 d\u1ecbch v\u1ee5 sau b\u00e1n h\u00e0ng !<\/p>\n<p><strong>H\u00c3Y \u0110\u1ebeN V\u00c0 C\u1ea2M NH\u1eacN S\u1ef0 UY T\u00cdN &#8211; CHUY\u00caN NGHI\u1ec6P M\u00c0 CH\u00daNG T\u00d4I \u0110EM L\u1ea0I CHO B\u1ea0N !!<\/strong><br \/>\n&#8212;&#8212;&#8212;&#8212;&#8212;&#8212;&#8212;&#8212;&#8212;&#8212;&#8212;&#8212;&#8212;&#8212;&#8212;&#8212;&#8212;&#8212;&#8212;&#8211;<\/div>\n<p style=\"margin-bottom: 5px;\"><strong>C\u00d4NG TY TNHH SX &#8211; TM &#8211; XNK H\u01afNG TH\u1ecaNH PH\u00c1T<\/strong><\/p>\n<ul>\n<li>\u0110\u1ecba ch\u1ec9: S\u1ed1 496\/13 L\u00e3 Xu\u00e2n Oai, T\u1ed5 7, Khu ph\u1ed1 Ph\u01b0\u1edbc Hi\u1ec7p, Ph\u01b0\u1eddng Long Tr\u01b0\u1eddng, Qu\u1eadn 9, TP.HCM<\/li>\n<li><span class=\"text\">\u0110i\u1ec7n tho\u1ea1i: 0909.078.509<\/span><\/li>\n<li><span class=\"text\"> Email: hungthinhphatgenerator@gmail.com<\/span><\/li>\n<\/ul>\n","protected":false},"excerpt":{"rendered":"<ul class=\"mnv-infoproduct\">\n<li><strong>M\u00e3 s\u1ea3n ph\u1ea9m:<\/strong> <span style=\"color: red;\">EG2000<\/span><\/li>\n<li><strong>Gi\u00e1 b\u00e1n:<\/strong> <span style=\"color: red;\">LH: 0909.078.509<\/span><\/li>\n<li><strong>Xu\u1ea5t x\u1ee9:<\/strong> China<\/li>\n<li><strong>B\u1ea3o h\u00e0nh:<\/strong> 12 Th\u00e1ng<\/li>\n<\/ul>\n","protected":false},"featured_media":667,"comment_status":"open","ping_status":"closed","template":"","meta":[],"_links":{"self":[{"href":"https:\/\/webmaibinh.com\/w\/mayphatdien2011\/wp-json\/wp\/v2\/product\/666"}],"collection":[{"href":"https:\/\/webmaibinh.com\/w\/mayphatdien2011\/wp-json\/wp\/v2\/product"}],"about":[{"href":"https:\/\/webmaibinh.com\/w\/mayphatdien2011\/wp-json\/wp\/v2\/types\/product"}],"replies":[{"embeddable":true,"href":"https:\/\/webmaibinh.com\/w\/mayphatdien2011\/wp-json\/wp\/v2\/comments?post=666"}],"wp:featuredmedia":[{"embeddable":true,"href":"https:\/\/webmaibinh.com\/w\/mayphatdien2011\/wp-json\/wp\/v2\/media\/667"}],"wp:attachment":[{"href":"https:\/\/webmaibinh.com\/w\/mayphatdien2011\/wp-json\/wp\/v2\/media?parent=666"}],"curies":[{"name":"wp","href":"https:\/\/api.w.org\/{rel}","templated":true}]}}