{"id":664,"date":"2020-02-11T18:52:36","date_gmt":"2020-02-11T11:52:36","guid":{"rendered":"https:\/\/mayphatdienhungthinhphat.webdemo.vn\/?post_type=product&#038;p=664"},"modified":"2020-02-11T18:52:36","modified_gmt":"2020-02-11T11:52:36","slug":"gac-esd5550e","status":"publish","type":"product","link":"https:\/\/webmaibinh.com\/w\/mayphatdien2011\/san-pham\/gac-esd5550e\/","title":{"rendered":"GAC ESD5550E"},"content":{"rendered":"<p><u><strong>I. Th\u00f4ng tin s\u1ea3n ph\u1ea9m\u00a0GAC ESD5550E<\/strong><\/u><\/p>\n<p>B\u1ed9 \u0111i\u1ec1u khi\u1ec3n t\u1ed1c \u0111\u1ed9 ESD5550 \/ 5570 Series l\u00e0 m\u1ed9t thi\u1ebft b\u1ecb \u0111i\u1ec7n t\u1eed t\u1ea5t c\u1ea3 \u0111\u01b0\u1ee3c thi\u1ebft k\u1ebf \u0111\u1ec3 \u0111i\u1ec1u khi\u1ec3n t\u1ed1c \u0111\u1ed9 \u0111\u1ed9ng c\u01a1 v\u1edbi ph\u1ea3n \u1ee9ng nhanh v\u00e0 ch\u00ednh x\u00e1c \u0111\u1ec3 thay \u0111\u1ed5i t\u1ea3i t\u1ea1m th\u1eddi. \u0110i\u1ec1u khi\u1ec3n v\u00f2ng k\u00edn kh\u00e9p k\u00edn, khi k\u1ebft n\u1ed1i v\u1edbi thi\u1ebft b\u1ecb truy\u1ec1n \u0111\u1ed9ng \u0111i\u1ec7n t\u1ef7 l\u1ec7 v\u00e0 \u0111\u01b0\u1ee3c cung c\u1ea5p v\u1edbi t\u00edn hi\u1ec7u c\u1ea3m bi\u1ebfn t\u1ed1c \u0111\u1ed9 t\u1eeb, s\u1ebd \u0111i\u1ec1u khi\u1ec3n nhi\u1ec1u lo\u1ea1i \u0111\u1ed9ng c\u01a1 trong ch\u1ebf \u0111\u1ed9 kh\u00f4ng \u0111\u1ed3ng b\u1ed9 ho\u1eb7c gi\u1ea3m. N\u00f3 \u0111\u01b0\u1ee3c thi\u1ebft k\u1ebf cho \u0111\u1ed9 tin c\u1eady cao v\u00e0 \u0111\u01b0\u1ee3c x\u00e2y d\u1ef1ng ruggedly \u0111\u1ec3 ch\u1ecbu \u0111\u01b0\u1ee3c m\u00f4i tr\u01b0\u1eddng \u0111\u1ed9ng c\u01a1. C\u00e1c t\u00ednh n\u0103ng ch\u00ednh c\u1ee7a b\u1ed9 \u0111i\u1ec1u khi\u1ec3n t\u1ed1c \u0111\u1ed9 ESD5550 \/ 5570 Series l\u00e0 \u0111\u1ed9ng c\u01a1 STARTING Fuel v\u00e0 SPEED RAMPING adjustments. Vi\u1ec7c s\u1eed d\u1ee5ng c\u00e1c t\u00ednh n\u0103ng n\u00e0y s\u1ebd gi\u1ea3m thi\u1ec3u kh\u00f3i th\u1ea3i \u0111\u1ed9ng c\u01a1 c\u00f3 kinh nghi\u1ec7m tr\u01b0\u1edbc khi \u0111\u1ea1t \u0111\u01b0\u1ee3c t\u1ed1c \u0111\u1ed9 v\u1eadn h\u00e0nh c\u1ee7a \u0111\u1ed9ng c\u01a1<\/p>\n<p><u><strong>II. Th\u00f4ng s\u1ed1 k\u1ef9 thu\u1eadt :GAC ESD5550E<\/strong><\/u><\/p>\n<table border=\"0\" cellspacing=\"1\" cellpadding=\"0\">\n<tbody>\n<tr>\n<td colspan=\"4\">HI\u1ec6U SU\u1ea4T<\/td>\n<\/tr>\n<tr>\n<td>Ho\u1ea1t \u0111\u1ed9ng Isochronous \/ Stability State Stability<\/td>\n<td colspan=\"3\">\u00b1 0.25% ho\u1eb7c cao h\u01a1n<\/td>\n<\/tr>\n<tr>\n<td>T\u1ed1c \u0111\u1ed9 \/ Th\u1ed1ng \u0111\u1ed1c<\/td>\n<td colspan=\"3\">1K-7.5K Hz. Li\u00ean t\u1ee5c<\/td>\n<\/tr>\n<tr>\n<td>T\u1ed1c \u0111\u1ed9 tr\u00f4i d\u1ea1t v\u1edbi nhi\u1ec7t \u0111\u1ed9<\/td>\n<td colspan=\"3\">\u00b1 1% T\u1ed1i \u0111a<\/td>\n<\/tr>\n<tr>\n<td>Kh\u00f4ng ho\u1ea1t \u0111\u1ed9ng \u0110i\u1ec1u ch\u1ec9nh CW<\/td>\n<td colspan=\"3\">60% t\u1ed1c \u0111\u1ed9 \u0111\u1eb7t<\/td>\n<\/tr>\n<tr>\n<td>\u0110i\u1ec1u ch\u1ec9nh kh\u00f4ng t\u1ea3i CCW<\/td>\n<td colspan=\"3\">D\u01b0\u1edbi 1200 Hz.<\/td>\n<\/tr>\n<tr>\n<td>Droop Range<\/td>\n<td colspan=\"3\">1-5% quy \u0111\u1ecbnh<\/td>\n<\/tr>\n<tr>\n<td>Droop Adj.\u00a0T\u1ed1i \u0111a\u00a0(KL Jumpered)<\/td>\n<td colspan=\"3\">400 Hz, \u00b1 75Hz.per 1,0 A Thay \u0111\u1ed5i<\/td>\n<\/tr>\n<tr>\n<td>Droop Adj.\u00a0Min.\u00a0(KL Jumpered)<\/td>\n<td colspan=\"3\">15 Hz, \u00b1 6 Hz.per 1,0 A Thay \u0111\u1ed5i<\/td>\n<\/tr>\n<tr>\n<td>T\u1ed1c \u0111\u1ed9 Trim Range<\/td>\n<td colspan=\"3\">\u00b1 200 Hz.<\/td>\n<\/tr>\n<tr>\n<td>Ph\u1ea1m vi t\u1ed1c \u0111\u1ed9 bi\u1ebfn t\u1eeb xa<\/td>\n<td colspan=\"3\">500-7.5 Hz.or b\u1ea5t k\u1ef3 ph\u1ea7n n\u00e0o c\u1ee7a n\u00f3<\/td>\n<\/tr>\n<tr>\n<td rowspan=\"4\">\u0110\u1ed9 nh\u1ea1y Terminal<\/td>\n<td>J<\/td>\n<td colspan=\"2\">100 Hz, \u00b1 15 Hz \/ Volt @ 5,0 K Impedance<\/td>\n<\/tr>\n<tr>\n<td>L<\/td>\n<td colspan=\"2\">735 Hz, \u00b1 60 Hz \/ Volt @ 65 K Impedance<\/td>\n<\/tr>\n<tr>\n<td>N<\/td>\n<td colspan=\"2\">148 Hz, \u00b1 10 Hz \/ Volt @ 1 Meg.\u00a0Tr\u1edf kh\u00e1ng<\/td>\n<\/tr>\n<tr>\n<td>P<\/td>\n<td colspan=\"2\">10V DC Supply @ 20 ma Max.<\/td>\n<\/tr>\n<tr>\n<td>D\u00e3y \u0111i\u1ec1u ch\u1ec9nh t\u1ed1c \u0111\u1ed9<\/td>\n<td colspan=\"3\">1000-10000 Hz.<\/td>\n<\/tr>\n<tr>\n<td colspan=\"4\">M\u00d4I TR\u01af\u1edcNG<\/td>\n<\/tr>\n<tr>\n<td>Nhi\u1ec7t \u0111\u1ed9 m\u00f4i tr\u01b0\u1eddng xung quanh<\/td>\n<td colspan=\"3\">-40 \u00b0 \u0111\u1ebfn + 85 \u00b0 C<\/td>\n<\/tr>\n<tr>\n<td>\u0110\u1ed9 \u1ea9m t\u01b0\u01a1ng \u0111\u1ed1i<\/td>\n<td colspan=\"3\">L\u00ean t\u1edbi 95%<\/td>\n<\/tr>\n<tr>\n<td>T\u1ea5t c\u1ea3 b\u1ec1 m\u1eb7t ho\u00e0n thi\u1ec7n<\/td>\n<td colspan=\"3\">Ch\u1ed1ng \u0103n m\u00f2n v\u00e0 ch\u1ed1ng \u0103n m\u00f2n<\/td>\n<\/tr>\n<tr>\n<td colspan=\"4\">INPUT POWER<\/td>\n<\/tr>\n<tr>\n<td>Cung c\u1ea5p<\/td>\n<td colspan=\"3\">H\u1ec7 th\u1ed1ng pin 12 ho\u1eb7c 24V DC (b\u1ea3o v\u1ec7 t\u1ea1m th\u1eddi v\u00e0 ng\u01b0\u1ee3c \u0111i\u1ec7n th\u1ebf)<\/td>\n<\/tr>\n<tr>\n<td>S\u1ef1 ph\u00e2n c\u1ef1c<\/td>\n<td colspan=\"3\">M\u1eb7t \u0111\u1ea5t ph\u1ee7 \u0111\u1ecbnh (Case Isolated)<\/td>\n<\/tr>\n<tr>\n<td>S\u1ef1 ti\u00eau th\u1ee5 n\u0103ng l\u01b0\u1ee3ng<\/td>\n<td colspan=\"3\">50 ma li\u00ean t\u1ee5c c\u1ed9ng v\u1edbi thi\u1ebft b\u1ecb truy\u1ec1n \u0111\u1ed9ng<\/td>\n<\/tr>\n<tr>\n<td rowspan=\"2\">D\u00f2ng \u0111i\u1ec7n truy\u1ec1n \u0111\u1ed9ng @ 25 \u00b0 C &#8211; (Inductive Load)<\/td>\n<td colspan=\"2\">Min.<\/td>\n<td>2,5 Ampe<\/td>\n<\/tr>\n<tr>\n<td colspan=\"2\">T\u1ed1i \u0111a<\/td>\n<td>10 Amps li\u00ean t\u1ee5c<\/td>\n<\/tr>\n<tr>\n<td>T\u00edn hi\u1ec7u T\u1ed1c \u0111\u1ed9<\/td>\n<td colspan=\"3\">0.5-120 Volts RMS<\/td>\n<\/tr>\n<tr>\n<td>Danh b\u1ea1 Chuy\u1ec3n ti\u1ebfp T\u1ed1c \u0111\u1ed9 (NO v\u00e0 NC)<\/td>\n<td colspan=\"3\">10 Amps<\/td>\n<\/tr>\n<tr>\n<td colspan=\"4\">\u0110\u1ed8 TIN C\u1eacY<\/td>\n<\/tr>\n<tr>\n<td>Rung \u0111\u1ed9ng<\/td>\n<td colspan=\"3\">1G @ 20-100Hz.<\/td>\n<\/tr>\n<tr>\n<td>Th\u1eed nghi\u1ec7m<\/td>\n<td colspan=\"3\">Ki\u1ec3m tra 100% ch\u1ee9c n\u0103ng<\/td>\n<\/tr>\n<tr>\n<td colspan=\"4\">V\u1eacT L\u00dd<\/td>\n<\/tr>\n<tr>\n<td>C\u00e2n n\u1eb7ng<\/td>\n<td colspan=\"3\">1,8 lbs.\u00a0(0,82kg)<\/td>\n<\/tr>\n<tr>\n<td>L\u1eafp<\/td>\n<td colspan=\"3\">B\u1ea5t k\u1ef3 V\u1ecb tr\u00ed, Vertical Preferred<\/td>\n<\/tr>\n<tr>\n<td><\/td>\n<td><\/td>\n<td><\/td>\n<td><\/td>\n<\/tr>\n<\/tbody>\n<\/table>\n<p><u><strong>\u00a0III. T\u1ea0I SAO B\u1ea0N N\u00caN MUA PH\u1ee4 T\u00d9NG M\u00c1Y PH\u00c1T \u0110I\u1ec6N C\u1ee6A CH\u00daNG T\u00d4I :<\/strong><\/u><\/p>\n<p>1. \u0110\u1ea7u ti\u00ean b\u1ea1n s\u1ebd c\u1ea3m nh\u1eadn \u0111\u01b0\u1ee3c s\u1ef1 t\u01b0 v\u1ea5n nhi\u1ec7t t\u00ecnh v\u1edbi ki\u1ebfn th\u1ee9c chuy\u00ean m\u00f4n v\u00e0 kinh nghi\u1ec7m 25 n\u0103m trong l\u0129nh v\u1ef1c b\u00e1n linh ph\u1ee5 ki\u1ec7n m\u00e1y ph\u00e1t \u0111i\u1ec7n<br \/>\n2. C\u00f4ng ty ch\u00fang t\u00f4i l\u00e0 nh\u00e0 ph\u00e2n ph\u1ed1i c\u1ea5p 1 t\u1ea1i Vi\u1ec7t Nam v\u1ec1 c\u00e1c ph\u1ee5 t\u00f9ng \u0111i k\u00e8m m\u00e1y<br \/>\n3. Do l\u00e0 nh\u00e0 ph\u00e2n ph\u1ed1i c\u1ea5p 1 n\u00ean ch\u00fang t\u00f4i c\u00f3 gi\u00e1 t\u1ed1t nh\u1ea5t so v\u1edbi c\u00e1c nh\u00e0 ph\u00e2n ph\u1ed1i ho\u1eb7c \u0111\u1ea1i l\u00fd b\u00e1n l\u1ebb kh\u00e1c.<\/p>\n<p>4. H\u00e0ng lu\u00f4n \u0111\u1ea3m b\u1ea3o Nh\u1eadp kh\u1ea9u t\u1eadn g\u1ed1c t\u1eeb nh\u00e0 m\u00e1y &#8211; Ch\u1ee9ng nh\u1eadn v\u00e0 b\u1ea3n quy\u1ec1n duy nh\u1ea5t &#8211; Cam k\u1ebft l\u1ed7i\/ h\u1ecfng \u0111\u1ec1n ti\u1ec1n g\u1ea5p \u0111\u00f4i.<br \/>\n5. Nh\u00e2n vi\u00ean k\u1ef9 thu\u1eadt\u00a0<em>24\/24<\/em>\u00a0c\u00f3 th\u1ec3 giao h\u00e0ng t\u1eadn n\u01a1i v\u00e0 thay th\u1ebf tr\u1ef1c ti\u1ebfp n\u1ebfu nh\u01b0 Kh\u00e1ch h\u00e0ng c\u00f3 nhu c\u1ea7u !<br \/>\n6. Lu\u00f4n lu\u00f4n c\u00f3 nh\u1eefng \u01b0u \u0111\u00e3i v\u00e0 d\u1ecbch v\u1ee5 sau b\u00e1n h\u00e0ng !<\/p>\n<p><strong>H\u00c3Y \u0110\u1ebeN V\u00c0 C\u1ea2M NH\u1eacN S\u1ef0 UY T\u00cdN &#8211; CHUY\u00caN NGHI\u1ec6P M\u00c0 CH\u00daNG T\u00d4I \u0110EM L\u1ea0I CHO B\u1ea0N !!<\/strong><br \/>\n&#8212;&#8212;&#8212;&#8212;&#8212;&#8212;&#8212;&#8212;&#8212;&#8212;&#8212;&#8212;&#8212;&#8212;&#8212;&#8212;&#8212;&#8212;&#8212;&#8211;<\/p>\n<p style=\"margin-bottom: 5px;\"><strong>C\u00d4NG TY TNHH SX &#8211; TM &#8211; XNK H\u01afNG TH\u1ecaNH PH\u00c1T<\/strong><\/p>\n<ul>\n<li>\u0110\u1ecba ch\u1ec9: S\u1ed1 496\/13 L\u00e3 Xu\u00e2n Oai, T\u1ed5 7, Khu ph\u1ed1 Ph\u01b0\u1edbc Hi\u1ec7p, Ph\u01b0\u1eddng Long Tr\u01b0\u1eddng, Qu\u1eadn 9, TP.HCM<\/li>\n<li><span class=\"text\">\u0110i\u1ec7n tho\u1ea1i: 0909.078.509<\/span><\/li>\n<li><span class=\"text\"> Email: hungthinhphatgenerator@gmail.com<\/span><\/li>\n<\/ul>\n","protected":false},"excerpt":{"rendered":"<ul class=\"mnv-infoproduct\">\n<li><strong>M\u00e3 s\u1ea3n ph\u1ea9m:<\/strong> <span style=\"color: red;\">ESD5550E<\/span><\/li>\n<li><strong>Gi\u00e1 b\u00e1n:<\/strong> <span style=\"color: red;\">LH: 0909.078.509<\/span><\/li>\n<li><strong>Xu\u1ea5t x\u1ee9:<\/strong> USA &#8211; UK<\/li>\n<li><strong>B\u1ea3o h\u00e0nh:<\/strong> 12 Th\u00e1ng<\/li>\n<\/ul>\n","protected":false},"featured_media":665,"comment_status":"open","ping_status":"closed","template":"","meta":[],"_links":{"self":[{"href":"https:\/\/webmaibinh.com\/w\/mayphatdien2011\/wp-json\/wp\/v2\/product\/664"}],"collection":[{"href":"https:\/\/webmaibinh.com\/w\/mayphatdien2011\/wp-json\/wp\/v2\/product"}],"about":[{"href":"https:\/\/webmaibinh.com\/w\/mayphatdien2011\/wp-json\/wp\/v2\/types\/product"}],"replies":[{"embeddable":true,"href":"https:\/\/webmaibinh.com\/w\/mayphatdien2011\/wp-json\/wp\/v2\/comments?post=664"}],"wp:featuredmedia":[{"embeddable":true,"href":"https:\/\/webmaibinh.com\/w\/mayphatdien2011\/wp-json\/wp\/v2\/media\/665"}],"wp:attachment":[{"href":"https:\/\/webmaibinh.com\/w\/mayphatdien2011\/wp-json\/wp\/v2\/media?parent=664"}],"curies":[{"name":"wp","href":"https:\/\/api.w.org\/{rel}","templated":true}]}}