{"id":660,"date":"2020-02-11T18:43:51","date_gmt":"2020-02-11T11:43:51","guid":{"rendered":"https:\/\/mayphatdienhungthinhphat.webdemo.vn\/?post_type=product&#038;p=660"},"modified":"2020-02-11T18:43:51","modified_gmt":"2020-02-11T11:43:51","slug":"cummins-s6700e","status":"publish","type":"product","link":"https:\/\/webmaibinh.com\/w\/mayphatdien2011\/san-pham\/cummins-s6700e\/","title":{"rendered":"Cummins S6700E"},"content":{"rendered":"<p><span style=\"color: #ff0000;\"><strong><u>1. Th\u00f4ng tin s\u1ea3n ph\u1ea9m Cummins S6700E :<\/u><\/strong><\/span><\/p>\n<p>B\u1ed9 \u0111i\u1ec1u khi\u1ec3n t\u1ed1c \u0111\u1ed9 S6700E l\u00e0 m\u1ed9t Thi\u1ebft b\u1ecb \u0111\u01b0\u1ee3c thi\u1ebft k\u1ebf \u0111\u1ec3 ki\u1ec3m so\u00e1t t\u1ed1c \u0111\u1ed9 \u0111\u1ed9ng c\u01a1 v\u1edbi ph\u1ea3n \u1ee9ng nhanh v\u00e0 ch\u00ednh x\u00e1c \u0111\u1ec3 thay \u0111\u1ed5i t\u1ea3i t\u1ea1m th\u1eddi. D\u1ef1a tr\u00ean ki\u1ec3m so\u00e1t v\u00f2ng k\u00edn. C\u00e1c \u0111\u1eb7c t\u00ednh c\u01a1 b\u1ea3n c\u1ee7a thi\u1ebft b\u1ecb n\u00e0y l\u00e0 \u0111\u1ea1t t\u1ed1c \u0111\u1ed9 v\u00e0 c\u00f4ng su\u1ea5t \u0111\u1ecbnh m\u1ee9c c\u0169ng nh\u01b0 gi\u1ea3m kh\u00f3i kh\u00f3i th\u00f4ng qua \u0111i\u1ec1u ch\u1ec9nh nhi\u00ean li\u1ec7u v\u00e0 t\u1ed1c \u0111\u1ed9 b\u1eafn. B\u1ed9 \u0111i\u1ec1u khi\u1ec3n t\u1ed1c \u0111\u1ed9 S6700E cung c\u1ea5p m\u1ed9t lo\u1ea1t c\u00e1c bi\u1ec7n ph\u00e1p b\u1ea3o v\u1ec7 khi ngu\u1ed3n \u0111i\u1ec7n \u0111\u01b0\u1ee3c k\u1ebft n\u1ed1i ng\u01b0\u1ee3c l\u1ea1i. X\u1ea3y ra l\u1ed7i qu\u00e1 \u00e1p ho\u1eb7c l\u1ed7i c\u01a1 c\u1ea5u ch\u1ea5p h\u00e0nh ho\u1eb7c T\u1ed1c \u0111\u1ed9 ng\u1eaft v\u00e0o.<\/p>\n<p><span style=\"color: #ff0000;\"><u><strong>2. T\u00ednh n\u0103ng<\/strong><\/u><\/span><\/p>\n<p>&#8211; B\u1ea3o v\u1ec7 k\u1ebft n\u1ed1i \u0111i\u1ec7n ng\u01b0\u1ee3c<br \/>\n&#8211; B\u1ea3o v\u1ec7 m\u1eb7c \u0111\u1ecbnh c\u1ee7a b\u1ed9 truy\u1ec1n \u0111\u1ed9ng<br \/>\n&#8211; T\u00edn hi\u1ec7u t\u1ed1c \u0111\u1ed9 B\u1ea3o v\u1ec7 b\u1ecb m\u1ea5t<br \/>\n&#8211; T\u1ed1c \u0111\u1ed9 cao v\u00e0 \u0111\u1ea7u v\u00e0o cao c\u1ea5p Alam<\/p>\n<p><span style=\"color: #ff0000;\"><u><strong>3. Th\u00f4ng s\u1ed1 k\u1ef9 thu\u1eadt<\/strong><\/u><\/span><\/p>\n<table border=\"1\" cellspacing=\"1\" cellpadding=\"1\">\n<tbody>\n<tr>\n<td>M\u00f4i tr\u01b0\u1eddng Nhi\u1ec7t \u0111\u1ed9 m\u00f4i tr\u01b0\u1eddng xung quanh<\/td>\n<td>\u00a0&#8211; 40 ~ 85 \u00b0 C<\/td>\n<\/tr>\n<tr>\n<td>\u0110\u1ed9 \u1ea9m t\u01b0\u01a1ng \u0111\u1ed1i<\/td>\n<td>95%<\/td>\n<\/tr>\n<tr>\n<td>Ngu\u1ed3n \u0111\u1ea7u v\u00e0o<\/td>\n<td>24VDC<\/td>\n<\/tr>\n<tr>\n<td>D\u00f2ng \u0111i\u1ec7n d\u1eabn \u0111\u1ed9ng<\/td>\n<td>2.5-10A (li\u00ean t\u1ee5c)<\/td>\n<\/tr>\n<tr>\n<td>T\u1ed1c \u0111\u1ed9 t\u00edn hi\u1ec7u c\u1ea3m bi\u1ebfn<\/td>\n<td>1-20v<\/td>\n<\/tr>\n<tr>\n<td>\u0110\u1eb7c \u0111i\u1ec3m T\u1ed1c \u0111\u1ed9 \u0111i\u1ec1u ch\u1ec9nh t\u1ed1t<\/td>\n<td>\u00b1 100% r \/ min<\/td>\n<\/tr>\n<tr>\n<td>T\u1ea7n s\u1ed1 dao \u0111\u1ed9ng<\/td>\n<td>\u00b1 0.25%<\/td>\n<\/tr>\n<tr>\n<td>T\u1ed1c \u0111\u1ed9 \u1ed5n \u0111\u1ecbnh gi\u1ea3m<\/td>\n<td>0 ~ 3% (bi\u1ebfn)<\/td>\n<\/tr>\n<tr>\n<td>Nhi\u1ec7t \u0111\u1ed9 tr\u00f4i d\u1ea1t<\/td>\n<td>\u00a0\u00b1 1% (t\u1ed1i \u0111a)<\/td>\n<\/tr>\n<\/tbody>\n<\/table>\n<p><span style=\"color: #ff0000;\"><strong>4. T\u1ea0I SAO B\u1ea0N N\u00caN MUA PH\u1ee4 T\u00d9NG M\u00c1Y PH\u00c1T \u0110I\u1ec6N C\u1ee6A CH\u00daNG T\u00d4I :<\/strong><\/span><\/p>\n<p>1. \u0110\u1ea7u ti\u00ean b\u1ea1n s\u1ebd c\u1ea3m nh\u1eadn \u0111\u01b0\u1ee3c s\u1ef1 t\u01b0 v\u1ea5n nhi\u1ec7t t\u00ecnh v\u1edbi ki\u1ebfn th\u1ee9c chuy\u00ean m\u00f4n v\u00e0 kinh nghi\u1ec7m 25 n\u0103m trong l\u0129nh v\u1ef1c b\u00e1n linh ph\u1ee5 ki\u1ec7n m\u00e1y ph\u00e1t \u0111i\u1ec7n<br \/>\n2. C\u00f4ng ty ch\u00fang t\u00f4i l\u00e0 nh\u00e0 ph\u00e2n ph\u1ed1i c\u1ea5p 1 t\u1ea1i Vi\u1ec7t Nam v\u1ec1 c\u00e1c ph\u1ee5 t\u00f9ng \u0111i k\u00e8m m\u00e1y<br \/>\n3. Do l\u00e0 nh\u00e0 ph\u00e2n ph\u1ed1i c\u1ea5p 1 n\u00ean ch\u00fang t\u00f4i c\u00f3 gi\u00e1 t\u1ed1t nh\u1ea5t so v\u1edbi c\u00e1c nh\u00e0 ph\u00e2n ph\u1ed1i ho\u1eb7c \u0111\u1ea1i l\u00fd b\u00e1n l\u1ebb kh\u00e1c.<\/p>\n<p>4. H\u00e0ng lu\u00f4n \u0111\u1ea3m b\u1ea3o Nh\u1eadp kh\u1ea9u t\u1eadn g\u1ed1c t\u1eeb nh\u00e0 m\u00e1y &#8211; Ch\u1ee9ng nh\u1eadn v\u00e0 b\u1ea3n quy\u1ec1n duy nh\u1ea5t &#8211; Cam k\u1ebft l\u1ed7i\/ h\u1ecfng \u0111\u1ec1n ti\u1ec1n g\u1ea5p \u0111\u00f4i.<br \/>\n5. Nh\u00e2n vi\u00ean k\u1ef9 thu\u1eadt 24\/24 c\u00f3 th\u1ec3 giao h\u00e0ng t\u1eadn n\u01a1i v\u00e0 thay th\u1ebf tr\u1ef1c ti\u1ebfp n\u1ebfu nh\u01b0 Kh\u00e1ch h\u00e0ng c\u00f3 nhu c\u1ea7u !<br \/>\n6. Lu\u00f4n lu\u00f4n c\u00f3 nh\u1eefng \u01b0u \u0111\u00e3i v\u00e0 d\u1ecbch v\u1ee5 sau b\u00e1n h\u00e0ng !<\/p>\n<p><span style=\"color: #008000;\"><strong>H\u00c3Y \u0110\u1ebeN V\u00c0 C\u1ea2M NH\u1eacN S\u1ef0 UY T\u00cdN &#8211; CHUY\u00caN NGHI\u1ec6P M\u00c0 CH\u00daNG T\u00d4I \u0110EM L\u1ea0I CHO B\u1ea0N !!<\/strong><\/span><br \/>\n&#8212;&#8212;&#8212;&#8212;&#8212;&#8212;&#8212;&#8212;&#8212;&#8212;&#8212;&#8212;&#8212;&#8212;&#8212;&#8212;&#8212;&#8212;&#8212;&#8211;<\/p>\n<p style=\"margin-bottom: 5px;\"><strong>C\u00d4NG TY TNHH SX &#8211; TM &#8211; XNK H\u01afNG TH\u1ecaNH PH\u00c1T<\/strong><\/p>\n<ul>\n<li>\u0110\u1ecba ch\u1ec9: S\u1ed1 496\/13 L\u00e3 Xu\u00e2n Oai, T\u1ed5 7, Khu ph\u1ed1 Ph\u01b0\u1edbc Hi\u1ec7p, Ph\u01b0\u1eddng Long Tr\u01b0\u1eddng, Qu\u1eadn 9, TP.HCM<\/li>\n<li><span class=\"text\">\u0110i\u1ec7n tho\u1ea1i: 0909.078.509<\/span><\/li>\n<li><span class=\"text\"> Email: hungthinhphatgenerator@gmail.com<\/span><\/li>\n<\/ul>\n","protected":false},"excerpt":{"rendered":"<ul class=\"mnv-infoproduct\">\n<li><strong>M\u00e3 s\u1ea3n ph\u1ea9m:<\/strong> <span style=\"color: red;\">S6700E<\/span><\/li>\n<li><strong>Gi\u00e1 b\u00e1n:<\/strong> <span style=\"color: red;\">LH: 0909.078.509<\/span><\/li>\n<li><strong>Xu\u1ea5t x\u1ee9<\/strong>: UK<\/li>\n<li><strong>B\u1ea3o h\u00e0nh:<\/strong> 12 Th\u00e1ng<\/li>\n<\/ul>\n","protected":false},"featured_media":661,"comment_status":"open","ping_status":"closed","template":"","meta":[],"_links":{"self":[{"href":"https:\/\/webmaibinh.com\/w\/mayphatdien2011\/wp-json\/wp\/v2\/product\/660"}],"collection":[{"href":"https:\/\/webmaibinh.com\/w\/mayphatdien2011\/wp-json\/wp\/v2\/product"}],"about":[{"href":"https:\/\/webmaibinh.com\/w\/mayphatdien2011\/wp-json\/wp\/v2\/types\/product"}],"replies":[{"embeddable":true,"href":"https:\/\/webmaibinh.com\/w\/mayphatdien2011\/wp-json\/wp\/v2\/comments?post=660"}],"wp:featuredmedia":[{"embeddable":true,"href":"https:\/\/webmaibinh.com\/w\/mayphatdien2011\/wp-json\/wp\/v2\/media\/661"}],"wp:attachment":[{"href":"https:\/\/webmaibinh.com\/w\/mayphatdien2011\/wp-json\/wp\/v2\/media?parent=660"}],"curies":[{"name":"wp","href":"https:\/\/api.w.org\/{rel}","templated":true}]}}