{"id":658,"date":"2020-02-11T18:40:10","date_gmt":"2020-02-11T11:40:10","guid":{"rendered":"https:\/\/mayphatdienhungthinhphat.webdemo.vn\/?post_type=product&#038;p=658"},"modified":"2020-02-11T18:40:10","modified_gmt":"2020-02-11T11:40:10","slug":"cummins-4914090","status":"publish","type":"product","link":"https:\/\/webmaibinh.com\/w\/mayphatdien2011\/san-pham\/cummins-4914090\/","title":{"rendered":"Cummins 4914090"},"content":{"rendered":"<p><span style=\"color: #ff0000;\"><strong>T\u00ednh n\u0103ng, \u0111\u1eb7c \u0111i\u1ec3m\u00a0\u0110i\u1ec1u t\u1ed1c \u0111i\u1ec7n t\u1eed Cummins 4914090<\/strong><\/span><\/p>\n<p>\u0110\u1ed9 d\u1ecbch chuy\u1ec3n kh\u00f3i th\u1ea5p, ti\u1ebfng \u1ed3n m\u1ec1m \u0111\u1ec3 \u0111\u00e1p \u1ee9ng nhu c\u1ea7u b\u1ea3o v\u1ec7 m\u00f4i tr\u01b0\u1eddng v\u00e0 n\u00e2ng cao c\u1ea3m gi\u00e1c c\u1ee7a ng\u01b0\u1eddi d\u00e2n.<br \/>\nD\u1ec5 d\u00e0ng b\u1eaft \u0111\u1ea7u \u1edf khu v\u1ef1c \u00e1p su\u1ea5t l\u1ea1nh, cao nguy\u00ean v\u00e0 \u00e1p l\u1ef1c Ww, \u0111\u1eb7c bi\u1ec7t l\u00e0 cho N-G-250kw, v\u00e0 b\u1ed9 K-G-300kw.<br \/>\nKh\u1ea3 n\u0103ng ch\u1ed1ng x\u00e1o tr\u1ed9n cao Ho\u1ea1t \u0111\u1ed9ng \u1ed5n \u0111\u1ecbnh do b\u00e0n ph\u00edm \u0111i\u1ec7n l\u1edbn<br \/>\nB\u1ed9 truy\u1ec1n \u0111\u1ed9ng kh\u00f4ng th\u1ec3 b\u1ecb h\u01b0 h\u1ecfng trong tr\u01b0\u1eddng h\u1ee3p b\u1ecb ng\u1eafn m\u1ea1ch do \u0111\u1ea7u ra b\u1ea3o v\u1ec7.<br \/>\nDiesel v\u1edbi m\u00e1y b\u01a1m n\u01b0\u1edbc cam b\u1eaft \u0111\u1ea7u b\u1eb1ng t\u1ea5m l\u00f3t, ph\u1ea1m vi c\u1ee7a v\u00f2ng \/ ph\u00fat c\u00f3 th\u1ec3 l\u00e0 \u00b1 600, \u0111\u00f3 l\u00e0 1000-1200 v\u00f2ng \/ ph\u00fat.<\/p>\n<p><strong><span style=\"color: #008000;\">\u1ee8ng d\u1ee5ng:<\/span><\/strong><\/p>\n<p>Ch\u1ee9c n\u0103ng kh\u1edfi \u0111\u1ed9ng tr\u01a1n tru \u0111\u00e3 \u0111\u01b0\u1ee3c th\u00eam v\u00e0o. Ch\u1ee9c n\u0103ng n\u00e0y c\u00f3 th\u1ec3 gi\u1ea3i quy\u1ebft v\u1ea5n \u0111\u1ec1 kh\u00f3i do qu\u00e1 t\u1ea3i d\u1ea7u qu\u00e1 t\u1ed1c trong qu\u00e1 tr\u00ecnh kh\u1edfi \u0111\u1ed9ng \u0111\u1ed9ng c\u01a1, l\u00e0m gi\u1ea3m ti\u1ebfng \u1ed3n v\u00e0 t\u1ed1c \u0111\u1ed9 gia t\u0103ng c\u00f3 th\u1ec3 \u0111\u01b0\u1ee3c ch\u1ecdn b\u1eb1ng c\u00f4ng su\u1ea5t 5 gi\u00e2y, 10 gi\u00e2y, 15 gi\u00e2y. C\u00f3 3 n\u00fat gi\u1ea3m t\u1ed1c, n\u00f3 c\u00f3 th\u1ec3 t\u0103ng t\u1ed1c ngay l\u1eadp t\u1ee9c, trong khi chuy\u1ec3n \u0111\u1ed5i ng\u01b0\u1ee3c l\u1ea1i. N\u00f3 c\u00f3 th\u1ec3 t\u0103ng t\u1ed1c trong 5 gi\u00e2y, 10 gi\u00e2y, 15 gi\u00e2y.<br \/>\nVi\u1ec7c b\u1ea3o v\u1ec7 cho ng\u1eafn m\u1ea1ch \u0111\u1ea7u v\u00e0o \u0111\u00e3 \u0111\u01b0\u1ee3c th\u00eam v\u00e0o. N\u00f3 c\u00f3 th\u1ec3 tr\u00e1nh \u0111\u01b0\u1ee3c ng\u1eafn m\u1ea1ch c\u1ee7a \u0111\u1ea7u ra EFC v\u00e0 v\u1ea5n \u0111\u1ec1 c\u1ee7a m\u1eb7t \u0111\u1ea5t.<br \/>\nCh\u1ee9c n\u0103ng ch\u1ed1ng nhi\u1ec5u \u0111\u00e3 \u0111\u01b0\u1ee3c th\u00eam v\u00e0o, c\u00f3 th\u1ec3 l\u00e0m cho b\u1ed9 \u0111i\u1ec1u khi\u1ec3n t\u1ed1c \u0111\u1ed9 ho\u1ea1t \u0111\u1ed9ng \u1ed5n \u0111\u1ecbnh.<br \/>\nHo\u1ea1t \u0111\u1ed9ng sau khi ch\u1ea1y c\u0169ng gi\u1ed1ng nh\u01b0 c\u00e1c b\u1ed9 \u0111i\u1ec1u ch\u1ec9nh Cummins kh\u00e1c.<\/p>\n<p><strong><span style=\"color: #008000;\">\u0110\u1eb7c \u0111i\u1ec3m c\u1ee7a s\u1ea3n ph\u1ea9m:<\/span><\/strong><\/p>\n<ul>\n<li>b\u1eaft \u0111\u1ea7u tr\u00f4i ch\u1ea3y<\/li>\n<li>b\u1ea3o v\u1ec7 ng\u1eafn m\u1ea1ch \u0111\u1ea7u v\u00e0o<\/li>\n<li>ch\u1ed1ng nhi\u1ec5u<\/li>\n<\/ul>\n<p><span style=\"color: #008000;\"><strong>B\u1ed9 \u0111i\u1ec1u khi\u1ec3n t\u1ed1c \u0111\u1ed9 P \/ N:<\/strong><\/span> <strong>4914090<\/strong><\/p>\n<p><span style=\"color: #ff0000;\"><strong>Th\u00f4ng s\u1ed1 k\u1ef9 thu\u1eadt\u00a0\u0110i\u1ec1u t\u1ed1c \u0111i\u1ec7n t\u1eed Cummins 4914090<\/strong><\/span><\/p>\n<p>1. Cummins Gen-set d\u01b0\u1edbi 300kw (\u0111\u1eb7c bi\u1ec7t l\u00e0 NTA855) n\u00ean l\u00e0m vi\u1ec7c v\u1edbi B\u1ed9 truy\u1ec1n \u0111\u1ed9ng 3408324<\/p>\n<p>2. Ch\u1ec9 b\u01a1m Cummins PT<\/p>\n<p>3. Ch\u1ee9c n\u0103ng b\u1eaft \u0111\u1ea7u m\u01b0\u1ee3t v\u00e0 ch\u1ee9c n\u0103ng ch\u1ed1ng nhi\u1ec5u.<\/p>\n<p>4. B\u1ea3o v\u1ec7 cho ng\u1eafn m\u1ea1ch \u0111\u1ea7u v\u00e0o.<\/p>\n<p>T\u1ed5ng tr\u1ecdng l\u01b0\u1ee3ng: 1kg<\/p>\n<p>K\u00edch th\u01b0\u1edbc g\u00f3i: 155mm * 155mm * 60mm<\/p>\n<p><span style=\"color: #ff0000;\"><u><strong>T\u1ea0I SAO B\u1ea0N N\u00caN MUA PH\u1ee4 T\u00d9NG M\u00c1Y PH\u00c1T \u0110I\u1ec6N C\u1ee6A CH\u00daNG T\u00d4I :<\/strong><\/u><\/span><\/p>\n<p>1. \u0110\u1ea7u ti\u00ean b\u1ea1n s\u1ebd c\u1ea3m nh\u1eadn \u0111\u01b0\u1ee3c s\u1ef1 t\u01b0 v\u1ea5n nhi\u1ec7t t\u00ecnh v\u1edbi ki\u1ebfn th\u1ee9c chuy\u00ean m\u00f4n v\u00e0 kinh nghi\u1ec7m 25 n\u0103m trong l\u0129nh v\u1ef1c b\u00e1n linh ph\u1ee5 ki\u1ec7n m\u00e1y ph\u00e1t \u0111i\u1ec7n<br \/>\n2. C\u00f4ng ty ch\u00fang t\u00f4i l\u00e0 nh\u00e0 ph\u00e2n ph\u1ed1i c\u1ea5p 1 t\u1ea1i Vi\u1ec7t Nam v\u1ec1 c\u00e1c ph\u1ee5 t\u00f9ng \u0111i k\u00e8m m\u00e1y<br \/>\n3. Do l\u00e0 nh\u00e0 ph\u00e2n ph\u1ed1i c\u1ea5p 1 n\u00ean ch\u00fang t\u00f4i c\u00f3 gi\u00e1 t\u1ed1t nh\u1ea5t so v\u1edbi c\u00e1c nh\u00e0 ph\u00e2n ph\u1ed1i ho\u1eb7c \u0111\u1ea1i l\u00fd b\u00e1n l\u1ebb kh\u00e1c.<\/p>\n<p>4. H\u00e0ng lu\u00f4n \u0111\u1ea3m b\u1ea3o Nh\u1eadp kh\u1ea9u t\u1eadn g\u1ed1c t\u1eeb nh\u00e0 m\u00e1y &#8211; Ch\u1ee9ng nh\u1eadn v\u00e0 b\u1ea3n quy\u1ec1n duy nh\u1ea5t &#8211; Cam k\u1ebft l\u1ed7i\/ h\u1ecfng \u0111\u1ec1n ti\u1ec1n g\u1ea5p \u0111\u00f4i.<br \/>\n5. Nh\u00e2n vi\u00ean k\u1ef9 thu\u1eadt 24\/24 c\u00f3 th\u1ec3 giao h\u00e0ng t\u1eadn n\u01a1i v\u00e0 thay th\u1ebf tr\u1ef1c ti\u1ebfp n\u1ebfu nh\u01b0 Kh\u00e1ch h\u00e0ng c\u00f3 nhu c\u1ea7u !<br \/>\n6. Lu\u00f4n lu\u00f4n c\u00f3 nh\u1eefng \u01b0u \u0111\u00e3i v\u00e0 d\u1ecbch v\u1ee5 sau b\u00e1n h\u00e0ng !<\/p>\n<p><span style=\"color: #008000;\"><strong>H\u00c3Y \u0110\u1ebeN V\u00c0 C\u1ea2M NH\u1eacN S\u1ef0 UY T\u00cdN &#8211; CHUY\u00caN NGHI\u1ec6P M\u00c0 CH\u00daNG T\u00d4I \u0110EM L\u1ea0I CHO B\u1ea0N !!<\/strong><\/span><br \/>\n&#8212;&#8212;&#8212;&#8212;&#8212;&#8212;&#8212;&#8212;&#8212;&#8212;&#8212;&#8212;&#8212;&#8212;&#8212;&#8212;&#8212;&#8212;&#8212;&#8211;<\/p>\n<p style=\"margin-bottom: 5px;\"><strong>C\u00d4NG TY TNHH SX &#8211; TM &#8211; XNK H\u01afNG TH\u1ecaNH PH\u00c1T<\/strong><\/p>\n<ul>\n<li>\u0110\u1ecba ch\u1ec9: S\u1ed1 496\/13 L\u00e3 Xu\u00e2n Oai, T\u1ed5 7, Khu ph\u1ed1 Ph\u01b0\u1edbc Hi\u1ec7p, Ph\u01b0\u1eddng Long Tr\u01b0\u1eddng, Qu\u1eadn 9, TP.HCM<\/li>\n<li><span class=\"text\">\u0110i\u1ec7n tho\u1ea1i: 0909.078.509<\/span><\/li>\n<li><span class=\"text\"> Email: hungthinhphatgenerator@gmail.com<\/span><\/li>\n<\/ul>\n","protected":false},"excerpt":{"rendered":"<ul class=\"mnv-infoproduct\">\n<li><strong>M\u00e3 s\u1ea3n ph\u1ea9m:<\/strong> <span style=\"color: red;\">4914090<\/span><\/li>\n<li><strong>Gi\u00e1 b\u00e1n:<\/strong> <span style=\"color: red;\">LH: 0909.078.509<\/span><\/li>\n<li><strong>Xu\u1ea5t x\u1ee9:<\/strong> UK &#8211; USA<\/li>\n<li><strong>B\u1ea3o h\u00e0nh: <\/strong>12 Th\u00e1ng<\/li>\n<\/ul>\n","protected":false},"featured_media":659,"comment_status":"open","ping_status":"closed","template":"","meta":[],"_links":{"self":[{"href":"https:\/\/webmaibinh.com\/w\/mayphatdien2011\/wp-json\/wp\/v2\/product\/658"}],"collection":[{"href":"https:\/\/webmaibinh.com\/w\/mayphatdien2011\/wp-json\/wp\/v2\/product"}],"about":[{"href":"https:\/\/webmaibinh.com\/w\/mayphatdien2011\/wp-json\/wp\/v2\/types\/product"}],"replies":[{"embeddable":true,"href":"https:\/\/webmaibinh.com\/w\/mayphatdien2011\/wp-json\/wp\/v2\/comments?post=658"}],"wp:featuredmedia":[{"embeddable":true,"href":"https:\/\/webmaibinh.com\/w\/mayphatdien2011\/wp-json\/wp\/v2\/media\/659"}],"wp:attachment":[{"href":"https:\/\/webmaibinh.com\/w\/mayphatdien2011\/wp-json\/wp\/v2\/media?parent=658"}],"curies":[{"name":"wp","href":"https:\/\/api.w.org\/{rel}","templated":true}]}}