{"id":656,"date":"2020-02-11T18:32:00","date_gmt":"2020-02-11T11:32:00","guid":{"rendered":"https:\/\/mayphatdienhungthinhphat.webdemo.vn\/?post_type=product&#038;p=656"},"modified":"2020-02-11T18:32:00","modified_gmt":"2020-02-11T11:32:00","slug":"cummins-4913988","status":"publish","type":"product","link":"https:\/\/webmaibinh.com\/w\/mayphatdien2011\/san-pham\/cummins-4913988\/","title":{"rendered":"Cummins 4913988"},"content":{"rendered":"<p><span style=\"color: #ff0000;\"><u><strong>1. M\u00f4 t\u1ea3 c\u1ee7a b\u1ed9 \u0111i\u1ec1u khi\u1ec3n 4913988<\/strong><\/u><\/span><\/p>\n<table border=\"1\" width=\"280\" cellspacing=\"0\" cellpadding=\"0\">\n<tbody>\n<tr>\n<td>T\u00ean m\u1ee5c<\/td>\n<td>B\u1ed9 \u0111i\u1ec1u khi\u1ec3n m\u00e1y ph\u00e1t \u0111i\u1ec7n<\/td>\n<\/tr>\n<tr>\n<td>Nh\u00e3n hi\u1ec7u<\/td>\n<td>Cummins<\/td>\n<\/tr>\n<tr>\n<td>P \/ N<\/td>\n<td>4913988<\/td>\n<\/tr>\n<tr>\n<td>Tr\u1ecdng l\u01b0\u1ee3ng<\/td>\n<td>0.5kg<\/td>\n<\/tr>\n<tr>\n<td>k\u00edch th\u01b0\u1edbc<\/td>\n<td>155mm * 155mm * 60mm<\/td>\n<\/tr>\n<tr>\n<td>\u0110\u00f3ng g\u00f3i<\/td>\n<td>H\u1ed9p carton<\/td>\n<\/tr>\n<tr>\n<td>c\u1ed5 ph\u1ea7n<\/td>\n<td>Trong kho<\/td>\n<\/tr>\n<tr>\n<td>MOQ<\/td>\n<td>1<\/td>\n<\/tr>\n<tr>\n<td>Ng\u00e0y m\u1eabu<\/td>\n<td>1-15 ng\u00e0y<\/td>\n<\/tr>\n<tr>\n<td>Ng\u00e0y giao h\u00e0ng<\/td>\n<td>1-15 ng\u00e0y<\/td>\n<\/tr>\n<\/tbody>\n<\/table>\n<p><span style=\"color: #ff0000;\"><u><strong>2. Th\u00f4ng s\u1ed1 k\u1ef9 thu\u1eadt\u00a0<\/strong><\/u><\/span><\/p>\n<table border=\"1\" width=\"364\" cellspacing=\"0\" cellpadding=\"0\">\n<tbody>\n<tr>\n<td>RPM \u1ed5n \u0111\u1ecbnh:<\/td>\n<td>&lt;\u00b1 0,25%<\/td>\n<\/tr>\n<tr>\n<td>Ph\u1ea1m vi t\u1ed1c \u0111\u1ed9:<\/td>\n<td>1KHz ~ 6.5KHz<\/td>\n<\/tr>\n<tr>\n<td>\u1ed4n \u0111\u1ecbnh nhi\u1ec7t:<\/td>\n<td>T\u1ed1i \u0111a \u00b1 0,7%<\/td>\n<\/tr>\n<tr>\n<td>Quy \u0111\u1ecbnh IDLE:<\/td>\n<td>260 \u00b1 20Hz<\/td>\n<\/tr>\n<tr>\n<td rowspan=\"2\">QUY \u0110\u1ecaNH X\u00c1C \u0110\u1ecaNH:<\/td>\n<td>T\u1ed1i thi\u1ec3u 15Hz \u00b1 6Hz \/ 1 Amp<\/td>\n<\/tr>\n<tr>\n<td>T\u1ed1i \u0111a: 400Hz \u00b1 75Hz \/ 1 Amp<\/td>\n<\/tr>\n<tr>\n<td>Quy \u0111\u1ecbnh v\u1ec1 t\u1ed1c \u0111\u1ed9 b\u00ean ngo\u00e0i:<\/td>\n<td>\u00b1 200Hz (k\u1ebft n\u1ed1i v\u1edbi 1K\u03a9)<\/td>\n<\/tr>\n<tr>\n<td>\u0110\u1ed9 nh\u1ea1y \u0111\u1ea7u v\u00e0o AUX:<\/td>\n<td>148Hz \/ 1V, \u00b1 10Hz<\/td>\n<\/tr>\n<tr>\n<td>Tr\u1edf kh\u00e1ng:<\/td>\n<td>1M\u03a9<\/td>\n<\/tr>\n<tr>\n<td>Nhi\u1ec7t \u0111\u1ed9 l\u00e0m vi\u1ec7c Nhi\u1ec7t \u0111\u1ed9:<\/td>\n<td>-40 ~ 85 \u00b0 C<\/td>\n<\/tr>\n<tr>\n<td>Ph\u1ea1m vi \u0111\u1ed9 \u1ea9m l\u00e0m vi\u1ec7c:<\/td>\n<td>T\u1ed1i \u0111a 95%<\/td>\n<\/tr>\n<tr>\n<td>Nhi\u1ec7t \u0111\u1ed9 th\u1ea3 gi\u1ed1ng:<\/td>\n<td>-55 ~ 92 \u00b0 C<\/td>\n<\/tr>\n<tr>\n<td>Shocking:<\/td>\n<td>20-100 Hz 500mm \/ gi\u00e2y<\/td>\n<\/tr>\n<tr>\n<td>V\u00f4n:<\/td>\n<td>24V<\/td>\n<\/tr>\n<tr>\n<td>Grounding Pole:<\/td>\n<td>C\u1ef1c \u00e2m<\/td>\n<\/tr>\n<\/tbody>\n<\/table>\n<p><span style=\"color: #ff0000;\"><u><strong>3. Ki\u1ec3m so\u00e1t th\u00eam B\u1ed9 \u0111i\u1ec1u khi\u1ec3n Cummins<\/strong><\/u><\/span><\/p>\n<table border=\"1\" width=\"215\" cellspacing=\"0\" cellpadding=\"0\">\n<tbody>\n<tr>\n<td>B\u1ed9 \u0111i\u1ec1u khi\u1ec3n Cummins<\/td>\n<td>3044196<\/td>\n<\/tr>\n<tr>\n<td>B\u1ed9 \u0111i\u1ec1u khi\u1ec3n Cummins<\/td>\n<td>3062322<\/td>\n<\/tr>\n<tr>\n<td>B\u1ed9 \u0111i\u1ec1u khi\u1ec3n Cummins<\/td>\n<td>3098693<\/td>\n<\/tr>\n<tr>\n<td>B\u1ed9 \u0111i\u1ec1u khi\u1ec3n Cummins<\/td>\n<td>3037359<\/td>\n<\/tr>\n<tr>\n<td>B\u1ed9 \u0111i\u1ec1u khi\u1ec3n Cummins<\/td>\n<td>4914090<\/td>\n<\/tr>\n<tr>\n<td>B\u1ed9 \u0111i\u1ec1u khi\u1ec3n Cummins<\/td>\n<td>4914091<\/td>\n<\/tr>\n<tr>\n<td>B\u1ed9 \u0111i\u1ec1u khi\u1ec3n Cummins<\/td>\n<td>3044195<\/td>\n<\/tr>\n<tr>\n<td>B\u1ed9 \u0111i\u1ec1u khi\u1ec3n Cummins<\/td>\n<td>3032733<\/td>\n<\/tr>\n<tr>\n<td>B\u1ed9 \u0111i\u1ec1u khi\u1ec3n Cummins<\/td>\n<td>3062323<\/td>\n<\/tr>\n<tr>\n<td>B\u1ed9 \u0111i\u1ec1u khi\u1ec3n Cummins<\/td>\n<td>4913988<\/td>\n<\/tr>\n<tr>\n<td>B\u1ed9 \u0111i\u1ec1u khi\u1ec3n Cummins<\/td>\n<td>3036453<\/td>\n<\/tr>\n<tr>\n<td>B\u1ed9 \u0111i\u1ec1u khi\u1ec3n Cummins<\/td>\n<td>3053065<\/td>\n<\/tr>\n<tr>\n<td>B\u1ed9 \u0111i\u1ec1u khi\u1ec3n Cummins<\/td>\n<td>3030256<\/td>\n<\/tr>\n<\/tbody>\n<\/table>\n<p><span style=\"color: #ff0000;\"><u><strong>T\u1ea0I SAO B\u1ea0N N\u00caN MUA PH\u1ee4 T\u00d9NG M\u00c1Y PH\u00c1T \u0110I\u1ec6N C\u1ee6A CH\u00daNG T\u00d4I :<\/strong><\/u><\/span><\/p>\n<p>1. \u0110\u1ea7u ti\u00ean b\u1ea1n s\u1ebd c\u1ea3m nh\u1eadn \u0111\u01b0\u1ee3c s\u1ef1 t\u01b0 v\u1ea5n nhi\u1ec7t t\u00ecnh v\u1edbi ki\u1ebfn th\u1ee9c chuy\u00ean m\u00f4n v\u00e0 kinh nghi\u1ec7m 25 n\u0103m trong l\u0129nh v\u1ef1c b\u00e1n linh ph\u1ee5 ki\u1ec7n m\u00e1y ph\u00e1t \u0111i\u1ec7n<br \/>\n2. C\u00f4ng ty ch\u00fang t\u00f4i l\u00e0 nh\u00e0 ph\u00e2n ph\u1ed1i c\u1ea5p 1 t\u1ea1i Vi\u1ec7t Nam v\u1ec1 c\u00e1c ph\u1ee5 t\u00f9ng \u0111i k\u00e8m m\u00e1y<br \/>\n3. Do l\u00e0 nh\u00e0 ph\u00e2n ph\u1ed1i c\u1ea5p 1 n\u00ean ch\u00fang t\u00f4i c\u00f3 gi\u00e1 t\u1ed1t nh\u1ea5t so v\u1edbi c\u00e1c nh\u00e0 ph\u00e2n ph\u1ed1i ho\u1eb7c \u0111\u1ea1i l\u00fd b\u00e1n l\u1ebb kh\u00e1c.<\/p>\n<p>4. H\u00e0ng lu\u00f4n \u0111\u1ea3m b\u1ea3o Nh\u1eadp kh\u1ea9u t\u1eadn g\u1ed1c t\u1eeb nh\u00e0 m\u00e1y &#8211; Ch\u1ee9ng nh\u1eadn v\u00e0 b\u1ea3n quy\u1ec1n duy nh\u1ea5t &#8211; Cam k\u1ebft l\u1ed7i\/ h\u1ecfng \u0111\u1ec1n ti\u1ec1n g\u1ea5p \u0111\u00f4i.<br \/>\n5. Nh\u00e2n vi\u00ean k\u1ef9 thu\u1eadt 24\/24 c\u00f3 th\u1ec3 giao h\u00e0ng t\u1eadn n\u01a1i v\u00e0 thay th\u1ebf tr\u1ef1c ti\u1ebfp n\u1ebfu nh\u01b0 Kh\u00e1ch h\u00e0ng c\u00f3 nhu c\u1ea7u !<br \/>\n6. Lu\u00f4n lu\u00f4n c\u00f3 nh\u1eefng \u01b0u \u0111\u00e3i v\u00e0 d\u1ecbch v\u1ee5 sau b\u00e1n h\u00e0ng !<\/p>\n<p><span style=\"color: #008000;\"><strong>H\u00c3Y \u0110\u1ebeN V\u00c0 C\u1ea2M NH\u1eacN S\u1ef0 UY T\u00cdN &#8211; CHUY\u00caN NGHI\u1ec6P M\u00c0 CH\u00daNG T\u00d4I \u0110EM L\u1ea0I CHO B\u1ea0N !!<\/strong><\/span><br \/>\n&#8212;&#8212;&#8212;&#8212;&#8212;&#8212;&#8212;&#8212;&#8212;&#8212;&#8212;&#8212;&#8212;&#8212;&#8212;&#8212;&#8212;&#8212;&#8212;&#8211;<\/p>\n<p style=\"margin-bottom: 5px;\"><strong>C\u00d4NG TY TNHH SX &#8211; TM &#8211; XNK H\u01afNG TH\u1ecaNH PH\u00c1T<\/strong><\/p>\n<ul>\n<li>\u0110\u1ecba ch\u1ec9: S\u1ed1 496\/13 L\u00e3 Xu\u00e2n Oai, T\u1ed5 7, Khu ph\u1ed1 Ph\u01b0\u1edbc Hi\u1ec7p, Ph\u01b0\u1eddng Long Tr\u01b0\u1eddng, Qu\u1eadn 9, TP.HCM<\/li>\n<li><span class=\"text\">\u0110i\u1ec7n tho\u1ea1i: 0909.078.509<\/span><\/li>\n<li><span class=\"text\"> Email: hungthinhphatgenerator@gmail.com<\/span><\/li>\n<\/ul>\n","protected":false},"excerpt":{"rendered":"<ul class=\"mnv-infoproduct\">\n<li><strong>M\u00e3 s\u1ea3n ph\u1ea9m:<\/strong> <span style=\"color: red;\">4913988<\/span><\/li>\n<li>Gi\u00e1 b\u00e1n: <span style=\"color: red;\">LH : 0909.078.509<\/span><\/li>\n<li><strong>Xu\u1ea5t x\u1ee9:<\/strong> China<\/li>\n<li><strong>B\u1ea3o h\u00e0nh: <\/strong>12 Th\u00e1ng<\/li>\n<\/ul>\n","protected":false},"featured_media":657,"comment_status":"open","ping_status":"closed","template":"","meta":[],"_links":{"self":[{"href":"https:\/\/webmaibinh.com\/w\/mayphatdien2011\/wp-json\/wp\/v2\/product\/656"}],"collection":[{"href":"https:\/\/webmaibinh.com\/w\/mayphatdien2011\/wp-json\/wp\/v2\/product"}],"about":[{"href":"https:\/\/webmaibinh.com\/w\/mayphatdien2011\/wp-json\/wp\/v2\/types\/product"}],"replies":[{"embeddable":true,"href":"https:\/\/webmaibinh.com\/w\/mayphatdien2011\/wp-json\/wp\/v2\/comments?post=656"}],"wp:featuredmedia":[{"embeddable":true,"href":"https:\/\/webmaibinh.com\/w\/mayphatdien2011\/wp-json\/wp\/v2\/media\/657"}],"wp:attachment":[{"href":"https:\/\/webmaibinh.com\/w\/mayphatdien2011\/wp-json\/wp\/v2\/media?parent=656"}],"curies":[{"name":"wp","href":"https:\/\/api.w.org\/{rel}","templated":true}]}}