{"id":653,"date":"2020-02-11T18:08:44","date_gmt":"2020-02-11T11:08:44","guid":{"rendered":"https:\/\/mayphatdienhungthinhphat.webdemo.vn\/?post_type=product&#038;p=653"},"modified":"2020-02-12T08:15:19","modified_gmt":"2020-02-12T01:15:19","slug":"battery-charger-zh-ch2810-10a","status":"publish","type":"product","link":"https:\/\/webmaibinh.com\/w\/mayphatdien2011\/san-pham\/battery-charger-zh-ch2810-10a\/","title":{"rendered":"Battery charger ZH-CH2810 10A"},"content":{"rendered":"<p><span style=\"color: #ed1c24;\"><u><strong>I. Th\u00f4ng tin s\u1ea3n ph\u1ea9m S\u1eb7c \u1eafc quy\u00a0ZH-CH2810 10A<\/strong><\/u><\/span><\/p>\n<p>M\u00e1y ph\u00e1t \u0111i\u1ec7n s\u1ea1c pin zh-ch2810 10a 12v 24v t\u1ef1 \u0111\u1ed9ng s\u1ea1c pin 10a<br \/>\n<strong>b\u1ed9 s\u1ea1c th\u00f4ng minh\u00a0<\/strong>\u0111\u01b0\u1ee3c thi\u1ebft k\u1ebf \u0111\u1eb7c bi\u1ec7t \u0111\u1ec3 b\u1eaft \u0111\u1ea7u ho\u1eb7c l\u00e0m vi\u1ec7c c\u1ee7a l\u01b0u tr\u1eef pin( \u0111\u1eb7c bi\u1ec7t ph\u00f9 h\u1ee3p cho \u0111\u1ea7y \u0111\u1ee7- k\u00edn r\u1ed9ng v\u1eefng ch\u1eafc- nhi\u1ec7t \u0111\u1ed9 l\u01b0u tr\u1eef pin) trong \u0111\u1ed9ng c\u01a1 diesel. N\u00f3 l\u00e0 m\u1ed9t ch\u1ebf \u0111\u1ed9 th\u00f4ng minh c\u1ee7a chuy\u1ec3n \u0111\u1ed5i c\u1ea5u tr\u00fac. N\u00f3 c\u00f3 t\u00ednh n\u0103ng \u00e1p l\u1ef1c li\u00ean t\u1ee5c, li\u00ean t\u1ee5c hi\u1ec7n t\u1ea1i, l\u1eeba hi\u1ec7n t\u1ea1i, s\u1ee9c \u0111\u1ec1 kh\u00e1ng c\u1ee7a ng\u1eafn m\u1ea1ch, v\u00e0 ho\u00e0n to\u00e0n t\u1ef1 \u0111\u1ed9ng ch\u1ee9c n\u0103ng.<\/p>\n<p><span style=\"color: #ed1c24;\"><u><strong>II. Th\u00f4ng s\u1ed1 k\u1ef9 thu\u1eadt c\u1ee7a S\u1eb7c ZH-CH2810 10A<\/strong><\/u><\/span><\/p>\n<table border=\"1\" width=\"514\" cellspacing=\"0\" cellpadding=\"0\" align=\"center\">\n<tbody>\n<tr>\n<td><strong>n\u0103ng l\u01b0\u1ee3ng \u0111\u1ea7u v\u00e0o<\/strong><\/td>\n<td>\u0111i\u1ec7n \u00e1p 160~250 vac<br \/>\nT\u1ea7n s\u1ed1 20~100hz<\/td>\n<\/tr>\n<tr>\n<td><strong>dc \u0111\u1ea7u ra<\/strong><\/td>\n<td>\u0111i\u1ec7n \u00e1p 13,8 VDC, 5a hi\u1ec7n t\u1ea1i- khi pin group=12v<br \/>\n\u0111i\u1ec7n \u00e1p 27,6 VDC, hi\u1ec7n t\u1ea1i 3a- khi pin group=24v<\/td>\n<\/tr>\n<tr>\n<td><strong>ch\u1ebf \u0111\u1ed9 ph\u00ed<\/strong><\/td>\n<td>float ph\u00ed<\/td>\n<\/tr>\n<tr>\n<td><strong>dc \u0111i\u1ec1u ch\u1ec9nh \u0111i\u1ec7n \u00e1p<\/strong><\/td>\n<td>&lt;&amp; Plusmn; 1%<\/td>\n<\/tr>\n<tr>\n<td><strong>hi\u1ec7u qu\u1ea3<\/strong><\/td>\n<td>&gt; 80% @ \u0111\u1ea7y t\u1ea3i<\/td>\n<\/tr>\n<tr>\n<td><strong>ti\u1ebfp x\u00fac c\u00f4ng su\u1ea5t<\/strong><\/td>\n<td>0.5A @ 120 VAC<\/td>\n<\/tr>\n<tr>\n<td><strong>b\u1ea3o v\u1ec7<\/strong><\/td>\n<td>\u0111\u1ea3o c\u1ef1c, h\u01a1n- \u0111i\u1ec7n \u00e1p, ng\u1eafn m\u1ea1ch, h\u1ea1n ch\u1ebf hi\u1ec7n h\u00e0nh<\/td>\n<\/tr>\n<tr>\n<td><strong>m\u00f4i tr\u01b0\u1eddng<\/strong><\/td>\n<td>Nhi\u1ec7t \u0111\u1ed9 ho\u1ea1t \u0111\u1ed9ng: 0~40 \u00b0; c<br \/>\nNhi\u1ec7t \u0111\u1ed9 b\u1ea3o qu\u1ea3n:- 20~60 \u00b0; c<br \/>\n\u0111\u1ed9 \u1ea9m t\u01b0\u01a1ng \u0111\u1ed1i: t\u1ed1i \u0111a 90%<br \/>\nRung \u0111\u1ed9ng: 1.5g @ 5~30 Hz\/5.0g @ 30~500 Hz<\/td>\n<\/tr>\n<tr>\n<td><strong>k\u00edch th\u01b0\u1edbc<\/strong><\/td>\n<td>180( l) x 160( r\u1ed9ng) x 60( h) mm<\/td>\n<\/tr>\n<\/tbody>\n<\/table>\n<div><\/div>\n<p><span style=\"color: #ed1c24;\"><strong>\u01afu \u0111i\u1ec3m ch\u00ednh<\/strong><\/span><\/p>\n<ul>\n<li>Ng\u1eafn m\u1ea1ch v\u00e0 b\u1ea3o v\u1ec7 ph\u00e2n c\u1ef1c ng\u01b0\u1ee3c<\/li>\n<li>T\u1ef1 \u0111\u1ed9ng s\u1ea1c trong m\u1ecdi \u0111i\u1ec1u ki\u1ec7n<\/li>\n<li>Automatis x\u00e1c \u0111\u1ecbnh \u0111i\u1ec7n \u00e1p s\u1ea1c c\u1ee7a pin nh\u00f3m v\u00e0 putout 12v\/24v.<\/li>\n<li>K\u00edch th\u01b0\u1edbc nh\u1ecf g\u1ecdn v\u00e0 hi\u1ec7u qu\u1ea3 cao<\/li>\n<li>Pin \u0111i\u1ec7n \u00e1p th\u1ea5p m\u00e0n h\u00ecnh v\u1edbi \u0111\u1ecba ch\u1ec9 li\u00ean l\u1ea1c kh\u00f4 m\u1edf ho\u1eb7c \u0111\u00f3ng c\u1eeda d\u01b0\u1edbi l\u1ed7i t\u00ednh ph\u00ed hi\u1ec7n h\u00e0nh d\u1eabn \u0111\u1ea7u ch\u1ec9 s\u1ed1, kh\u00f4ng c\u00f3 c\u1ed1ng hi\u1ec7n khi \u0111\u1ea7u v\u00e0o \u0111i\u1ec7n t\u1eaft.<\/li>\n<\/ul>\n<p><span style=\"color: #ed1c24;\"><strong><u>III. T\u1ea0I SAO B\u1ea0N N\u00caN MUA PH\u1ee4 T\u00d9NG M\u00c1Y PH\u00c1T \u0110I\u1ec6N C\u1ee6A CH\u00daNG T\u00d4I :<\/u><\/strong><\/span><\/p>\n<p>1. \u0110\u1ea7u ti\u00ean b\u1ea1n s\u1ebd c\u1ea3m nh\u1eadn \u0111\u01b0\u1ee3c s\u1ef1 t\u01b0 v\u1ea5n nhi\u1ec7t t\u00ecnh v\u1edbi ki\u1ebfn th\u1ee9c chuy\u00ean m\u00f4n v\u00e0 kinh nghi\u1ec7m 25 n\u0103m trong l\u0129nh v\u1ef1c b\u00e1n linh ph\u1ee5 ki\u1ec7n m\u00e1y ph\u00e1t \u0111i\u1ec7n<br \/>\n2. C\u00f4ng ty ch\u00fang t\u00f4i l\u00e0 nh\u00e0 ph\u00e2n ph\u1ed1i c\u1ea5p 1 t\u1ea1i Vi\u1ec7t Nam v\u1ec1 c\u00e1c ph\u1ee5 t\u00f9ng \u0111i k\u00e8m m\u00e1y<br \/>\n3. Do l\u00e0 nh\u00e0 ph\u00e2n ph\u1ed1i c\u1ea5p 1 n\u00ean ch\u00fang t\u00f4i c\u00f3 gi\u00e1 t\u1ed1t nh\u1ea5t so v\u1edbi c\u00e1c nh\u00e0 ph\u00e2n ph\u1ed1i ho\u1eb7c \u0111\u1ea1i l\u00fd b\u00e1n l\u1ebb kh\u00e1c.<\/p>\n<p>4. H\u00e0ng lu\u00f4n \u0111\u1ea3m b\u1ea3o Nh\u1eadp kh\u1ea9u t\u1eadn g\u1ed1c t\u1eeb nh\u00e0 m\u00e1y &#8211; Ch\u1ee9ng nh\u1eadn v\u00e0 b\u1ea3n quy\u1ec1n duy nh\u1ea5t &#8211; Cam k\u1ebft l\u1ed7i\/ h\u1ecfng \u0111\u1ec1n ti\u1ec1n g\u1ea5p \u0111\u00f4i.<br \/>\n5. Nh\u00e2n vi\u00ean k\u1ef9 thu\u1eadt 24\/24 c\u00f3 th\u1ec3 giao h\u00e0ng t\u1eadn n\u01a1i v\u00e0 thay th\u1ebf tr\u1ef1c ti\u1ebfp n\u1ebfu nh\u01b0 Kh\u00e1ch h\u00e0ng c\u00f3 nhu c\u1ea7u !<br \/>\n6. Lu\u00f4n lu\u00f4n c\u00f3 nh\u1eefng \u01b0u \u0111\u00e3i v\u00e0 d\u1ecbch v\u1ee5 sau b\u00e1n h\u00e0ng !<\/p>\n<p><span style=\"color: #008000;\"><strong>H\u00c3Y \u0110\u1ebeN V\u00c0 C\u1ea2M NH\u1eacN S\u1ef0 UY T\u00cdN &#8211; CHUY\u00caN NGHI\u1ec6P M\u00c0 CH\u00daNG T\u00d4I \u0110EM L\u1ea0I CHO B\u1ea0N !!<\/strong><\/span><br \/>\n&#8212;&#8212;&#8212;&#8212;&#8212;&#8212;&#8212;&#8212;&#8212;&#8212;&#8212;&#8212;&#8212;&#8212;&#8212;&#8212;&#8212;&#8212;&#8212;&#8211;<\/p>\n<p style=\"margin-bottom: 5px;\"><span style=\"color: #333399;\"><strong>C\u00d4NG TY TNHH SX &#8211; TM &#8211; XNK H\u01afNG TH\u1ecaNH PH\u00c1T<\/strong><\/span><\/p>\n<ul>\n<li><span style=\"color: #000000;\"><strong>\u0110\u1ecba ch\u1ec9:<\/strong> S\u1ed1 496\/13 L\u00e3 Xu\u00e2n Oai, T\u1ed5 7, Khu ph\u1ed1 Ph\u01b0\u1edbc Hi\u1ec7p, Ph\u01b0\u1eddng Long Tr\u01b0\u1eddng, Qu\u1eadn 9, TP.HCM<\/span><\/li>\n<li><span class=\"text\" style=\"color: #000000;\"><strong>\u0110i\u1ec7n tho\u1ea1i:<\/strong> <span style=\"color: #ed1c24;\"><strong>0909.078.509<\/strong><\/span><\/span><\/li>\n<li><span class=\"text\" style=\"color: #000000;\"><strong> Email:<\/strong> <span style=\"color: #3366ff;\">hungthinhphatgenerator@gmail.com<\/span><\/span><\/li>\n<\/ul>\n","protected":false},"excerpt":{"rendered":"<ul class=\"mnv-infoproduct\">\n<li><strong>M\u00e3 s\u1ea3n ph\u1ea9m:<\/strong> <span style=\"color: red;\">ZH-CH2810 <\/span><\/li>\n<li><strong>Gi\u00e1 b\u00e1n:<\/strong> <span style=\"color: red;\">LH: 0909.078.509<\/span><\/li>\n<li><strong>Xu\u1ea5t x\u1ee9:\u00a0<\/strong> China<\/li>\n<li><strong>B\u1ea3o h\u00e0nh:<\/strong> 12 Th\u00e1ng<\/li>\n<\/ul>\n","protected":false},"featured_media":654,"comment_status":"open","ping_status":"closed","template":"","meta":[],"_links":{"self":[{"href":"https:\/\/webmaibinh.com\/w\/mayphatdien2011\/wp-json\/wp\/v2\/product\/653"}],"collection":[{"href":"https:\/\/webmaibinh.com\/w\/mayphatdien2011\/wp-json\/wp\/v2\/product"}],"about":[{"href":"https:\/\/webmaibinh.com\/w\/mayphatdien2011\/wp-json\/wp\/v2\/types\/product"}],"replies":[{"embeddable":true,"href":"https:\/\/webmaibinh.com\/w\/mayphatdien2011\/wp-json\/wp\/v2\/comments?post=653"}],"wp:featuredmedia":[{"embeddable":true,"href":"https:\/\/webmaibinh.com\/w\/mayphatdien2011\/wp-json\/wp\/v2\/media\/654"}],"wp:attachment":[{"href":"https:\/\/webmaibinh.com\/w\/mayphatdien2011\/wp-json\/wp\/v2\/media?parent=653"}],"curies":[{"name":"wp","href":"https:\/\/api.w.org\/{rel}","templated":true}]}}