{"id":401,"date":"2020-01-15T13:05:36","date_gmt":"2020-01-15T06:05:36","guid":{"rendered":"https:\/\/mayphatdienhungthinhphat.webdemo.vn\/?page_id=401"},"modified":"2020-01-16T04:29:32","modified_gmt":"2020-01-15T21:29:32","slug":"du-an","status":"publish","type":"page","link":"https:\/\/webmaibinh.com\/w\/mayphatdien2011\/du-an\/","title":{"rendered":"D\u1ef1 \u00e1n"},"content":{"rendered":"\t<section class=\"section\" id=\"section_1482466077\">\n\t\t<div class=\"bg section-bg fill bg-fill  bg-loaded\" >\n\n\t\t\t\n\t\t\t\n\t\t\t\n\n\t\t<\/div>\n\n\t\t<div class=\"section-content relative\">\n\t\t\t\n<div class=\"container section-title-container\" ><h2 class=\"section-title section-title-center\"><b><\/b><span class=\"section-title-main\" >D\u1ef1 \u00e1n \u0111\u00e3 th\u1ef1c hi\u1ec7n<\/span><b><\/b><\/h2><\/div>\n<div class=\"row\"  id=\"row-1793412141\">\n\n\t<div id=\"col-1993045573\" class=\"col small-12 large-12\"  >\n\t\t<div class=\"col-inner\"  >\n\t\t\t\n\t\t\t\n\n  \n    <div class=\"row large-columns-3 medium-columns-1 small-columns-1 row-collapse\">\n  \t\t<div class=\"col post-item\" >\n\t\t\t<div class=\"col-inner\">\n\t\t\t<a href=\"https:\/\/webmaibinh.com\/w\/mayphatdien2011\/du-an-nha-may-nhom-ngoc-diep\/\" class=\"plain\">\n\t\t\t\t<div class=\"box box-push box-text-bottom box-blog-post has-hover\">\n            \t\t\t\t\t<div class=\"box-image\" >\n  \t\t\t\t\t\t<div class=\"image-overlay-remove image-cover\" style=\"padding-top:75%;\">\n  \t\t\t\t\t\t\t<img width=\"300\" height=\"230\" src=\"https:\/\/webmaibinh.com\/w\/mayphatdien2011\/wp-content\/uploads\/2020\/01\/2-project3-300x230.jpg\" class=\"attachment-medium size-medium wp-post-image\" alt=\"\" loading=\"lazy\" srcset=\"https:\/\/webmaibinh.com\/w\/mayphatdien2011\/wp-content\/uploads\/2020\/01\/2-project3-300x230.jpg 300w, https:\/\/webmaibinh.com\/w\/mayphatdien2011\/wp-content\/uploads\/2020\/01\/2-project3.jpg 361w\" sizes=\"(max-width: 300px) 100vw, 300px\" \/>  \t\t\t\t\t\t\t  \t\t\t\t\t\t\t  \t\t\t\t\t\t<\/div>\n  \t\t\t\t\t\t  \t\t\t\t\t<\/div>\n          \t\t\t\t\t<div class=\"box-text text-center\" >\n\t\t\t\t\t<div class=\"box-text-inner blog-post-inner\">\n\n\t\t\t\t\t\n\t\t\t\t\t\t\t\t\t\t<h5 class=\"post-title is-large uppercase\">D\u1ef1 \u00e1n Nh\u00e0 m\u00e1y Nh\u00f4m Ng\u1ecdc Di\u1ec7p<\/h5>\n\t\t\t\t\t\t\t\t\t\t<div class=\"is-divider\"><\/div>\n\t\t\t\t\t                    \n\t\t\t\t\t\n\t\t\t\t\t\n\t\t\t\t\t<\/div>\n\t\t\t\t\t<\/div>\n\t\t\t\t\t\t\t\t\t<\/div>\n\t\t\t\t<\/a>\n\t\t\t<\/div>\n\t\t<\/div>\n\t\t<div class=\"col post-item\" >\n\t\t\t<div class=\"col-inner\">\n\t\t\t<a href=\"https:\/\/webmaibinh.com\/w\/mayphatdien2011\/du-an-truong-hoc-quoc-te-ishcmc\/\" class=\"plain\">\n\t\t\t\t<div class=\"box box-push box-text-bottom box-blog-post has-hover\">\n            \t\t\t\t\t<div class=\"box-image\" >\n  \t\t\t\t\t\t<div class=\"image-overlay-remove image-cover\" style=\"padding-top:75%;\">\n  \t\t\t\t\t\t\t<img width=\"300\" height=\"200\" src=\"https:\/\/webmaibinh.com\/w\/mayphatdien2011\/wp-content\/uploads\/2020\/01\/s-300x200.jpg\" class=\"attachment-medium size-medium wp-post-image\" alt=\"\" loading=\"lazy\" srcset=\"https:\/\/webmaibinh.com\/w\/mayphatdien2011\/wp-content\/uploads\/2020\/01\/s-300x200.jpg 300w, https:\/\/webmaibinh.com\/w\/mayphatdien2011\/wp-content\/uploads\/2020\/01\/s-510x340.jpg 510w, https:\/\/webmaibinh.com\/w\/mayphatdien2011\/wp-content\/uploads\/2020\/01\/s-768x512.jpg 768w, https:\/\/webmaibinh.com\/w\/mayphatdien2011\/wp-content\/uploads\/2020\/01\/s.jpg 900w\" sizes=\"(max-width: 300px) 100vw, 300px\" \/>  \t\t\t\t\t\t\t  \t\t\t\t\t\t\t  \t\t\t\t\t\t<\/div>\n  \t\t\t\t\t\t  \t\t\t\t\t<\/div>\n          \t\t\t\t\t<div class=\"box-text text-center\" >\n\t\t\t\t\t<div class=\"box-text-inner blog-post-inner\">\n\n\t\t\t\t\t\n\t\t\t\t\t\t\t\t\t\t<h5 class=\"post-title is-large uppercase\">D\u1ef1 \u00c1n Tr\u01b0\u1eddng h\u1ecdc Qu\u1ed1c T\u1ebf ISHCMC<\/h5>\n\t\t\t\t\t\t\t\t\t\t<div class=\"is-divider\"><\/div>\n\t\t\t\t\t                    \n\t\t\t\t\t\n\t\t\t\t\t\n\t\t\t\t\t<\/div>\n\t\t\t\t\t<\/div>\n\t\t\t\t\t\t\t\t\t<\/div>\n\t\t\t\t<\/a>\n\t\t\t<\/div>\n\t\t<\/div>\n\t\t<div class=\"col post-item\" >\n\t\t\t<div class=\"col-inner\">\n\t\t\t<a href=\"https:\/\/webmaibinh.com\/w\/mayphatdien2011\/du-an-cang-phuoc-long\/\" class=\"plain\">\n\t\t\t\t<div class=\"box box-push box-text-bottom box-blog-post has-hover\">\n            \t\t\t\t\t<div class=\"box-image\" >\n  \t\t\t\t\t\t<div class=\"image-overlay-remove image-cover\" style=\"padding-top:75%;\">\n  \t\t\t\t\t\t\t<img width=\"300\" height=\"189\" src=\"https:\/\/webmaibinh.com\/w\/mayphatdien2011\/wp-content\/uploads\/2020\/01\/i-300x189.jpg\" class=\"attachment-medium size-medium wp-post-image\" alt=\"\" loading=\"lazy\" srcset=\"https:\/\/webmaibinh.com\/w\/mayphatdien2011\/wp-content\/uploads\/2020\/01\/i-300x189.jpg 300w, https:\/\/webmaibinh.com\/w\/mayphatdien2011\/wp-content\/uploads\/2020\/01\/i.jpg 418w\" sizes=\"(max-width: 300px) 100vw, 300px\" \/>  \t\t\t\t\t\t\t  \t\t\t\t\t\t\t  \t\t\t\t\t\t<\/div>\n  \t\t\t\t\t\t  \t\t\t\t\t<\/div>\n          \t\t\t\t\t<div class=\"box-text text-center\" >\n\t\t\t\t\t<div class=\"box-text-inner blog-post-inner\">\n\n\t\t\t\t\t\n\t\t\t\t\t\t\t\t\t\t<h5 class=\"post-title is-large uppercase\">D\u1ef1 \u00c1n C\u1ea3ng Ph\u01b0\u1edbc Long<\/h5>\n\t\t\t\t\t\t\t\t\t\t<div class=\"is-divider\"><\/div>\n\t\t\t\t\t                    \n\t\t\t\t\t\n\t\t\t\t\t\n\t\t\t\t\t<\/div>\n\t\t\t\t\t<\/div>\n\t\t\t\t\t\t\t\t\t<\/div>\n\t\t\t\t<\/a>\n\t\t\t<\/div>\n\t\t<\/div>\n\t\t<div class=\"col post-item\" >\n\t\t\t<div class=\"col-inner\">\n\t\t\t<a href=\"https:\/\/webmaibinh.com\/w\/mayphatdien2011\/du-an-benh-vien-da-khoa-thanh-vu-bac-lieu\/\" class=\"plain\">\n\t\t\t\t<div class=\"box box-push box-text-bottom box-blog-post has-hover\">\n            \t\t\t\t\t<div class=\"box-image\" >\n  \t\t\t\t\t\t<div class=\"image-overlay-remove image-cover\" style=\"padding-top:75%;\">\n  \t\t\t\t\t\t\t<img width=\"300\" height=\"194\" src=\"https:\/\/webmaibinh.com\/w\/mayphatdien2011\/wp-content\/uploads\/2020\/01\/1-300x194.jpg\" class=\"attachment-medium size-medium wp-post-image\" alt=\"\" loading=\"lazy\" srcset=\"https:\/\/webmaibinh.com\/w\/mayphatdien2011\/wp-content\/uploads\/2020\/01\/1-300x194.jpg 300w, https:\/\/webmaibinh.com\/w\/mayphatdien2011\/wp-content\/uploads\/2020\/01\/1-510x329.jpg 510w, https:\/\/webmaibinh.com\/w\/mayphatdien2011\/wp-content\/uploads\/2020\/01\/1.jpg 600w\" sizes=\"(max-width: 300px) 100vw, 300px\" \/>  \t\t\t\t\t\t\t  \t\t\t\t\t\t\t  \t\t\t\t\t\t<\/div>\n  \t\t\t\t\t\t  \t\t\t\t\t<\/div>\n          \t\t\t\t\t<div class=\"box-text text-center\" >\n\t\t\t\t\t<div class=\"box-text-inner blog-post-inner\">\n\n\t\t\t\t\t\n\t\t\t\t\t\t\t\t\t\t<h5 class=\"post-title is-large uppercase\">D\u1ef1 \u00c1n B\u1ec7nh vi\u1ec7n \u0110a khoa Thanh V\u0169 B\u1ea1c Li\u00eau<\/h5>\n\t\t\t\t\t\t\t\t\t\t<div class=\"is-divider\"><\/div>\n\t\t\t\t\t                    \n\t\t\t\t\t\n\t\t\t\t\t\n\t\t\t\t\t<\/div>\n\t\t\t\t\t<\/div>\n\t\t\t\t\t\t\t\t\t<\/div>\n\t\t\t\t<\/a>\n\t\t\t<\/div>\n\t\t<\/div>\n\t\t<div class=\"col post-item\" >\n\t\t\t<div class=\"col-inner\">\n\t\t\t<a href=\"https:\/\/webmaibinh.com\/w\/mayphatdien2011\/cong-ty-giao-nhan-van-chuyen-viet-long\/\" class=\"plain\">\n\t\t\t\t<div class=\"box box-push box-text-bottom box-blog-post has-hover\">\n            \t\t\t\t\t<div class=\"box-image\" >\n  \t\t\t\t\t\t<div class=\"image-overlay-remove image-cover\" style=\"padding-top:75%;\">\n  \t\t\t\t\t\t\t<img width=\"300\" height=\"197\" src=\"https:\/\/webmaibinh.com\/w\/mayphatdien2011\/wp-content\/uploads\/2020\/01\/3-300x197.jpg\" class=\"attachment-medium size-medium wp-post-image\" alt=\"\" loading=\"lazy\" srcset=\"https:\/\/webmaibinh.com\/w\/mayphatdien2011\/wp-content\/uploads\/2020\/01\/3-300x197.jpg 300w, https:\/\/webmaibinh.com\/w\/mayphatdien2011\/wp-content\/uploads\/2020\/01\/3-510x335.jpg 510w, https:\/\/webmaibinh.com\/w\/mayphatdien2011\/wp-content\/uploads\/2020\/01\/3-768x504.jpg 768w, https:\/\/webmaibinh.com\/w\/mayphatdien2011\/wp-content\/uploads\/2020\/01\/3.jpg 866w\" sizes=\"(max-width: 300px) 100vw, 300px\" \/>  \t\t\t\t\t\t\t  \t\t\t\t\t\t\t  \t\t\t\t\t\t<\/div>\n  \t\t\t\t\t\t  \t\t\t\t\t<\/div>\n          \t\t\t\t\t<div class=\"box-text text-center\" >\n\t\t\t\t\t<div class=\"box-text-inner blog-post-inner\">\n\n\t\t\t\t\t\n\t\t\t\t\t\t\t\t\t\t<h5 class=\"post-title is-large uppercase\">C\u00f4ng ty Giao Nh\u1eadn V\u1eadn Chuy\u1ec3n Vi\u1ec7t Long<\/h5>\n\t\t\t\t\t\t\t\t\t\t<div class=\"is-divider\"><\/div>\n\t\t\t\t\t                    \n\t\t\t\t\t\n\t\t\t\t\t\n\t\t\t\t\t<\/div>\n\t\t\t\t\t<\/div>\n\t\t\t\t\t\t\t\t\t<\/div>\n\t\t\t\t<\/a>\n\t\t\t<\/div>\n\t\t<\/div>\n\t\t<div class=\"col post-item\" >\n\t\t\t<div class=\"col-inner\">\n\t\t\t<a href=\"https:\/\/webmaibinh.com\/w\/mayphatdien2011\/nha-may-nuoc-sach-dnp-bac-giang\/\" class=\"plain\">\n\t\t\t\t<div class=\"box box-push box-text-bottom box-blog-post has-hover\">\n            \t\t\t\t\t<div class=\"box-image\" >\n  \t\t\t\t\t\t<div class=\"image-overlay-remove image-cover\" style=\"padding-top:75%;\">\n  \t\t\t\t\t\t\t<img width=\"225\" height=\"300\" src=\"https:\/\/webmaibinh.com\/w\/mayphatdien2011\/wp-content\/uploads\/2020\/01\/61-225x300.png\" class=\"attachment-medium size-medium wp-post-image\" alt=\"\" loading=\"lazy\" srcset=\"https:\/\/webmaibinh.com\/w\/mayphatdien2011\/wp-content\/uploads\/2020\/01\/61-225x300.png 225w, https:\/\/webmaibinh.com\/w\/mayphatdien2011\/wp-content\/uploads\/2020\/01\/61-510x680.png 510w, https:\/\/webmaibinh.com\/w\/mayphatdien2011\/wp-content\/uploads\/2020\/01\/61.png 752w\" sizes=\"(max-width: 225px) 100vw, 225px\" \/>  \t\t\t\t\t\t\t  \t\t\t\t\t\t\t  \t\t\t\t\t\t<\/div>\n  \t\t\t\t\t\t  \t\t\t\t\t<\/div>\n          \t\t\t\t\t<div class=\"box-text text-center\" >\n\t\t\t\t\t<div class=\"box-text-inner blog-post-inner\">\n\n\t\t\t\t\t\n\t\t\t\t\t\t\t\t\t\t<h5 class=\"post-title is-large uppercase\">Nh\u00e0 m\u00e1y n\u01b0\u1edbc s\u1ea1ch DNP B\u1eafc Giang<\/h5>\n\t\t\t\t\t\t\t\t\t\t<div class=\"is-divider\"><\/div>\n\t\t\t\t\t                    \n\t\t\t\t\t\n\t\t\t\t\t\n\t\t\t\t\t<\/div>\n\t\t\t\t\t<\/div>\n\t\t\t\t\t\t\t\t\t<\/div>\n\t\t\t\t<\/a>\n\t\t\t<\/div>\n\t\t<\/div>\n<\/div>\n\t\t<\/div>\n\t\t\t<\/div>\n\n\t\n<\/div>\n\t\t<\/div>\n\n\t\t\n<style>\n#section_1482466077 {\n  padding-top: 30px;\n  padding-bottom: 30px;\n}\n<\/style>\n\t<\/section>\n\t\n","protected":false},"excerpt":{"rendered":"","protected":false},"author":1,"featured_media":0,"parent":0,"menu_order":0,"comment_status":"closed","ping_status":"closed","template":"","meta":[],"_links":{"self":[{"href":"https:\/\/webmaibinh.com\/w\/mayphatdien2011\/wp-json\/wp\/v2\/pages\/401"}],"collection":[{"href":"https:\/\/webmaibinh.com\/w\/mayphatdien2011\/wp-json\/wp\/v2\/pages"}],"about":[{"href":"https:\/\/webmaibinh.com\/w\/mayphatdien2011\/wp-json\/wp\/v2\/types\/page"}],"author":[{"embeddable":true,"href":"https:\/\/webmaibinh.com\/w\/mayphatdien2011\/wp-json\/wp\/v2\/users\/1"}],"replies":[{"embeddable":true,"href":"https:\/\/webmaibinh.com\/w\/mayphatdien2011\/wp-json\/wp\/v2\/comments?post=401"}],"version-history":[{"count":6,"href":"https:\/\/webmaibinh.com\/w\/mayphatdien2011\/wp-json\/wp\/v2\/pages\/401\/revisions"}],"predecessor-version":[{"id":573,"href":"https:\/\/webmaibinh.com\/w\/mayphatdien2011\/wp-json\/wp\/v2\/pages\/401\/revisions\/573"}],"wp:attachment":[{"href":"https:\/\/webmaibinh.com\/w\/mayphatdien2011\/wp-json\/wp\/v2\/media?parent=401"}],"curies":[{"name":"wp","href":"https:\/\/api.w.org\/{rel}","templated":true}]}}