{"id":10,"date":"2019-09-05T09:12:24","date_gmt":"2019-09-05T02:12:24","guid":{"rendered":"http:\/\/shopvai.w2steam.com\/?page_id=10"},"modified":"2020-01-14T14:58:07","modified_gmt":"2020-01-14T07:58:07","slug":"gioi-thieu","status":"publish","type":"page","link":"https:\/\/webmaibinh.com\/w\/mayphatdien2011\/gioi-thieu\/","title":{"rendered":"Gi\u1edbi thi\u1ec7u"},"content":{"rendered":"<h2 style=\"text-align: center;\"><img loading=\"lazy\" class=\"alignnone wp-image-381 size-full\" src=\"https:\/\/mayphatdienhungthinhphat.webdemo.com\/wp-content\/uploads\/2020\/01\/cummin-my.jpg\" alt=\"\" width=\"1920\" height=\"300\" srcset=\"https:\/\/webmaibinh.com\/w\/mayphatdien2011\/wp-content\/uploads\/2020\/01\/cummin-my.jpg 1920w, https:\/\/webmaibinh.com\/w\/mayphatdien2011\/wp-content\/uploads\/2020\/01\/cummin-my-510x80.jpg 510w, https:\/\/webmaibinh.com\/w\/mayphatdien2011\/wp-content\/uploads\/2020\/01\/cummin-my-300x47.jpg 300w, https:\/\/webmaibinh.com\/w\/mayphatdien2011\/wp-content\/uploads\/2020\/01\/cummin-my-1024x160.jpg 1024w, https:\/\/webmaibinh.com\/w\/mayphatdien2011\/wp-content\/uploads\/2020\/01\/cummin-my-768x120.jpg 768w, https:\/\/webmaibinh.com\/w\/mayphatdien2011\/wp-content\/uploads\/2020\/01\/cummin-my-1536x240.jpg 1536w\" sizes=\"(max-width: 1920px) 100vw, 1920px\" \/><\/h2>\n<h2 style=\"text-align: center;\"><span style=\"color: #3366ff;\"><strong><span id=\"Vo_Gia_la_cong_ty_cung_cap_may_phat_dien_cummins_nhap_khau_uy_tin_nhat\">H\u01b0ng Th\u1ecbnh Ph\u00e1t l\u00e0 c\u00f4ng ty cung c\u1ea5p m\u00e1y ph\u00e1t \u0111i\u1ec7n cummins nh\u1eadp kh\u1ea9u uy t\u00edn nh\u1ea5t<\/span><\/strong><\/span><\/h2>\n<p>M\u00e1y ph\u00e1t \u0111i\u1ec7n Cummins c\u00f3 ch\u1ea5t l\u01b0\u1ee3ng si\u00eau b\u1ec1n, c\u00f3 \u0111\u1ed9ng c\u01a1 m\u1ea1nh m\u1ebd, v\u1eadn h\u00e0nh l\u00e2u d\u00e0i v\u00e0 hi\u1ec7u qu\u1ea3, c\u00f3 k\u1ebft c\u1ea5u nh\u1ecf g\u1ecdn, d\u1ec5 di chuy\u1ec3n, \u00edt ti\u00eau hao nhi\u00ean li\u1ec7u. Do \u0111\u00f3 \u0111em l\u1ea1i hi\u1ec7u qu\u1ea3 kinh t\u1ebf cao cho ng\u01b0\u1eddi s\u1eed d\u1ee5ng.<\/p>\n<h3><strong>Xu\u1ea5t x\u1ee9 m\u00e1y ph\u00e1t \u0111i\u1ec7n c\u00f4ng nghi\u1ec7p cummins t\u1ea1i H\u01b0ng Th\u1ecbnh Ph\u00e1t<\/strong><\/h3>\n<p>M\u1ecdi ng\u01b0\u1eddi th\u01b0\u1eddng ph\u00e2n v\u00e2n m\u00e1y ph\u00e1t \u0111i\u1ec7n Cummins c\u1ee7a n\u01b0\u1edbc n\u00e0o ? D\u1ef1a tr\u00ean ngu\u1ed3n g\u1ed1c s\u1ea3n xu\u1ea5t, t\u1ea1i th\u1ecb tr\u01b0\u1eddng Vi\u1ec7t Nam hi\u1ec7n nay chia l\u00e0m 2 d\u00f2ng m\u00e1y ch\u00ednh:<\/p>\n<ul>\n<li><strong>M\u00e1y ph\u00e1t \u0111i\u1ec7n c\u00f4ng nghi\u1ec7p Cummins<\/strong>\u00a0s\u1ea3n xu\u1ea5t t\u1ea1i M\u1ef9, Anh, Nh\u1eadt B\u1ea3n. Lo\u1ea1i m\u00e1y n\u00e0y c\u00f3 hi\u1ec7u su\u1ea5t l\u00e0m vi\u1ec7c cao, ch\u1ea5t l\u01b0\u1ee3ng t\u1ed1t, ti\u00eau chu\u1ea9n \u0111\u1ea3m b\u1ea3o m\u00f4i tr\u01b0\u1eddng Ch\u00e2u \u00c2u . \u0110\u1ea7u ph\u00e1t th\u01b0\u1eddng d\u00f9ng l\u00e0 lo\u1ea1i Stanford..<\/li>\n<li><strong>M\u00e1y Cummins<\/strong>\u00a0s\u1ea3n xu\u1ea5t t\u1ea1i Trung Qu\u1ed1c. Lo\u1ea1i n\u00e0y ch\u1ea5t l\u01b0\u1ee3ng k\u00e9m h\u01a1n \u0111\u1ed9ng c\u01a1 Cummins s\u1ea3n xu\u1ea5t t\u1ea1i M\u1ef9, Nh\u1eadt B\u1ea3n, Anh. \u0110\u1ea7u ph\u00e1t do c\u00e1c \u0111\u01a1n v\u1ecb Trung Qu\u1ed1c s\u1ea3n xu\u1ea5t l\u1eafp r\u00e1p n\u00ean c\u00f3 gi\u00e1 th\u00e0nh th\u1ea5p h\u01a1n nhi\u1ec1u so v\u1edbi c\u00e1c m\u00e1y ph\u00e1t \u0111i\u1ec7n c\u00f9ng lo\u1ea1i kh\u00e1c. Tuy nhi\u00ean v\u1eabn \u0111\u1ea3m b\u1ea3o \u0111\u01b0\u1ee3c c\u00f4ng su\u1ea5t ho\u1ea1t \u0111\u1ed9ng t\u1ed1t v\u00e0 v\u1eadn h\u00e0nh \u1ed5n \u0111\u1ecbnh<\/li>\n<\/ul>\n<p>Ch\u1ea5t l\u01b0\u1ee3ng \u0111i\u1ec7n \u00e1p ph\u00e1t ra tu\u00e2n theo c\u00e1c ti\u00eau chu\u1ea9n v\u00e0 quy c\u00e1ch nh\u01b0 CEI 2-3, IEC 34-1, EN14214, VDE 0530, BS 5514-1, CAN\/CSA \u2013 C22.2<\/p>\n<h3><strong>C\u00f4ng ty ch\u00fang t\u00f4i l\u00e0 \u0111\u01a1n v\u1ecb \u0111\u1ea1i l\u00fd nh\u1eadp kh\u1ea9u\u00a0m\u00e1y ph\u00e1t \u0111i\u1ec7n t\u1ea1i tphcm\u00a0h\u00e0ng \u0111\u1ea7u<\/strong><\/h3>\n<p>\u2013 M\u00e1y ch\u1ea5t l\u01b0\u1ee3ng t\u1ed1t, \u0111\u1ea1t \u0111\u1ed9 b\u1ec1n cao , ch\u1ecbu \u0111\u01b0\u1ee3c \u0111i\u1ec1u ki\u1ec7n v\u1eadn h\u00e0nh li\u00ean t\u1ee5c.<br \/>\n\u2013 V\u1eadn h\u00e0nh t\u1ed1t v\u00e0 d\u1ec5 s\u1eed d\u1ee5ng.<br \/>\n\u2013 Hi\u1ec7u su\u1ea5t c\u00f4ng vi\u1ec7c cao.<br \/>\n\u2013 Ti\u1ebft ki\u1ec7m nhi\u00ean li\u1ec7u.<br \/>\n\u2013 Theo ti\u00eau chu\u1ea9n c\u1ee7a nh\u00e0 s\u1ea3n xu\u1ea5t d\u00f2ng m\u00e1y ph\u00e1t \u0111i\u1ec7n nh\u1eadt \u0111\u1ec3 s\u1ea3n sinh ra 1kw \u0111i\u1ec7n trong 1 gi\u1edd l\u01b0\u1ee3ng d\u1ea7u diezen ti\u00eau th\u1ee5 l\u00e0 210g. L\u01b0\u1ee3ng nhi\u00ean li\u1ec7u ti\u00eau th\u1ee5 ph\u1ee5 thu\u1ed9c v\u00e0o m\u1ee9c \u0111\u1ed9 t\u1ea3i c\u1ee7a t\u1ed5 m\u00e1y<br \/>\n\u2013 Gi\u00e1 th\u00e0nh h\u1ee3p l\u00fd, t\u01b0\u01a1ng \u0111\u1ed1i th\u1ea5p h\u01a1n c\u00e1c d\u00f2ng m\u00e1y ph\u00e1t \u0111i\u1ec7n c\u1ee7a c\u00e1c n\u01b0\u1edbc M\u1ef9, Ph\u00e1p\u2026<br \/>\n\u2013 \u0110\u01b0\u1ee3c s\u1ea3n xu\u1ea5t b\u1edfi c\u00e1c h\u00e3ng c\u00f4ng nghi\u1ec7p n\u1ed5i ti\u1ebfng c\u1ee7a Nh\u1eadt B\u1ea3n,Anh,\u0110\u1ee9c, H\u00e0n Qu\u1ed1c\u2026 nh\u01b0: Cummins, Perkins, Mitsubishi, Huyndai, Doosan, Weichai\u2026<\/p>\n<h3><strong>C\u00e1c h\u00e3ng m\u00e1y ph\u00e1t \u0111i\u1ec7n kh\u00e1c H\u01b0ng Th\u1ecbnh Ph\u00e1t hi\u1ec7n \u0111ang cung c\u1ea5p<\/strong><\/h3>\n<p>Ngo\u00e0i m\u00e1y ph\u00e1t \u0111i\u1ec7n Cummins , C\u00f4ng ty H\u01b0ng Th\u1ecbnh Ph\u00e1t h\u00e2n h\u1ea1nh cung c\u1ea5p c\u00e1c d\u00f2ng m\u00e1y ph\u00e1t \u0111i\u1ec7n kh\u00e1c nhau nh\u1eadp kh\u1ea9u \u0111\u1ec3 kh\u00e1ch h\u00e0ng c\u00f3 nhi\u1ec1u s\u1ef1 l\u1ef1a ch\u1ecdn nh\u01b0:<\/p>\n<ul>\n<li><strong>M\u00e1y ph\u00e1t \u0111i\u1ec7n Deutz<\/strong>\u00a0\u0111\u01b0\u1ee3c nh\u1eadp kh\u1ea9u t\u1eeb \u0110\u1ee9c.<\/li>\n<li><strong>M\u00e1y ph\u00e1t \u0111i\u1ec7n Hyundai<\/strong>\u00a0\u0111\u01b0\u1ee3c nh\u1eadp kh\u1ea9u t\u1eeb H\u00e0n Qu\u1ed1c.<\/li>\n<li><strong>M\u00e1y ph\u00e1t \u0111i\u1ec7n Mitsubishi<\/strong>\u00a0\u0111\u01b0\u1ee3c nh\u1eadp kh\u1ea9u t\u1eeb Nh\u1eadt B\u1ea3n.<\/li>\n<li><strong>M\u00e1y ph\u00e1t \u0111i\u00ean Weichai<\/strong>\u00a0\u0111\u01b0\u1ee3c nh\u00e2p kh\u1ea9u t\u1eeb Trung Qu\u1ed1c.<\/li>\n<li><strong>M\u00e1y ph\u00e1t \u0111i\u1ec7n Doosan<\/strong>\u00a0\u0111\u01b0\u1ee3c nh\u1eadp kh\u1ea9u t\u1eeb H\u00e0n Qu\u1ed1c\u2026..<\/li>\n<\/ul>\n<p>Ngo\u00e0i vi\u1ec7c cung c\u1ea5p nhi\u1ec1u d\u1ea1ng m\u00e1y ph\u00e1t \u0111i\u1ec7n c\u00f4ng nghi\u1ec7p , M\u00e1y ph\u00e1t \u0111i\u1ec7n H\u01b0ng Th\u1ecbnh Ph\u00e1t c\u00f2n cung c\u1ea5p c\u00e1c d\u1ecbch v\u1ee5 b\u1ea3o tr\u00ec, s\u1eeda ch\u1eefa, <strong>cho thu\u00ea m\u00e1y ph\u00e1t \u0111i\u1ec7n<\/strong>\u00a0v\u1edbi ch\u1ea5t l\u01b0\u1ee3ng t\u1ed1t v\u00e0 gi\u00e1 th\u00e0nh canh tranh.<\/p>\n<p>Qu\u00fd kh\u00e1ch h\u00e0ng c\u00f3 th\u1ec3 tham kh\u1ea3o th\u00eam v\u1ec1 c\u00e1c c\u00f4ng tr\u00ecnh m\u00e0 ch\u00fang t\u00f4i \u0111\u00e3 l\u1eafp \u0111\u1eb7t b\u1ea3o tr\u00ec b\u00e3o d\u01b0\u1ee1ng\u00a0<a href=\"\/dich-vu\/\"><strong>t\u1ea1i \u0111\u00e2y<\/strong><\/a><\/p>\n<p>H\u00e3y nh\u1ea5c m\u00e1y v\u00e0 g\u1ecdi ngay cho ch\u00fang t\u00f4i \u0111\u1ec3 l\u1ef1a ch\u1ecdn cho m\u00ecnh m\u1eabu\u00a0<strong>m\u00e1y ph\u00e1t \u0111i\u1ec7n\u00a0Cummins Viet Nam\u00a0ch\u00ednh h\u00e3ng<\/strong>\u00a0t\u1ed1t nh\u1ea5t .<\/p>\n<p><strong>R\u1ea5t h\u00e2n h\u1ea1nh \u0111\u01b0\u1ee3c ph\u1ee5c v\u1ee5 qu\u00fd kh\u00e1ch!!!<\/strong><\/p>\n","protected":false},"excerpt":{"rendered":"<p>H\u01b0ng Th\u1ecbnh Ph\u00e1t l\u00e0 c\u00f4ng ty cung c\u1ea5p m\u00e1y ph\u00e1t \u0111i\u1ec7n cummins nh\u1eadp kh\u1ea9u uy t\u00edn nh\u1ea5t M\u00e1y ph\u00e1t \u0111i\u1ec7n Cummins c\u00f3 ch\u1ea5t l\u01b0\u1ee3ng si\u00eau b\u1ec1n, c\u00f3 \u0111\u1ed9ng c\u01a1 m\u1ea1nh m\u1ebd, v\u1eadn h\u00e0nh l\u00e2u d\u00e0i v\u00e0 hi\u1ec7u qu\u1ea3, c\u00f3 k\u1ebft c\u1ea5u nh\u1ecf g\u1ecdn, d\u1ec5 di chuy\u1ec3n, \u00edt ti\u00eau hao nhi\u00ean li\u1ec7u. Do \u0111\u00f3 \u0111em l\u1ea1i &#8230;<\/p>\n","protected":false},"author":1,"featured_media":0,"parent":0,"menu_order":0,"comment_status":"closed","ping_status":"closed","template":"page-right-sidebar.php","meta":[],"_links":{"self":[{"href":"https:\/\/webmaibinh.com\/w\/mayphatdien2011\/wp-json\/wp\/v2\/pages\/10"}],"collection":[{"href":"https:\/\/webmaibinh.com\/w\/mayphatdien2011\/wp-json\/wp\/v2\/pages"}],"about":[{"href":"https:\/\/webmaibinh.com\/w\/mayphatdien2011\/wp-json\/wp\/v2\/types\/page"}],"author":[{"embeddable":true,"href":"https:\/\/webmaibinh.com\/w\/mayphatdien2011\/wp-json\/wp\/v2\/users\/1"}],"replies":[{"embeddable":true,"href":"https:\/\/webmaibinh.com\/w\/mayphatdien2011\/wp-json\/wp\/v2\/comments?post=10"}],"version-history":[{"count":4,"href":"https:\/\/webmaibinh.com\/w\/mayphatdien2011\/wp-json\/wp\/v2\/pages\/10\/revisions"}],"predecessor-version":[{"id":382,"href":"https:\/\/webmaibinh.com\/w\/mayphatdien2011\/wp-json\/wp\/v2\/pages\/10\/revisions\/382"}],"wp:attachment":[{"href":"https:\/\/webmaibinh.com\/w\/mayphatdien2011\/wp-json\/wp\/v2\/media?parent=10"}],"curies":[{"name":"wp","href":"https:\/\/api.w.org\/{rel}","templated":true}]}}