{"id":86,"date":"2019-01-15T22:18:26","date_gmt":"2019-01-15T15:18:26","guid":{"rendered":"https:\/\/tppone.com\/demo\/matong2\/?post_type=product&#038;p=86"},"modified":"2019-01-15T22:34:54","modified_gmt":"2019-01-15T15:34:54","slug":"mat-ong-rung-loai-dac-biet-chai-1-lit","status":"publish","type":"product","link":"https:\/\/webmaibinh.com\/w\/matong2\/san-pham\/mat-ong-rung-loai-dac-biet-chai-1-lit\/","title":{"rendered":"M\u1eadt ong r\u1eebng lo\u1ea1i \u0111\u1eb7c bi\u1ec7t chai 1 l\u00edt"},"content":{"rendered":"<p><b>M\u1eadt ong r\u1eebng c\u00f3 t\u00e1c d\u1ee5ng nh\u01b0 th\u1ebf n\u00e0o v\u1edbi s\u1ee9c kh\u1ecfe c\u1ee7a b\u1ea1n?<\/b><\/p>\n<p><strong>M\u1eadt ong r\u1eebng nguy\u00ean ch\u1ea5t<\/strong>\u00a0l\u00e0 m\u1ed9t lo\u1ea1i th\u1ef1c ph\u1ea9m \u0111a t\u00e1c d\u1ee5ng: l\u00e0m \u0111\u1eb9p, ch\u1eefa b\u1ec7nh, n\u1ea5u n\u01b0\u1edbng\u2026<\/p>\n<p>Khi k\u1ebft h\u1ee3p v\u1edbi m\u1ed9t s\u1ed1 th\u1ef1c ph\u1ea9m kh\u00e1c s\u1ebd t\u1ea1o th\u00e0nh ch\u1ea5t d\u01b0\u1ee3c ph\u1ea9m t\u1ef1 nhi\u00ean c\u00f3 t\u00e1c d\u1ee5ng b\u1ed3i b\u1ed5 c\u01a1 th\u1ec3 v\u00e0 gi\u00fap ch\u1ed1ng l\u1ea1i b\u1ec7nh t\u1eadt.<\/p>\n<p>M\u1ed9t s\u1ed1 t\u00e1c d\u1ee5ng c\u1ee7a m\u1eadt ong:<\/p>\n<p>L\u00e0m \u0111\u1eb9p: tr\u1ecb m\u1ee5ng, tr\u1eafng da, tr\u1ecb b\u1ecfng, l\u00e0m m\u1edd r\u1ea1n da, n\u1edf ng\u1ef1c, gi\u1ea3m c\u00e2n\u2026<\/p>\n<p>Ch\u1eefa b\u1ec7nh: ch\u1eefa d\u1ea1 d\u00e0y, ch\u1eefa ho, b\u1ed3i b\u1ed5 c\u01a1 th\u1ec3, t\u1ee5t huy\u1ebft \u00e1p, ph\u00f2ng ch\u1ed1ng b\u1ec7nh , t\u0103ng s\u1ee9c \u0111\u1ec1 kh\u00e1ng\u2026<\/p>\n<p>N\u1ea5u n\u01b0\u1edbng: l\u00e0m c\u00e1c m\u00f3n th\u1ecbt n\u01b0\u1edbng, b\u00e1nh n\u01b0\u1edbng\u2026<\/p>\n<p><b>C\u00e1ch u\u1ed1ng m\u1eadt ong bu\u1ed5i s\u00e1ng c\u00f3 l\u1ee3i cho s\u1ee9c kh\u1ecfe nh\u1ea5t<\/b><\/p>\n<p>C\u00e1ch th\u1ef1c hi\u1ec7n: \u00a0\u00bc qu\u1ea3 chanh t\u01b0\u01a1i + 200ml n\u01b0\u1edbc \u1ea5m ( 40 \u2013 50 \u0111\u1ed9) + 2 th\u00eca c\u00e0 ph\u00ea\u00a0<strong>m\u1eadt ong r\u1eebng<\/strong>.<\/p>\n<p>Th\u1eddi \u0111i\u1ec3m u\u1ed1ng m\u1eadt ong v\u00e0o bu\u1ed5i s\u00e1ng t\u1ed1t nh\u1ea5t: Sau khi v\u1eeba th\u1ee9c d\u1eady b\u1ea1n n\u00ean \u00a0u\u1ed1ng dung d\u1ecbch tr\u00ean \u0111\u1ec3 \u0111\u1ea1t hi\u1ec7u qu\u1ea3 cao nh\u1ea5t cho s\u1ee9c kh\u1ecfe.<\/p>\n<p>L\u01b0u \u00fd:<\/p>\n<p>\u2013 \u00a0\u00a0\u00a0\u00a0\u00a0\u00a0\u00a0\u00a0Kh\u00f4ng n\u00ean d\u00f9ng n\u01b0\u1edbc pha qu\u00e1 n\u00f3ng s\u1ebd d\u1eabn \u0111\u1ebfn bi\u1ebfn \u0111\u1ed5i th\u00e0nh ph\u1ea7n dinh d\u01b0\u1ee1ng c\u1ee7a m\u1eadt ong r\u1eebng.<\/p>\n<p>\u2013 \u00a0\u00a0\u00a0\u00a0\u00a0\u00a0\u00a0\u00a0Kh\u00f4ng n\u00ean l\u1ea1m d\u1ee5ng n\u01b0\u1edbc c\u1ed1t chanh, pha sai li\u1ec1u l\u01b0\u1ee3ng s\u1ebd c\u00f3 th\u1ec3 khi\u1ebfn b\u1ea1n b\u1ecb vi\u00eam lo\u00e9t d\u1ea1 d\u00e0y.<\/p>\n<p><b>T\u00e1c d\u1ee5ng c\u1ee7a u\u1ed1ng m\u1eadt ong v\u00e0o bu\u1ed5i s\u00e1ng:<\/b><\/p>\n<p>Vi\u1ec7c th\u01b0\u1eddng xuy\u00ean u\u1ed1ng m\u1eadt ong v\u00e0o bu\u1ed5i s\u00e1ng s\u1ebd \u0111em l\u1ea1i cho b\u1ea1n s\u1ee9c kh\u1ecfe d\u1ed3i d\u00e0o c\u0169ng nh\u01b0 v\u1ebb ngo\u00e0i tr\u1ebb ra c\u1ea3 ch\u1ee5c tu\u1ed5i. H\u01a1n th\u1ebf n\u1eefa c\u00f2n gi\u00fap c\u01a1 th\u1ec3 ph\u00f2ng ng\u1eeba b\u1ec7nh ung th\u01b0. D\u01b0\u1edbi \u0111\u00e2y l\u00e0 m\u1ed9t s\u1ed1 t\u00e1c d\u1ee5ng c\u01a1 b\u1ea3n trong h\u00e0ng tr\u0103m t\u00e1c d\u1ee5ng c\u1ee7a vi\u1ec7c n\u00e0y:<\/p>\n<p>\u2013 \u00a0\u00a0\u00a0\u00a0\u00a0\u00a0\u00a0\u00a0R\u1eeda s\u1ea1ch men axit trong d\u1ea1 d\u00e0y, gi\u00fap h\u1ec7 ti\u00eau h\u00f3a kh\u1ecfe m\u1ea1nh.<\/p>\n<p>\u2013 \u00a0\u00a0\u00a0\u00a0\u00a0\u00a0\u00a0\u00a0Gi\u1ea3m c\u00e2n, ti\u00eau m\u1ee1 th\u1eeba v\u00e0 duy tr\u00ec v\u00f3c d\u00e1ng s\u0103n ch\u1eafc.<\/p>\n<p>\u2013 \u00a0\u00a0\u00a0\u00a0\u00a0\u00a0\u00a0\u00a0Gi\u00fap ph\u00f2ng ch\u1ed1ng ung th\u01b0.<\/p>\n<p>\u2013 \u00a0\u00a0\u00a0\u00a0\u00a0\u00a0\u00a0\u00a0Ph\u00f2ng ng\u1eeba s\u00e2u r\u0103ng, cho r\u0103ng ch\u1eafc kh\u1ecfe v\u00e0 tr\u1eafng s\u00e1ng.<\/p>\n<p>\u2013 \u00a0\u00a0\u00a0\u00a0\u00a0\u00a0\u00a0\u00a0Da d\u1ebb m\u1ecbn m\u00e0ng, ch\u1ed1ng l\u00e3o h\u00f3a.<\/p>\n<p>Gi\u1edd c\u00f2n \u0111i\u1ec1u g\u00ec ng\u0103n b\u1ea1n th\u1ef1c hi\u1ec7n th\u00f3i quen n\u00e0y h\u00e0ng ng\u00e0y nh\u1ec9? H\u00e3y t\u1eadp th\u00f3i quen u\u1ed1ng m\u1eadt ong v\u00e0o bu\u1ed5i s\u00e1ng lu\u00f4n \u0111i nh\u00e9.<\/p>\n","protected":false},"excerpt":{"rendered":"<p>M\u1ed9t s\u1ed1 t\u00e1c d\u1ee5ng c\u1ee7a m\u1eadt ong:<\/p>\n<p>L\u00e0m \u0111\u1eb9p: tr\u1ecb m\u1ee5ng, tr\u1eafng da, tr\u1ecb b\u1ecfng, l\u00e0m m\u1edd r\u1ea1n da, n\u1edf ng\u1ef1c, gi\u1ea3m c\u00e2n\u2026<\/p>\n<p>Ch\u1eefa b\u1ec7nh: ch\u1eefa d\u1ea1 d\u00e0y, ch\u1eefa ho, b\u1ed3i b\u1ed5 c\u01a1 th\u1ec3, t\u1ee5t huy\u1ebft \u00e1p, ph\u00f2ng ch\u1ed1ng b\u1ec7nh , t\u0103ng s\u1ee9c \u0111\u1ec1 kh\u00e1ng\u2026<\/p>\n<p>N\u1ea5u n\u01b0\u1edbng: l\u00e0m c\u00e1c m\u00f3n th\u1ecbt n\u01b0\u1edbng, b\u00e1nh n\u01b0\u1edbng\u2026<\/p>\n","protected":false},"featured_media":87,"comment_status":"open","ping_status":"closed","template":"","meta":[],"_links":{"self":[{"href":"https:\/\/webmaibinh.com\/w\/matong2\/wp-json\/wp\/v2\/product\/86"}],"collection":[{"href":"https:\/\/webmaibinh.com\/w\/matong2\/wp-json\/wp\/v2\/product"}],"about":[{"href":"https:\/\/webmaibinh.com\/w\/matong2\/wp-json\/wp\/v2\/types\/product"}],"replies":[{"embeddable":true,"href":"https:\/\/webmaibinh.com\/w\/matong2\/wp-json\/wp\/v2\/comments?post=86"}],"wp:featuredmedia":[{"embeddable":true,"href":"https:\/\/webmaibinh.com\/w\/matong2\/wp-json\/wp\/v2\/media\/87"}],"wp:attachment":[{"href":"https:\/\/webmaibinh.com\/w\/matong2\/wp-json\/wp\/v2\/media?parent=86"}],"curies":[{"name":"wp","href":"https:\/\/api.w.org\/{rel}","templated":true}]}}