{"id":159,"date":"2019-01-15T08:30:22","date_gmt":"2019-01-15T08:30:22","guid":{"rendered":"http:\/\/luatsu.khowebseotop.vn\/?page_id=159"},"modified":"2019-01-15T15:19:30","modified_gmt":"2019-01-15T15:19:30","slug":"luat-su","status":"publish","type":"page","link":"https:\/\/webmaibinh.com\/w\/luatsu2011\/luat-su\/","title":{"rendered":"Lu\u1eadt s\u01b0"},"content":{"rendered":"\t<section class=\"section\" id=\"section_1072035568\">\n\t\t<div class=\"bg section-bg fill bg-fill  bg-loaded\" >\n\n\t\t\t\n\t\t\t\n\t\t\t\n\n\t\t<\/div>\n\n\t\t<div class=\"section-content relative\">\n\t\t\t\n  <div id=\"page-header-1484695554\" class=\"page-header-wrapper\">\n  <div class=\"page-title dark featured-title\">\n\n        <div class=\"page-title-bg\">\n      <div class=\"title-bg fill bg-fill\"\n        data-parallax-container=\".page-title\"\n        data-parallax-background\n        data-parallax=\"-\">\n      <\/div>\n      <div class=\"title-overlay fill\"><\/div>\n    <\/div>\n    \n    <div class=\"page-title-inner container align-center text-center flex-row-col medium-flex-wrap\" >\n              <div class=\"title-wrapper is-xlarge flex-col\">\n          <h1 class=\"entry-title mb-0\">\n            Lu\u1eadt s\u01b0          <\/h1>\n        <\/div>\n                    <div class=\"title-content flex-col\">\n        <div class=\"title-breadcrumbs pb-half pt-half\"><\/div>      <\/div>\n    <\/div>\n\n     \n<style>\n#page-header-1484695554 .page-title-inner {\n  min-height: 300px;\n}\n#page-header-1484695554 .title-bg {\n  background-image: url(https:\/\/webmaibinh.com\/w\/luatsu2011\/wp-content\/uploads\/2019\/01\/anh-nen-chuyen-muc.jpg);\n}\n<\/style>\n  <\/div>\n    <\/div>\n  \n\t\t<\/div>\n\n\t\t\n<style>\n#section_1072035568 {\n  padding-top: 0px;\n  padding-bottom: 0px;\n}\n<\/style>\n\t<\/section>\n\t\n\t<section class=\"section\" id=\"section_1132235182\">\n\t\t<div class=\"bg section-bg fill bg-fill  bg-loaded\" >\n\n\t\t\t\n\t\t\t\n\t\t\t\n\n\t\t<\/div>\n\n\t\t<div class=\"section-content relative\">\n\t\t\t\n<div class=\"row\"  id=\"row-394501860\">\n\n\t<div id=\"col-635308067\" class=\"col small-12 large-12\"  >\n\t\t<div class=\"col-inner\"  >\n\t\t\t\n\t\t\t\n<h3 class=\"heading\" style=\"text-align: center;\">NH\u1eeeNG LU\u1eacT S\u01af T\u1ed0T NH\u1ea4T C\u1ee6A CH\u00daNG T\u00d4I<\/h3>\n<div class=\"text-center\"><div class=\"is-divider divider clearfix\" style=\"max-width:100px;height:2px;background-color:rgb(184, 155, 94);\"><\/div><\/div>\n<p style=\"text-align: center;\"><em>Ch\u00fang t\u00f4i c\u00f3 \u0111\u00f4i ng\u0169 lu\u1eadt s\u01b0, chuy\u00ean vi\u00ean ngo\u00e0i c\u00e1c ph\u1ea9m ch\u1ea5t chung l\u00e0 Ch\u00e2n, Thi\u1ec7n, M\u1ef9 h\u1ecd c\u00f2n l\u00e0 c\u00e1c lu\u1eadt s\u01b0, chuy\u00ean vi\u00ean \u00a0c\u00f3 kh\u1ed1i \u00f3c th\u00f4ng minh, t\u1ea5m l\u00f2ng trong s\u00e1ng, d\u0169ng c\u1ea3m, bi\u1ebft l\u1ea5y ph\u00e1p lu\u1eadt v\u00e0 \u0111\u1ea1o \u0111\u1ee9c x\u00e3 h\u1ed9i l\u00e0m c\u01a1 s\u1edf ho\u1ea1t \u0111\u1ed9ng \u0111\u1ec3 x\u1ee9ng \u0111\u00e1ng v\u1edbi s\u1ef1 tin c\u1eady v\u00e0 t\u00f4n vinh c\u1ee7a x\u00e3 h\u1ed9i.<\/em><\/p>\n\t\t<\/div>\n\t\t\t<\/div>\n\n\t\n<\/div>\n\t\t<\/div>\n\n\t\t\n<style>\n#section_1132235182 {\n  padding-top: 30px;\n  padding-bottom: 30px;\n}\n<\/style>\n\t<\/section>\n\t\n\t<section class=\"section section-luat-su\" id=\"section_1174968984\">\n\t\t<div class=\"bg section-bg fill bg-fill  bg-loaded\" >\n\n\t\t\t\n\t\t\t\n\t\t\t\n\n\t\t<\/div>\n\n\t\t<div class=\"section-content relative\">\n\t\t\t\n<div class=\"row\"  id=\"row-1837379664\">\n\n\t<div id=\"col-1803885008\" class=\"col div-no-padding small-12 large-12\"  >\n\t\t<div class=\"col-inner\"  >\n\t\t\t\n\t\t\t\n<p class=\"p-them\" style=\"text-align: center;\"><em>Nh\u1eefng lu\u1eadt s\u1ef1 h\u00e0ng \u0111\u1ea7u<\/em><\/p>\n<h3 style=\"text-align: center;\">LU\u1eacT S\u01af C\u1ee6A CH\u00daNG T\u00d4I<\/h3>\n<div class=\"text-center\"><div class=\"is-divider divider clearfix\" style=\"max-width:100px;height:2px;background-color:rgb(184, 155, 94);\"><\/div><\/div>\n<div class=\"row\"  id=\"row-1009954708\">\n\n\t<div id=\"col-1967269487\" class=\"col medium-3 small-6 large-3\"  >\n\t\t<div class=\"col-inner\"  >\n\t\t\t\n\t\t\t\n\t<div class=\"box has-hover   has-hover box-shadow-2 box-text-bottom\" >\n\n\t\t<div class=\"box-image\" >\n\t\t\t\t\t\t<div class=\"\" >\n\t\t\t\t<img width=\"270\" height=\"288\" src=\"https:\/\/webmaibinh.com\/w\/luatsu2011\/wp-content\/uploads\/2019\/01\/luat-su-02.jpg\" class=\"attachment- size-\" alt=\"\" loading=\"lazy\" \/>\t\t\t\t\t\t\t\t\t\t\t<\/div>\n\t\t\t\t\t<\/div>\n\n\t\t<div class=\"box-text text-center\" >\n\t\t\t<div class=\"box-text-inner\">\n\t\t\t\t\n<h4>Nguy\u1ec5n Qu\u1ed1c Anh<\/h4>\n<p><span style=\"color: #b89b5e;\"><strong>Lu\u1eadt s\u01b0<\/strong><\/span><\/p>\n\t\t\t<\/div>\n\t\t<\/div>\n\t<\/div>\n\t\n\t\t<\/div>\n\t\t\t<\/div>\n\n\t\n\n\t<div id=\"col-349163184\" class=\"col medium-3 small-6 large-3\"  >\n\t\t<div class=\"col-inner\"  >\n\t\t\t\n\t\t\t\n\t<div class=\"box has-hover   has-hover box-shadow-2 box-text-bottom\" >\n\n\t\t<div class=\"box-image\" >\n\t\t\t\t\t\t<div class=\"\" >\n\t\t\t\t<img width=\"270\" height=\"288\" src=\"https:\/\/webmaibinh.com\/w\/luatsu2011\/wp-content\/uploads\/2019\/01\/luat-su-05.jpg\" class=\"attachment- size-\" alt=\"\" loading=\"lazy\" \/>\t\t\t\t\t\t\t\t\t\t\t<\/div>\n\t\t\t\t\t<\/div>\n\n\t\t<div class=\"box-text text-center\" >\n\t\t\t<div class=\"box-text-inner\">\n\t\t\t\t\n<h4>L\u00ea Th\u1ecb Huy\u1ec1n<\/h4>\n<p><span style=\"color: #b89b5e;\"><strong>Lu\u1eadt s\u01b0<\/strong><\/span><\/p>\n\t\t\t<\/div>\n\t\t<\/div>\n\t<\/div>\n\t\n\t\t<\/div>\n\t\t\t<\/div>\n\n\t\n\n\t<div id=\"col-1093683537\" class=\"col medium-3 small-6 large-3\"  >\n\t\t<div class=\"col-inner\"  >\n\t\t\t\n\t\t\t\n\t<div class=\"box has-hover   has-hover box-shadow-1 box-text-bottom\" >\n\n\t\t<div class=\"box-image\" >\n\t\t\t\t\t\t<div class=\"\" >\n\t\t\t\t<img width=\"270\" height=\"288\" src=\"https:\/\/webmaibinh.com\/w\/luatsu2011\/wp-content\/uploads\/2019\/01\/luat-su-04.jpg\" class=\"attachment- size-\" alt=\"\" loading=\"lazy\" \/>\t\t\t\t\t\t\t\t\t\t\t<\/div>\n\t\t\t\t\t<\/div>\n\n\t\t<div class=\"box-text text-center\" >\n\t\t\t<div class=\"box-text-inner\">\n\t\t\t\t\n<h4>Ph\u1ea1m M\u1ea1nh Th\u1eafng<\/h4>\n<p><span style=\"color: #b89b5e;\"><strong>Lu\u1eadt s\u01b0<\/strong><\/span><\/p>\n\t\t\t<\/div>\n\t\t<\/div>\n\t<\/div>\n\t\n\t\t<\/div>\n\t\t\t<\/div>\n\n\t\n\n\t<div id=\"col-733920227\" class=\"col medium-3 small-6 large-3\"  >\n\t\t<div class=\"col-inner\"  >\n\t\t\t\n\t\t\t\n\t<div class=\"box has-hover   has-hover box-shadow-1 box-text-bottom\" >\n\n\t\t<div class=\"box-image\" >\n\t\t\t\t\t\t<div class=\"\" >\n\t\t\t\t<img width=\"270\" height=\"288\" src=\"https:\/\/webmaibinh.com\/w\/luatsu2011\/wp-content\/uploads\/2019\/01\/luat-su-011.jpg\" class=\"attachment- size-\" alt=\"\" loading=\"lazy\" \/>\t\t\t\t\t\t\t\t\t\t\t<\/div>\n\t\t\t\t\t<\/div>\n\n\t\t<div class=\"box-text text-center\" >\n\t\t\t<div class=\"box-text-inner\">\n\t\t\t\t\n<h4>Tr\u1ea7n Anh Tu\u1ea5n<\/h4>\n<p><span style=\"color: #b89b5e;\"><strong>Lu\u1eadt s\u01b0<\/strong><\/span><\/p>\n\t\t\t<\/div>\n\t\t<\/div>\n\t<\/div>\n\t\n\t\t<\/div>\n\t\t\t<\/div>\n\n\t\n<\/div>\n<div class=\"row\"  id=\"row-262084063\">\n\n\t<div id=\"col-588873201\" class=\"col medium-3 small-6 large-3\"  >\n\t\t<div class=\"col-inner\"  >\n\t\t\t\n\t\t\t\n\t<div class=\"box has-hover   has-hover box-shadow-2 box-text-bottom\" >\n\n\t\t<div class=\"box-image\" >\n\t\t\t\t\t\t<div class=\"\" >\n\t\t\t\t<img width=\"270\" height=\"288\" src=\"https:\/\/webmaibinh.com\/w\/luatsu2011\/wp-content\/uploads\/2019\/01\/luat-su-02.jpg\" class=\"attachment- size-\" alt=\"\" loading=\"lazy\" \/>\t\t\t\t\t\t\t\t\t\t\t<\/div>\n\t\t\t\t\t<\/div>\n\n\t\t<div class=\"box-text text-center\" >\n\t\t\t<div class=\"box-text-inner\">\n\t\t\t\t\n<h4>Nguy\u1ec5n Qu\u1ed1c Anh<\/h4>\n<p><span style=\"color: #b89b5e;\"><strong>Lu\u1eadt s\u01b0<\/strong><\/span><\/p>\n\t\t\t<\/div>\n\t\t<\/div>\n\t<\/div>\n\t\n\t\t<\/div>\n\t\t\t<\/div>\n\n\t\n\n\t<div id=\"col-1760280336\" class=\"col medium-3 small-6 large-3\"  >\n\t\t<div class=\"col-inner\"  >\n\t\t\t\n\t\t\t\n\t<div class=\"box has-hover   has-hover box-shadow-2 box-text-bottom\" >\n\n\t\t<div class=\"box-image\" >\n\t\t\t\t\t\t<div class=\"\" >\n\t\t\t\t<img width=\"270\" height=\"288\" src=\"https:\/\/webmaibinh.com\/w\/luatsu2011\/wp-content\/uploads\/2019\/01\/luat-su-05.jpg\" class=\"attachment- size-\" alt=\"\" loading=\"lazy\" \/>\t\t\t\t\t\t\t\t\t\t\t<\/div>\n\t\t\t\t\t<\/div>\n\n\t\t<div class=\"box-text text-center\" >\n\t\t\t<div class=\"box-text-inner\">\n\t\t\t\t\n<h4>L\u00ea Th\u1ecb Huy\u1ec1n<\/h4>\n<p><span style=\"color: #b89b5e;\"><strong>Lu\u1eadt s\u01b0<\/strong><\/span><\/p>\n\t\t\t<\/div>\n\t\t<\/div>\n\t<\/div>\n\t\n\t\t<\/div>\n\t\t\t<\/div>\n\n\t\n\n\t<div id=\"col-1428213725\" class=\"col medium-3 small-6 large-3\"  >\n\t\t<div class=\"col-inner\"  >\n\t\t\t\n\t\t\t\n\t<div class=\"box has-hover   has-hover box-shadow-1 box-text-bottom\" >\n\n\t\t<div class=\"box-image\" >\n\t\t\t\t\t\t<div class=\"\" >\n\t\t\t\t<img width=\"270\" height=\"288\" src=\"https:\/\/webmaibinh.com\/w\/luatsu2011\/wp-content\/uploads\/2019\/01\/luat-su-04.jpg\" class=\"attachment- size-\" alt=\"\" loading=\"lazy\" \/>\t\t\t\t\t\t\t\t\t\t\t<\/div>\n\t\t\t\t\t<\/div>\n\n\t\t<div class=\"box-text text-center\" >\n\t\t\t<div class=\"box-text-inner\">\n\t\t\t\t\n<h4>Ph\u1ea1m M\u1ea1nh Th\u1eafng<\/h4>\n<p><span style=\"color: #b89b5e;\"><strong>Lu\u1eadt s\u01b0<\/strong><\/span><\/p>\n\t\t\t<\/div>\n\t\t<\/div>\n\t<\/div>\n\t\n\t\t<\/div>\n\t\t\t<\/div>\n\n\t\n\n\t<div id=\"col-1674068110\" class=\"col medium-3 small-6 large-3\"  >\n\t\t<div class=\"col-inner\"  >\n\t\t\t\n\t\t\t\n\t<div class=\"box has-hover   has-hover box-shadow-1 box-text-bottom\" >\n\n\t\t<div class=\"box-image\" >\n\t\t\t\t\t\t<div class=\"\" >\n\t\t\t\t<img width=\"270\" height=\"288\" src=\"https:\/\/webmaibinh.com\/w\/luatsu2011\/wp-content\/uploads\/2019\/01\/luat-su-011.jpg\" class=\"attachment- size-\" alt=\"\" loading=\"lazy\" \/>\t\t\t\t\t\t\t\t\t\t\t<\/div>\n\t\t\t\t\t<\/div>\n\n\t\t<div class=\"box-text text-center\" >\n\t\t\t<div class=\"box-text-inner\">\n\t\t\t\t\n<h4>Tr\u1ea7n Anh Tu\u1ea5n<\/h4>\n<p><span style=\"color: #b89b5e;\"><strong>Lu\u1eadt s\u01b0<\/strong><\/span><\/p>\n\t\t\t<\/div>\n\t\t<\/div>\n\t<\/div>\n\t\n\t\t<\/div>\n\t\t\t<\/div>\n\n\t\n<\/div>\n\t\t<\/div>\n\t\t\t<\/div>\n\n\t\n<\/div>\n\t\t<\/div>\n\n\t\t\n<style>\n#section_1174968984 {\n  padding-top: 30px;\n  padding-bottom: 30px;\n  background-color: rgb(233, 233, 233);\n}\n<\/style>\n\t<\/section>\n\t\n\t<section class=\"section section-tu-van dark\" id=\"section_1612943812\">\n\t\t<div class=\"bg section-bg fill bg-fill  bg-loaded\" >\n\n\t\t\t\n\t\t\t\n\t\t\t\n\n\t\t<\/div>\n\n\t\t<div class=\"section-content relative\">\n\t\t\t\n<div class=\"row\"  id=\"row-469554814\">\n\n\t<div id=\"col-1033428851\" class=\"col div-no-padding medium-8 small-12 large-8\"  >\n\t\t<div class=\"col-inner\"  >\n\t\t\t\n\t\t\t\n<h3 class=\"heading\"><em>N\u1ebfu b\u1ea1n c\u1ea7n h\u1ed7 tr\u1ee3 t\u01b0 v\u1ea5n ph\u00e1p l\u00fd ch\u00fang t\u00f4i lu\u00f4n s\u1eb5n s\u00e0ng<\/em><\/h3>\n\t\t<\/div>\n\t\t\t<\/div>\n\n\t\n\n\t<div id=\"col-1806248737\" class=\"col div-no-padding medium-4 small-12 large-4\"  >\n\t\t<div class=\"col-inner\"  >\n\t\t\t\n\t\t\t\n<a class=\"button white\"  >\n    <span>T\u01b0 v\u1ea5n mi\u1ec5n ph\u00ed<\/span>\n  <i class=\"icon-angle-right\" ><\/i><\/a>\n\n\t\t<\/div>\n\t\t\t<\/div>\n\n\t\n<\/div>\n\t\t<\/div>\n\n\t\t\n<style>\n#section_1612943812 {\n  padding-top: 30px;\n  padding-bottom: 30px;\n  background-color: rgb(191, 158, 88);\n}\n<\/style>\n\t<\/section>\n\t\n","protected":false},"excerpt":{"rendered":"","protected":false},"author":1,"featured_media":0,"parent":0,"menu_order":0,"comment_status":"closed","ping_status":"closed","template":"page-transparent-header-light.php","meta":[],"_links":{"self":[{"href":"https:\/\/webmaibinh.com\/w\/luatsu2011\/wp-json\/wp\/v2\/pages\/159"}],"collection":[{"href":"https:\/\/webmaibinh.com\/w\/luatsu2011\/wp-json\/wp\/v2\/pages"}],"about":[{"href":"https:\/\/webmaibinh.com\/w\/luatsu2011\/wp-json\/wp\/v2\/types\/page"}],"author":[{"embeddable":true,"href":"https:\/\/webmaibinh.com\/w\/luatsu2011\/wp-json\/wp\/v2\/users\/1"}],"replies":[{"embeddable":true,"href":"https:\/\/webmaibinh.com\/w\/luatsu2011\/wp-json\/wp\/v2\/comments?post=159"}],"version-history":[{"count":5,"href":"https:\/\/webmaibinh.com\/w\/luatsu2011\/wp-json\/wp\/v2\/pages\/159\/revisions"}],"predecessor-version":[{"id":164,"href":"https:\/\/webmaibinh.com\/w\/luatsu2011\/wp-json\/wp\/v2\/pages\/159\/revisions\/164"}],"wp:attachment":[{"href":"https:\/\/webmaibinh.com\/w\/luatsu2011\/wp-json\/wp\/v2\/media?parent=159"}],"curies":[{"name":"wp","href":"https:\/\/api.w.org\/{rel}","templated":true}]}}