{"id":157,"date":"2019-01-15T08:30:14","date_gmt":"2019-01-15T08:30:14","guid":{"rendered":"http:\/\/luatsu.khowebseotop.vn\/?page_id=157"},"modified":"2020-05-08T15:02:00","modified_gmt":"2020-05-08T08:02:00","slug":"lien-he","status":"publish","type":"page","link":"https:\/\/webmaibinh.com\/w\/luatsu2011\/lien-he\/","title":{"rendered":"Li\u00ean h\u1ec7"},"content":{"rendered":"\n  <div id=\"page-header-147334696\" class=\"page-header-wrapper\">\n  <div class=\"page-title dark featured-title\">\n\n        <div class=\"page-title-bg\">\n      <div class=\"title-bg fill bg-fill\"\n        data-parallax-container=\".page-title\"\n        data-parallax-background\n        data-parallax=\"-\">\n      <\/div>\n      <div class=\"title-overlay fill\"><\/div>\n    <\/div>\n    \n    <div class=\"page-title-inner container align-center text-center flex-row-col medium-flex-wrap\" >\n              <div class=\"title-wrapper flex-col\">\n          <h1 class=\"entry-title mb-0\">\n            Li\u00ean h\u1ec7          <\/h1>\n        <\/div>\n                    <div class=\"title-content flex-col\">\n        <div class=\"title-breadcrumbs pb-half pt-half\"><\/div>      <\/div>\n    <\/div>\n\n     \n<style>\n#page-header-147334696 .page-title-inner {\n  min-height: 300px;\n}\n#page-header-147334696 .title-bg {\n  background-image: url(https:\/\/webmaibinh.com\/w\/luatsu2011\/wp-content\/uploads\/2019\/01\/anh-nen-chuyen-muc.jpg);\n}\n<\/style>\n  <\/div>\n    <\/div>\n  \n\n\t<section class=\"section\" id=\"section_1601314720\">\n\t\t<div class=\"bg section-bg fill bg-fill  bg-loaded\" >\n\n\t\t\t\n\t\t\t\n\t\t\t\n\n\t\t<\/div>\n\n\t\t<div class=\"section-content relative\">\n\t\t\t\n\n<div class=\"row\"  id=\"row-1592763993\">\n\n\n\t<div id=\"col-2081027978\" class=\"col small-12 large-12\"  >\n\t\t<div class=\"col-inner\"  >\n\t\t\t\n\t\t\t\n\n<h3 style=\"text-align: center;\">LI\u00caN H\u1ec6<\/h3>\n<div class=\"text-center\"><div class=\"is-divider divider clearfix\" style=\"max-width:100px;height:2px;background-color:rgb(184, 155, 94);\"><\/div><\/div>\n\n<p style=\"text-align: center;\"><em>H\u00e3y Li\u00ean H\u1ec7 V\u1edbi Ch\u00fang T\u00f4i \u0110\u1ec3 \u0110\u01b0\u1ee3c T\u01b0 V\u1ea5n<\/em><\/p>\n<div class=\"row\"  id=\"row-2019841816\">\n\n\n\t<div id=\"col-1489108156\" class=\"col div-form medium-8 small-12 large-8\"  >\n\t\t<div class=\"col-inner\"  >\n\t\t\t\n\t\t\t\n\n<div role=\"form\" class=\"wpcf7\" id=\"wpcf7-f92-o1\" lang=\"vi\" dir=\"ltr\">\n<div class=\"screen-reader-response\"><p role=\"status\" aria-live=\"polite\" aria-atomic=\"true\"><\/p> <ul><\/ul><\/div>\n<form action=\"\/w\/luatsu2011\/wp-json\/wp\/v2\/pages\/157#wpcf7-f92-o1\" method=\"post\" class=\"wpcf7-form init\" novalidate=\"novalidate\" data-status=\"init\">\n<div style=\"display: none;\">\n<input type=\"hidden\" name=\"_wpcf7\" value=\"92\" \/>\n<input type=\"hidden\" name=\"_wpcf7_version\" value=\"5.3\" \/>\n<input type=\"hidden\" name=\"_wpcf7_locale\" value=\"vi\" \/>\n<input type=\"hidden\" name=\"_wpcf7_unit_tag\" value=\"wpcf7-f92-o1\" \/>\n<input type=\"hidden\" name=\"_wpcf7_container_post\" value=\"0\" \/>\n<input type=\"hidden\" name=\"_wpcf7_posted_data_hash\" value=\"\" \/>\n<\/div>\n<div class=\"form-dang-ky row\">\n<div class=\"large-6\">\n<span class=\"wpcf7-form-control-wrap ho-ten\"><input type=\"text\" name=\"ho-ten\" value=\"\" size=\"40\" class=\"wpcf7-form-control wpcf7-text wpcf7-validates-as-required\" aria-required=\"true\" aria-invalid=\"false\" placeholder=\"H\u1ecd v\u00e0 t\u00ean \u0111\u1ec7m*\" \/><\/span>\n<\/div>\n<div class=\"large-6\">\n<span class=\"wpcf7-form-control-wrap your-email\"><input type=\"email\" name=\"your-email\" value=\"\" size=\"40\" class=\"wpcf7-form-control wpcf7-text wpcf7-email wpcf7-validates-as-required wpcf7-validates-as-email\" aria-required=\"true\" aria-invalid=\"false\" placeholder=\"Email*\" \/><\/span>\n<\/div>\n<div class=\"large-6\">\n<span class=\"wpcf7-form-control-wrap your-phone\"><input type=\"tel\" name=\"your-phone\" value=\"\" size=\"40\" class=\"wpcf7-form-control wpcf7-text wpcf7-tel wpcf7-validates-as-required wpcf7-validates-as-tel\" aria-required=\"true\" aria-invalid=\"false\" placeholder=\"S\u1ed1 \u0111i\u1ec7n tho\u1ea1i*\" \/><\/span>\n<\/div>\n<div class=\"large-6\">\n<span class=\"wpcf7-form-control-wrap your-address\"><input type=\"text\" name=\"your-address\" value=\"\" size=\"40\" class=\"wpcf7-form-control wpcf7-text wpcf7-validates-as-required\" aria-required=\"true\" aria-invalid=\"false\" placeholder=\"\u0110\u1ecba ch\u1ec9\" \/><\/span>\n<\/div>\n<div class=\"large-12\">\n<span class=\"wpcf7-form-control-wrap noi-dung\"><textarea name=\"noi-dung\" cols=\"40\" rows=\"10\" class=\"wpcf7-form-control wpcf7-textarea\" aria-invalid=\"false\" placeholder=\"N\u1ed9i dung\"><\/textarea><\/span><br \/>\n<input type=\"submit\" value=\"G\u1eedi\" class=\"wpcf7-form-control wpcf7-submit\" \/>\n<\/div>\n<\/div>\n<div class=\"wpcf7-response-output\" aria-hidden=\"true\"><\/div><\/form><\/div>\n\n\n\t\t<\/div>\n\t\t\t<\/div>\n\n\t\n\n\t<div id=\"col-1962501734\" class=\"col medium-4 small-12 large-4\"  >\n\t\t<div class=\"col-inner\" style=\"background-color:rgb(241, 241, 241);\" >\n\t\t\t\n\t\t\t\n\n\t<div class=\"box has-hover   has-hover box-text-bottom\" >\n\n\t\t<div class=\"box-image\" style=\"border-radius:50%;width:51%;\">\n\t\t\t\t\t\t<div class=\"\" >\n\t\t\t\t<img width=\"141\" height=\"141\" src=\"https:\/\/webmaibinh.com\/w\/luatsu2011\/wp-content\/uploads\/2019\/01\/icon-law.jpg\" class=\"attachment- size-\" alt=\"\" loading=\"lazy\" srcset=\"https:\/\/webmaibinh.com\/w\/luatsu2011\/wp-content\/uploads\/2019\/01\/icon-law.jpg 141w, https:\/\/webmaibinh.com\/w\/luatsu2011\/wp-content\/uploads\/2019\/01\/icon-law-100x100.jpg 100w\" sizes=\"(max-width: 141px) 100vw, 141px\" \/>\t\t\t\t\t\t\t\t\t\t\t<\/div>\n\t\t\t\t\t<\/div>\n\n\t\t<div class=\"box-text text-center\" >\n\t\t\t<div class=\"box-text-inner\">\n\t\t\t\t\n\n<h3 style=\"text-align: center;\">LU\u1eacT GROUP<\/h3>\n<p style=\"text-align: center;\">\u0110i\u1ec7n tho\u1ea1i: 0999.999.999<\/p>\n<p style=\"text-align: center;\">Email: email@gmail.com<\/p>\n<p style=\"text-align: center;\">Website: www.tenweb.vn<\/p>\n<p style=\"text-align: center;\">\u0110\u1ecba ch\u1ec9: Ph\u1ea1m V\u0103n B\u1ea1ch, P.15,<\/br> Q.T\u00e2n B\u00ecnh, Tp. HCM<\/p>\n\n\t\t\t<\/div>\n\t\t<\/div>\n\t<\/div>\n\t\n\n\t\t<\/div>\n\t\t\n<style>\n#col-1962501734 > .col-inner {\n  padding: 20px 20px 20px 20px;\n}\n<\/style>\n\t<\/div>\n\n\t\n\n<\/div>\n\n\t\t<\/div>\n\t\t\t<\/div>\n\n\t\n\n<\/div>\n\n\t\t<\/div>\n\n\t\t\n<style>\n#section_1601314720 {\n  padding-top: 30px;\n  padding-bottom: 30px;\n}\n<\/style>\n\t<\/section>\n\t\n\n","protected":false},"excerpt":{"rendered":"","protected":false},"author":1,"featured_media":0,"parent":0,"menu_order":0,"comment_status":"closed","ping_status":"closed","template":"page-transparent-header-light.php","meta":[],"_links":{"self":[{"href":"https:\/\/webmaibinh.com\/w\/luatsu2011\/wp-json\/wp\/v2\/pages\/157"}],"collection":[{"href":"https:\/\/webmaibinh.com\/w\/luatsu2011\/wp-json\/wp\/v2\/pages"}],"about":[{"href":"https:\/\/webmaibinh.com\/w\/luatsu2011\/wp-json\/wp\/v2\/types\/page"}],"author":[{"embeddable":true,"href":"https:\/\/webmaibinh.com\/w\/luatsu2011\/wp-json\/wp\/v2\/users\/1"}],"replies":[{"embeddable":true,"href":"https:\/\/webmaibinh.com\/w\/luatsu2011\/wp-json\/wp\/v2\/comments?post=157"}],"version-history":[{"count":3,"href":"https:\/\/webmaibinh.com\/w\/luatsu2011\/wp-json\/wp\/v2\/pages\/157\/revisions"}],"predecessor-version":[{"id":343,"href":"https:\/\/webmaibinh.com\/w\/luatsu2011\/wp-json\/wp\/v2\/pages\/157\/revisions\/343"}],"wp:attachment":[{"href":"https:\/\/webmaibinh.com\/w\/luatsu2011\/wp-json\/wp\/v2\/media?parent=157"}],"curies":[{"name":"wp","href":"https:\/\/api.w.org\/{rel}","templated":true}]}}