{"id":153,"date":"2019-01-15T08:27:21","date_gmt":"2019-01-15T08:27:21","guid":{"rendered":"http:\/\/luatsu.khowebseotop.vn\/?page_id=153"},"modified":"2019-01-15T08:29:39","modified_gmt":"2019-01-15T08:29:39","slug":"gioi-thieu","status":"publish","type":"page","link":"https:\/\/webmaibinh.com\/w\/luatsu2011\/gioi-thieu\/","title":{"rendered":"Gi\u1edbi thi\u1ec7u"},"content":{"rendered":"  <div id=\"page-header-5207418\" class=\"page-header-wrapper\">\n  <div class=\"page-title dark featured-title\">\n\n        <div class=\"page-title-bg\">\n      <div class=\"title-bg fill bg-fill\"\n        data-parallax-container=\".page-title\"\n        data-parallax-background\n        data-parallax=\"-\">\n      <\/div>\n      <div class=\"title-overlay fill\"><\/div>\n    <\/div>\n    \n    <div class=\"page-title-inner container align-center text-center flex-row-col medium-flex-wrap\" >\n              <div class=\"title-wrapper is-xlarge flex-col\">\n          <h1 class=\"entry-title mb-0\">\n            Gi\u1edbi thi\u1ec7u          <\/h1>\n        <\/div>\n                    <div class=\"title-content flex-col\">\n        <div class=\"title-breadcrumbs pb-half pt-half\"><\/div>      <\/div>\n    <\/div>\n\n     \n<style>\n#page-header-5207418 .page-title-inner {\n  min-height: 300px;\n}\n#page-header-5207418 .title-bg {\n  background-image: url(https:\/\/webmaibinh.com\/w\/luatsu2011\/wp-content\/uploads\/2019\/01\/anh-nen-chuyen-muc.jpg);\n}\n<\/style>\n  <\/div>\n    <\/div>\n  \n\t<section class=\"section\" id=\"section_2132643470\">\n\t\t<div class=\"bg section-bg fill bg-fill  bg-loaded\" >\n\n\t\t\t\n\t\t\t\n\t\t\t\n\n\t\t<\/div>\n\n\t\t<div class=\"section-content relative\">\n\t\t\t\n<div class=\"row\"  id=\"row-619712845\">\n\n\t<div id=\"col-488398072\" class=\"col small-12 large-12\"  >\n\t\t<div class=\"col-inner\"  >\n\t\t\t\n\t\t\t\n<p><span style=\"font-size: 130%;\"><strong>M<\/strong><\/span>\u1ed9t qu\u1ed1c gia \u0111ang kh\u00f4ng ng\u1eebng ph\u00e1t tri\u1ec3n, m\u1ed9t \u0111\u1ea5t n\u01b0\u1edbc lu\u00f4n h\u01b0\u1edbng \u0111\u1ebfn n\u1ec1n d\u00e2n ch\u1ee7 v\u1eefng m\u1ea1nh v\u00e0\u00a0 m\u1ed9t d\u00e2n t\u1ed9c ng\u00e0y ng\u00e0y v\u01b0\u01a1n m\u00ecnh ra v\u1edbi b\u00e8 b\u1ea1n n\u0103m ch\u00e2u th\u00ec s\u1ee9 m\u1ec7nh b\u1ea3o v\u1ec7 c\u00f4ng l\u00fd, \u0111\u1ea3m b\u1ea3o c\u00f4ng b\u1eb1ng x\u00e3 h\u1ed9i \u0111\u01b0\u1ee3c \u0111\u1ec1 cao l\u00e0 t\u1ea5t y\u1ebfu v\u00e0 ch\u00ednh \u0111\u00e1ng.<\/p>\n<p>Ngh\u1ec1 lu\u1eadt s\u01b0 \u1edf Vi\u1ec7t Nam l\u00e0 m\u1ed9t ngh\u1ec1 lu\u1eadt, trong \u0111\u00f3 c\u00e1c\u00a0lu\u1eadt s\u01b0\u00a0b\u1eb1ng ki\u1ebfn th\u1ee9c ph\u00e1p lu\u1eadt c\u1ee7a m\u00ecnh, \u0111\u1ed9c l\u1eadp th\u1ef1c hi\u1ec7n c\u00e1c ho\u1ea1t \u0111\u1ed9ng trong ph\u1ea1m vi h\u00e0nh ngh\u1ec1 theo quy \u0111\u1ecbnh c\u1ee7a ph\u00e1p lu\u1eadt v\u00e0 quy ch\u1ebf tr\u00e1ch nhi\u1ec7m ngh\u1ec1 nghi\u1ec7p, nh\u1eb1m m\u1ee5c \u0111\u00edch ph\u1ee5ng s\u1ef1 c\u00f4ng l\u00fd, g\u00f3p ph\u1ea7n b\u1ea3o v\u1ec7 ph\u00e1p ch\u1ebf v\u00e0 x\u00e2y d\u1ef1ng Nh\u00e0 n\u01b0\u1edbc ph\u00e1p quy\u1ec1n Vi\u1ec7t Nam.<\/p>\n<p>Trong b\u1ed1i c\u1ea3nh n\u1ec1n kinh t\u1ebf \u0111\u1ea5t n\u01b0\u1edbc \u0111ang chuy\u1ec3n m\u00ecnh m\u1ea1nh m\u1ebd theo xu h\u01b0\u1edbng h\u1ed9i nh\u1eadp v\u00e0 ph\u00e1t tri\u1ec3n,\u00a0ch\u00fang t\u00f4i\u00a0ra \u0111\u1eddi v\u00e0 sau nhi\u1ec1u\u00a0 n\u0103m ho\u1ea1t \u0111\u1ed9ng. Ch\u00fang t\u00f4i thu\u1ed9c \u0110o\u00e0n\u00a0Lu\u1eadt S\u01b0 Th\u00e0nh Ph\u1ed1 ABC, l\u00e0 m\u1ed9t trong nh\u1eefng h\u00e3ng lu\u1eadt uy t\u00edn Vi\u1ec7t Nam. Ch\u00fang t\u00f4i lu\u00f4n coi b\u1ea3o v\u1ec7 quy\u1ec1n v\u00e0 l\u1ee3i \u00edch h\u1ee3p ph\u00e1p c\u1ee7a c\u00e1c t\u1ed5 ch\u1ee9c, c\u00e1 nh\u00e2n l\u00e0 s\u1ee9 m\u1ec7nh quan tr\u1ecdng c\u1ee7a m\u1ed9t \u0111\u01a1n v\u1ecb ho\u1ea1t \u0111\u1ed9ng trong l\u0129nh v\u1ef1c ph\u00e1p l\u00fd, \u0111\u1ea3m b\u1ea3o c\u00f4ng b\u1eb1ng v\u00e0 tu\u00e2n th\u1ee7 theo ph\u00e1p lu\u1eadt Vi\u1ec7t Nam.<\/p>\n<p>Ngay t\u1eeb nh\u1eefng ng\u00e0y \u0111\u1ea7u th\u00e0nh l\u1eadp,\u00a0ch\u00fang t\u00f4i\u00a0nh\u1eadn th\u1ee9c r\u1eb1ng m\u1ed7i m\u1ed9t h\u00e0nh vi mang t\u00ednh ph\u00e1p l\u00fd x\u1ea3y ra h\u00e0ng ng\u00e0y \u0111\u1ec1u c\u1ea7n \u0111\u01b0\u1ee3c h\u00e0nh x\u1eed m\u1ed9t c\u00e1ch \u0111\u00fang lu\u1eadt, m\u1ed7i m\u1ed9t m\u1ed9t h\u00e0nh x\u1eed \u0111\u00fang lu\u1eadt s\u1ebd mang l\u1ea1i l\u1ee3i \u00edch thi\u1ebft th\u1ef1c \u0111\u1ed1i v\u1edbi c\u00e1c c\u00e1 nh\u00e2n, t\u1ed5 ch\u1ee9c v\u00e0 \u0111\u00e3 \u0111\u1ecbnh h\u00ecnh cho m\u00ecnh ph\u01b0\u01a1ng ch\u00e2m: \u201cNi\u1ec1m tin c\u1ee7a kh\u00e1ch h\u00e0ng l\u00e0 uy t\u00edn c\u1ee7a ch\u00fang t\u00f4i\u201d.<\/p>\n<p>V\u1edbi nh\u1eefng b\u01b0\u1edbc \u0111i theo \u0111\u1ecbnh h\u01b0\u1edbng r\u00f5 r\u00e0ng, ch\u00fang t\u00f4i \u0111\u00e3 v\u00e0 \u0111ang kh\u1eb3ng \u0111\u1ecbnh \u00a0v\u1edbi c\u00e1c t\u1ed5 ch\u1ee9c, c\u00e1c \u0111\u1ed1i t\u00e1c, kh\u00e1ch h\u00e0ng v\u1ec1 n\u0103ng l\u1ef1c, s\u1ef1 ph\u00e1t tri\u1ec3n b\u1ec1n v\u1eefng m\u1ea1nh m\u1ebd c\u1ee7a m\u00ecnh. Ch\u00fang t\u00f4i c\u00f3 \u0111\u00f4i ng\u0169 lu\u1eadt s\u01b0, chuy\u00ean vi\u00ean ngo\u00e0i c\u00e1c ph\u1ea9m ch\u1ea5t chung l\u00e0 Ch\u00e2n, Thi\u1ec7n, M\u1ef9 h\u1ecd c\u00f2n l\u00e0 c\u00e1c lu\u1eadt s\u01b0, chuy\u00ean vi\u00ean \u00a0c\u00f3 kh\u1ed1i \u00f3c th\u00f4ng minh, t\u1ea5m l\u00f2ng trong s\u00e1ng, d\u0169ng c\u1ea3m, bi\u1ebft l\u1ea5y ph\u00e1p lu\u1eadt v\u00e0 \u0111\u1ea1o \u0111\u1ee9c x\u00e3 h\u1ed9i l\u00e0m c\u01a1 s\u1edf ho\u1ea1t \u0111\u1ed9ng \u0111\u1ec3 x\u1ee9ng \u0111\u00e1ng v\u1edbi s\u1ef1 tin c\u1eady v\u00e0 t\u00f4n vinh c\u1ee7a x\u00e3 h\u1ed9i.<\/p>\n<p>Ch\u00ednh v\u00ec v\u1eady,\u00a0V\u0103n Ph\u00f2ng lu\u1eadt s\u01b0 ch\u00fang t\u00f4i v\u1edbi vai tr\u00f2 l\u00e0 m\u1ed9t nh\u00e0 cung c\u1ea5p d\u1ecbch v\u1ee5 ph\u00e1p l\u00fd, ch\u00fang t\u00f4i lu\u00f4n cam k\u1ebft s\u1ebd h\u1ebft s\u1ee9c m\u00ecnh trong vi\u1ec7c h\u1ed7 tr\u1ee3 kh\u00e1ch h\u00e0ng th\u1ef1c hi\u1ec7n c\u00e1c tr\u00ecnh t\u1ef1 th\u1ee7 t\u1ee5c mang t\u00ednh h\u00e0nh ch\u00ednh, ph\u00e1p l\u00fd, th\u00e1o g\u1ee1 c\u00e1c v\u01b0\u1edbng m\u1eafc \u00a0trong c\u00e1c ho\u1ea1t \u0111\u1ed9ng s\u1ea3n xu\u1ea5t kinh doanh v\u00e0 trong \u0111\u1eddi s\u1ed1ng m\u1ed9t c\u00e1ch h\u1ee3p ph\u00e1p, hi\u1ec7u qu\u1ea3.<\/p>\n<p>S\u1ef1 quan t\u00e2m c\u1ee7a Qu\u00fd kh\u00e1ch h\u00e0ng \u0111\u1ebfn Ch\u00fang t\u00f4i l\u00e0 ni\u1ec1m vinh h\u1ea1nh c\u1ee7a ch\u00fang t\u00f4i.<\/p>\n<p>Tr\u00e2n tr\u1ecdng c\u1ea3m \u01a1n!<\/p>\n\t\t<\/div>\n\t\t\t<\/div>\n\n\t\n<\/div>\n\t\t<\/div>\n\n\t\t\n<style>\n#section_2132643470 {\n  padding-top: 30px;\n  padding-bottom: 30px;\n}\n<\/style>\n\t<\/section>\n\t\n","protected":false},"excerpt":{"rendered":"","protected":false},"author":1,"featured_media":0,"parent":0,"menu_order":0,"comment_status":"closed","ping_status":"closed","template":"page-transparent-header-light.php","meta":[],"_links":{"self":[{"href":"https:\/\/webmaibinh.com\/w\/luatsu2011\/wp-json\/wp\/v2\/pages\/153"}],"collection":[{"href":"https:\/\/webmaibinh.com\/w\/luatsu2011\/wp-json\/wp\/v2\/pages"}],"about":[{"href":"https:\/\/webmaibinh.com\/w\/luatsu2011\/wp-json\/wp\/v2\/types\/page"}],"author":[{"embeddable":true,"href":"https:\/\/webmaibinh.com\/w\/luatsu2011\/wp-json\/wp\/v2\/users\/1"}],"replies":[{"embeddable":true,"href":"https:\/\/webmaibinh.com\/w\/luatsu2011\/wp-json\/wp\/v2\/comments?post=153"}],"version-history":[{"count":2,"href":"https:\/\/webmaibinh.com\/w\/luatsu2011\/wp-json\/wp\/v2\/pages\/153\/revisions"}],"predecessor-version":[{"id":156,"href":"https:\/\/webmaibinh.com\/w\/luatsu2011\/wp-json\/wp\/v2\/pages\/153\/revisions\/156"}],"wp:attachment":[{"href":"https:\/\/webmaibinh.com\/w\/luatsu2011\/wp-json\/wp\/v2\/media?parent=153"}],"curies":[{"name":"wp","href":"https:\/\/api.w.org\/{rel}","templated":true}]}}