{"id":3002,"date":"2019-09-30T08:31:34","date_gmt":"2019-09-30T08:31:34","guid":{"rendered":"http:\/\/luat.muathemewordpress.net\/?page_id=3002"},"modified":"2019-09-30T08:37:44","modified_gmt":"2019-09-30T08:37:44","slug":"bao-gia","status":"publish","type":"page","link":"https:\/\/webmaibinh.com\/w\/luatsu12011\/bao-gia\/","title":{"rendered":"B\u00e1o gi\u00e1"},"content":{"rendered":"\t<section class=\"section section-form\" id=\"section_1737197656\">\n\t\t<div class=\"bg section-bg fill bg-fill  bg-loaded\" >\n\n\t\t\t\n\t\t\t\n\t\t\t\n\n\t\t<\/div>\n\n\t\t<div class=\"section-content relative\">\n\t\t\t\n<div class=\"row\"  id=\"row-921421849\">\n\n\t<div id=\"col-1668190020\" class=\"col medium-8 small-12 large-8\"  >\n\t\t<div class=\"col-inner\"  >\n\t\t\t\n\t\t\t\n<div role=\"form\" class=\"wpcf7\" id=\"wpcf7-f2966-o1\" lang=\"vi\" dir=\"ltr\">\n<div class=\"screen-reader-response\"><p role=\"status\" aria-live=\"polite\" aria-atomic=\"true\"><\/p> <ul><\/ul><\/div>\n<form action=\"\/w\/luatsu12011\/wp-json\/wp\/v2\/pages\/3002#wpcf7-f2966-o1\" method=\"post\" class=\"wpcf7-form init\" novalidate=\"novalidate\" data-status=\"init\">\n<div style=\"display: none;\">\n<input type=\"hidden\" name=\"_wpcf7\" value=\"2966\" \/>\n<input type=\"hidden\" name=\"_wpcf7_version\" value=\"5.3\" \/>\n<input type=\"hidden\" name=\"_wpcf7_locale\" value=\"vi\" \/>\n<input type=\"hidden\" name=\"_wpcf7_unit_tag\" value=\"wpcf7-f2966-o1\" \/>\n<input type=\"hidden\" name=\"_wpcf7_container_post\" value=\"0\" \/>\n<input type=\"hidden\" name=\"_wpcf7_posted_data_hash\" value=\"\" \/>\n<\/div>\n<p><label>H\u1ecd v\u00e0 t\u00ean:*<br \/>\n    <span class=\"wpcf7-form-control-wrap your-name\"><input type=\"text\" name=\"your-name\" value=\"\" size=\"40\" class=\"wpcf7-form-control wpcf7-text wpcf7-validates-as-required\" aria-required=\"true\" aria-invalid=\"false\" \/><\/span> <\/label><\/p>\n<p><label>Email:*<br \/>\n    <span class=\"wpcf7-form-control-wrap your-email\"><input type=\"email\" name=\"your-email\" value=\"\" size=\"40\" class=\"wpcf7-form-control wpcf7-text wpcf7-email wpcf7-validates-as-required wpcf7-validates-as-email\" aria-required=\"true\" aria-invalid=\"false\" \/><\/span> <\/label><br \/>\n<label>S\u1ed1 \u0111i\u1ec7n tho\u1ea1i:*<br \/>\n    <span class=\"wpcf7-form-control-wrap your-phone\"><input type=\"tel\" name=\"your-phone\" value=\"\" size=\"40\" class=\"wpcf7-form-control wpcf7-text wpcf7-tel wpcf7-validates-as-required wpcf7-validates-as-tel\" aria-required=\"true\" aria-invalid=\"false\" \/><\/span> <\/label><br \/>\n<label> Ti\u00eau \u0111\u1ec1 c\u00e2u h\u1ecfi:<br \/>\n    <span class=\"wpcf7-form-control-wrap your-subject\"><input type=\"text\" name=\"your-subject\" value=\"\" size=\"40\" class=\"wpcf7-form-control wpcf7-text\" aria-invalid=\"false\" \/><\/span> <\/label><\/p>\n<p><label>V\u1ee5 vi\u1ec7c c\u1ee7a b\u1ea1n<br \/>\n    <span class=\"wpcf7-form-control-wrap your-message\"><textarea name=\"your-message\" cols=\"40\" rows=\"10\" class=\"wpcf7-form-control wpcf7-textarea\" aria-invalid=\"false\"><\/textarea><\/span> <\/label><\/p>\n<p><input type=\"submit\" value=\"G\u1eedi \u0111i\" class=\"wpcf7-form-control wpcf7-submit\" \/><\/p>\n<div class=\"wpcf7-response-output\" aria-hidden=\"true\"><\/div><\/form><\/div>\n\t\t<\/div>\n\t\t\t<\/div>\n\n\t\n\n\t<div id=\"col-413701141\" class=\"col medium-4 small-12 large-4\"  >\n\t\t<div class=\"col-inner\"  >\n\t\t\t\n\t\t\t\n<div class=\"widget_service_desc\">\n<h4>L\u1ee2I \u00cdCH B\u1ea0N NH\u1eacN \u0110\u01af\u1ee2C T\u1eea D\u1ecaCH V\u1ee4 B\u00c1O GI\u00c1 TR\u1eccN G\u00d3I<\/h4>\n<ul>\n<li>\n<h5><i class=\"fa fa-check-circle-o\" aria-hidden=\"true\"><\/i>&nbsp;&nbsp;&nbsp;Th\u00f4ng tin chu\u1ea9n x\u00e1c<\/h5>\n<p>B\u1ea1n s\u1ebd \u0111\u01b0\u1ee3c cung c\u1ea5p th\u00f4ng tin ph\u00ed d\u1ecbch v\u1ee5 tr\u1ecdn g\u00f3i m\u1ed9t c\u00e1ch ch\u00ednh x\u00e1c &#8211; \u0111\u1ea7y \u0111\u1ee7 khi gi\u1ea3i quy\u1ebft v\u1ea5n \u0111\u1ec1 ph\u00e1p l\u00fd b\u1ea1n \u0111ang g\u1eb7p ph\u1ea3i.<\/p>\n<\/li>\n<li>\n<h5><i class=\"fa fa-check-circle-o\" aria-hidden=\"true\"><\/i>&nbsp;&nbsp;&nbsp;\u0110\u01b0\u1ee3c t\u01b0 v\u1ea5n s\u1ee3 b\u1ed9<\/h5>\n<p>Ngay sau khi g\u1eedi y\u00eau c\u1ea7u, Lu\u1eadt s\u01b0 c\u1ee7a ch\u00fang t\u00f4i s\u1ebd li\u00ean h\u1ec7 \u0111\u1ec3 khai th\u00e1c th\u00eam th\u00f4ng tin, t\u01b0 v\u1ea5n s\u1ee3 b\u1ed9 cho b\u1ea1n!<\/p>\n<\/li>\n<li>\n<h5><i class=\"fa fa-check-circle-o\" aria-hidden=\"true\"><\/i>&nbsp;&nbsp;&nbsp;\u0110\u01b0\u1ee3c ph\u1ee5c v\u1ee5 t\u1ed1t h\u01a1n<\/h5>\n<p>Ch\u00fang t\u00f4i c\u00f3 th\u1eddi gian \u0111\u1ec3 chu\u1ea9n b\u1ecb t\u00e0i li\u1ec7u, s\u1eafp x\u1ebfp Lu\u1eadt s\u01b0 c\u00f3 chuy\u00ean m\u00f4n ph\u00f9 h\u1ee3p \u0111\u1ec3 ph\u1ee5c v\u1ee5 b\u1ea1n \u0111\u01b0\u1ee3c t\u1ed1t h\u01a1n!<\/p>\n<\/li>\n<\/ul><\/div>\n\t\t<\/div>\n\t\t\t<\/div>\n\n\t\n<\/div>\n\t\t<\/div>\n\n\t\t\n<style>\n#section_1737197656 {\n  padding-top: 30px;\n  padding-bottom: 30px;\n}\n<\/style>\n\t<\/section>\n\t\n","protected":false},"excerpt":{"rendered":"","protected":false},"author":1,"featured_media":0,"parent":0,"menu_order":0,"comment_status":"closed","ping_status":"closed","template":"page-blank.php","meta":[],"_links":{"self":[{"href":"https:\/\/webmaibinh.com\/w\/luatsu12011\/wp-json\/wp\/v2\/pages\/3002"}],"collection":[{"href":"https:\/\/webmaibinh.com\/w\/luatsu12011\/wp-json\/wp\/v2\/pages"}],"about":[{"href":"https:\/\/webmaibinh.com\/w\/luatsu12011\/wp-json\/wp\/v2\/types\/page"}],"author":[{"embeddable":true,"href":"https:\/\/webmaibinh.com\/w\/luatsu12011\/wp-json\/wp\/v2\/users\/1"}],"replies":[{"embeddable":true,"href":"https:\/\/webmaibinh.com\/w\/luatsu12011\/wp-json\/wp\/v2\/comments?post=3002"}],"version-history":[{"count":3,"href":"https:\/\/webmaibinh.com\/w\/luatsu12011\/wp-json\/wp\/v2\/pages\/3002\/revisions"}],"predecessor-version":[{"id":3006,"href":"https:\/\/webmaibinh.com\/w\/luatsu12011\/wp-json\/wp\/v2\/pages\/3002\/revisions\/3006"}],"wp:attachment":[{"href":"https:\/\/webmaibinh.com\/w\/luatsu12011\/wp-json\/wp\/v2\/media?parent=3002"}],"curies":[{"name":"wp","href":"https:\/\/api.w.org\/{rel}","templated":true}]}}