{"id":2995,"date":"2019-09-30T08:06:39","date_gmt":"2019-09-30T08:06:39","guid":{"rendered":"http:\/\/luat.muathemewordpress.net\/?page_id=2995"},"modified":"2019-10-01T02:57:40","modified_gmt":"2019-10-01T02:57:40","slug":"dat-lich-hen","status":"publish","type":"page","link":"https:\/\/webmaibinh.com\/w\/luatsu12011\/dat-lich-hen\/","title":{"rendered":"\u0110\u1eb7t l\u1ecbch h\u1eb9n"},"content":{"rendered":"\t<section class=\"section section-form\" id=\"section_1073592914\">\n\t\t<div class=\"bg section-bg fill bg-fill  bg-loaded\" >\n\n\t\t\t\n\t\t\t\n\t\t\t\n\n\t\t<\/div>\n\n\t\t<div class=\"section-content relative\">\n\t\t\t\n<div class=\"row\"  id=\"row-175067729\">\n\n\t<div id=\"col-1740778188\" class=\"col medium-8 small-12 large-8\"  >\n\t\t<div class=\"col-inner\"  >\n\t\t\t\n\t\t\t\n<div role=\"form\" class=\"wpcf7\" id=\"wpcf7-f2994-o1\" lang=\"vi\" dir=\"ltr\">\n<div class=\"screen-reader-response\"><p role=\"status\" aria-live=\"polite\" aria-atomic=\"true\"><\/p> <ul><\/ul><\/div>\n<form action=\"\/w\/luatsu12011\/wp-json\/wp\/v2\/pages\/2995#wpcf7-f2994-o1\" method=\"post\" class=\"wpcf7-form init\" novalidate=\"novalidate\" data-status=\"init\">\n<div style=\"display: none;\">\n<input type=\"hidden\" name=\"_wpcf7\" value=\"2994\" \/>\n<input type=\"hidden\" name=\"_wpcf7_version\" value=\"5.3\" \/>\n<input type=\"hidden\" name=\"_wpcf7_locale\" value=\"vi\" \/>\n<input type=\"hidden\" name=\"_wpcf7_unit_tag\" value=\"wpcf7-f2994-o1\" \/>\n<input type=\"hidden\" name=\"_wpcf7_container_post\" value=\"0\" \/>\n<input type=\"hidden\" name=\"_wpcf7_posted_data_hash\" value=\"\" \/>\n<\/div>\n<h3 class=\"title-form\">1.Th\u00f4ng tin kh\u00e1ch h\u00e0ng<\/h3>\n<p><label><br \/>\nH\u1ecd v\u00e0 t\u00ean:*<br \/>\n    <span class=\"wpcf7-form-control-wrap your-name\"><input type=\"text\" name=\"your-name\" value=\"\" size=\"40\" class=\"wpcf7-form-control wpcf7-text wpcf7-validates-as-required\" aria-required=\"true\" aria-invalid=\"false\" \/><\/span> <\/label><br \/>\n<label class=\"label-so-dien-thoai\">S\u1ed1 \u0111i\u1ec7n tho\u1ea1i:<br \/>\n    <span class=\"wpcf7-form-control-wrap your-phone\"><input type=\"tel\" name=\"your-phone\" value=\"\" size=\"40\" class=\"wpcf7-form-control wpcf7-text wpcf7-tel wpcf7-validates-as-tel\" aria-invalid=\"false\" \/><\/span> <\/label><\/p>\n<p><label class=\"label-email\"> Email:*<br \/>\n    <span class=\"wpcf7-form-control-wrap your-email\"><input type=\"email\" name=\"your-email\" value=\"\" size=\"40\" class=\"wpcf7-form-control wpcf7-text wpcf7-email wpcf7-validates-as-required wpcf7-validates-as-email\" aria-required=\"true\" aria-invalid=\"false\" \/><\/span> <\/label><\/p>\n<h3 class=\"title-form\">\u0110\u1eb7t l\u1ecbch h\u1eb9n<\/h3>\n<p><label class=\"ngay-hen\">\u0110\u1eb7t h\u1eb9n v\u00e0o ng\u00e0y<br \/>\n<span class=\"wpcf7-form-control-wrap ngay-hen\"><input type=\"text\" name=\"ngay-hen\" value=\"\" size=\"40\" class=\"wpcf7-form-control wpcf7-date\" \/> <\/span><br \/>\n<\/label><br \/>\n<label class=\"gio-hen\">Gi\u1edd h\u1eb9n<br \/>\n<span class=\"wpcf7-form-control-wrap gio-hen\"><input type=\"text\" name=\"gio-hen\" value=\"\" size=\"40\" class=\"wpcf7-form-control wpcf7-date wpcf7-time\" \/> <\/span><br \/>\n<\/label><br \/>\n<label>Th\u1eddi gian<br \/>\n<span class=\"wpcf7-form-control-wrap yeu-cau\"><select name=\"yeu-cau\" class=\"wpcf7-form-control wpcf7-select\" aria-invalid=\"false\"><option value=\"1 ti\u1ebfng\">1 ti\u1ebfng<\/option><option value=\"2 ti\u1ebfng\">2 ti\u1ebfng<\/option><option value=\"3 ti\u1ebfng\">3 ti\u1ebfng<\/option><\/select><\/span><br \/>\n<\/label><br \/>\n<label>Y\u00eau c\u1ea7u c\u1ee7a b\u1ea1n<br \/>\n    <span class=\"wpcf7-form-control-wrap your-message\"><textarea name=\"your-message\" cols=\"40\" rows=\"10\" class=\"wpcf7-form-control wpcf7-textarea\" aria-invalid=\"false\"><\/textarea><\/span> <\/label><\/p>\n<p><input type=\"submit\" value=\"G\u1eedi y\u00eau c\u1ea7u\" class=\"wpcf7-form-control wpcf7-submit\" \/><\/p>\n<div class=\"wpcf7-response-output\" aria-hidden=\"true\"><\/div><\/form><\/div>\n\t\t<\/div>\n\t\t\t<\/div>\n\n\t\n\n\t<div id=\"col-793793514\" class=\"col medium-4 small-12 large-4\"  >\n\t\t<div class=\"col-inner\"  >\n\t\t\t\n\t\t\t\n<div class=\"widget_service_desc\">\n<h4>L\u1ee2I \u00cdCH KHI \u0110\u1eb6T L\u1ecaCH H\u1eb8N LU\u1eacT S\u01af T\u1ea0I DSP<\/h4>\n<ul>\n<li>\n<h5><i class=\"fa fa-check-circle-o\" aria-hidden=\"true\"><\/i> Ph\u00ed d\u1ecbch v\u1ee5 r\u00f5 r\u00e0ng<\/h5>\n<p>B\u1ea1n s\u1ebd \u0111\u01b0\u1ee3c cung c\u1ea5p th\u00f4ng tin ph\u00ed d\u1ecbch v\u1ee5 chi ti\u1ebft khi \u0111\u1eb7t l\u1ecbch h\u1eb9n v\u1edbi Lu\u1eadt s\u01b0. Ch\u00fang t\u00f4i s\u1ebd g\u1ecdi l\u1ea1i \u0111\u1ec3 b\u00e1o ph\u00ed d\u1ecbch v\u1ee5 t\u01b0 v\u1ea5n tr\u1ef1c ti\u1ebfp ch\u00ednh x\u00e1c tr\u01b0\u1edbc khi x\u00e1c nh\u1eadn l\u1ea7n cu\u1ed1i c\u00f9ng l\u1ecbch \u0111\u1eb7t h\u1eb9n Lu\u1eadt s\u01b0 c\u1ee7a b\u1ea1n.<\/p>\n<\/li>\n<li>\n<h5><i class=\"fa fa-check-circle-o\" aria-hidden=\"true\"><\/i>\u00a0\u00a0\u00a0Ch\u1ee7 \u0111\u1ed9ng th\u1eddi gian<\/h5>\n<p>B\u1ea1n c\u00f3 th\u1ec3 ch\u1ee7 \u0111\u1ed9ng l\u1ef1a ch\u1ecdn th\u1eddi gian t\u01b0 v\u1ea5n ph\u00f9 h\u1ee3p nh\u1ea5t v\u1edbi b\u1ea1n.<\/p>\n<\/li>\n<li>\n<h5><i class=\"fa fa-check-circle-o\" aria-hidden=\"true\"><\/i>\u00a0\u00a0\u00a0\u0110\u01b0\u1ee3c ph\u1ee5c v\u1ee5 t\u1ed1t h\u01a1n<\/h5>\n<p>Ch\u00fang t\u00f4i c\u00f3 th\u1eddi gian \u0111\u1ec3 chu\u1ea9n b\u1ecb t\u00e0i li\u1ec7u, s\u1eafp x\u1ebfp Lu\u1eadt s\u01b0 c\u00f3 chuy\u00ean m\u00f4n ph\u00f9 h\u1ee3p \u0111\u1ec3 ph\u1ee5c v\u1ee5 b\u1ea1n \u0111\u01b0\u1ee3c t\u1ed1t h\u01a1n!<\/p>\n<\/li>\n<\/ul>\n<\/div>\n\t\t<\/div>\n\t\t\t<\/div>\n\n\t\n<\/div>\n\t\t<\/div>\n\n\t\t\n<style>\n#section_1073592914 {\n  padding-top: 30px;\n  padding-bottom: 30px;\n}\n<\/style>\n\t<\/section>\n\t\n","protected":false},"excerpt":{"rendered":"","protected":false},"author":1,"featured_media":0,"parent":0,"menu_order":0,"comment_status":"closed","ping_status":"closed","template":"page-blank.php","meta":[],"_links":{"self":[{"href":"https:\/\/webmaibinh.com\/w\/luatsu12011\/wp-json\/wp\/v2\/pages\/2995"}],"collection":[{"href":"https:\/\/webmaibinh.com\/w\/luatsu12011\/wp-json\/wp\/v2\/pages"}],"about":[{"href":"https:\/\/webmaibinh.com\/w\/luatsu12011\/wp-json\/wp\/v2\/types\/page"}],"author":[{"embeddable":true,"href":"https:\/\/webmaibinh.com\/w\/luatsu12011\/wp-json\/wp\/v2\/users\/1"}],"replies":[{"embeddable":true,"href":"https:\/\/webmaibinh.com\/w\/luatsu12011\/wp-json\/wp\/v2\/comments?post=2995"}],"version-history":[{"count":6,"href":"https:\/\/webmaibinh.com\/w\/luatsu12011\/wp-json\/wp\/v2\/pages\/2995\/revisions"}],"predecessor-version":[{"id":3034,"href":"https:\/\/webmaibinh.com\/w\/luatsu12011\/wp-json\/wp\/v2\/pages\/2995\/revisions\/3034"}],"wp:attachment":[{"href":"https:\/\/webmaibinh.com\/w\/luatsu12011\/wp-json\/wp\/v2\/media?parent=2995"}],"curies":[{"name":"wp","href":"https:\/\/api.w.org\/{rel}","templated":true}]}}