{"id":2850,"date":"2018-03-31T16:58:08","date_gmt":"2018-03-31T16:58:08","guid":{"rendered":"http:\/\/luat.muathemewordpress.net\/?page_id=2850"},"modified":"2020-05-23T13:34:11","modified_gmt":"2020-05-23T06:34:11","slug":"lien-he","status":"publish","type":"page","link":"https:\/\/webmaibinh.com\/w\/luatsu12011\/lien-he\/","title":{"rendered":"Li\u00ean h\u1ec7"},"content":{"rendered":"\n<div class=\"container section-title-container\" ><h3 class=\"section-title section-title-center\"><b><\/b><span class=\"section-title-main\" >LI\u00caN H\u1ec6 V\u1edaI CH\u00daNG T\u00d4I<\/span><b><\/b><\/h3><\/div>\n\n<div class=\"row\"  id=\"row-865079295\">\n\n\n\t<div id=\"col-636913854\" class=\"col div-gioi-thieu medium-6 small-12 large-6\"  >\n\t\t<div class=\"col-inner\"  >\n\t\t\t\n\t\t\t\n\n<h3 class=\"title-footer\"><strong>C\u00f4ng ty Lu\u1eadt Qu\u1ed1c t\u1ebf DSP<\/strong><\/h3>\n<p><i class=\"fa fa-map-marker\" aria-hidden=\"true\"><\/i>Ph\u1ea1m V\u0103n B\u1ea1ch, P. 15, Q. T\u00e2n B\u00ecnh, Tp. HCM<\/p>\n<p><i class=\"fa fa-phone-square\" aria-hidden=\"true\"><\/i> \u0110i\u1ec7n tho\u1ea1i: <a href=\"#\">0999.999.999<\/a><\/p>\n<p><i class=\"fa fa-mobile\"><\/i> <a href=\"#\">Hotline: 0999.999.999<\/a><\/p>\n<p><i class=\"fa fa-envelope\" aria-hidden=\"true\"><\/i> Email:&nbsp;<a href=\"#\">email@gmail.com<\/a><\/p>\n\n\t\t<\/div>\n\t\t\t<\/div>\n\n\t\n\n\t<div id=\"col-1205723758\" class=\"col medium-6 small-12 large-6\"  >\n\t\t<div class=\"col-inner\"  >\n\t\t\t\n\t\t\t\n\n<div role=\"form\" class=\"wpcf7\" id=\"wpcf7-f5-o1\" lang=\"vi\" dir=\"ltr\">\n<div class=\"screen-reader-response\"><p role=\"status\" aria-live=\"polite\" aria-atomic=\"true\"><\/p> <ul><\/ul><\/div>\n<form action=\"\/w\/luatsu12011\/wp-json\/wp\/v2\/pages\/2850#wpcf7-f5-o1\" method=\"post\" class=\"wpcf7-form init\" novalidate=\"novalidate\" data-status=\"init\">\n<div style=\"display: none;\">\n<input type=\"hidden\" name=\"_wpcf7\" value=\"5\" \/>\n<input type=\"hidden\" name=\"_wpcf7_version\" value=\"5.3\" \/>\n<input type=\"hidden\" name=\"_wpcf7_locale\" value=\"vi\" \/>\n<input type=\"hidden\" name=\"_wpcf7_unit_tag\" value=\"wpcf7-f5-o1\" \/>\n<input type=\"hidden\" name=\"_wpcf7_container_post\" value=\"0\" \/>\n<input type=\"hidden\" name=\"_wpcf7_posted_data_hash\" value=\"\" \/>\n<\/div>\n<div class=\"form-dang-ky\">\n<div class=\"title-dang-ky\">\n<h3>\u0110\u0102NG K\u00dd <\/h3>\n<p>Nh\u1eadn tin c\u1ee7a ch\u00fang t\u00f4i<\/p>\n<\/div>\n<p><label><span class=\"wpcf7-form-control-wrap your-name\"><input type=\"text\" name=\"your-name\" value=\"\" size=\"40\" class=\"wpcf7-form-control wpcf7-text wpcf7-validates-as-required\" aria-required=\"true\" aria-invalid=\"false\" placeholder=\"H\u1ecd v\u00e0 t\u00ean \u0111\u1ec7m (*)\" \/><\/span> <\/label><br \/>\n<label><span class=\"wpcf7-form-control-wrap your-full-name\"><input type=\"text\" name=\"your-full-name\" value=\"\" size=\"40\" class=\"wpcf7-form-control wpcf7-text wpcf7-validates-as-required\" aria-required=\"true\" aria-invalid=\"false\" placeholder=\"T\u00ean (*)\" \/><\/span> <\/label><br \/>\n<label><span class=\"wpcf7-form-control-wrap your-phone\"><input type=\"tel\" name=\"your-phone\" value=\"\" size=\"40\" class=\"wpcf7-form-control wpcf7-text wpcf7-tel wpcf7-validates-as-required wpcf7-validates-as-tel\" aria-required=\"true\" aria-invalid=\"false\" placeholder=\"S\u1ed1 \u0111i\u1ec7n tho\u1ea1i (*)\" \/><\/span> <\/label><br \/>\n<label><span class=\"wpcf7-form-control-wrap your-email\"><input type=\"email\" name=\"your-email\" value=\"\" size=\"40\" class=\"wpcf7-form-control wpcf7-text wpcf7-email wpcf7-validates-as-required wpcf7-validates-as-email\" aria-required=\"true\" aria-invalid=\"false\" placeholder=\"Email (*)\" \/><\/span> <\/label><\/p>\n<div class=\"nut-dang-ky\">\n<input type=\"submit\" value=\"\u0110\u0102NG K\u00dd\" class=\"wpcf7-form-control wpcf7-submit\" \/>\n<\/div>\n<\/div>\n<div class=\"wpcf7-response-output\" aria-hidden=\"true\"><\/div><\/form><\/div>\n\n\n\t\t<\/div>\n\t\t\t<\/div>\n\n\t\n\n\t<div id=\"col-1815720921\" class=\"col small-12 large-12\"  >\n\t\t<div class=\"col-inner\"  >\n\t\t\t\n\t\t\t\n\n<p><iframe src=\"https:\/\/www.google.com\/maps\/embed?pb=!1m14!1m8!1m3!1d15339.820451500815!2d108.20743!3d16.015852!3m2!1i1024!2i768!4f13.1!3m3!1m2!1s0x31421a26c817441b%3A0x206937e7d63b77d3!2zODcgUGjhuqFtIFThu6ksIEtodcOqw7UgVHJ1bmcsIEPhuqltIEzhu4csIMSQw6AgTuG6tW5nIDU1MDAwMCwgVmnhu4d0IE5hbQ!5e0!3m2!1svi!2sus!4v1569898475898!5m2!1svi!2sus\" width=\"100%\" height=\"350px\" frameborder=\"0\" style=\"border:0;\" allowfullscreen=\"\"><\/iframe><\/p>\n\n\t\t<\/div>\n\t\t\t<\/div>\n\n\t\n\n<\/div>\n\n","protected":false},"excerpt":{"rendered":"","protected":false},"author":1,"featured_media":0,"parent":0,"menu_order":0,"comment_status":"closed","ping_status":"closed","template":"","meta":[],"_links":{"self":[{"href":"https:\/\/webmaibinh.com\/w\/luatsu12011\/wp-json\/wp\/v2\/pages\/2850"}],"collection":[{"href":"https:\/\/webmaibinh.com\/w\/luatsu12011\/wp-json\/wp\/v2\/pages"}],"about":[{"href":"https:\/\/webmaibinh.com\/w\/luatsu12011\/wp-json\/wp\/v2\/types\/page"}],"author":[{"embeddable":true,"href":"https:\/\/webmaibinh.com\/w\/luatsu12011\/wp-json\/wp\/v2\/users\/1"}],"replies":[{"embeddable":true,"href":"https:\/\/webmaibinh.com\/w\/luatsu12011\/wp-json\/wp\/v2\/comments?post=2850"}],"version-history":[{"count":7,"href":"https:\/\/webmaibinh.com\/w\/luatsu12011\/wp-json\/wp\/v2\/pages\/2850\/revisions"}],"predecessor-version":[{"id":3127,"href":"https:\/\/webmaibinh.com\/w\/luatsu12011\/wp-json\/wp\/v2\/pages\/2850\/revisions\/3127"}],"wp:attachment":[{"href":"https:\/\/webmaibinh.com\/w\/luatsu12011\/wp-json\/wp\/v2\/media?parent=2850"}],"curies":[{"name":"wp","href":"https:\/\/api.w.org\/{rel}","templated":true}]}}