{"id":940,"date":"2018-03-23T02:10:18","date_gmt":"2018-03-23T02:10:18","guid":{"rendered":"https:\/\/linhkien.khowebseotop.vn\/?post_type=product&#038;p=940"},"modified":"2018-04-23T08:43:10","modified_gmt":"2018-04-23T08:43:10","slug":"bao-da-passposrt-chinh-hang","status":"publish","type":"product","link":"https:\/\/webmaibinh.com\/w\/linhkien2011\/san-pham\/bao-da-passposrt-chinh-hang\/","title":{"rendered":"Bao da passposrt ch\u00ednh h\u00e3ng"},"content":{"rendered":"<h2>Bao da Balckberry Passposrt ch\u00ednh h\u00e3ng<\/h2>\n<p>S\u1ea3n ph\u1ea9m bao da Blackberry Passposrt ch\u00ednh h\u00e3ng l\u00e0 m\u1ed9t ph\u1ee5 ki\u1ec7n v\u00f4 c\u00f9ng c\u1ea7n thi\u1ebft \u0111\u1ec3 b\u1ea3o v\u1ec7 chi\u1ebfc m\u00e1y Blackberry Passposrt\u00a0c\u1ee7a b\u1ea1n kh\u1ecfi nh\u1eefng c\u00fa r\u01a1i ho\u1eb7c nh\u1eefng c\u1ecd s\u00e1t h\u00e0ng ng\u00e0y l\u00e0m x\u01b0\u1edbc s\u00e1t m\u1ea5t \u0111i v\u1ebb \u0111\u1eb9p\u00a0l\u1ecbch l\u00e3m v\u1ed1n c\u00f3 c\u1ee7a m\u00e1y.<\/p>\n<p>Bao da c\u00f3 thi\u1ebft k\u1ebf d\u1ea1ng r\u00fat, r\u1ea5t nh\u1ecf g\u1ecdn v\u00e0 ti\u1ec7n l\u1ee3i, v\u1eeba in v\u1edbi k\u00edch th\u01b0\u1edbc t\u1ed5ng th\u1ec3 c\u1ee7a m\u00e1y kh\u00f4ng l\u00e0m m\u00e1y c\u1ee7a c\u00e1c b\u1ea1n b\u1ecb to l\u00ean qu\u00e1 nhi\u1ec1u .<\/p>\n<p><img src=\"https:\/\/linhkien.khowebseotop.vn\/wp-content\/uploads\/2018\/04\/bao-da-passposrt-chinh-hang-940.jpg\" alt=\"bao da blackberry passposrt\" \/><\/p>\n<p>S\u1ea3n ph\u1ea9m \u0111\u01b0\u1ee3c gia c\u00f4ng t\u1eeb v\u1eadt li\u1ec7u da cao c\u1ea5p v\u00e0 \u0111\u01b0\u1ee3c kh\u00e2u th\u1ee7 c\u00f4ng b\u1eb1ng tay c\u1ef1c k\u1ef3 t\u1ec9 m\u1ec9 mang l\u1ea1i cho c\u00e1c b\u1ea1n m\u1ed9t s\u1ea3n ph\u1ea9m v\u1edbi ch\u1ea5t l\u01b0\u1ee3ng ho\u00e0n thi\u1ec7n v\u00f4 tuy\u1ec7t v\u1eddi.<\/p>\n<p><img src=\"https:\/\/linhkien.khowebseotop.vn\/wp-content\/uploads\/2018\/04\/bao-da-passposrt-chinh-hang-940-1.jpg\" alt=\"bao da passposrt\" \/><\/p>\n<p>Ngo\u00e0i t\u00e1c d\u1ee5ng b\u1ea3o v\u1ec7 m\u00e1y kh\u1ecfi c\u00e1c tr\u1ea7y x\u01b0\u1edbc kh\u00f4ng \u0111\u00e1ng c\u00f3, bao da c\u0169ng nh\u01b0 m\u1ed9t m\u00f3n \u0111\u1ed3 trang s\u1ee9c l\u00e0m to\u00e1t l\u00ean v\u1ebb c\u1ed5 \u0111i\u1ec3n\u00a0v\u00e0 l\u1ecbch l\u00e3m c\u1ee7a ch\u1ee7 nh\u00e2n s\u1edf h\u1eefu n\u00f3 v\u00f4 c\u00f9ng sang tr\u1ecdng.<\/p>\n<p><img src=\"https:\/\/linhkien.khowebseotop.vn\/wp-content\/uploads\/2018\/04\/bao-da-passposrt-chinh-hang-940-2.jpg\" alt=\"bao da passposrt\" \/><\/p>\n","protected":false},"excerpt":{"rendered":"<p>S\u1ea3n ph\u1ea9m c\u00f3 thi\u1ebft k\u1ebf v\u1eeba v\u1eb7n v\u1edbi th\u00e2n m\u00e1y.<\/p>\n<p>&#8211; C\u00f3 ch\u1ea5t l\u01b0\u1ee3ng ho\u00e0n thi\u1ec7n v\u00f4 c\u00f9ng tuy\u1ec7t v\u1eddi.<\/p>\n<p>&#8211; \u0110\u01b0\u1ee3c l\u00e0m t\u1eeb da cao c\u1ea5p v\u00e0 \u0111\u01b0\u1ee3c kh\u00e2u th\u1ee7 c\u00f4ng, mang l\u1ea1i s\u1ef1 sang tr\u1ecdng l\u1ecbch l\u00e3m\u00a0cho s\u1ea3n ph\u1ea9m.<\/p>\n","protected":false},"featured_media":941,"comment_status":"open","ping_status":"closed","template":"","meta":[],"_links":{"self":[{"href":"https:\/\/webmaibinh.com\/w\/linhkien2011\/wp-json\/wp\/v2\/product\/940"}],"collection":[{"href":"https:\/\/webmaibinh.com\/w\/linhkien2011\/wp-json\/wp\/v2\/product"}],"about":[{"href":"https:\/\/webmaibinh.com\/w\/linhkien2011\/wp-json\/wp\/v2\/types\/product"}],"replies":[{"embeddable":true,"href":"https:\/\/webmaibinh.com\/w\/linhkien2011\/wp-json\/wp\/v2\/comments?post=940"}],"wp:featuredmedia":[{"embeddable":true,"href":"https:\/\/webmaibinh.com\/w\/linhkien2011\/wp-json\/wp\/v2\/media\/941"}],"wp:attachment":[{"href":"https:\/\/webmaibinh.com\/w\/linhkien2011\/wp-json\/wp\/v2\/media?parent=940"}],"curies":[{"name":"wp","href":"https:\/\/api.w.org\/{rel}","templated":true}]}}