{"id":936,"date":"2018-03-23T02:07:33","date_gmt":"2018-03-23T02:07:33","guid":{"rendered":"https:\/\/linhkien.khowebseotop.vn\/?post_type=product&#038;p=936"},"modified":"2018-03-23T02:07:33","modified_gmt":"2018-03-23T02:07:33","slug":"gay-chup-sefile-monopod","status":"publish","type":"product","link":"https:\/\/webmaibinh.com\/w\/linhkien2011\/san-pham\/gay-chup-sefile-monopod\/","title":{"rendered":"G\u1eady ch\u1ee5p Sefile Monopod"},"content":{"rendered":"<h2>G\u1eady ch\u1ee5p h\u00ecnh t\u1ef1 s\u01b0\u1edbng h\u00e0ng x\u1ecbn.<\/h2>\n<p>G\u1eady ch\u1ee5p h\u00ecnh t\u1ef1 s\u01b0\u1edbng ch\u00ednh h\u00e3ng Monopod l\u00e0 m\u1ed9t ph\u1ee5 ki\u1ec7n l\u00e0 m\u1ed9t ph\u1ee5 ki\u1ec7n r\u1ea5t c\u1ea7n thi\u1ebft khi c\u00e1c b\u1ea1n c\u00f3 nh\u1eefng chuy\u1ebfn \u0111i ch\u01a1i xa, mu\u1ed1n l\u01b0u l\u1ea1i nh\u1eefng kho\u1ea3nh kh\u1eafc \u0111\u00e1ng nh\u1edb c\u00f9ng v\u1edbi b\u1ea1n b\u00e8 c\u1ee7a m\u00ecnh m\u00e0 kh\u00f4ng mu\u1ed1n v\u1eafng m\u1eb7t c\u1ee7a b\u1ea5t k\u1ef3 m\u1ed9t ai. Ho\u1eb7c mu\u1ed1n t\u1ef1 ch\u1ee5p l\u1ea1i nh\u1eefng c\u1ea3nh t\u01b0\u1ee3ng h\u00f9ng v\u0129 ph\u00eda sau l\u01b0ng b\u1ea1n m\u00e0 kh\u00f4ng c\u00f3 ai gi\u00fap.<\/p>\n<p><img src=\"https:\/\/hungmobile.vn\/images\/phu-kien\/11.jpg\" alt=\"G\u1eady ch\u1ee5p h\u00ecnh t\u1ef1 s\u01b0\u1edbng h\u00e0ng x\u1ecbn\" \/><\/p>\n<p>G\u1eady ch\u1ee5p h\u00ecnh t\u1ef1 s\u01b0\u1edbng d\u00e0i.<\/p>\n<p>S\u1ea3n ph\u1ea9m \u0111\u01b0\u1ee3c l\u00e0m t\u1eeb v\u1eadt li\u1ec7u th\u00e9p kh\u00f4ng g\u1ec9 r\u1ea5t b\u1ec1n v\u1edbi th\u1eddi gian,\u00a0c\u00f3 chi\u1ec1u d\u00e0i t\u1ed1i \u0111a l\u00ean t\u1edbi\u00a01 m\u00a0nh\u01b0ng c\u00f3 th\u1ec3 thu g\u1ecdn l\u1ea1i ch\u1ec9 15cm, ngo\u00e0i ra c\u0169ng c\u00f3 t\u1eebng n\u1ea5c m\u1ed9t \u0111\u1ec3 b\u1ea1n d\u1ec5 d\u00e0ng thay \u0111\u1ed5i chi\u1ec1u d\u00e0i v\u00e0 kho\u1ea3ng c\u00e1ch m\u00e0 b\u1ea1n mu\u1ed1n v\u00f4 c\u00f9ng ti\u1ec7n l\u1ee3i.<\/p>\n<p><img src=\"https:\/\/hungmobile.vn\/images\/gay-chup-anh(04).jpg\" alt=\"G\u1eady ch\u1ee5p h\u00ecnh t\u1ef1 s\u01b0\u1edbng lo\u1ea1i d\u00e0i\" \/><\/p>\n<p>S\u1ea3n ph\u1ea9m c\u0169ng c\u00f3 thi\u1ebft k\u1ebf r\u1ea5t tr\u1ebb trung \u0111a d\u1ea1ng v\u1ec1 m\u1ea7u s\u1eafc cho c\u00e1c b\u1ea1n tho\u1ea3i m\u00e1i l\u1ef1a ch\u1ecdn.<\/p>\n<p><img src=\"https:\/\/hungmobile.vn\/images\/phu-kien\/gay-chup-anh(01).jpg\" alt=\"g\u1eady ch\u1ee5p h\u00ecnh t\u1ef1 s\u01b0\u1edbng lo\u1ea1i d\u00e0i\" \/><\/p>\n","protected":false},"excerpt":{"rendered":"<p>&#8211; L\u00e0 s\u1ea3n ph\u1ea9m ch\u00ednh h\u00e3ng MoNopod.<\/p>\n<p>&#8211; \u00a0Thi\u1ebft g\u1ecdn g\u00e0ng tr\u1ebb trung nhi\u1ec1u m\u1ea7u s\u1eafc.<\/p>\n<p>&#8211; C\u00f3 chi\u1ec1u d\u00e0i t\u1ed1i \u0111a h\u01a1n 1 m v\u00e0 c\u00f3 th\u1ec3 thu g\u1ecdn l\u1ea1i ch\u1ec9 15Cm v\u00f4 c\u00f9ng ti\u1ec7n l\u1ee3i.<\/p>\n<p>&#8211; \u0110\u01b0\u1ee3c l\u00e0m t\u1eeb th\u00e9p kh\u00f4ng g\u1ec9 ch\u1ea5t l\u01b0\u1ee3ng t\u1ed1t v\u00e0 \u0111\u1ed9 b\u1ec1n cao theo th\u1eddi gian.<\/p>\n","protected":false},"featured_media":937,"comment_status":"open","ping_status":"closed","template":"","meta":[],"_links":{"self":[{"href":"https:\/\/webmaibinh.com\/w\/linhkien2011\/wp-json\/wp\/v2\/product\/936"}],"collection":[{"href":"https:\/\/webmaibinh.com\/w\/linhkien2011\/wp-json\/wp\/v2\/product"}],"about":[{"href":"https:\/\/webmaibinh.com\/w\/linhkien2011\/wp-json\/wp\/v2\/types\/product"}],"replies":[{"embeddable":true,"href":"https:\/\/webmaibinh.com\/w\/linhkien2011\/wp-json\/wp\/v2\/comments?post=936"}],"wp:featuredmedia":[{"embeddable":true,"href":"https:\/\/webmaibinh.com\/w\/linhkien2011\/wp-json\/wp\/v2\/media\/937"}],"wp:attachment":[{"href":"https:\/\/webmaibinh.com\/w\/linhkien2011\/wp-json\/wp\/v2\/media?parent=936"}],"curies":[{"name":"wp","href":"https:\/\/api.w.org\/{rel}","templated":true}]}}