{"id":928,"date":"2018-03-23T01:59:08","date_gmt":"2018-03-23T01:59:08","guid":{"rendered":"https:\/\/linhkien.khowebseotop.vn\/?post_type=product&#038;p=928"},"modified":"2018-03-23T01:59:08","modified_gmt":"2018-03-23T01:59:08","slug":"xiaomi-redmi-5-plus-32gb-ram-3gb-moi-nguyen-seal","status":"publish","type":"product","link":"https:\/\/webmaibinh.com\/w\/linhkien2011\/san-pham\/xiaomi-redmi-5-plus-32gb-ram-3gb-moi-nguyen-seal\/","title":{"rendered":"Xiaomi Redmi 5 Plus 32GB (Ram 3GB) m\u1edbi nguy\u00ean Seal"},"content":{"rendered":"<h2>Mua \u0111i\u1ec7n tho\u1ea1i Xiaomi Redmi 5 Plus ( 32GB &#8211; Ram 3GB ) x\u00e1ch tay gi\u00e1 r\u1ebb<\/h2>\n<p>Trong nh\u1eefng ng\u00e0y v\u1eeba qua th\u00ec Xiaomi ch\u00ednh th\u1ee9c gi\u1edbi thi\u1ec7u b\u1ed9 \u0111\u00f4i Redmi 5 v\u00e0 5 Plus t\u1ea1i th\u1ecb tr\u01b0\u1eddng Trung Qu\u1ed1c. \u0110\u00e2y l\u00e0 phi\u00ean b\u1ea3n n\u00e2ng c\u1ea5p c\u1ee7a nh\u1eefng m\u1eabu\u00a0<a href=\"https:\/\/hungmobile.vn\/timkiem?search=redmi+4x\" rel=\"nofollow\">Redmi 4X<\/a>\u00a0v\u00e0\u00a0<a href=\"https:\/\/hungmobile.vn\/timkiem?search=note+4x\" rel=\"nofllow\">Note 4X<\/a>\u00a0n\u0103m ngo\u00e1i c\u1ee7a h\u00e3ng. Redmi 5 Plus c\u00f3 thay \u0111\u1ed5i nhi\u1ec1u nh\u1ea5t n\u1eb1m \u1edf thi\u1ebft k\u1ebf c\u1ee7a m\u00e1y khi\u1ebfn m\u1ed9t chi\u1ebfc m\u00e1y t\u1ea7m trung nh\u01b0ng sang tr\u1ecdng kh\u00f4ng thua k\u00e9m nh\u1eefng s\u1ea3n ph\u1ea9m cao c\u1ea5p kh\u00e1c. S\u1ea3n ph\u1ea9m \u0111\u00e3 c\u00f3 h\u00e0ng t\u1ea1i HungMobile v\u1edbi m\u1ee9c gi\u00e1 c\u1ef1c k\u00ec c\u1ea1nh tranh.<\/p>\n<p><iframe src=\"https:\/\/www.youtube.com\/embed\/jePtfA1W2Hs\" width=\"640\" height=\"360\" frameborder=\"0\" allowfullscreen=\"allowfullscreen\" data-mce-fragment=\"1\"><\/iframe><\/p>\n<h2>Redmi 5 Plus c\u00f3 thi\u1ebft k\u1ebf tinh t\u1ebf, sang tr\u1ecdng<\/h2>\n<p>Thi\u1ebft k\u1ebf c\u1ee7a d\u00f2ng Redmi v\u1ed1n \u0111\u00e3 \u0111\u01b0\u1ee3c \u0111\u00e1nh gi\u00e1 kh\u00e1 t\u1ed1t t\u1eeb tr\u01b0\u1edbc t\u1edbi nay v\u00e0 \u1edf Redmi 5 Plus c\u0169ng s\u1ebd kh\u00f4ng l\u00e0m b\u1ea1n th\u1ea5t v\u1ecdng. S\u1edf h\u1eefu ch\u1ea5t li\u1ec7u kim lo\u1ea1i l\u00e0m ch\u1ee7 \u0111\u1ea1o trong\u00a0thi\u1ebft k\u1ebf khung c\u1ee7a \u0111i\u1ec7n tho\u1ea1i v\u1edbi 2 khung nh\u1ef1a nh\u1ecf tr\u00ean d\u01b0\u1edbi, m\u00e0n h\u00ecnh cong 2.5D. V\u1edbi thi\u1ebft k\u1ebf n\u00e0y,\u00a0c\u1ea3m gi\u00e1c c\u1ea7m n\u1eafm Redmi 5 Plus l\u00e0 r\u1ea5t tho\u1ea3i m\u00e1i v\u1edbi c\u00e1c \u0111\u01b0\u1eddng cong nh\u1eb9 nh\u00e0ng xung quanh th\u00e2n m\u00e1y khi\u1ebfn tay kh\u00f4ng b\u1ecb c\u1ea5n hay s\u1eed d\u1ee5ng l\u00e2u d\u00e0i.<\/p>\n<p><img src=\"https:\/\/hungmobile.vn\/images\/dien-thoai\/xiaomi-redmi-5-plus-(10).jpg\" alt=\"M\u1eb7t sau Xiaomi Redmi 5 Plus \" \/><\/p>\n<p>M\u1eb7t sau c\u1ee7a m\u00e1y c\u00f3 camera v\u00e0 c\u1ea3m bi\u1ebfn v\u00e2n tay 1 ch\u1ea1m \u0111\u01b0\u1ee3c \u0111\u1eb7t \u1edf gi\u1eefa.<\/p>\n<h2>M\u00e0n h\u00ecnh l\u1edbn 5.99&#8243; inch t\u1ec9 l\u1ec7 18:9 l\u1ea1 m\u1eaft<\/h2>\n<p>Hi\u1ebfm c\u00f3 d\u00f2ng t\u1ea7m trung n\u00e0o tr\u00ean th\u1ecb tr\u01b0\u1eddng hi\u1ec7n t\u1ea1i \u0111\u01b0\u1ee3c trang b\u1ecb m\u00e0n h\u00ecnh t\u1ec9 l\u1ec7 18:9 nh\u01b0 Redmi 5 Plus. V\u1edbi m\u1ed9t m\u00e0n h\u00ecnh l\u1edbn 5.99&#8243; inch v\u00e0 t\u1ec9 l\u1ec7 18:9 \u0111\u1ed9 ph\u00e2n gi\u1ea3i\u00a0Full HD+ (1080 x 2160 pixels) th\u00ec Redmi 5 Plus \u0111em \u0111\u1ebfn cho ng\u01b0\u1eddi d\u00f9ng m\u1ed9t tr\u1ea3i nghi\u1ec7m kh\u00e1 l\u00e0 l\u1ea1 m\u1eaft. T\u1ea5m n\u1ec1n IPS LCD c\u0169ng gi\u00fap Redmi 5 Plus hi\u1ec3n th\u1ecb m\u00e0u s\u1eafc trung th\u1ef1c, t\u00e1i t\u1ea1o h\u00ecnh \u1ea3nh s\u1eafc n\u00e9t.<\/p>\n<p><img src=\"https:\/\/hungmobile.vn\/images\/dien-thoai\/xiaomi-redmi-5-plus-(05).jpg\" alt=\"Xiaomi Redmi 5 Plus gi\u00e1 r\u1ebb\" \/><\/p>\n<h2>Hi\u1ec7u n\u0103ng \u0111\u01b0\u1ee3c t\u1ed1i \u01b0u m\u01b0\u1ee3t m\u00e0<\/h2>\n<p>V\u1ec1 c\u1ea5u h\u00ecnh th\u00ec Redmi 5 Plus \u0111\u01b0\u1ee3c trang b\u1ecb con chip SnapDragon 625 8 nh\u00e2n 64 bit k\u1ebft h\u1ee3p v\u1edbi 3GB Ram v\u00e0 chip \u0111\u1ed3 h\u1ecda Adreno 506\u00a0\u0111\u1ea3m b\u1ea3o m\u01b0\u1ee3t m\u00e0 c\u00e1c t\u00e1c v\u1ee5 h\u00e0ng ng\u00e0y. B\u1ed9 nh\u1edb trong c\u00f3 dung l\u01b0\u1ee3ng 32GB nh\u01b0ng m\u00e1y v\u1eabn h\u1ed7 tr\u1ee3 th\u1ebb nh\u1edb ngo\u00e0i m\u1edf r\u1ed9ng l\u00ean \u0111\u1ebfn 128GB.<\/p>\n<p><img src=\"https:\/\/hungmobile.vn\/images\/dien-thoai\/xiaomi-redmi-5-plus-(07).jpg\" alt=\"Xiaomi Redmi 5 Plus gi\u00e1 r\u1ebb\" \/><\/p>\n<p>Xiaomi Redmi 5 Plus \u0111\u01b0\u1ee3c ch\u1ea1y s\u1eb5n h\u1ec7 \u0111i\u1ec1u h\u00e0nh Adroid 7.1.2 v\u1edbi giao di\u1ec7n MIUI 9 m\u1edbi nh\u1ea5t.<\/p>\n<h2>Camera<\/h2>\n<p>V\u1ec1 camera, Xiaomi trang b\u1ecb cho Redmi 5 Plus m\u1ed9t c\u1ea3m bi\u1ebfn 12MP, kh\u1ea9u \u0111\u1ed9 f\/2.2 \u1edf ph\u00eda sau c\u00f9ng flash LED tr\u1ee3 s\u00e1ng. Trong khi \u0111\u00f3, camera tr\u01b0\u1edbc c\u1ee7a \u0111i\u1ec7n tho\u1ea1i c\u00f3 \u0111\u1ed9 ph\u00e2n gi\u1ea3i 5MP v\u1edbi ch\u1ebf \u0111\u1ed9 ch\u1ee5p \u1ea3nh t\u1ef1 s\u01b0\u1edbng \u0111\u1eb7c bi\u1ec7t c\u1ee7a h\u00e3ng v\u00e0 t\u00ednh n\u0103ng l\u00e0m \u0111\u1eb9p th\u00f4ng minh Beauty Xiaomi 3.0 gi\u00fap b\u1ea1n d\u1ec5 d\u00e0ng c\u00f3 nh\u1eefng b\u1ee9c h\u00ecnh Sefile \u0111\u1eb9p v\u00e0 \u1ea5n t\u01b0\u1ee3ng nh\u1ea5t.<\/p>\n<p><img src=\"https:\/\/hungmobile.vn\/images\/dien-thoai\/xiaomi-redmi-5-plus-(06).jpg\" alt=\"Camera tr\u00ean Redmi 5 Plus\" \/><\/p>\n<h2>Th\u1eddi l\u01b0\u1ee3ng pin<\/h2>\n<p>Redmi 5 Plus \u0111\u01b0\u1ee3c trang b\u1ecb th\u1ecfi pin c\u00f3 dung l\u01b0\u1ee3ng kh\u00e1 l\u1edbn l\u00ean \u0111\u1ebfn 4000mAh, v\u1edbi dung l\u01b0\u1ee3ng n\u00e0y m\u00e1y ho\u00e0n to\u00e0n c\u00f3 th\u1ec3 s\u1eed d\u1ee5ng tho\u1ea3i m\u00e1i trong 1 t\u1edbi 2 ng\u00e0y v\u00e0 c\u00f3 th\u1eddi gian ch\u1edd l\u00ean \u0111\u1ebfn 12 ng\u00e0y theo c\u00f4ng b\u1ed1 c\u1ee7a nh\u00e0 s\u1ea3n xu\u1ea5t.<\/p>\n","protected":false},"excerpt":{"rendered":"<p>Mua \u0111i\u1ec7n tho\u1ea1i Xiaomi Redmi 5 Plus ( 32GB &#8211; Ram 3GB ) x\u00e1ch tay gi\u00e1 r\u1ebb Trong nh\u1eefng ng\u00e0y v\u1eeba qua th\u00ec Xiaomi ch\u00ednh th\u1ee9c gi\u1edbi thi\u1ec7u b\u1ed9 \u0111\u00f4i Redmi 5 v\u00e0 5 Plus t\u1ea1i th\u1ecb tr\u01b0\u1eddng Trung Qu\u1ed1c. \u0110\u00e2y l\u00e0 phi\u00ean b\u1ea3n n\u00e2ng c\u1ea5p c\u1ee7a nh\u1eefng m\u1eabu\u00a0Redmi 4X\u00a0v\u00e0\u00a0Note 4X\u00a0n\u0103m ngo\u00e1i c\u1ee7a h\u00e3ng. Redmi 5 Plus c\u00f3 thay \u0111\u1ed5i nhi\u1ec1u nh\u1ea5t n\u1eb1m \u1edf thi\u1ebft k\u1ebf c\u1ee7a m\u00e1y khi\u1ebfn m\u1ed9t chi\u1ebfc m\u00e1y t\u1ea7m trung nh\u01b0ng sang tr\u1ecdng kh\u00f4ng thua k\u00e9m [&#8230;]\n","protected":false},"featured_media":929,"comment_status":"open","ping_status":"closed","template":"","meta":[],"_links":{"self":[{"href":"https:\/\/webmaibinh.com\/w\/linhkien2011\/wp-json\/wp\/v2\/product\/928"}],"collection":[{"href":"https:\/\/webmaibinh.com\/w\/linhkien2011\/wp-json\/wp\/v2\/product"}],"about":[{"href":"https:\/\/webmaibinh.com\/w\/linhkien2011\/wp-json\/wp\/v2\/types\/product"}],"replies":[{"embeddable":true,"href":"https:\/\/webmaibinh.com\/w\/linhkien2011\/wp-json\/wp\/v2\/comments?post=928"}],"wp:featuredmedia":[{"embeddable":true,"href":"https:\/\/webmaibinh.com\/w\/linhkien2011\/wp-json\/wp\/v2\/media\/929"}],"wp:attachment":[{"href":"https:\/\/webmaibinh.com\/w\/linhkien2011\/wp-json\/wp\/v2\/media?parent=928"}],"curies":[{"name":"wp","href":"https:\/\/api.w.org\/{rel}","templated":true}]}}