{"id":1224,"date":"2018-04-23T08:34:52","date_gmt":"2018-04-23T08:34:52","guid":{"rendered":"https:\/\/linhkien.khowebseotop.vn\/?post_type=product&#038;p=1224"},"modified":"2018-04-23T08:34:52","modified_gmt":"2018-04-23T08:34:52","slug":"bo-chuyen-doi-khong-day-pci","status":"publish","type":"product","link":"https:\/\/webmaibinh.com\/w\/linhkien2011\/san-pham\/bo-chuyen-doi-khong-day-pci\/","title":{"rendered":"B\u1ed9 chuy\u1ec3n \u0111\u1ed5i kh\u00f4ng d\u00e2y PCI"},"content":{"rendered":"<h2><strong>B\u1ed9 Chuy\u1ec3n \u0110\u1ed5i PCI Express Kh\u00f4ng D\u00e2y Chu\u1ea9n N T\u1ed1c \u0110\u1ed9 300Mbps TL-WN881ND<\/strong><\/h2>\n<p style=\"font-weight: 400;\">\n<p style=\"font-weight: 400;\"><em><strong>Ch\u1ee9c N\u0103ng C\u1ee7a S\u1ea3n Ph\u1ea9m<\/strong><\/em><\/p>\n<p style=\"font-weight: 400;\">&#8211;\u00a0<a href=\"http:\/\/duylinhlaptop.vn\/thiet-bi-thu-wifi\/bo-chuyen-doi-pci-toc-do-300mbps-tl-wn881nd.html\"><strong>B\u1ed9 chuy\u1ec3n \u0111\u1ed5i kh\u00f4ng d\u00e2y chu\u1ea9n N PCI Express 2.0(x1) TL-WN881ND<\/strong><\/a>\u00a0cho ph\u00e9p b\u1ea1n k\u1ebft n\u1ed1i m\u1ed9t m\u00e1y t\u00ednh \u0111\u1ec3 b\u00e0n t\u1edbi m\u1ed9t m\u1ea1ng kh\u00f4ng d\u00e2y v\u00e0 truy c\u1eadp k\u1ebft n\u1ed1i Internet t\u1ed1c \u0111\u1ed9 cao. Tu\u00e2n theo chu\u1ea9n IEEE 802.11n, ch\u00fang cung c\u1ea5p t\u1ed1c \u0111\u1ed9 kh\u00f4ng d\u00e2y l\u00ean t\u1edbi 300Mbps, mang t\u1edbi s\u1ef1 ti\u1ec7n \u00edch cho vi\u1ec7c ch\u01a1i tr\u00f2 ch\u01a1i tr\u1ef1c tuy\u1ebfn hay ngay c\u1ea3 xem Video HD tr\u1ef1c tuy\u1ebfn.<\/p>\n<p style=\"font-weight: 400;\"><em><strong>Kh\u00f4ng D\u00e2y Chu\u1ea9n N &#8211; T\u1ed1c \u0110\u1ed9 &amp; Ph\u1ea1m Vi<\/strong><\/em><\/p>\n<p style=\"font-weight: 400;\">&#8211; C\u00f4ng ngh\u1ec7 MIMO (\u0102ngten nhi\u1ec1u ng\u00f5 v\u00e0o, nhi\u1ec1u ng\u00f5 ra) cho th\u1ea5y kh\u1ea3 n\u0103ng tuy\u1ec7t v\u1eddi c\u1ee7a vi\u1ec7c h\u1ea1n ch\u1ebf m\u1ea5t m\u00e1t d\u1eef li\u1ec7u khi truy\u1ec1n v\u1edbi kho\u1ea3ng c\u00e1ch xa v\u00e0 kh\u1ea3 n\u0103ng xuy\u00ean qua c\u00e1c ch\u01b0\u1edbng ng\u1ea1i v\u1eadt trong v\u0103n ph\u00f2ng ho\u1eb7c c\u0103n h\u1ed9 l\u1edbn hay th\u1eadm ch\u00ed c\u1ea3 t\u00f2a nh\u00e0 b\u00ea t\u00f4ng c\u1ed1t th\u00e9p. V\u1edbi t\u1ea5t c\u1ea3 nh\u1eefng \u0111i\u1ec1u tr\u00ean, b\u1ea1n c\u00f3 th\u1ec3 d\u1ec5 d\u00e0ng k\u1ebft n\u1ed1i v\u00e0o m\u1ea1ng kh\u00f4ng d\u00e2y \u1edf kho\u1ea3ng c\u00e1ch xa, t\u1edbi nh\u1eefng n\u01a1i m\u00e0 s\u1ea3n ph\u1ea9m chu\u1ea9n 11g tr\u01b0\u1edbc kia kh\u00f4ng th\u1ec3 l\u00e0m \u0111\u01b0\u1ee3c.<\/p>\n<p style=\"font-weight: 400;\"><em><strong>C\u00f4ng ngh\u1ec7 CCA &#8211; T\u00edn hi\u1ec7u kh\u00f4ng d\u00e2y \u1ed5n \u0111\u1ecbnh<\/strong><\/em><\/p>\n<p style=\"font-weight: 400;\">&#8211; C\u00f4ng ngh\u1ec7 \u0110\u00e1nh gi\u00e1 k\u00eanh r\u00f5 r\u00e0ng (CCA) s\u1ebd t\u1ef1 \u0111\u1ed9ng tr\u00e1nh xung \u0111\u1ed9t k\u00eanh b\u1eb1ng c\u00e1ch s\u1eed d\u1ee5ng ch\u1ee9c n\u0103ng ch\u1ecdn k\u00eanh r\u00f5 r\u00e0ng v\u00e0 nh\u1eadn ra \u0111\u1ea7y d\u1ee7 c\u00e1c \u1ee9u \u0111i\u1ec3m c\u1ee7a k\u1ebft h\u1ee3p k\u00eanh, n\u00e2ng cao hi\u1ec7u qu\u1ea3 c\u1ee7a m\u1ea1ng kh\u00f4ng d\u00e2y.<\/p>\n<p style=\"font-weight: 400;\">\n","protected":false},"excerpt":{"rendered":"<p>B\u1ed9 Chuy\u1ec3n \u0110\u1ed5i PCI Express Kh\u00f4ng D\u00e2y Chu\u1ea9n N T\u1ed1c \u0110\u1ed9 300Mbps TL-WN881ND Ch\u1ee9c N\u0103ng C\u1ee7a S\u1ea3n Ph\u1ea9m &#8211;\u00a0B\u1ed9 chuy\u1ec3n \u0111\u1ed5i kh\u00f4ng d\u00e2y chu\u1ea9n N PCI Express 2.0(x1) TL-WN881ND\u00a0cho ph\u00e9p b\u1ea1n k\u1ebft n\u1ed1i m\u1ed9t m\u00e1y t\u00ednh \u0111\u1ec3 b\u00e0n t\u1edbi m\u1ed9t m\u1ea1ng kh\u00f4ng d\u00e2y v\u00e0 truy c\u1eadp k\u1ebft n\u1ed1i Internet t\u1ed1c \u0111\u1ed9 cao. Tu\u00e2n theo chu\u1ea9n IEEE 802.11n, ch\u00fang cung c\u1ea5p t\u1ed1c \u0111\u1ed9 kh\u00f4ng d\u00e2y l\u00ean t\u1edbi 300Mbps, mang t\u1edbi s\u1ef1 ti\u1ec7n \u00edch cho vi\u1ec7c ch\u01a1i tr\u00f2 ch\u01a1i tr\u1ef1c tuy\u1ebfn hay [&#8230;]\n","protected":false},"featured_media":1225,"comment_status":"open","ping_status":"closed","template":"","meta":[],"_links":{"self":[{"href":"https:\/\/webmaibinh.com\/w\/linhkien2011\/wp-json\/wp\/v2\/product\/1224"}],"collection":[{"href":"https:\/\/webmaibinh.com\/w\/linhkien2011\/wp-json\/wp\/v2\/product"}],"about":[{"href":"https:\/\/webmaibinh.com\/w\/linhkien2011\/wp-json\/wp\/v2\/types\/product"}],"replies":[{"embeddable":true,"href":"https:\/\/webmaibinh.com\/w\/linhkien2011\/wp-json\/wp\/v2\/comments?post=1224"}],"wp:featuredmedia":[{"embeddable":true,"href":"https:\/\/webmaibinh.com\/w\/linhkien2011\/wp-json\/wp\/v2\/media\/1225"}],"wp:attachment":[{"href":"https:\/\/webmaibinh.com\/w\/linhkien2011\/wp-json\/wp\/v2\/media?parent=1224"}],"curies":[{"name":"wp","href":"https:\/\/api.w.org\/{rel}","templated":true}]}}