{"id":958,"date":"2018-03-23T02:47:24","date_gmt":"2018-03-23T02:47:24","guid":{"rendered":"https:\/\/linhkien.khowebseotop.vn\/?page_id=958"},"modified":"2018-04-23T10:23:23","modified_gmt":"2018-04-23T10:23:23","slug":"huong-dan-mua-hang-tu-xa","status":"publish","type":"page","link":"https:\/\/webmaibinh.com\/w\/linhkien2011\/huong-dan-mua-hang-tu-xa\/","title":{"rendered":"H\u01b0\u1edbng d\u1eabn mua h\u00e0ng t\u1eeb xa"},"content":{"rendered":"<h1 class=\"h1p\">H\u01b0\u1edbng D\u1eabn Mua H\u00e0ng T\u1ea1i Duy Linh Laptop<\/h1>\n<div class=\"intro\">\n<div class=\"intro\">\n<div>\n<p><strong>C\u00d4NG TY TNHH TH\u01af\u01a0NG M\u1ea0I D\u1ecaCH V\u1ee4 TIN H\u1eccC DUY LINH LAPTOP<\/p>\n<p><\/strong>MST : 0107337711<strong><br \/>\nS\u1ed1 TK \u00a0 : 1303201053359\u00a0<\/strong><strong>ng\u00e2n h\u00e0ng\u00a0Agribank\u00a0&#8211; Chi nh\u00e1nh Hai B\u00e0 Tr\u01b0ng<\/strong><br \/>\n\u0110\/C \u00a0: S\u1ed1 11- 15 L\u00ea Thanh Ngh\u1ecb &#8211; \u00a0B\u1ea1ch Mai &#8211; Hai B\u00e0 Tr\u01b0ng &#8211; TP. H\u00e0 N\u1ed9i<strong><br \/>\n<\/strong><strong>\u00a0 \u00a0<\/strong><strong><br \/>\n<\/strong>1<strong>,T\u00e0i kho\u1ea3n ng\u00e2n h\u00e0ng\u00a0Vietcombank\u00a0&#8211; Chi nh\u00e1nh H\u00e0 Th\u00e0nh<br \/>\n&#8211; S\u1ed1 TK \u00a0 : 069.1001.456789<br \/>\n&#8211; Ch\u1ee7 TK : Ph\u1ea1m Trung Ki\u00ean<\/strong><strong><\/p>\n<p><\/strong><strong>2,T\u00e0i kho\u1ea3n ng\u00e2n h\u00e0ng\u00a0MBBank\u00a0&#8211; Chi nh\u00e1nh Hai B\u00e0 Tr\u01b0ng<br \/>\n&#8211; S\u1ed1 TK \u00a0 : 07101.666.99999<br \/>\n&#8211; Ch\u1ee7 TK : Ph\u1ea1m Trung Ki\u00ean<br \/>\n<\/strong><strong><br \/>\n3. T\u00e0i Kho\u1ea3n ng\u00e2n h\u00e0ng\u00a0BIDV\u00a0&#8211; Chi nh\u00e1nh Th\u0103ng Long<br \/>\n&#8211; S\u1ed1 TK : 22010000697539<br \/>\n&#8211;\u00a0<\/strong><strong>Ch\u1ee7 TK : Ph\u1ea1m Trung Ki\u00ean<\/p>\n<p>4. T\u00e0i Kho\u1ea3n ng\u00e2n h\u00e0ng\u00a0Viettinbank\u00a0&#8211; Chi nh\u00e1nh Hai B\u00e0 Tr\u01b0ng<br \/>\n<\/strong><strong>\u00a0 \u00a0 &#8211; S\u1ed1 TK : 101867570165<br \/>\n&#8211;\u00a0<\/strong><strong>Ch\u1ee7 TK :\u00a0<\/strong><strong>Ph\u1ea1m Trung Ki\u00ean<\/p>\n<p><\/strong><strong>5.\u00a0<\/strong><strong>T\u00e0i Kho\u1ea3n ng\u00e2n h\u00e0ng\u00a0Agribank\u00a0&#8211; Chi nh\u00e1nh H\u00e0 Th\u00e0nh<br \/>\n<\/strong><strong>\u00a0 \u00a0 &#8211; S\u1ed1 TK : 1303206277728<br \/>\n&#8211;\u00a0<\/strong><strong>Ch\u1ee7 TK :\u00a0<\/strong><strong>Ph\u1ea1m Trung Ki\u00ean<\/strong><strong><\/p>\n<p><\/strong><strong><\/p>\n<p><\/strong>\u00a0Duy Linh chuy\u00ean b\u00e1n bu\u00f4n, b\u00e1n l\u1ebb c\u00e1c m\u1eb7t h\u00e0ng:<strong>\u00a0<a href=\"https:\/\/web.archive.org\/web\/20161030034119\/http:\/\/duylinhlaptop.vn\/linh-kien-pc\/\">Linh Ki\u1ec7n M\u00e1y T\u00ednh<\/a>\u00a0PC \u2013 LAPTOP<\/strong>,\u00a0phu\u0323 ki\u00ea\u0323n laptop, B\u1ed9 chuy\u1ec3n \u0111\u1ed5i t\u00edn hi\u1ec7u,\u00a0<a href=\"https:\/\/web.archive.org\/web\/20161030034119\/http:\/\/duylinhlaptop.vn\/cap-chuyen-doi-tin-hieu\/\">c\u00e1p chuy\u1ec3n \u0111\u1ed5i<\/a>\u00a0HDMI, VGA, DVI,Displayport,\u00a0<a href=\"https:\/\/web.archive.org\/web\/20161030034119\/http:\/\/duylinhlaptop.vn\/cap-usb-type-c\/\">USB Type C<\/a>. D\u00e2y t\u00edn hi\u1ec7u c\u00e1c lo\u1ea1i, Thi\u1ebft b\u1ecb ngo\u1ea1i vi..v.v..H\u1ed7 tr\u1ee3 giao h\u00e0ng \u0111\u1ebfn m\u1ecdi ng\u00f5 ng\u00e1ch nh\u00e0 b\u1ea1n, thanh to\u00e1n qua th\u1ebb\u00a0nhanh ch\u00f3ng ti\u1ebft ki\u1ec7m th\u1eddi gian c\u1ee7a Qu\u00fd kh\u00e1ch.<\/p>\n<p>B\u00ean ca\u0323nh vi\u00ea\u0323c cung c\u00e2\u0301p ca\u0301c gia\u0309i pha\u0301p c\u00f4ng ngh\u00ea\u0323 ti\u00ean ti\u00ea\u0301n chu\u0301ng t\u00f4i co\u0300n cung c\u00e2\u0301p di\u0323ch vu\u0323\u00a0<strong><a href=\"https:\/\/web.archive.org\/web\/20161030034119\/http:\/\/duylinhlaptop.vn\/sua-chua-laptop\/\">s\u01b0\u0309a ch\u01b0\u0303a ma\u0301y ti\u0301nh<\/a><\/strong>,\u00a0<strong>laptop<\/strong>\u00a0uy ti\u0301n chuy\u00ean nghi\u00ea\u0323p, cu\u0300ng v\u01a1\u0301i \u0111\u00f4\u0323i ngu\u0303 nh\u00e2n vi\u00ean gia\u0300u kinh nghi\u00ea\u0323m, nhi\u00ea\u0323t ti\u0300nh v\u01a1\u0301i kha\u0301ch ha\u0300ng, ca\u0301c ba\u0323n co\u0301 th\u00ea\u0309 y\u00ean t\u00e2m khi \u0111\u00ea\u0301n v\u01a1\u0301i trung t\u00e2m ba\u0309o ha\u0300nh &#8211; di\u0323ch vu\u0323 s\u01b0\u0309a ch\u01b0\u0303a ma\u0301y ti\u0301nh, laptop cu\u0309a\u00a0<strong><a href=\"https:\/\/web.archive.org\/web\/20161030034119\/http:\/\/duylinhlaptop.vn\/\">DUYLINHLAPTOP.VN<\/a><\/strong>.<\/p>\n<p>Ph\u01b0\u01a1ng ch\u00e2m \u201c<strong>UY T\u00cdN \u2013 CH\u1ea4T L\u01af\u1ee2NG \u2013 GI\u00c1 C\u1ea2 -D\u1ecaCH V\u1ee4 T\u1ed0T NH\u1ea4T<\/strong>\u201d.\u00a0<em><strong>C\u00f4ng Ty DUY LINH<\/strong><\/em>\u00a0\u0111\u00e3 \u0111\u01b0\u1ee3c s\u1ef1 t\u00edn nhi\u1ec7m r\u1ea5t cao t\u1eeb c\u00e1c Kh\u00e1ch H\u00e0ng, C\u00f4ng Ty B\u00e1n Bu\u00f4n Linh Ki\u1ec7n M\u00e1y laptop T\u00ednh Uy T\u00edn t\u1ea1i \u00a0H\u00c0 N\u1ed8I v\u00e0 c\u00e1c T\u1ec9nh kh\u00e1c tr\u00ean to\u00e0n qu\u1ed1c.<\/p>\n<\/div>\n<\/div>\n<\/div>\n","protected":false},"excerpt":{"rendered":"<p>H\u01b0\u1edbng D\u1eabn Mua H\u00e0ng T\u1ea1i Duy Linh Laptop C\u00d4NG TY TNHH TH\u01af\u01a0NG M\u1ea0I D\u1ecaCH V\u1ee4 TIN H\u1eccC DUY LINH LAPTOP MST : 0107337711 S\u1ed1 TK \u00a0 : 1303201053359\u00a0ng\u00e2n h\u00e0ng\u00a0Agribank\u00a0&#8211; Chi nh\u00e1nh Hai B\u00e0 Tr\u01b0ng \u0110\/C \u00a0: S\u1ed1 11- 15 L\u00ea Thanh Ngh\u1ecb &#8211; \u00a0B\u1ea1ch Mai &#8211; Hai B\u00e0 Tr\u01b0ng &#8211; TP. H\u00e0 N\u1ed9i \u00a0 \u00a0 1,T\u00e0i kho\u1ea3n ng\u00e2n h\u00e0ng\u00a0Vietcombank\u00a0&#8211; Chi nh\u00e1nh H\u00e0 Th\u00e0nh &#8211; S\u1ed1 TK \u00a0 : 069.1001.456789 &#8211; Ch\u1ee7 TK : Ph\u1ea1m Trung Ki\u00ean 2,T\u00e0i kho\u1ea3n ng\u00e2n h\u00e0ng\u00a0MBBank\u00a0&#8211; [&#8230;]\n","protected":false},"author":1,"featured_media":0,"parent":0,"menu_order":0,"comment_status":"closed","ping_status":"closed","template":"page-left-sidebar.php","meta":[],"_links":{"self":[{"href":"https:\/\/webmaibinh.com\/w\/linhkien2011\/wp-json\/wp\/v2\/pages\/958"}],"collection":[{"href":"https:\/\/webmaibinh.com\/w\/linhkien2011\/wp-json\/wp\/v2\/pages"}],"about":[{"href":"https:\/\/webmaibinh.com\/w\/linhkien2011\/wp-json\/wp\/v2\/types\/page"}],"author":[{"embeddable":true,"href":"https:\/\/webmaibinh.com\/w\/linhkien2011\/wp-json\/wp\/v2\/users\/1"}],"replies":[{"embeddable":true,"href":"https:\/\/webmaibinh.com\/w\/linhkien2011\/wp-json\/wp\/v2\/comments?post=958"}],"version-history":[{"count":2,"href":"https:\/\/webmaibinh.com\/w\/linhkien2011\/wp-json\/wp\/v2\/pages\/958\/revisions"}],"predecessor-version":[{"id":1247,"href":"https:\/\/webmaibinh.com\/w\/linhkien2011\/wp-json\/wp\/v2\/pages\/958\/revisions\/1247"}],"wp:attachment":[{"href":"https:\/\/webmaibinh.com\/w\/linhkien2011\/wp-json\/wp\/v2\/media?parent=958"}],"curies":[{"name":"wp","href":"https:\/\/api.w.org\/{rel}","templated":true}]}}