{"id":925,"date":"2017-06-05T02:57:37","date_gmt":"2017-06-05T02:57:37","guid":{"rendered":"https:\/\/laptop1.khowebseotop.vn\/?page_id=925"},"modified":"2017-06-05T02:57:37","modified_gmt":"2017-06-05T02:57:37","slug":"chinh-sach-bao-hanh","status":"publish","type":"page","link":"https:\/\/webmaibinh.com\/w\/laptop12011\/chinh-sach-bao-hanh\/","title":{"rendered":"Ch\u00ednh s\u00e1ch b\u1ea3o h\u00e0nh"},"content":{"rendered":"<p>ch\u00ednh s\u00e1ch b\u1ea3o h\u00e0nh<\/p>\n","protected":false},"excerpt":{"rendered":"<p>ch\u00ednh s\u00e1ch b\u1ea3o h\u00e0nh<\/p>\n","protected":false},"author":1,"featured_media":0,"parent":0,"menu_order":0,"comment_status":"closed","ping_status":"closed","template":"","meta":[],"_links":{"self":[{"href":"https:\/\/webmaibinh.com\/w\/laptop12011\/wp-json\/wp\/v2\/pages\/925"}],"collection":[{"href":"https:\/\/webmaibinh.com\/w\/laptop12011\/wp-json\/wp\/v2\/pages"}],"about":[{"href":"https:\/\/webmaibinh.com\/w\/laptop12011\/wp-json\/wp\/v2\/types\/page"}],"author":[{"embeddable":true,"href":"https:\/\/webmaibinh.com\/w\/laptop12011\/wp-json\/wp\/v2\/users\/1"}],"replies":[{"embeddable":true,"href":"https:\/\/webmaibinh.com\/w\/laptop12011\/wp-json\/wp\/v2\/comments?post=925"}],"version-history":[{"count":0,"href":"https:\/\/webmaibinh.com\/w\/laptop12011\/wp-json\/wp\/v2\/pages\/925\/revisions"}],"wp:attachment":[{"href":"https:\/\/webmaibinh.com\/w\/laptop12011\/wp-json\/wp\/v2\/media?parent=925"}],"curies":[{"name":"wp","href":"https:\/\/api.w.org\/{rel}","templated":true}]}}