{"id":923,"date":"2017-06-05T02:57:20","date_gmt":"2017-06-05T02:57:20","guid":{"rendered":"https:\/\/laptop1.khowebseotop.vn\/?page_id=923"},"modified":"2017-06-05T02:57:20","modified_gmt":"2017-06-05T02:57:20","slug":"chinh-sach-doi-tra-hang","status":"publish","type":"page","link":"https:\/\/webmaibinh.com\/w\/laptop12011\/chinh-sach-doi-tra-hang\/","title":{"rendered":"Ch\u00ednh s\u00e1ch \u0111\u1ed5i tr\u1ea3 h\u00e0ng"},"content":{"rendered":"<p>Ch\u00ednh s\u00e1ch \u0111\u1ed5i tr\u1ea3 h\u00e0ng<\/p>\n","protected":false},"excerpt":{"rendered":"<p>Ch\u00ednh s\u00e1ch \u0111\u1ed5i tr\u1ea3 h\u00e0ng<\/p>\n","protected":false},"author":1,"featured_media":0,"parent":0,"menu_order":0,"comment_status":"closed","ping_status":"closed","template":"","meta":[],"_links":{"self":[{"href":"https:\/\/webmaibinh.com\/w\/laptop12011\/wp-json\/wp\/v2\/pages\/923"}],"collection":[{"href":"https:\/\/webmaibinh.com\/w\/laptop12011\/wp-json\/wp\/v2\/pages"}],"about":[{"href":"https:\/\/webmaibinh.com\/w\/laptop12011\/wp-json\/wp\/v2\/types\/page"}],"author":[{"embeddable":true,"href":"https:\/\/webmaibinh.com\/w\/laptop12011\/wp-json\/wp\/v2\/users\/1"}],"replies":[{"embeddable":true,"href":"https:\/\/webmaibinh.com\/w\/laptop12011\/wp-json\/wp\/v2\/comments?post=923"}],"version-history":[{"count":0,"href":"https:\/\/webmaibinh.com\/w\/laptop12011\/wp-json\/wp\/v2\/pages\/923\/revisions"}],"wp:attachment":[{"href":"https:\/\/webmaibinh.com\/w\/laptop12011\/wp-json\/wp\/v2\/media?parent=923"}],"curies":[{"name":"wp","href":"https:\/\/api.w.org\/{rel}","templated":true}]}}