{"id":234,"date":"2018-03-26T02:29:24","date_gmt":"2018-03-26T02:29:24","guid":{"rendered":"http:\/\/lapmang.w2steam.com\/?page_id=234"},"modified":"2018-03-26T02:36:41","modified_gmt":"2018-03-26T02:36:41","slug":"lien-he","status":"publish","type":"page","link":"https:\/\/webmaibinh.com\/w\/lapmang2011\/lien-he\/","title":{"rendered":"Li\u00ean h\u1ec7"},"content":{"rendered":"\t<section class=\"section\" id=\"section_1057136131\">\n\t\t<div class=\"bg section-bg fill bg-fill  bg-loaded\" >\n\n\t\t\t\n\t\t\t\n\t\t\t\n\n\t\t<\/div>\n\n\t\t<div class=\"section-content relative\">\n\t\t\t\n<div class=\"row\"  id=\"row-1093519415\">\n\n\t<div id=\"col-1819171365\" class=\"col medium-6 small-12 large-6\"  >\n\t\t<div class=\"col-inner\"  >\n\t\t\t\n\t\t\t\n<div class=\"loch33\"><span class=\"locf\"><i class=\"fa fa-tag\"><\/i> \u0110\u0103ng k\u00fd tr\u1ef1c tuy\u1ebfn<\/span><\/div>\n<div role=\"form\" class=\"wpcf7\" id=\"wpcf7-f86-o1\" lang=\"vi\" dir=\"ltr\">\n<div class=\"screen-reader-response\"><p role=\"status\" aria-live=\"polite\" aria-atomic=\"true\"><\/p> <ul><\/ul><\/div>\n<form action=\"\/w\/lapmang2011\/wp-json\/wp\/v2\/pages\/234#wpcf7-f86-o1\" method=\"post\" class=\"wpcf7-form init\" novalidate=\"novalidate\" data-status=\"init\">\n<div style=\"display: none;\">\n<input type=\"hidden\" name=\"_wpcf7\" value=\"86\" \/>\n<input type=\"hidden\" name=\"_wpcf7_version\" value=\"5.3\" \/>\n<input type=\"hidden\" name=\"_wpcf7_locale\" value=\"vi\" \/>\n<input type=\"hidden\" name=\"_wpcf7_unit_tag\" value=\"wpcf7-f86-o1\" \/>\n<input type=\"hidden\" name=\"_wpcf7_container_post\" value=\"0\" \/>\n<input type=\"hidden\" name=\"_wpcf7_posted_data_hash\" value=\"\" \/>\n<\/div>\n<div class=\"form-dang-ky\">\n<label><br \/>\n    <span class=\"wpcf7-form-control-wrap your-name\"><input type=\"text\" name=\"your-name\" value=\"\" size=\"40\" class=\"wpcf7-form-control wpcf7-text wpcf7-validates-as-required\" aria-required=\"true\" aria-invalid=\"false\" placeholder=\"T\u00ean kh\u00e1ch h\u00e0ng*\" \/><\/span> <\/label><\/p>\n<p><label><br \/>\n    <span class=\"wpcf7-form-control-wrap your-phone\"><input type=\"tel\" name=\"your-phone\" value=\"\" size=\"40\" class=\"wpcf7-form-control wpcf7-text wpcf7-tel wpcf7-validates-as-required wpcf7-validates-as-tel\" aria-required=\"true\" aria-invalid=\"false\" placeholder=\"\u0110i\u1ec7n tho\u1ea1i*\" \/><\/span> <\/label><\/p>\n<p><label><br \/>\n    <span class=\"wpcf7-form-control-wrap dia-chi\"><input type=\"text\" name=\"dia-chi\" value=\"\" size=\"40\" class=\"wpcf7-form-control wpcf7-text\" aria-invalid=\"false\" placeholder=\"\u0110\u1ecba ch\u1ec9\" \/><\/span> <\/label><\/p>\n<p><label><br \/>\n  <span class=\"wpcf7-form-control-wrap noi-dung\"><input type=\"text\" name=\"noi-dung\" value=\"\" size=\"40\" class=\"wpcf7-form-control wpcf7-text\" aria-invalid=\"false\" placeholder=\"N\u1ed9i dung\" \/><\/span> <\/label><\/p>\n<div class=\"nut-submit\">\n<input type=\"submit\" value=\"G\u1eedi \u0111i\" class=\"wpcf7-form-control wpcf7-submit\" \/>\n<\/div>\n<\/div>\n<div class=\"wpcf7-response-output\" aria-hidden=\"true\"><\/div><\/form><\/div>\n\t\t<\/div>\n\t\t\t<\/div>\n\n\t\n\n\t<div id=\"col-1868217625\" class=\"col medium-6 small-12 large-6\"  >\n\t\t<div class=\"col-inner\"  >\n\t\t\t\n\t\t\t\n<div class=\"loch33\"><span class=\"locf\"><i class=\"fa fa-tag\"><\/i> Th\u00f4ng tin li\u00ean h\u1ec7<\/span><\/div>\n<div class=\"locxanh2\">\r\n\r\n<a href=\"#\"><i class=\"fa fa-phone\">0999.999.999<\/i><\/a>\r\n<a href=\"#\"><i class=\"fa fa-phone\">0999.999.999<\/i><\/a>\r\n<div class=\"gach\"><i class=\"fa fa-map-marker\"><\/i>Ph\u1ea1m V\u0103n B\u1ea1ch, P. 15, Q. T\u00e2n B\u00ecnh, Tp. HCM<\/div>\r\n<div class=\"gach\"><i class=\"fa fa-wifi\"><\/i>email@gmail.com<\/div>\r\n<\/div>\n\t\t<\/div>\n\t\t\t<\/div>\n\n\t\n<\/div>\n\t\t<\/div>\n\n\t\t\n<style>\n#section_1057136131 {\n  padding-top: 30px;\n  padding-bottom: 30px;\n}\n<\/style>\n\t<\/section>\n\t\n","protected":false},"excerpt":{"rendered":"","protected":false},"author":1,"featured_media":0,"parent":0,"menu_order":0,"comment_status":"closed","ping_status":"closed","template":"page-blank.php","meta":[],"_links":{"self":[{"href":"https:\/\/webmaibinh.com\/w\/lapmang2011\/wp-json\/wp\/v2\/pages\/234"}],"collection":[{"href":"https:\/\/webmaibinh.com\/w\/lapmang2011\/wp-json\/wp\/v2\/pages"}],"about":[{"href":"https:\/\/webmaibinh.com\/w\/lapmang2011\/wp-json\/wp\/v2\/types\/page"}],"author":[{"embeddable":true,"href":"https:\/\/webmaibinh.com\/w\/lapmang2011\/wp-json\/wp\/v2\/users\/1"}],"replies":[{"embeddable":true,"href":"https:\/\/webmaibinh.com\/w\/lapmang2011\/wp-json\/wp\/v2\/comments?post=234"}],"version-history":[{"count":2,"href":"https:\/\/webmaibinh.com\/w\/lapmang2011\/wp-json\/wp\/v2\/pages\/234\/revisions"}],"predecessor-version":[{"id":236,"href":"https:\/\/webmaibinh.com\/w\/lapmang2011\/wp-json\/wp\/v2\/pages\/234\/revisions\/236"}],"wp:attachment":[{"href":"https:\/\/webmaibinh.com\/w\/lapmang2011\/wp-json\/wp\/v2\/media?parent=234"}],"curies":[{"name":"wp","href":"https:\/\/api.w.org\/{rel}","templated":true}]}}