{"id":158,"date":"2018-03-24T00:13:40","date_gmt":"2018-03-24T00:13:40","guid":{"rendered":"http:\/\/lapmang.w2steam.com\/?page_id=158"},"modified":"2018-03-26T03:15:13","modified_gmt":"2018-03-26T03:15:13","slug":"fpt-play-box","status":"publish","type":"page","link":"https:\/\/webmaibinh.com\/w\/lapmang2011\/fpt-play-box\/","title":{"rendered":"FPT PLay box"},"content":{"rendered":"<div id=\"ctl00_Contentmain_prouc1_top1_topcontentbn\"><a href=\"http:\/\/truyenhinhsohd.com.vn\/bo-phat-wifi-4g-igo-a368-su-dung-tai-viet-nam-va-10--quoc-gia-khac.html\"><img class=\"img-responsive\" src=\"http:\/\/lapmang.w2steam.com\/wp-content\/uploads\/2018\/03\/fpt-play-box-158.jpg\" alt=\"b\u1ed9 ph\u00e1t wifi 4G IGO A368\" \/><\/a><\/div>\n<div class=\"para-an\">\n<h2><strong>FPT Play Box 2018<\/strong><strong>\u00a0l\u00e0 m\u1ed9t thi\u1ebft b\u1ecb Smart Box TV kh\u00e1 ho\u00e0n thi\u1ec7n v\u1ec1 \u1ee9ng d\u1ee5ng v\u00e0 tr\u1ea3i nghi\u1ec7m ng\u01b0\u1eddi d\u00f9ng. FPT Play Box 2018 s\u1eed d\u1ee5ng t\u1ed1t \u1edf n\u01b0\u1edbc ngo\u00e0i. \u1ede trong n\u01b0\u1edbc, FPT Play Box 2018 c\u00f3 th\u1ec3 thay th\u1ebf d\u1ecbch v\u1ee5 truy\u1ec1n h\u00ecnh c\u00e1p tr\u1ea3 ti\u1ec1n h\u00e0ng th\u00e1ng cho ng\u01b0\u1eddi d\u00e2n Vi\u1ec7t Nam.\u00a0<\/strong><\/h2>\n<p>&nbsp;<\/p>\n<p><img src=\"http:\/\/lapmang.w2steam.com\/wp-content\/uploads\/2018\/03\/fpt-play-box-158-1.jpg\" alt=\"Khuy\u1ebfn m\u00e3i FPT Play Box 2018 Kingtek\" \/><\/p>\n<p>&nbsp;<\/p>\n<p><strong>*\u00a0<\/strong><u><strong>GI\u00c1 B\u00c1N FPT PLAY BOX 2018<\/strong><\/u><\/p>\n<p>&nbsp;<\/p>\n<table border=\"1\" cellspacing=\"1\" cellpadding=\"1\" align=\"center\">\n<tbody>\n<tr>\n<td colspan=\"2\">Gi\u00e1 ni\u00eam y\u1ebft<\/td>\n<td><strong>2.400.000<\/strong>\u00a0VN\u0110\/ B\u1ed8<\/td>\n<\/tr>\n<tr>\n<td colspan=\"2\" rowspan=\"1\">Gi\u00e1 b\u00e1n to\u00e0n qu\u1ed1c<\/td>\n<td><strong>1.390.000<\/strong>\u00a0VN\u0110\/ B\u1ed8<\/td>\n<\/tr>\n<tr>\n<td colspan=\"2\"><\/td>\n<td><\/td>\n<\/tr>\n<\/tbody>\n<\/table>\n<p>&nbsp;<\/p>\n<p>&nbsp;<\/p>\n<p><strong>*\u00a0<\/strong><u><strong>KHUY\u1ebeN M\u00c3I<\/strong><\/u><\/p>\n<table border=\"1\" cellspacing=\"1\" cellpadding=\"1\" align=\"center\">\n<tbody>\n<tr>\n<td><strong>STT<\/strong><\/td>\n<td colspan=\"2\"><strong>G\u00d3I D\u1ecaCH V\u1ee4\/M\u00d4 T\u1ea2 CHI TI\u1ebeT<\/strong><\/td>\n<td><strong>TH\u1edcI GIAN S\u1eec D\u1ee4NG<\/strong><\/td>\n<td><strong>TR\u1eca GI\u00c1 VN\u0110\/G\u00d3I<\/strong><\/td>\n<\/tr>\n<tr>\n<td colspan=\"1\" rowspan=\"2\"><strong>1<\/strong><\/td>\n<td colspan=\"2\" rowspan=\"1\"><strong>T\u1eb7ng: G\u00d3I NGO\u1ea0I H\u1ea0NG ANH 2018<\/strong><\/td>\n<td colspan=\"1\" rowspan=\"2\"><strong>M\u00d9A 2018<\/strong><\/td>\n<td colspan=\"1\" rowspan=\"2\"><strong>500.000<\/strong><\/td>\n<\/tr>\n<tr>\n<td>&#8211;<\/td>\n<td>Tr\u1ef1c ti\u1ebfp 7\/10 tr\u1eadn<\/td>\n<\/tr>\n<tr>\n<td colspan=\"1\" rowspan=\"7\"><strong>2<\/strong><\/td>\n<td colspan=\"2\" rowspan=\"1\"><strong>T\u1eb7ng: G\u00d3I D\u1ecaCH V\u1ee4 C\u01a0 B\u1ea2N<\/strong><\/td>\n<td colspan=\"1\" rowspan=\"7\"><strong>12 th\u00e1ng<\/strong><\/td>\n<td colspan=\"1\" rowspan=\"7\"><strong>600.000<\/strong><\/td>\n<\/tr>\n<tr>\n<td>&#8211;<\/td>\n<td>H\u01a1n 100 k\u00eanh truy\u1ec1n h\u00ecnh c\u01a1 b\u1ea3n<\/td>\n<\/tr>\n<tr>\n<td>&#8211;<\/td>\n<td>Kho phim b\u1ed9, phim l\u1ebb<\/td>\n<\/tr>\n<tr>\n<td>&#8211;<\/td>\n<td>TV Show, Th\u1ec3 thao, Truy\u1ec7n Audio<\/td>\n<\/tr>\n<tr>\n<td>&#8211;<\/td>\n<td>Chuy\u00ean m\u1ee5c thi\u1ebfu nhi<\/td>\n<\/tr>\n<tr>\n<td>&#8211;<\/td>\n<td>Chuy\u00ean m\u1ee5c Anime<\/td>\n<\/tr>\n<tr>\n<td>&#8211;<\/td>\n<td>\u1ee8ng d\u1ee5ng: Youtube, Karaoke, Nh\u1ea1c, ABC Play, Web&#8230;<\/td>\n<\/tr>\n<\/tbody>\n<\/table>\n<p>&nbsp;<\/p>\n<h3><strong>FPT Play Box 2018 l\u00e0 Android TV Box bi\u1ebfn Tivi th\u01b0\u1eddng th\u00e0nh Smart TiVi\u00a0<\/strong><\/h3>\n<p>Video gi\u1edbi thi\u1ec7u t\u00ednh n\u0103ng FPT Play Box 2018:<\/p>\n<p><iframe src=\"https:\/\/www.youtube.com\/embed\/F4rrwLYEtPU\" width=\"560\" height=\"315\" frameborder=\"0\" data-mce-fragment=\"1\"><\/iframe><\/p>\n<p>&nbsp;<\/p>\n<p><strong>FPT Play Box 2018<\/strong>\u00a0k\u1ebft n\u1ed1i v\u1edbi TV th\u00f4ng qua c\u1ed5ng AV ho\u1eb7c HDMI. FPT Box c\u00f3 th\u1ec3 xem truy\u1ec1n h\u00ecnh, xem phim, nghe nh\u1ea1c, \u2026\u00a0<strong>FPT Play Box 2018<\/strong>\u00a0\u0111\u01b0\u1ee3c \u0111\u00e1nh gi\u00e1\u00a0ph\u00f9\u00a0h\u1ee3p v\u1edbi kh\u00e1ch h\u00e0ng \u1edf m\u1ecdi l\u1ee9a tu\u1ed5i.<\/p>\n<p><strong>5 \u0110\u1eb7c\u00a0\u0111i\u1ec3m n\u1ed5i b\u1eadt c\u1ee7a FPT Play Box 2018:<\/strong><\/p>\n<p>&nbsp;<\/p>\n<p><strong><img src=\"http:\/\/lapmang.w2steam.com\/wp-content\/uploads\/2018\/03\/fpt-play-box-158-3.jpg\" alt=\"Top 5 \u01b0u \u0111i\u1ec3m n\u1ed5i b\u1eadt c\u1ee7a FPT Play Box 2018\" \/><\/strong><\/p>\n<p>&nbsp;<\/p>\n<h3><strong>N\u1ed9i dung tr\u00ean thi\u1ebft b\u1ecb FPT Play Box 2018 g\u1ed3m c\u00f3:<\/strong><\/h3>\n<p>+ Kho n\u1ed9i dung 4K \u0111\u1eb7c s\u1eafc c\u00f3 b\u1ea3n quy\u1ec1n<\/p>\n<p>+ \u1ee8ng d\u1ee5ng\u00a0Karaoke Plus, c\u1eadp nh\u1eadt t\u1eeb Youtube, k\u1ebft n\u1ed1i v\u1edbi \u0111i\u1ec7n tho\u1ea1i.<\/p>\n<p>+ H\u1ed7 tr\u1ee3 k\u1ebft n\u1ed1i bluetooth &#8211; k\u1ebft n\u1ed1i v\u1edbi t\u1ea5t c\u1ea3 c\u00e1c thi\u1ebft b\u1ecb qua bluetooth: Loa, micro&#8230;<\/p>\n<p>+ Truy\u1ec1n h\u00ecnh \u1ea3nh, video&#8230;t\u1eeb smartphone l\u00ean m\u00e0n h\u00ecnh TV<\/p>\n<p>+ Remote c\u00f3 t\u00ednh n\u0103ng h\u1ecdc m\u1ed9t s\u1ed1 l\u1ec7nh c\u01a1 b\u1ea3n t\u1eeb remote TV<\/p>\n<p>+ G\u00f3i k\u00eanh truy\u1ec1n h\u00ecnh c\u01a1 b\u1ea3n mi\u1ec5n ph\u00ed l\u00ean \u0111\u1ebfn h\u01a1n 100 k\u00eanh \u0111\u1eb7c s\u1eafc.<\/p>\n<p>+ Ngo\u1ea1i h\u1ea1ng Anh tr\u1ecdn m\u00f9a gi\u1ea3i\u00a02018<\/p>\n<p>+ FPT Play Box 2018\u00a0c\u00f2n cung c\u1ea5p g\u00f3i k\u00eanh Premium, g\u00f3i Family, G\u00f3i k\u00eanh K+, v\u00e0 G\u00f3i Phim \u0111\u1eb7c s\u1eafc.<\/p>\n<p>Tham kh\u1ea3o:\u00a0Danh s\u00e1ch k\u00eanh c\u1ee7a FPT Play Box 2018<\/p>\n<p>+ \u1ee8ng d\u1ee5ng ABC Play d\u00e0nh ri\u00eang cho tr\u1ebb em<\/p>\n<p>+ HDO: Xem nh\u1eefng b\u1ed9 phim bom t\u1ea5n hot nh\u1ea5t v\u00e0 m\u1edbi nh\u1ea5t c\u00f3 tr\u00ean Fshare<\/p>\n<p>+ Chi ti\u1ebft g\u00f3i k\u00eanh K+ \u0111\u00e3 c\u1eadp nh\u1eadt t\u1eeb ng\u00e0y 09\/02\/2018:<\/p>\n<p><img src=\"http:\/\/lapmang.w2steam.com\/wp-content\/uploads\/2018\/03\/fpt-play-box-158-4.jpg\" alt=\"\" \/><\/p>\n<p>K\u00eanh K+1 HD (Ph\u00edm 220): K\u00eanh gi\u1ea3i tr\u00ed g\u1ed3m phim truy\u1ec7n v\u00e0 c\u00e1c gi\u1ea3i \u0111\u1ea5u l\u1edbn nh\u01b0 La Liga, EPL,..<\/p>\n<p>K\u00eanh K+PM HD (Ph\u00edm 221): K\u00eanh gi\u1ea3i tr\u00ed v\u1edbi n\u1ed9i dung \u0111\u1eb7c s\u1eafc, d\u00e0nh ri\u00eang cho kh\u00e1n gi\u1ea3 nam gi\u1edbi.<\/p>\n<p>K\u00eanh K+NS HD (Ph\u00edm 222): K\u00eanh gi\u1ea3i tr\u00ed t\u1ed5ng h\u1ee3p: S\u1ed1ng kh\u1ecfe, s\u1ed1ng vui v\u00e0 s\u1ed1ng c\u00f3 \u00edch<\/p>\n<p>K\u00eanh K+PC HD (Ph\u00edm 223): K\u00eanh gi\u1ea3i tr\u00ed d\u00e0nh cho gi\u1edbi tr\u1ebb nh\u01b0 \u00e2m nh\u1ea1c, phim truy\u1ec7n, th\u1ec3 thao&#8230;<\/p>\n<h3><strong>\u0110\u1ea7u FPT Play Box 2018 c\u00f3 c\u00e1c ch\u01b0\u01a1ng tr\u00ecnh h\u01b0\u1edbng \u0111\u1ebfn gi\u00e1o d\u1ee5c con tr\u1ebb h\u1ea5p d\u1eabn v\u00e0 h\u1eefu \u00edch<\/strong><\/h3>\n<p>&nbsp;<\/p>\n<p><img src=\"http:\/\/lapmang.w2steam.com\/wp-content\/uploads\/2018\/03\/fpt-play-box-158-5.jpg\" alt=\"\u0110\u1ea7u FPT Play box 2018 c\u00f3 c\u00e1c ch\u01b0\u01a1ng tr\u00ecnh gi\u00e1o d\u1ee5c tr\u1ebb em\" \/><\/p>\n<p>&nbsp;<\/p>\n<p>&#8211;\u00a0\u1ee8ng d\u1ee5ng ABC Play: \u00a0Gi\u00e1o d\u1ee5c, tr\u00ed tu\u1ec7 b\u1ed5 \u00edch cho b\u00e9 t\u1eeb 2 \u2013 11 tu\u1ed5i, c\u00f3 duy nh\u1ea5t tr\u00ean FPT Play Box. \u1ee8ng d\u1ee5ng v\u1eeba gi\u00fap b\u00e9 gi\u1ea3i tr\u00ed v\u1eeba ph\u00e1t tri\u1ec3n tr\u00ed n\u00e3o, b\u1ea3n th\u00e2n m\u1ed9t c\u00e1ch ho\u00e0n thi\u1ec7n. C\u00e1c b\u00e0i h\u1ecdc, c\u00e2u chuy\u1ec7n c\u1ed5 t\u00edch b\u1eb1ng ti\u1ebfng Anh s\u1ebd gi\u00fap tr\u1ebb trau d\u1ed3i, b\u1ed5 sung th\u00eam nhi\u1ec1u ki\u1ebfn th\u1ee9c b\u1ed5 \u00edch<\/p>\n<p>&#8211; Thi\u1ebfu nhi: T\u00edch h\u1ee3p nhi\u1ec1u n\u1ed9i dung b\u1ed5 \u00edch cho tr\u1ebb t\u1eeb c\u00e1c b\u1ed9 phim thi\u1ebfu nhi, c\u00e2u chuy\u1ec7n, b\u00e0i h\u1ecdc ti\u1ebfng Anh. Nh\u1eefng ch\u01b0\u01a1ng tr\u00ecnh, game show mang t\u00ednh gi\u00e1o d\u1ee5c cao gi\u00fap tr\u1ebb ho\u00e0n thi\u1ec7n k\u1ef9 n\u0103ng cho tr\u1ebb<\/p>\n<p>&#8211;\u00a0Ho\u1ea1t h\u00ecnh anime: Kho phim ho\u1ea1t h\u00ecnh Nh\u1eadt B\u1ea3n v\u1edbi \u0111\u1ea7y \u0111\u1ee7 nh\u1eefng b\u1ed9 phim \u0111\u01b0\u1ee3c c\u1eadp nh\u1eadt m\u1edbi nh\u1ea5t, \u0111\u1ea7y \u0111\u1ee7 nh\u1ea5t<\/p>\n<h3><strong>FPT Play Box 2018 thay th\u1ebf c\u00e1c d\u1ea1ng truy\u1ec1n h\u00ecnh kh\u00e1c<\/strong><\/h3>\n<p>FPT Play Box 2018 hi\u1ec7n \u0111\u00e3 c\u00f3 nh\u1eefng k\u00eanh \u0111\u1eb7c s\u1eafc nh\u01b0: Th\u1ec3 thao TV, B\u00f3ng \u0111\u00e1 TV, Phim Vi\u1ec7t, Bibi, Yeah1&#8230;\u00a0\u0110\u00e2y l\u00e0 \u0111i\u1ec3m kh\u00e1c bi\u1ec7t c\u1ee7a FPT Play Box 2018 so v\u1edbi c\u00e1c d\u00f2ng TV Box kh\u00e1c.<\/p>\n<h3><strong>FPT Play Box 2018 phi\u00ean b\u1ea3n m\u1edbi v\u1edbi thi\u1ebft k\u1ebf sang tr\u1ecdng<\/strong><\/h3>\n<p>&nbsp;<\/p>\n<p><img src=\"http:\/\/lapmang.w2steam.com\/wp-content\/uploads\/2018\/03\/fpt-play-box-158-6.jpg\" alt=\"Thi\u1ebft k\u1ebf m\u1edbi m\u1ebb c\u1ee7a FPT Play Box 2018\" \/><\/p>\n<p><em>H\u00ecnh d\u00e1ng m\u1edbi c\u1ee7a thi\u1ebft b\u1ecb\u00a0<strong>FPT Play Box 2018<\/strong><\/em><\/p>\n<p>&nbsp;<\/p>\n<h3><strong>FPT Play Box 2018 ph\u00f9 h\u1ee3p v\u1edbi m\u1ea1ng internet n\u00e0o?<\/strong><\/h3>\n<p>&#8211; D\u01b0\u1edbi \u0111\u00e2y l\u00e0 04 nh\u00e0 m\u1ea1ng\u00a0internet kh\u1ea3 d\u1ee5ng:<\/p>\n<ol>\n<li>M\u1ea1ng Internet FPT<\/li>\n<li>M\u1ea1ng Internet VNPT<\/li>\n<li>M\u1ea1ng Internet Viettel<\/li>\n<li>M\u1ea1ng Internet SCTV.<\/li>\n<\/ol>\n<p>&#8211; Kh\u00e1ch h\u00e0ng \u0111ang c\u1ea7n\u00a0m\u1ed9t s\u1ea3n ph\u1ea9m xem truy\u1ec1n h\u00ecnh \u0111a n\u0103ng\u00a0cho c\u1ea3 gia \u0111\u00ecnh<br \/>\n&#8211; Kh\u00e1ch h\u00e0ng kh\u00f4ng tho\u1ea3 m\u00e3n v\u1edbi truy\u1ec1n h\u00ecnh c\u00e1p (ph\u00ed thu\u00ea bao, s\u1ed1 l\u01b0\u1ee3ng k\u00eanh, ch\u1ea5t l\u01b0\u1ee3ng k\u00eanh&#8230;)<br \/>\n&#8211; Kh\u00e1ch h\u00e0ng th\u01b0\u1eddng xuy\u00ean di chuy\u1ec3n (du l\u1ecbch, c\u00f4ng t\u00e1c&#8230;)<br \/>\n&#8211; Kh\u00e1ch h\u00e0ng t\u00ecm ki\u1ebfm n\u1ed9i dung gi\u00e1o d\u1ee5c v\u00e0 gi\u1ea3i tr\u00ed an to\u00e0n cho tr\u1ebb nh\u1ecf (ph\u00f9 h\u1ee3p l\u1ee9a tu\u1ed5i, n\u1ed9i dung khoa h\u1ecdc v\u00e0 mang t\u00ednh gi\u00e1o d\u1ee5c&#8230;)<br \/>\n-&#8230;<\/p>\n<p>M\u1ed9t \u0111i\u1ec1u r\u1ea5t th\u00fa v\u1ecb n\u1eefa:\u00a0<strong>FPT Play Box 2018<\/strong>\u00a0\u0111\u01b0\u1ee3c thi\u1ebft k\u1ebf kh\u00e1c bi\u1ec7t, d\u00f9 b\u1ea1n \u0111\u1eb7t \u1edf b\u1ea5t c\u1ee9 v\u1ecb tr\u00ed n\u00e0o, n\u00f3 v\u1eabn lu\u00f4n l\u00e0 thi\u1ebft b\u1ecb \u0111\u1eb3ng c\u1ea5p, sang tr\u1ecdng v\u00e0 th\u1eddi th\u01b0\u1ee3ng<\/p>\n<h3><strong>C\u1ea7n trang b\u1ecb g\u00ec \u0111\u1ec3 s\u1eed d\u1ee5ng FPT Play Box 2018?<\/strong><\/h3>\n<ol>\n<li>\u0110\u1ea7u ti\u00ean\u00a0l\u00e0\u00a0<em>k\u1ebft n\u1ed1i Internet \u1ed5n \u0111\u1ecbnh<\/em>, t\u1ed1c \u0111\u1ed9 t\u1eeb\u00a0<em>5Mbps tr\u1edf l\u00ean<\/em>\u00a0(\u0111i\u1ec1u ki\u1ec7n \u0111\u1ec3\u00a0xem phim \u0111\u1ecbnh d\u1ea1ng HD v\u00e0 c\u00e1c k\u00eanh truy\u1ec1n h\u00ecnh HD m\u00e0 kh\u00f4ng lo b\u1ecb gi\u1eadt lag)<\/li>\n<li>M\u1ed9t tivi b\u1ea5t k\u1ef3, d\u00e0y m\u1ecfng g\u00ec \u0111\u1ec1u c\u00f3 th\u1ec3 xem \u0111\u01b0\u1ee3c, tuy nhi\u00ean tivi chu\u1ea9n HD s\u1ebd cho tr\u1ea3i nghi\u1ec7m t\u1ed1t h\u01a1n<\/li>\n<\/ol>\n<h3><strong>C\u1ea5u h\u00ecnh FPT Play Box 2018 \u1ea5n t\u01b0\u1ee3ng v\u1edbi CPU hi\u1ec7u n\u0103ng cao<\/strong><\/h3>\n<p>&nbsp;<\/p>\n<table border=\"1\" cellspacing=\"0\" cellpadding=\"0\" align=\"center\">\n<tbody>\n<tr>\n<td><strong>TH\u00d4NG S\u1ed0 C\u1ee6A FPT PLAY BOX 2018<\/strong><\/td>\n<td><strong>CHI TI\u1ebeT<\/strong><\/td>\n<\/tr>\n<tr>\n<td><strong>Lo\u1ea1i s\u1ea3n ph\u1ea9m<\/strong><\/td>\n<td>Thi\u1ebft b\u1ecb chuy\u1ec3n \u0111\u1ed5i t\u00edn hi\u1ec7u, h\u1ed7 tr\u1ee3 ch\u1ee9c n\u0103ng video\u00a0FPT Box<\/td>\n<\/tr>\n<tr>\n<td><strong>Chip x\u1eed l\u00fd\u00a0<\/strong><\/td>\n<td>Amlogic 905X 64bit<\/td>\n<\/tr>\n<tr>\n<td><strong>Chip \u0111\u1ed3 h\u1ecda<\/strong><\/td>\n<td>Quad \u2013 core ARM Mali 450- 4K<\/td>\n<\/tr>\n<tr>\n<td><strong>ROM\u00a0\u00a0<\/strong><\/td>\n<td>8GB<\/td>\n<\/tr>\n<tr>\n<td><strong>RAM\u00a0<\/strong><\/td>\n<td>1GB<\/td>\n<\/tr>\n<tr>\n<td><strong>K\u1ebft n\u1ed1i h\u00ecnh \u1ea3nh\u00a0\u00a0<\/strong><\/td>\n<td>H\u1ed7 tr\u1ee3 k\u1ebft n\u1ed1i TV qua c\u1ed5ng HDMI &amp; RCA<\/td>\n<\/tr>\n<tr>\n<td><strong>K\u1ebft n\u1ed1i Internet\u00a0\u00a0<\/strong><\/td>\n<td>H\u1ed7 tr\u1ee3 k\u1ebft n\u1ed1i qua c\u1ed5ng LAN RJ45<br \/>\nWifi t\u1ed1c \u0111\u1ed9 cao chu\u1ea9n 802.11a\/b\/g\/n, b\u0103ng t\u1ea7n 2.4GHz v\u00e0 5GHz<\/td>\n<\/tr>\n<tr>\n<td><strong>\u00c2m thanh\u00a0\u00a0<\/strong><\/td>\n<td>Audio 5.1<\/td>\n<\/tr>\n<tr>\n<td><strong>K\u00edch th\u01b0\u1edbc\u00a0\u00a0<\/strong><\/td>\n<td>S\u1ea3n ph\u1ea9m: 106 x 106 x18.5 mm<\/td>\n<\/tr>\n<\/tbody>\n<\/table>\n<div><\/div>\n<h3><strong>Tr\u1ea3i nghi\u1ec7m m\u1ed9t s\u1ed1 g\u00f3i \u1ee9ng d\u1ee5ng tr\u00ean\u00a0FPT Play Box 2018<\/strong><\/h3>\n<p>&nbsp;<\/p>\n<p><strong>+ FPT Play Box 2018 cung c\u1ea5p danh s\u00e1ch h\u01a1n 100 k\u00eanh truy\u1ec1n h\u00ecnh trong n\u01b0\u1edbc v\u00e0 qu\u1ed1c t\u1ebf.<\/strong><\/p>\n<p>Nh\u00f3m k\u00eanh truy\u1ec1n h\u00ecnh tr\u00ean\u00a0<strong>FPT Play Box 2018<\/strong>\u00a0v\u1edbi h\u01a1n 100 k\u00eanh chu\u1ea9n SD &amp; HD, t\u00ednh n\u0103ng h\u1ed7 tr\u1ee3 xem l\u1ea1i c\u00e1c k\u00eanh ch\u01b0\u01a1ng tr\u00ecnh \u0111\u00e3 ph\u00e1t trong v\u00f2ng 48\u00a0gi\u1edd.<\/p>\n<p>&nbsp;<\/p>\n<p><strong>+ Kho phim truy\u1ec7n tr\u00ean FPT Play Box 2018:\u00a0<\/strong><strong>\u200b<\/strong>V\u1edbi h\u00e0ng ngh\u00ecn b\u1ed9 phim \u0111\u1eb7c s\u1eafc, \u0111a d\u1ea1ng th\u1ec3 lo\u1ea1i t\u1eeb \u00c2u M\u1ef9, Trung Qu\u1ed1c, H\u00f4ng K\u00f4ng, H\u00e0n Qu\u1ed1c, Vi\u1ec7t Nam, Th\u00e1i Lan, \u1ea4n \u0110\u1ed9, &#8230;<\/p>\n<p>&nbsp;<\/p>\n<p><strong>+ Nh\u00f3m k\u00eanh th\u1ec3 thao tr\u00ean FPT Play Box 2018:<\/strong>\u00a0Th\u01b0\u1edfng th\u1ee9c c\u00e1c gi\u1ea3i \u0111\u1ea5u th\u1ec3 thao ch\u1ea5t l\u01b0\u1ee3ng v\u00e0 h\u1ea5p d\u1eabn trong n\u01b0\u1edbc v\u00e0 qu\u1ed1c t\u1ebf. Tr\u1ef1c ti\u1ebfp gi\u1ea3i Ngo\u1ea1i H\u1ea1ng Anh m\u1ed7i th\u1ee9 7, k\u00e9o d\u00e0i su\u1ed1t m\u00f9a gi\u1ea3i\u00a02018.<\/p>\n<p>&nbsp;<\/p>\n<p><strong>+ Gi\u1ea3i tr\u00ed t\u1ed5ng h\u1ee3p:<\/strong>\u00a0Kho gi\u1ea3i tr\u00ed t\u1ed5ng h\u1ee3p b\u1ed5 \u00edch d\u00e0nh cho m\u1ecdi l\u1ee9a tu\u1ed5i g\u1ed3m H\u00e0i k\u1ecbch, C\u1ea3i l\u01b0\u01a1ng, S\u1ee9c kh\u1ecfe, Ch\u01b0\u01a1ng tr\u00ecnh th\u1ef1c t\u1ebf, Fun facts, H\u1eadu tr\u01b0\u1eddng phim, &#8230;<\/p>\n<p>&nbsp;<\/p>\n<p><strong>+ Kho \u1ee9ng d\u1ee5ng:<\/strong>\u00a0T\u00edch h\u1ee3p c\u00e1c \u1ee9ng d\u1ee5ng c\u1ef1c &#8220;ch\u1ea5t&#8221; h\u1ed7 tr\u1ee3 nghe nh\u1ea1c, xem phim, truy c\u1eadp Youtube, l\u01b0\u1edbt web\u00a0v\u00e0 n\u1ed9i dung thi\u1ebfu nhi (ACB Play) \u0111\u1eb7c s\u1eafc.<\/p>\n<p>&nbsp;<\/p>\n<p><img src=\"http:\/\/lapmang.w2steam.com\/wp-content\/uploads\/2018\/03\/fpt-play-box-158-7.jpg\" alt=\"Giao di\u1ec7n FPT Play Box 2017 menu \u0111\u01b0\u1ee3c c\u1eadp nh\u1eadt theo t\u1eebng th\u1eddi \u0111i\u1ec3m\" \/><\/p>\n<p>&nbsp;<\/p>\n<p><strong>+ FPT Play Box 2018 h\u1ed7 tr\u1ee3 k\u1ebft n\u1ed1i offline qua c\u1ed5ng USB<\/strong>: \u00a0H\u1ed7 tr\u1ee3 h\u1ea7u h\u1ebft c\u00e1c \u0111\u1ecbnh d\u1ea1ng phim (\u0111\u1ee7 kh\u1ea3 n\u0103ng \u0111\u1ec3 ch\u01a1i c\u00e1c video 4k) v\u00e0 nh\u1ea1c th\u00f4ng d\u1ee5ng hi\u1ec7n nay nh\u01b0 MP3, MKA, FLAC, WMA\u2026 (nh\u1ea1c) v\u00e0 AVI, MKV, MP4\u2026 (phim). Thi\u1ebft b\u1ecb c\u0169ng h\u1ed7 tr\u1ee3 gi\u1ea3i m\u00e3 c\u00e1c \u0111\u1ecbnh d\u1ea1ng \u00e2m thanh ch\u1ea5t l\u01b0\u1ee3ng cao nh\u01b0 DTS-HD Master Audio, Dolby TrueHD, \u2026 Xem phim v\u1edbi ph\u1ee5 \u0111\u1ec1,\u00a0<strong>FPT Play Box 2018<\/strong>\u00a0h\u1ed7 tr\u1ee3 c\u00e1c \u0111\u1ecbnh d\u1ea1ng ph\u1ed5 bi\u1ebfn, trong \u0111\u00f3 c\u00f3 SUB, SRT, SSA.<\/p>\n<p>&nbsp;<\/p>\n<h3><strong>04 l\u00fd do t\u1ea1i sao n\u00ean mua\u00a0<\/strong><strong>FPT Play Box<\/strong><\/h3>\n<p>&nbsp;<\/p>\n<table border=\"1\" cellspacing=\"0\" cellpadding=\"0\" align=\"center\">\n<tbody>\n<tr>\n<td><strong>Stt<\/strong><\/td>\n<td><strong>L\u00fd do<\/strong><\/td>\n<td><strong>Chi ti\u1ebft<\/strong><\/td>\n<\/tr>\n<tr>\n<td><strong>1<\/strong><\/td>\n<td>S\u1ea2N PH\u1ea8M CH\u00cdNH H\u00c3NG<\/td>\n<td>S\u1ea3n ph\u1ea9m ch\u00ednh h\u00e3ng c\u1ee7a FPT Telecom<\/td>\n<\/tr>\n<tr>\n<td><strong>2<\/strong><\/td>\n<td>B\u1ea2O H\u00c0NH UY T\u00cdN<\/td>\n<td>B\u1ea3o h\u00e0nh 12 th\u00e1ng ch\u00ednh h\u00e3ng, thu\u1eadn ti\u1ec7n cho c\u1ea3 \u0111\u1ea1i l\u00fd v\u00e0 ng\u01b0\u1eddi d\u00f9ng cu\u1ed1i<\/td>\n<\/tr>\n<tr>\n<td><strong>3<\/strong><\/td>\n<td>H\u1ed6 TR\u1ee2 T\u1ed0T NH\u1ea4T<\/td>\n<td>V\u1edbi \u0111\u1ed9i ng\u0169 nh\u00e2n vi\u00ean th\u00e2n thi\u1ec7n, nhi\u1ec7t t\u00ecnh lu\u00f4n s\u1eb5n s\u00e0ng h\u1ed7 tr\u1ee3 k\u0129 thu\u1eadt 24\/7 k\u1ec3 c\u1ea3 trong nh\u1eefng ng\u00e0y l\u1ec5 t\u1ebft.<\/td>\n<\/tr>\n<tr>\n<td><strong>4<\/strong><\/td>\n<td>LI\u00caN T\u1ee4C C\u1eacP NH\u1eacT<\/td>\n<td>N\u1ed9i dung \u0111\u01b0\u1ee3c c\u1eadp nh\u1eadt m\u1edbi li\u00ean t\u1ee5c, \u0111\u1ea3m b\u1ea3o cho vi\u1ec7c gi\u1ea3i tr\u00ed t\u01b0\u01a1i m\u1edbi v\u00e0 \u0111\u1ea7y tr\u1ea3i nghi\u1ec7m<\/td>\n<\/tr>\n<\/tbody>\n<\/table>\n<p>&nbsp;<\/p>\n<h3><strong>3 B\u01b0\u1edbc \u0111\u1eb7t mua\u00a0<\/strong><strong>FPT Play Bo<\/strong><strong>x<\/strong><strong>\u00a0t\u1ea1i FPT C\u1ea6N TH\u01a0<\/strong><\/h3>\n<p>&nbsp;<\/p>\n<p><img src=\"http:\/\/lapmang.w2steam.com\/wp-content\/uploads\/2018\/03\/fpt-play-box-158-8.jpg\" alt=\"3 b\u01b0\u1edbc \u0111\u1eb7t mua FPT Play Box t\u1ea1i Kingtek\" \/><\/p>\n<p>&nbsp;<\/p>\n<h3><strong>Gi\u00e1 b\u00e1n v\u00e0 ch\u01b0\u01a1ng tr\u00ecnh khuy\u1ebfn m\u00e3i h\u1ea5p d\u1eabn trong h\u00f4m nay<\/strong><\/h3>\n<p>&nbsp;<\/p>\n<table border=\"1\" cellspacing=\"0\" cellpadding=\"0\" align=\"center\">\n<tbody>\n<tr>\n<td><strong>Stt<\/strong><\/td>\n<td><strong>L\u00fd do<\/strong><\/td>\n<td><strong>Gi\u00e1 (VN\u0110)<\/strong><\/td>\n<\/tr>\n<tr>\n<td><strong>1<\/strong><\/td>\n<td>Gi\u00e1 ni\u00eam y\u1ebft FPT Play Box<\/td>\n<td><s>2.400.000<\/s><\/td>\n<\/tr>\n<tr>\n<td><strong>2<\/strong><\/td>\n<td>Gi\u00e1 b\u00e1n h\u00f4m nay<\/td>\n<td><strong>1.490.000<\/strong><\/td>\n<\/tr>\n<tr>\n<td><strong>3<\/strong><\/td>\n<td><u>Khuy\u1ebfn m\u00e3i:<\/u>\u00a0Ph\u00ed giao h\u00e0ng v\u00e0 thu ti\u1ec1n t\u1eadn n\u01a1i, tr\u1ecb gi\u00e1 45.000<\/td>\n<td><s>45.000<\/s><\/td>\n<\/tr>\n<tr>\n<td colspan=\"2\"><strong>Tr\u1ecdn g\u00f3i<\/strong><\/td>\n<td><strong>1.390.000<\/strong><\/p>\n<div><\/div>\n<\/td>\n<\/tr>\n<\/tbody>\n<\/table>\n<p>&nbsp;<\/p>\n<p>&nbsp;<\/p>\n<h3><strong>S\u01a1 \u0111\u1ed3 l\u1eafp \u0111\u1eb7t FPT Play Box 2018<\/strong><\/h3>\n<p>D\u01b0\u1edbi \u0111\u00e2y l\u00e0 3 b\u01b0\u1edbc l\u1eafp \u0111\u1eb7t v\u00e0 b\u1eaft \u0111\u1ea7u s\u1eed d\u1ee5ng thi\u1ebft b\u1ecb:<\/p>\n<p>B\u01b0\u1edbc 01: K\u1ebft n\u1ed1i d\u00e2y m\u1ea1ng ho\u1eb7c k\u1ebft n\u1ed1i wifi v\u00e0o FPT Play Box.<\/p>\n<p>B\u01b0\u1edbc 02: K\u1ebft n\u1ed1i d\u00e2y HDMI ho\u1eb7c D\u00e2y AV v\u00e0o tivi.<\/p>\n<p>B\u01b0\u1edbc 03: Kh\u1edfi \u0111\u1ed9ng thi\u1ebft b\u1ecb, kh\u1edfi \u0111\u1ed9ng TiVi v\u00e0 b\u1eaft d\u1ea7u s\u1eed d\u1ee5ng.<\/p>\n<p><strong><img src=\"http:\/\/lapmang.w2steam.com\/wp-content\/uploads\/2018\/03\/fpt-play-box-158-9.jpg\" alt=\"K\u1ebft n\u1ed1i Internet b\u1eb1ng d\u00e2y LAN ho\u1eb7c wifi\" \/><\/strong><\/p>\n<h3><\/h3>\n<p><a href=\"http:\/\/fptplay.tv\/dai-ly-online\/kingtek?id=321\" target=\"_blank\" rel=\"noopener\"><img src=\"http:\/\/lapmang.w2steam.com\/wp-content\/uploads\/2018\/03\/fpt-play-box-158-10.jpg\" alt=\"Kingtek l\u00e0 \u0111\u1ea1i l\u00fd ch\u00ednh th\u1ee9c ph\u00e2n ph\u1ed1i FPT Play Box\" \/><\/a><\/p>\n<p><strong>*\u00a0<\/strong><u><strong>GI\u00c1 B\u00c1N FPT PLAY BOX 2018 TH\u00c1NG 3\/2018<\/strong><\/u><\/p>\n<p>&nbsp;<\/p>\n<table border=\"1\" cellspacing=\"1\" cellpadding=\"1\" align=\"center\">\n<tbody>\n<tr>\n<td colspan=\"2\">Gi\u00e1 ni\u00eam y\u1ebft<\/td>\n<td><strong>2.400.000<\/strong>\u00a0VN\u0110\/ B\u1ed8<\/td>\n<\/tr>\n<tr>\n<td colspan=\"2\" rowspan=\"1\">Gi\u00e1 b\u00e1n to\u00e0n qu\u1ed1c<\/td>\n<td><strong>1.390.000<\/strong>\u00a0VN\u0110\/ B\u1ed8<\/td>\n<\/tr>\n<tr>\n<td colspan=\"2\">L\u1ef1a ch\u1ecdn<\/td>\n<td><\/td>\n<\/tr>\n<\/tbody>\n<\/table>\n<p><img src=\"http:\/\/lapmang.w2steam.com\/wp-content\/uploads\/2018\/03\/fpt-play-box-158-12.jpg\" alt=\"Danh s\u00e1ch c\u00e1c nh\u00f3m k\u00eanh tr\u00ean FPT Play Box\" \/><\/p>\n<p>&nbsp;<\/p>\n<p>(*) Sau th\u1eddi gian\u00a0khuy\u1ebfn m\u00e3i, G\u00f3i d\u1ecbch v\u1ee5 c\u01a1 b\u1ea3n s\u1ebd h\u1ea1n ch\u1ebf 26 k\u00eanh, c\u00f2n l\u1ea1i\u00a0t\u1ea5t c\u1ea3 c\u00e1c m\u1ee5c kh\u00e1c v\u1eabn xem b\u00ecnh th\u01b0\u1eddng.<\/p>\n<p>(*) Ngo\u00e0i ra, c\u00f3 th\u1ec3 mua th\u00eam c\u00e1c g\u00f3i d\u1ecbch v\u1ee5 kh\u00e1c nh\u01b0:\u00a0Premium, Phim \u0111\u1eb7c s\u1eafc\u00a0m\u1ed9t c\u00e1ch \u0111\u01a1n gi\u1ea3n v\u00e0 thu\u1eadn ti\u1ec7n b\u1ea5t k\u1ec3 l\u00fac n\u00e0o v\u00ec \u0111\u00e3 c\u00f3 s\u1eb5n tr\u00ean thi\u1ebft b\u1ecb.<\/p>\n<p>&nbsp;<\/p>\n<h3 style=\"text-align: center;\"><span style=\"color: #ff6600; font-size: 120%;\"><strong>HOTLINE: 0939 945 145- 0988 63 93 91\u00a0<\/strong><\/span><\/h3>\n<p><strong>04 l\u00fd do t\u1ea1i sao n\u00ean mua FPT Play Box<\/strong><\/p>\n<table border=\"1\" cellspacing=\"0\" cellpadding=\"0\" align=\"center\">\n<tbody>\n<tr>\n<td><strong>Stt<\/strong><\/td>\n<td><strong>L\u00fd do<\/strong><\/td>\n<td><strong>Chi ti\u1ebft<\/strong><\/td>\n<\/tr>\n<tr>\n<td><strong>1<\/strong><\/td>\n<td>S\u1ea2N PH\u1ea8M CH\u00cdNH H\u00c3NG<\/td>\n<td>S\u1ea3n ph\u1ea9m ch\u00ednh h\u00e3ng c\u1ee7a FPT Telecom<\/td>\n<\/tr>\n<tr>\n<td><strong>2<\/strong><\/td>\n<td>B\u1ea2O H\u00c0NH UY T\u00cdN<\/td>\n<td>B\u1ea3o h\u00e0nh 12 th\u00e1ng ch\u00ednh h\u00e3ng, thu\u1eadn ti\u1ec7n cho c\u1ea3 \u0111\u1ea1i l\u00fd v\u00e0 ng\u01b0\u1eddi d\u00f9ng cu\u1ed1i<\/td>\n<\/tr>\n<tr>\n<td><strong>3<\/strong><\/td>\n<td>H\u1ed6 TR\u1ee2 T\u1ed0T NH\u1ea4T<\/td>\n<td>V\u1edbi \u0111\u1ed9i ng\u0169 nh\u00e2n vi\u00ean th\u00e2n thi\u1ec7n, nhi\u1ec7t t\u00ecnh lu\u00f4n s\u1eb5n s\u00e0ng h\u1ed7 tr\u1ee3 k\u0129 thu\u1eadt 24\/7 k\u1ec3 c\u1ea3 trong nh\u1eefng ng\u00e0y l\u1ec5 t\u1ebft.<\/td>\n<\/tr>\n<tr>\n<td><strong>4<\/strong><\/td>\n<td>LI\u00caN T\u1ee4C C\u1eacP NH\u1eacT<\/td>\n<td>N\u1ed9i dung \u0111\u01b0\u1ee3c c\u1eadp nh\u1eadt m\u1edbi li\u00ean t\u1ee5c, \u0111\u1ea3m b\u1ea3o cho vi\u1ec7c gi\u1ea3i tr\u00ed t\u01b0\u01a1i m\u1edbi v\u00e0 \u0111\u1ea7y tr\u1ea3i nghi\u1ec7m<\/td>\n<\/tr>\n<\/tbody>\n<\/table>\n<p>&nbsp;<\/p>\n<p><strong>3 B\u01b0\u1edbc \u0111\u1eb7t mua\u00a0<\/strong><strong>FPT Play Box<\/strong><strong>\u00a0t\u1ea1i Kingtek<\/strong><\/p>\n<p>&nbsp;<\/p>\n<p><img src=\"http:\/\/lapmang.w2steam.com\/wp-content\/uploads\/2018\/03\/fpt-play-box-158-8.jpg\" alt=\"3 b\u01b0\u1edbc \u0111\u1eb7t mua FPT Play Box t\u1ea1i Kingtek\" \/><\/p>\n<p>&nbsp;<\/p>\n<p><strong>Gi\u00e1 b\u00e1n v\u00e0 ch\u01b0\u01a1ng tr\u00ecnh khuy\u1ebfn m\u00e3i h\u1ea5p d\u1eabn trong h\u00f4m nay<\/strong><\/p>\n<table border=\"1\" cellspacing=\"0\" cellpadding=\"0\" align=\"center\">\n<tbody>\n<tr>\n<td><strong>Stt<\/strong><\/td>\n<td><strong>L\u00fd do<\/strong><\/td>\n<td><strong>Gi\u00e1 (VN\u0110)<\/strong><\/td>\n<\/tr>\n<tr>\n<td><strong>1<\/strong><\/td>\n<td>Gi\u00e1 ni\u00eam y\u1ebft FPT Play Box<\/td>\n<td><s>2.400.000<\/s><\/td>\n<\/tr>\n<tr>\n<td><strong>2<\/strong><\/td>\n<td>Gi\u00e1 b\u00e1n h\u00f4m nay<\/td>\n<td><strong>1.490.000<\/strong><\/td>\n<\/tr>\n<tr>\n<td><strong>3<\/strong><\/td>\n<td><u>Khuy\u1ebfn m\u00e3i:<\/u>\u00a0Ph\u00ed giao h\u00e0ng v\u00e0 thu ti\u1ec1n t\u1eadn n\u01a1i, tr\u1ecb gi\u00e1 45.000<\/td>\n<td><s>45.000<\/s><\/td>\n<\/tr>\n<tr>\n<td colspan=\"2\"><strong>Tr\u1ecdn g\u00f3i<\/strong><\/td>\n<td><strong>1.390.000<\/strong><\/p>\n<div><\/div>\n<\/td>\n<\/tr>\n<\/tbody>\n<\/table>\n<\/div>\n<div class=\"news-detail-content\"><\/div>\n","protected":false},"excerpt":{"rendered":"<p>FPT Play Box 2018\u00a0l\u00e0 m\u1ed9t thi\u1ebft b\u1ecb Smart Box TV kh\u00e1 ho\u00e0n thi\u1ec7n v\u1ec1 \u1ee9ng d\u1ee5ng v\u00e0 tr\u1ea3i nghi\u1ec7m ng\u01b0\u1eddi d\u00f9ng. FPT Play Box 2018 s\u1eed d\u1ee5ng t\u1ed1t \u1edf n\u01b0\u1edbc ngo\u00e0i. \u1ede trong n\u01b0\u1edbc, FPT Play Box 2018 c\u00f3 th\u1ec3 thay th\u1ebf d\u1ecbch v\u1ee5 truy\u1ec1n h\u00ecnh c\u00e1p tr\u1ea3 ti\u1ec1n h\u00e0ng th\u00e1ng cho ng\u01b0\u1eddi d\u00e2n Vi\u1ec7t [&#8230;]\n","protected":false},"author":1,"featured_media":0,"parent":0,"menu_order":0,"comment_status":"closed","ping_status":"closed","template":"page-left-sidebar.php","meta":[],"_links":{"self":[{"href":"https:\/\/webmaibinh.com\/w\/lapmang2011\/wp-json\/wp\/v2\/pages\/158"}],"collection":[{"href":"https:\/\/webmaibinh.com\/w\/lapmang2011\/wp-json\/wp\/v2\/pages"}],"about":[{"href":"https:\/\/webmaibinh.com\/w\/lapmang2011\/wp-json\/wp\/v2\/types\/page"}],"author":[{"embeddable":true,"href":"https:\/\/webmaibinh.com\/w\/lapmang2011\/wp-json\/wp\/v2\/users\/1"}],"replies":[{"embeddable":true,"href":"https:\/\/webmaibinh.com\/w\/lapmang2011\/wp-json\/wp\/v2\/comments?post=158"}],"version-history":[{"count":8,"href":"https:\/\/webmaibinh.com\/w\/lapmang2011\/wp-json\/wp\/v2\/pages\/158\/revisions"}],"predecessor-version":[{"id":270,"href":"https:\/\/webmaibinh.com\/w\/lapmang2011\/wp-json\/wp\/v2\/pages\/158\/revisions\/270"}],"wp:attachment":[{"href":"https:\/\/webmaibinh.com\/w\/lapmang2011\/wp-json\/wp\/v2\/media?parent=158"}],"curies":[{"name":"wp","href":"https:\/\/api.w.org\/{rel}","templated":true}]}}