{"id":156,"date":"2018-03-24T00:13:23","date_gmt":"2018-03-24T00:13:23","guid":{"rendered":"http:\/\/lapmang.w2steam.com\/?page_id=156"},"modified":"2018-03-26T03:06:49","modified_gmt":"2018-03-26T03:06:49","slug":"truyen-hinh-fpt-2","status":"publish","type":"page","link":"https:\/\/webmaibinh.com\/w\/lapmang2011\/truyen-hinh-fpt-2\/","title":{"rendered":"Truy\u1ec1n h\u00ecnh FPT"},"content":{"rendered":"<h2>TRUY\u1ec0N H\u00ccNH FPT \u2013 M\u1edaI L\u1ea0 M\u1ed6I NG\u00c0Y<\/h2>\n<p><strong>Truy\u1ec1n h\u00ecnh FPT<\/strong>\u00a0l\u00e0 d\u1ecbch v\u1ee5 truy\u1ec1n h\u00ecnh k\u1ef9 thu\u1eadt s\u1ed1 hi\u1ec7n \u0111\u1ea1i, t\u01b0\u01a1ng t\u00e1c th\u00f4ng minh do FPT Telecom cung c\u1ea5p.\u00a0FPT HCM\u00a0l\u00e0 m\u1ed9t trong 3 nh\u00e0 cung c\u1ea5p d\u1ecbch v\u1ee5 truy\u1ec1n h\u00ecnh h\u00e0ng \u0111\u1ea7u Vi\u1ec7t Nam v\u1edbi xu h\u01b0\u1edbng hi\u1ec7n \u0111\u1ea1i, \u0111\u00f3n \u0111\u1ea7u tr\u00e0o l\u01b0u truy\u1ec1n h\u00ecnh s\u1ed1, n\u00f3 thay th\u1ebf d\u1ecbch v\u1ee5 truy\u1ec1n h\u00ecnh anolog truy\u1ec1n th\u1ed1ng theo ch\u1ee7 tr\u01b0\u01a1ng s\u1ed1 h\u00f3a truy\u1ec1n h\u00ecnh c\u1ee7a n\u01b0\u1edbc ta.<\/p>\n<p>V\u1edbi h\u1ea1 t\u1ea7ng vi\u1ec5n th\u00f4ng s\u1eb5n c\u00f3 59\/63 t\u1ec9nh th\u00e0nh FPT ng\u00e0y c\u00e0ng th\u1ec3 hi\u1ec7n m\u00ecnh v\u1ecb th\u1ebf c\u1ee7a m\u00ecnh. Ho\u1ea1t \u0111\u1ed9ng tr\u00ean \u0111\u01b0\u1eddng truy\u1ec1n\u00a0<strong>c\u00e1p quang fpt<\/strong>\u00a0t\u1ed1c \u0111\u1ed9 cao, truy\u1ec1n h\u00ecnh fpt cung c\u1ea5p cho kh\u00e1ch h\u00e0ng v\u1edbi h\u01a1n 180 k\u00eanh truy\u1ec1n h\u00ecnh \u0111\u1eb7c s\u1eafc trong v\u00e0 ngo\u00e0i n\u01b0\u1edbc. Kh\u00f4ng d\u1eebng l\u1ea1i \u1edf \u0111\u00f3 Fpt c\u00f2n mang \u0111\u1ebfn cho kh\u00e1ch h\u00e0ng kho gi\u1ea3i tr\u00ed \u0111a t\u00ednh n\u0103ng v\u1edbi h\u01a1n 100,000 phim HD mi\u1ec5n ph\u00ed ch\u1ecdn l\u1ecdc \u0111\u01b0\u1ee3c c\u1eadp nh\u1eadt th\u01b0\u1eddng xuy\u00ean, c\u00f9ng v\u1edbi \u0111\u00f3 l\u00e0 chuy\u00ean m\u1ee5c th\u1ec3 thao, gi\u1ea3i tr\u00ed, h\u00e0i k\u1ecbch, thi\u1ebfu nhi\u2026<\/p>\n<p>V\u1edbi \u0111\u1ed9i ng\u0169 nh\u00e2n vi\u00ean gi\u00e0u ki\u1ebfn th\u1ee9c chuy\u00ean m\u00f4n v\u00e0 b\u1eaft k\u1ecbp xu h\u01b0\u1edbng hi\u1ec7n \u0111\u1ea1i, truy\u1ec1n h\u00ecnh fpt c\u00f2n mang \u0111\u1ebfn cho kh\u00e1ch h\u00e0ng t\u00ednh n\u0103ng v\u00f4 c\u00f9ng n\u1ed5i b\u1eadc \u0111\u00f3 l\u00e0 bi\u1ebfn tivi nh\u00e0 b\u1ea1n tr\u1edf th\u00e0nh<strong>\u00a0tivi th\u00f4ng minh Smarttivi<\/strong>\u00a0m\u00e0 kh\u00f4ng c\u1ea7n ph\u1ea3i b\u1ecf th\u00eam b\u1ea5t k\u1ef3 chi ph\u00ed n\u00e0o kh\u00e1c. Gi\u1edd \u0111\u00e2y v\u1edbi\u00a0truy\u1ec1n h\u00ecnh fpt\u00a0kh\u00e1ch h\u00e0ng c\u00f3 th\u1ec3 tho\u1ea3i m\u00e1i l\u01b0\u1edbt Web, \u0110\u1ecdc b\u00e1o, Karaoke, xem Youtube, ZingTV, Nhacso.net\u2026<\/p>\n<p>V\u1edbi truy\u1ec1n h\u00ecnh fpt ch\u01b0a bao gi\u1edd gi\u00e2y ph\u00fat gi\u1ea3i tr\u00ed c\u1ee7a gia \u0111\u00ecnh b\u1ea1n tr\u1edf n\u00ean th\u00fa v\u1ecb v\u00e0 \u0111\u1ea7y l\u00f4i cu\u1ed1n. H\u00e3y li\u00ean h\u1ec7 ngay v\u1edbi ch\u00fang t\u00f4i \u0111\u1ec3 \u0111\u01b0\u1ee3c t\u1eadn h\u01b0\u1ee1ng ngay nh\u1eefng gi\u00e2y ph\u00fat gi\u1ea3i tr\u00ed \u0111\u1ec9nh cao b\u00ean gia \u0111\u00ecnh.<\/p>\n<figure id=\"attachment_576\" class=\"wp-caption aligncenter\"><img loading=\"lazy\" class=\"wp-image-576 size-medium\" src=\"http:\/\/lapmang.w2steam.com\/wp-content\/uploads\/2018\/03\/truyen-hinh-fpt-144.jpg\" sizes=\"(max-width: 800px) 100vw, 800px\" srcset=\"http:\/\/lapmang.w2steam.com\/wp-content\/uploads\/2018\/03\/truyen-hinh-fpt-144.jpg 800w, http:\/\/fpthcm.net\/wp-content\/uploads\/2017\/03\/1483961075-fpt-play-box-tv-box-truyen-hinh-htv-vtv-starsmovie-bbc-hbo-768x238.jpg 768w, http:\/\/fpthcm.net\/wp-content\/uploads\/2017\/03\/1483961075-fpt-play-box-tv-box-truyen-hinh-htv-vtv-starsmovie-bbc-hbo.jpg 1000w\" alt=\"\" width=\"800\" height=\"248\" \/><figcaption class=\"wp-caption-text\">Xem truy\u1ec1n h\u00ecnh fpt t\u1ea1i gia \u0111\u00ecnh b\u1ea1n<\/figcaption><\/figure>\n<h3><strong>C\u00e1c g\u00f3i c\u01b0\u1edbc truy\u1ec1n h\u00ecnh FPT<\/strong><\/h3>\n<p><span style=\"font-size: 20.16px; color: #333333;\">\u00a0<\/span><strong style=\"font-size: 20.16px; color: #333333;\">G\u00f3i Combo Internet v\u00e0 truy\u1ec1n h\u00ecnh FPT<\/strong><\/p>\n<div class=\"row container \">\n<ul>\n<li>\u2013 Gi\u00e1 c\u01b0\u1edbc 2 d\u1ecbch v\u1ee5\u00a0<strong>Internet 22Mb<\/strong><strong>\u00a0+ Truy\u1ec1n h\u00ecnh FPT<\/strong><strong>\u00a0ch\u1ec9\u00a0<\/strong><strong>220.000<\/strong>\u00a0<strong>VN\u0110\/th\u00e1ng<\/strong><\/li>\n<li>\u2013 Gi\u00e1 c\u01b0\u1edbc 2 d\u1ecbch v\u1ee5\u00a0<strong>Internet 16Mb + Truy\u1ec1n h\u00ecnh FPT<\/strong>\u00a0<strong>ch\u1ec9<\/strong><strong>\u00a0<\/strong><strong>198.000<\/strong>\u00a0<strong>VN\u0110\/th\u00e1ng<\/strong><\/li>\n<\/ul>\n<h3>T\u00ednh n\u0103ng v\u01b0\u1ee3t tr\u1ed9i<\/h3>\n<ul>\n<li>\u2013 Xem h\u01a1n\u00a0<strong>150 k\u00eanh truy\u1ec1n h\u00ecnh<\/strong><\/li>\n<li>\u2013 Bi\u1ebfn tivi th\u01b0\u1eddng th\u00e0nh\u00a0<strong>tivi internet<\/strong><\/li>\n<li>\u2013 Kho phim , h\u00e0i k\u1ecbch , ca nh\u1ea1c mi\u1ec5n ph\u00ed<\/li>\n<li>\u2013 T\u00ednh n\u0103ng\u00a0<strong>karaoke 6 s\u1ed1<\/strong><\/li>\n<li>\u2013 T\u00edch h\u1ee3p ch\u1ee9c n\u0103ng\u00a0<strong>K+\u00a0, ch\u1ec9 c\u1ea7n k\u00edch ho\u1ea1t d\u1ecbch v\u1ee5<\/strong><\/li>\n<li>\u2013 C\u01a1 h\u1ed9i ki\u1ebfm ti\u1ec1n ngay t\u1ea1i nh\u00e0 v\u1edbi truy\u1ec1n h\u00ecnh FPT<\/li>\n<li>\u2013 Xem \u0111\u01b0\u1ee3c\u00a0<strong>youtube<\/strong>\u00a0tr\u00ean tivi<\/li>\n<\/ul>\n<div class=\"small-12 large-6 columns \">\n<div class=\"column-inner\">\n<p><img loading=\"lazy\" class=\"alignnone wp-image-1208 size-full\" src=\"http:\/\/lapmang.w2steam.com\/wp-content\/uploads\/2018\/03\/truyen-hinh-fpt-144-1.jpg\" sizes=\"(max-width: 350px) 100vw, 350px\" srcset=\"http:\/\/lapmang.w2steam.com\/wp-content\/uploads\/2018\/03\/truyen-hinh-fpt-144-1.jpg 350w, http:\/\/fpthcm.net\/wp-content\/uploads\/2017\/07\/FPT_Website_Footer_THFPT-01-340x340.png 340w\" alt=\"truyen hinh fpt\" width=\"350\" height=\"350\" \/><\/p>\n<\/div>\n<\/div>\n<div class=\"small-120 large-6 columns \">\n<div class=\"column-inner\">\n<h3>Kho gi\u1ea3i tr\u00ed phim truy\u1ec7n<\/h3>\n<p>Truy\u1ec1n h\u00ecnh FPT \u0111em \u0111\u1ebfn cho kh\u00e1ch h\u00e0ng kho gi\u1ea3i tr\u00ed v\u1edbi h\u00e0ng ngh\u00ecn b\u1ed9 phim HD, ca nh\u1ea1c h\u00e0i k\u1ecbch h\u1ea5p d\u1eabn.<\/p>\n<h3>H\u1ec7 th\u1ed1ng k\u00eanh \u0111a d\u1ea1ng<\/h3>\n<p>Danh s\u00e1ch tr\u00ean 180 k\u00eanh truy\u1ec1n h\u00ecnh \u0111\u01b0\u1ee3c s\u1eafp x\u1ebfp v\u00e0 ch\u1ecdn l\u1ecdc, truy\u1ec1n h\u00ecnh fpt \u0111em \u0111\u1ebfn tr\u00e3i nghi\u1ec7m t\u1ed1t nh\u1ea5t cho kh\u00e1ch h\u00e0ng<\/p>\n<h3>Ch\u01b0\u01a1ng tr\u00ecnh n\u00ean xem<\/h3>\n<p>Mang \u0111\u1ebfn nh\u1eefng ch\u01b0\u01a1ng tr\u00ecnh tivi m\u1edbi nh\u1ea5t, \u0111\u01b0\u1ee3c nhi\u1ec1u ng\u01b0\u1eddi y\u00eau th\u00edch v\u1edbi n\u1ed9i dung h\u1ea5p d\u1eabn, l\u00f4i cu\u1ed1n.<\/p>\n<\/div>\n<\/div>\n<\/div>\n<figure id=\"attachment_592\" class=\"wp-caption aligncenter\"><img loading=\"lazy\" class=\"wp-image-592 size-medium\" src=\"http:\/\/lapmang.w2steam.com\/wp-content\/uploads\/2018\/03\/truyen-hinh-fpt-144-2.jpg\" sizes=\"(max-width: 800px) 100vw, 800px\" srcset=\"http:\/\/lapmang.w2steam.com\/wp-content\/uploads\/2018\/03\/truyen-hinh-fpt-144-2.jpg 800w, http:\/\/fpthcm.net\/wp-content\/uploads\/2017\/03\/bg-truyenhinh-768x200.jpg 768w, http:\/\/fpthcm.net\/wp-content\/uploads\/2017\/03\/bg-truyenhinh-1600x417.jpg 1600w\" alt=\"\" width=\"800\" height=\"208\" \/><figcaption class=\"wp-caption-text\">Truy\u1ec1n H\u00ecnh FPT gi\u1ea3i tr\u00ed trong t\u1ea7m tay<\/figcaption><\/figure>\n<div class=\"row container \">\n<div class=\"small-120 large-6 columns \">\n<div class=\"column-inner\">\n<h3>Truy\u1ec1n h\u00ecnh xem l\u1ea1i<\/h3>\n<p>Truy\u1ec1n h\u00ecnh FPT\u00a0cho ph\u00e9p kh\u00e1ch h\u00e0ng xem l\u1ea1i ch\u01b0\u01a1ng tr\u00ecnh truy\u1ec1n h\u00ecnh \u0111\u00e3 ph\u00e1t s\u00f3ng trong 72h<\/p>\n<h3>Gi\u00e1m s\u00e1t tr\u1ebb em<\/h3>\n<p>Qu\u1ea3n l\u00fd ch\u01b0\u01a1ng tr\u00ecnh truy\u1ec1n h\u00ecnh theo \u0111\u1ed9 tu\u1ed5i l\u00e0 t\u00ednh n\u0103ng n\u1ed5i b\u1eadc c\u1ee7a truy\u1ec1n h\u00ecnh fpt<\/p>\n<h3>Karaoke<\/h3>\n<p>Gi\u1ea3i tr\u00ed th\u1ea3 ga, tho\u1ea3i s\u1ee9c tr\u1ea3i nghi\u1ec7m c\u00e1c b\u00e0i h\u00e1t m\u1edbi nh\u1ea5t c\u00f9ng t\u00ednh n\u0103ng Karaoke c\u1ee7a truy\u1ec1n h\u00ecnh fpt<\/p>\n<h3>Chuy\u00ean m\u1ee5c th\u1ec3 thao<\/h3>\n<p>Mang \u0111\u1ebfn cho ng\u01b0\u1eddi xem nh\u1eefng tr\u1eadn \u0111\u1ea5u tr\u1ef1c ti\u1ebfp c\u00e1c b\u1ed9 m\u00f4n B\u00f3ng \u0111\u00e1, Tennis, Golf\u2026\u0110\u1eb7c bi\u1ec7t l\u00e0 m\u00f9a gi\u1ea3i Ngo\u1ea1i h\u1ea1ng anh \u0111ang di\u1ec5n ra kh\u1ed1c li\u1ec7t<\/p>\n<\/div>\n<\/div>\n<div class=\"small-12 large-6 columns \">\n<div class=\"column-inner\">\n<p>&nbsp;<\/p>\n<p>&nbsp;<\/p>\n<p><img loading=\"lazy\" class=\"aligncenter wp-image-593 size-full\" src=\"http:\/\/lapmang.w2steam.com\/wp-content\/uploads\/2018\/03\/truyen-hinh-fpt-144-3.jpg\" alt=\"\" width=\"336\" height=\"336\" \/><\/p>\n<\/div>\n<\/div>\n<\/div>\n<p>&nbsp;<\/p>\n<h3>Th\u1ee7 t\u1ee5c \u0111\u0103ng k\u00fd<\/h3>\n<p>Kh\u00e1ch h\u00e0ng mu\u1ed1n \u0111\u0103ng k\u00fd d\u1ecbch v\u1ee5 truy\u1ec1n h\u00ecnh v\u00e0\u00a0internet fpt\u00a0c\u1ea7n cung c\u1ea5p:<\/p>\n<ul>\n<li class=\"bullet-checkmark\">\u0110\u1ed1i v\u1edbi kh\u00e1ch h\u00e0ng c\u00e1 nh\u00e2n: c\u1ea7n 1 b\u1ea3n ch\u1ee9ng minh nh\u00e2n d\u00e2n photo ho\u1eb7c h\u1ed9 kh\u1ea9u (n\u1ebfu c\u1ea7n) kh\u00f4ng c\u1ea7n c\u00f4ng ch\u1ee9ng.<\/li>\n<li class=\"bullet-checkmark\">\u0110\u1ed1i v\u1edbi kh\u00e1ch h\u00e0ng l\u00e0 c\u01a1 quan, t\u1ed5 ch\u1ee9c, doanh nghi\u1ec7p: c\u1ea7n 1 b\u1ea3n gi\u1ea5y ph\u00e9p kinh doanh photo c\u00f3 \u0111\u00f3ng d\u1ea5u tr\u00f2n c\u00f4ng ty, 1 ch\u1ee9ng minh nh\u00e2n d\u00e2n photo c\u1ee7a ng\u01b0\u1eddi \u0111\u1ea1i di\u1ec7n doanh nghi\u1ec7p t\u1ed5 ch\u1ee9c.<\/li>\n<li class=\"bullet-checkmark\">\u0110\u1ed1i v\u1edbi kh\u00e1ch h\u00e0ng \u1edf nh\u00e0 thu\u00ea, nh\u00e0 tr\u1ecd, \u0111\u1ecba ch\u1ec9 ch\u1ee9ng minh nh\u00e2n d\u00e2n kh\u00f4ng tr\u00f9ng \u0111\u1ecba ch\u1ec9 l\u1eafp \u0111\u1eb7t ph\u1ea3i \u0111\u1eb7t c\u1ecdc thu\u00ea bao\u00a0<strong>660.000\u0111\u00a0<\/strong>ho\u1eb7c tr\u1ea3 tr\u01b0\u1edbc 6, 12 th\u00e1ng.<\/li>\n<\/ul>\n<h3>Quy tr\u00ecnh \u0111\u0103ng k\u00fd truy\u1ec1n h\u00ecnh v\u00e0 internet c\u00e1p quang fpt<\/h3>\n<ul>\n<li><u>B\u01b0\u1edbc 1:<\/u>\u00a0Kh\u00e1ch h\u00e0ng vui l\u00f2ng g\u1ecdi v\u00e0o s\u1ed1 Hotline fpt 0939 945 145 ho\u1eb7c \u0111i\u1ec1n th\u00f4ng tin v\u00e0o khung\u00a0\u0111\u0103ng k\u00fd c\u00e1p quang fpttr\u1ef1c tuy\u1ebfn<\/li>\n<li><u>B\u01b0\u1edbc 2:<\/u>\u00a0Nh\u00e2n vi\u00ean kinh doanh fpt s\u1ebd li\u00ean h\u1ec7 kh\u1ea3o s\u00e1t t\u1ea1i \u0111\u1ecba ch\u1ec9 kh\u00e1ch h\u00e0ng<\/li>\n<li><u>B\u01b0\u1edbc 3:<\/u>\u00a0Nh\u00e2n vi\u00ean t\u01b0 v\u1ea5n d\u1ecbch v\u1ee5 fpt cho kh\u00e1ch h\u00e0ng v\u00e0 k\u00fd k\u1ebft h\u1ee3p \u0111\u1ed3ng<\/li>\n<li><u>B\u01b0\u1edbc 4:<\/u>\u00a0K\u1ef9 thu\u1eadt fpt tri\u1ec3n khai v\u00e0 b\u00e0n giao cho kh\u00e1ch h\u00e0ng trong v\u00f2ng 48h<\/li>\n<\/ul>\n<h3>T\u1ea1i sao b\u1ea1n n\u00ean ch\u1ecdn truy\u1ec1n h\u00ecnh fpt ?<\/h3>\n<ul>\n<li class=\"bullet-checkmark\">B\u1ea1n \u0111ang b\u0103n kho\u0103n khi c\u00f3 nhu c\u1ea7u \u0111\u0103ng k\u00fd d\u1ecbch v\u1ee5 truy\u1ec1n h\u00ecnh nh\u01b0ng ch\u01b0a bi\u1ebft n\u00ean ch\u1ecdn nh\u00e0 cung c\u1ea5p n\u00e0o ? H\u00e3y \u0111\u1ebfn v\u1edbi\u00a0FPT C\u1ea7n Th\u01a1 \u0111\u1ec3 c\u1ea3m nh\u1eadn v\u1ec1 ch\u1ea5t l\u01b0\u1ee3ng d\u1ecbch v\u1ee5 t\u1ed1t, th\u00e1i \u0111\u1ed9 ph\u1ee5c v\u1ee5 chuy\u00ean nghi\u1ec7p, gi\u00e1 c\u01b0\u1edbc h\u00e0ng th\u00e1ng \u1ed5n \u0111\u1ecbnh v\u00e0 r\u00f5 r\u00e0ng, nh\u00e2n vi\u00ean h\u1ed7 tr\u1ee3 k\u1ef9 thu\u1eadt nhanh nh\u1ea5t.<\/li>\n<li class=\"bullet-checkmark\">\u0110\u1ed9i ng\u0169 nh\u00e2n vi\u00ean ch\u0103m s\u00f3c kh\u00e1ch h\u00e0ng \u0111\u01b0\u1ee3c \u0111\u00e0o t\u00e0o chuy\u00ean nghi\u1ec7p, hi\u1ec3u r\u00f5 v\u1ec1 quy tr\u00ecnh v\u00e0 s\u1ea3n ph\u1ea9m d\u1ecbch v\u1ee5, lu\u00f4n \u0111\u1eb7t m\u00ecnh \u1edf v\u1ecb tr\u00ed c\u1ee7a kh\u00e1ch h\u00e0ng \u0111\u1ec3 ph\u1ee5c v\u1ee5 b\u1eb1ng c\u1ea3 tr\u00e1i tim.<\/li>\n<li class=\"bullet-checkmark\">FPT Telecom l\u00e0 m\u1ed9t trong 3 nh\u00e0 cung c\u1ea5p d\u1ecbch v\u1ee5 internet v\u00e0 truy\u1ec1n h\u00ecnh h\u00e0ng \u0111\u1ea7u Vi\u1ec7t Nam<\/li>\n<li class=\"bullet-checkmark\">V\u1ec1 d\u1ecbch v\u1ee5: truy\u1ec1n h\u00ecnh fpt l\u00e0 d\u1ecbch v\u1ee5 truy\u1ec1n h\u00ecnh th\u00f4ng minh nh\u1ea5t hi\u1ec7n nay, \u1ee9ng d\u1ee5ng c\u00f4ng ngh\u1ec7 ti\u00ean ti\u1ebfn nh\u1ea5t \u0111em \u0111\u1ebfn tr\u1ea3i nghi\u1ec7m t\u1ed1t nh\u1ea5t cho ng\u01b0\u1eddi d\u00f9ng<\/li>\n<li class=\"bullet-checkmark\">\u0110\u01b0\u1eddng truy\u1ec1n internet c\u00e1p quang fpt l\u00e0 \u0111\u01b0\u1eddng truy\u1ec1n c\u00e1p quang nhanh v\u00e0 \u1ed5n \u0111\u1ecbnh, t\u1ed1c \u0111\u1ed9 l\u00ean \u0111\u1ebfn 80Mbps m\u00e0 kh\u00f4ng nh\u00e0 cung c\u1ea5p n\u00e0o c\u00f3 \u0111\u01b0\u1ee3c<\/li>\n<li class=\"bullet-checkmark\">Wifi fpt c\u00f3 kh\u1ea3 n\u0103ng ph\u00e1t s\u00f3ng r\u1ed9ng v\u00e0 \u1ed5n \u0111\u1ecbnh, b\u1ea1n kh\u00f4ng ph\u1ea3i lo v\u1ec1 v\u1ea5n \u0111\u1ec1 wifi nh\u00e0 b\u1ea1n y\u1ebfu.<\/li>\n<\/ul>\n","protected":false},"excerpt":{"rendered":"<p>TRUY\u1ec0N H\u00ccNH FPT \u2013 M\u1edaI L\u1ea0 M\u1ed6I NG\u00c0Y Truy\u1ec1n h\u00ecnh FPT\u00a0l\u00e0 d\u1ecbch v\u1ee5 truy\u1ec1n h\u00ecnh k\u1ef9 thu\u1eadt s\u1ed1 hi\u1ec7n \u0111\u1ea1i, t\u01b0\u01a1ng t\u00e1c th\u00f4ng minh do FPT Telecom cung c\u1ea5p.\u00a0FPT HCM\u00a0l\u00e0 m\u1ed9t trong 3 nh\u00e0 cung c\u1ea5p d\u1ecbch v\u1ee5 truy\u1ec1n h\u00ecnh h\u00e0ng \u0111\u1ea7u Vi\u1ec7t Nam v\u1edbi xu h\u01b0\u1edbng hi\u1ec7n \u0111\u1ea1i, \u0111\u00f3n \u0111\u1ea7u tr\u00e0o l\u01b0u truy\u1ec1n h\u00ecnh [&#8230;]\n","protected":false},"author":1,"featured_media":0,"parent":0,"menu_order":0,"comment_status":"closed","ping_status":"closed","template":"page-left-sidebar.php","meta":[],"_links":{"self":[{"href":"https:\/\/webmaibinh.com\/w\/lapmang2011\/wp-json\/wp\/v2\/pages\/156"}],"collection":[{"href":"https:\/\/webmaibinh.com\/w\/lapmang2011\/wp-json\/wp\/v2\/pages"}],"about":[{"href":"https:\/\/webmaibinh.com\/w\/lapmang2011\/wp-json\/wp\/v2\/types\/page"}],"author":[{"embeddable":true,"href":"https:\/\/webmaibinh.com\/w\/lapmang2011\/wp-json\/wp\/v2\/users\/1"}],"replies":[{"embeddable":true,"href":"https:\/\/webmaibinh.com\/w\/lapmang2011\/wp-json\/wp\/v2\/comments?post=156"}],"version-history":[{"count":5,"href":"https:\/\/webmaibinh.com\/w\/lapmang2011\/wp-json\/wp\/v2\/pages\/156\/revisions"}],"predecessor-version":[{"id":252,"href":"https:\/\/webmaibinh.com\/w\/lapmang2011\/wp-json\/wp\/v2\/pages\/156\/revisions\/252"}],"wp:attachment":[{"href":"https:\/\/webmaibinh.com\/w\/lapmang2011\/wp-json\/wp\/v2\/media?parent=156"}],"curies":[{"name":"wp","href":"https:\/\/api.w.org\/{rel}","templated":true}]}}