{"id":154,"date":"2018-03-24T00:12:53","date_gmt":"2018-03-24T00:12:53","guid":{"rendered":"http:\/\/lapmang.w2steam.com\/?page_id=154"},"modified":"2018-03-26T03:21:44","modified_gmt":"2018-03-26T03:21:44","slug":"cap-quang-fpt-2","status":"publish","type":"page","link":"https:\/\/webmaibinh.com\/w\/lapmang2011\/cap-quang-fpt-2\/","title":{"rendered":"C\u00e1p quang FPT"},"content":{"rendered":"<h2><img loading=\"lazy\" class=\"alignnone size-medium wp-image-140\" src=\"http:\/\/lapmang.w2steam.com\/wp-content\/uploads\/2018\/03\/46j-800x292.jpg\" alt=\"\" width=\"800\" height=\"292\" srcset=\"https:\/\/webmaibinh.com\/w\/lapmang2011\/wp-content\/uploads\/2018\/03\/46j-800x292.jpg 800w, https:\/\/webmaibinh.com\/w\/lapmang2011\/wp-content\/uploads\/2018\/03\/46j-768x280.jpg 768w, https:\/\/webmaibinh.com\/w\/lapmang2011\/wp-content\/uploads\/2018\/03\/46j.jpg 960w\" sizes=\"(max-width: 800px) 100vw, 800px\" \/><\/h2>\n<h2>V\u00ec sao n\u00ean l\u1eafp \u0111\u1eb7t C\u00e1p quang FPT<\/h2>\n<p><strong>C\u00e1p quang FPT<\/strong>\u00a0l\u00e0 d\u1ecbch v\u1ee5 c\u00e1p quang s\u1eed d\u1ee5ng c\u00f4ng ngh\u1ec7 k\u1ebft n\u1ed1i internet hi\u1ec7n \u0111\u1ea1i tr\u00ean th\u1ebf gi\u1edbi v\u1edbi \u0111\u01b0\u1eddng truy\u1ec1n d\u1eabn ho\u00e0n to\u00e0n b\u1eb1ng c\u00e1p quang v\u1edbi c\u00f4ng ngh\u1ec7 c\u00e1p quang Gpon, cho t\u1ed1c \u0111\u1ed9 truy\u1ec1n t\u1ea3i d\u1eef li\u1ec7u\u00a0<em>(Upload\/Dowload)<\/em>\u00a0ngang b\u1eb1ng nhau v\u00e0 cao h\u01a1n r\u1ea5t nhi\u1ec1u l\u1ea7n so v\u1edbi c\u00e1p \u0111\u1ed3ng ADSL c\u0169. C\u00e1p quang FPT s\u1edf h\u1eefu nhi\u1ec1u \u01b0u \u0111i\u1ec3m v\u01b0\u1ee3t tr\u1ed9i so v\u1edbi c\u00e1c nh\u00e0 m\u1ea1ng kh\u00e1c:<\/p>\n<ul>\n<li class=\"bullet-checkmark\">\u0110\u01b0\u1eddng truy\u1ec1n c\u00e1p quang \u0111\u01b0\u1ee3c truy\u1ec1n tr\u1ef1c ti\u1ebfp t\u1eeb FPT, \u0111\u1ebfn t\u1eadn nh\u00e0 kh\u00e1ch h\u00e0ng kh\u00f4ng qua c\u00e1c thi\u1ec7t b\u1ecb trung gian mang \u0111\u1ebfn \u0111\u01b0\u1eddng truy\u1ec1n t\u1ed1c \u0111\u1ed9 cao, \u0111\u01b0\u1eddng truy\u1ec1n c\u00e1p quang FTTH k\u1ebft n\u1ed1i b\u1ea3o m\u1eadt , an to\u00e0n<\/li>\n<li class=\"bullet-checkmark\">C\u00e1p quang fpt s\u1eed d\u1ee5ng c\u00f4ng ngh\u1ec7 quang m\u1edbi kh\u00f4ng ch\u1ecbu \u1ea3nh h\u01b0\u1edfng b\u1edfi c\u00e1c y\u1ebfu t\u1ed1 th\u1eddi ti\u1ebft m\u01b0a gi\u00f3, b\u00e3o, nhi\u1ec5m \u0111i\u1ec7n t\u1eeb\u2026<\/li>\n<li class=\"bullet-checkmark\">N\u00e2ng c\u1ea5p g\u00f3i c\u01b0\u1edbc d\u1ec5 d\u00e0ng, mi\u1ec5n ph\u00ed v\u00e0 kh\u00f4ng ph\u00e1t sinh th\u00eam ph\u00ed v\u1eadt t\u01b0<\/li>\n<li class=\"bullet-checkmark\">Cho ph\u00e9p \u0111i k\u00e8m th\u00eam \u0111a ti\u1ec7n \u00edch d\u1ecbch v\u1ee5 nh\u01b0 : truy\u1ec1n h\u00ecnh internet FPT , Ivoice , m\u00e1y ch\u1ee7 , \u0111i\u1ec7n tho\u1ea1i c\u1ed1 \u0111\u1ecbnh t\u1ed5ng \u0111\u00e0i vvv\u2026<\/li>\n<li class=\"bullet-checkmark\">\u0110\u00e1p \u1ee9ng \u0111\u01b0\u1ee3c nh\u1eefng d\u1ecbch v\u1ee5 ch\u1ea5t l\u01b0\u1ee3ng cao nh\u01b0 Game Online, Truy\u1ec1n h\u00ecnh s\u1ed1 HD, Camera quan s\u00e1t\u2026<\/li>\n<\/ul>\n<p><strong>Cap quang FPT\u00a0s\u1edf h\u1eefu nhi\u1ec1u \u01b0u \u0111i\u1ec3m v\u01b0\u1ee3t tr\u1ed9i, t\u1ed1c \u0111\u1ed9 \u0111\u01b0\u1eddng truy\u1ec1n internet cao v\u00e0 \u1ed5n \u0111\u1ecbnh nh\u01b0ng m\u1ee9c ph\u00ed s\u1eed d\u1ee5ng ho\u00e0n to\u00e0n ph\u00f9 h\u1ee3p v\u1edbi t\u1ea5t c\u1ea3 m\u1ecdi \u0111\u1ed1i t\u01b0\u1ee3ng kh\u00e1ch h\u00e0ng v\u00e0 c\u00f9ng \u0111\u00f3 l\u00e0 nhi\u1ec1u ch\u01b0\u01a1ng tr\u00ecnh khuy\u1ebfn m\u00e3i v\u00e0 \u01b0u \u0111\u00e3i c\u1ef1c l\u1edbn.<\/strong><\/p>\n<h2>B\u1ea2NG GI\u00c1 C\u01af\u1edaC C\u00c1P QUANG FPT D\u00c0NH CHO GIA \u0110\u00ccNH<\/h2>\n<p><span style=\"font-size: 14.4px;\">B\u1ea3ng gi\u00e1 g\u00f3i c\u01b0\u1edbc\u00a0<\/span><strong style=\"font-size: 14.4px;\">internet fpt<\/strong><span style=\"font-size: 14.4px;\">\u00a0g\u00f3i c\u00e1 nh\u00e2n<\/span><\/p>\n<table style=\"height: 127px;\" border=\"1\" width=\"789\" rules=\"all\" align=\"center\">\n<tbody>\n<tr bgcolor=\"#ff6600\">\n<td style=\"text-align: center;\"><span style=\"color: #ffffff;\"><strong>G\u00f3i c\u01b0\u1edbc<\/strong><\/span><\/td>\n<td style=\"text-align: center;\"><span style=\"color: #ffffff;\"><strong>T\u1ed1c \u0111\u1ed9<\/strong><\/span><\/td>\n<td style=\"text-align: center;\"><span style=\"color: #ffffff;\"><strong>C\u01b0\u1edbc th\u00e1ng<\/strong><\/span><\/td>\n<\/tr>\n<tr>\n<td style=\"text-align: center;\">F7<\/td>\n<td style=\"text-align: center;\"><strong>16 Mbps<\/strong><\/td>\n<td style=\"text-align: center;\"><strong>165.000<\/strong><\/td>\n<\/tr>\n<tr>\n<td style=\"text-align: center;\">F6<\/td>\n<td style=\"text-align: center;\"><strong>22 Mbps<\/strong><\/td>\n<td style=\"text-align: center;\"><strong>176.000<\/strong><\/td>\n<\/tr>\n<tr>\n<td style=\"text-align: center;\">F5<\/td>\n<td style=\"text-align: center;\"><strong>27 Mbps<\/strong><\/td>\n<td style=\"text-align: center;\"><strong>192.500<\/strong><\/td>\n<\/tr>\n<tr>\n<td style=\"text-align: center;\">F4<\/td>\n<td style=\"text-align: center;\"><strong>35 Mbps<\/strong><\/td>\n<td style=\"text-align: center;\"><strong>220.000<\/strong><\/td>\n<\/tr>\n<tr>\n<td style=\"text-align: center;\">F3<\/td>\n<td style=\"text-align: center;\"><strong>45 Mbps<\/strong><\/td>\n<td style=\"text-align: center;\"><strong>264.000<\/strong><\/td>\n<\/tr>\n<tr>\n<td style=\"text-align: center;\">F2<\/td>\n<td style=\"text-align: center;\"><strong>55 Mbps<\/strong><\/td>\n<td style=\"text-align: center;\"><strong>440.000<\/strong><\/td>\n<\/tr>\n<\/tbody>\n<\/table>\n<p>Ch\u01b0\u01a1ng tr\u00ecnh \u01b0u \u0111\u00e3i l\u1eafp \u0111\u1eb7t internet c\u00e1p quang fpt c\u1ee5 th\u1ec3 nh\u01b0 sau:<\/p>\n<ul>\n<li class=\"bullet-checkmark\">Kh\u00e1ch h\u00e0ng ch\u1ecdn\u00a0<strong>h\u00ecnh th\u1ee9c tr\u1ea3 tr\u01b0\u1edbc 6 th\u00e1ng<\/strong>\u00a0s\u1ebd \u0111\u01b0\u1ee3c mi\u1ec5n ph\u00ed v\u1eadt t\u01b0 tri\u1ec3n khai, trang b\u1ecb modem wifi fpt 4 c\u1ed5ng,<strong>\u00a0t\u1eb7ng 100% th\u00e1ng c\u01b0\u1edbc th\u1ee9 7<\/strong>\u00a0.<\/li>\n<li class=\"bullet-checkmark\">Kh\u00e1ch h\u00e0ng ch\u1ecdn h\u00ecnh th\u1ee9c\u00a0<strong>tr\u1ea3 tr\u01b0\u1edbc 12 th\u00e1ng<\/strong>\u00a0s\u1ebd \u0111\u01b0\u1ee3c mi\u1ec5n ph\u00ed v\u1eadt t\u01b0 tri\u1ec3n khai, trang b\u1ecb modem wifi fpt t\u1ed1c \u0111\u1ed9 cao,\u00a0<strong>t\u1eb7ng th\u00eam 2 th\u00e1ng c\u01b0\u1edbc th\u1ee9 13, 14<\/strong>\u00a0.<\/li>\n<\/ul>\n<p><span style=\"font-family: 'times new roman', times, serif;\"><span style=\"color: #0000ff;\"><span style=\"vertical-align: inherit;\">* \u01afu \u0111\u00e3i mi\u1ec5n ph\u00ed\u00a0<strong><em>l\u1eafp Internet<\/em>\u00a0FPT\u00a0<span style=\"color: #ff0000;\"><em>Sinh Vi\u00ean <\/em><\/span><\/strong>v\u00e0 <span style=\"color: #ff0000;\">ng\u01b0\u1eddi Thu\u00ea nh\u00e0<\/span>:\u00a0<\/span><\/span><span style=\"color: #0000ff;\"><span style=\"vertical-align: inherit;\">Ch\u1ec9 c\u1ea7n \u0111\u1eb7t c\u1ecdc <\/span><\/span><strong><span style=\"color: #ff6600;\"><span style=\"vertical-align: inherit;\">44<\/span><span style=\"vertical-align: inherit;\"><em>0.000 \u0111\u1ed3ng<\/em><\/span><\/span><\/strong><span style=\"color: #0000ff;\"><span style=\"vertical-align: inherit;\"> (Tr\u1eeb c\u01b0\u1edbc l\u1ea1i khi s\u1eed d\u1ee5ng h\u1ebft <em><span style=\"color: #ff0000;\"><strong>24 th\u00e1ng<\/strong>)<\/span>,<\/em>\u00a0ho\u1eb7c tr\u1ea3 tr\u01b0\u1edbc<span style=\"color: #ff0000;\"><strong> 6 th\u00e1ng<\/strong><\/span> th\u00ec kh\u00f4ng c\u1ea7n \u0111\u1eb7c c\u1ecdc.<\/span><\/span><\/span><br \/>\n<img loading=\"lazy\" class=\"alignnone size-medium wp-image-1300\" src=\"http:\/\/lapmang.w2steam.com\/wp-content\/uploads\/2018\/03\/cap-quang-fpt-139.jpg\" sizes=\"(max-width: 800px) 100vw, 800px\" srcset=\"http:\/\/lapmang.w2steam.com\/wp-content\/uploads\/2018\/03\/cap-quang-fpt-139.jpg 800w, http:\/\/fpthcm.net\/wp-content\/uploads\/2016\/08\/cap-quang-fpt-768x160.jpg 768w, http:\/\/fpthcm.net\/wp-content\/uploads\/2016\/08\/cap-quang-fpt.jpg 960w\" alt=\"\" width=\"800\" height=\"167\" \/><\/p>\n<h3>TH\u1ee6 T\u1ee4C L\u1eaeP \u0110\u1eb6T C\u00c1P QUANG FPT<\/h3>\n<ul>\n<li class=\"bullet-checkmark\">\u0110\u1ed1i v\u1edbi kh\u00e1ch h\u00e0ng c\u00e1 nh\u00e2n:\n<ul>\n<li>+C\u1ea7n 1 b\u1ea3n ch\u1ee9ng minh nh\u00e2n d\u00e2n photo ho\u1eb7c h\u1ed9 kh\u1ea9u (n\u1ebfu c\u00f3) kh\u00f4ng c\u1ea7n c\u00f4ng ch\u1ee9ng.<\/li>\n<li>+\u0110\u1ed1i v\u1edbi kh\u00e1ch h\u00e0ng \u1edf nh\u00e0 thu\u00ea, nh\u00e0 tr\u1ecd, \u0111\u1ecba ch\u1ec9 ch\u1ee9ng minh nh\u00e2n d\u00e2n kh\u00f4ng tr\u00f9ng \u0111\u1ecba ch\u1ec9 l\u1eafp \u0111\u1eb7t ph\u1ea3i \u0111\u1eb7t c\u1ecdc thu\u00ea bao\u00a0<strong>660.000\u0111\u00a0<\/strong>ho\u1eb7c tr\u1ea3 tr\u01b0\u1edbc 6, 12 th\u00e1ng.<\/li>\n<\/ul>\n<\/li>\n<li class=\"bullet-checkmark\">\u0110\u1ed1i v\u1edbi kh\u00e1ch h\u00e0ng l\u00e0 c\u01a1 quan, t\u1ed5 ch\u1ee9c, doanh nghi\u1ec7p:\n<ul>\n<li>+ B\u1eaft bu\u1ed9c ph\u1ea3i c\u00f3 : Gi\u1ea5y ph\u00e9p \u0111\u0103ng k\u00fd kinh doanh, gi\u1ea5y \u0111\u0103ng k\u00fd kinh doanh \u2013 B\u1ea3n photo \u0111\u00f3ng d\u1ea5u treo<\/li>\n<li>+ Ph\u1ea7n k\u00fd k\u1ebft h\u1ee3p \u0111\u1ed3ng : Ph\u1ea3i l\u00e0 ng\u01b0\u1eddi c\u00f3 \u0111\u1ee7 th\u1ea9m quy\u1ec1n \u0111\u01b0\u1ee3c k\u00fd k\u1ebft c\u00e1c lo\u1ea1i gi\u1ea5y t\u1edd ho\u1eb7c \u0111\u01b0\u1ee3c u\u1ef7 quy\u1ec1n l\u1ea1i, K\u00fd, \u0111\u00f3ng d\u1ea5u v\u00e0 d\u1ea5u ch\u1ee9c danh<\/li>\n<\/ul>\n<\/li>\n<li class=\"bullet-checkmark\">Th\u1eddi gian tri\u1ec3n khai: 1-2 ng\u00e0y<\/li>\n<\/ul>\n<h2>C\u00c1CH THANH TO\u00c1N C\u01af\u1edaC PH\u00cd C\u00c1P QUANG FPT :<\/h2>\n<p>\u0110\u1ec3 thanh to\u00e1n c\u01b0\u1edbc ph\u00ed c\u00e1p quang FPT h\u00e0ng th\u00e1ng, qu\u00fd kh\u00e1ch h\u00e0ng c\u00f3 th\u1ec3 l\u1ef1a ch\u1ecdn m\u1ed9t trong s\u1ed1 c\u00e1c h\u00ecnh th\u1ee9c sau :<br \/>\n<img src=\"http:\/\/lapmang.w2steam.com\/wp-content\/uploads\/2018\/03\/cap-quang-fpt-139-1.jpg\" alt=\"cac hinh thuc thanh toan cuoc fpt\" \/><\/p>\n","protected":false},"excerpt":{"rendered":"<p>V\u00ec sao n\u00ean l\u1eafp \u0111\u1eb7t C\u00e1p quang FPT C\u00e1p quang FPT\u00a0l\u00e0 d\u1ecbch v\u1ee5 c\u00e1p quang s\u1eed d\u1ee5ng c\u00f4ng ngh\u1ec7 k\u1ebft n\u1ed1i internet hi\u1ec7n \u0111\u1ea1i tr\u00ean th\u1ebf gi\u1edbi v\u1edbi \u0111\u01b0\u1eddng truy\u1ec1n d\u1eabn ho\u00e0n to\u00e0n b\u1eb1ng c\u00e1p quang v\u1edbi c\u00f4ng ngh\u1ec7 c\u00e1p quang Gpon, cho t\u1ed1c \u0111\u1ed9 truy\u1ec1n t\u1ea3i d\u1eef li\u1ec7u\u00a0(Upload\/Dowload)\u00a0ngang b\u1eb1ng nhau v\u00e0 cao h\u01a1n r\u1ea5t [&#8230;]\n","protected":false},"author":1,"featured_media":0,"parent":0,"menu_order":0,"comment_status":"closed","ping_status":"closed","template":"page-left-sidebar.php","meta":[],"_links":{"self":[{"href":"https:\/\/webmaibinh.com\/w\/lapmang2011\/wp-json\/wp\/v2\/pages\/154"}],"collection":[{"href":"https:\/\/webmaibinh.com\/w\/lapmang2011\/wp-json\/wp\/v2\/pages"}],"about":[{"href":"https:\/\/webmaibinh.com\/w\/lapmang2011\/wp-json\/wp\/v2\/types\/page"}],"author":[{"embeddable":true,"href":"https:\/\/webmaibinh.com\/w\/lapmang2011\/wp-json\/wp\/v2\/users\/1"}],"replies":[{"embeddable":true,"href":"https:\/\/webmaibinh.com\/w\/lapmang2011\/wp-json\/wp\/v2\/comments?post=154"}],"version-history":[{"count":10,"href":"https:\/\/webmaibinh.com\/w\/lapmang2011\/wp-json\/wp\/v2\/pages\/154\/revisions"}],"predecessor-version":[{"id":272,"href":"https:\/\/webmaibinh.com\/w\/lapmang2011\/wp-json\/wp\/v2\/pages\/154\/revisions\/272"}],"wp:attachment":[{"href":"https:\/\/webmaibinh.com\/w\/lapmang2011\/wp-json\/wp\/v2\/media?parent=154"}],"curies":[{"name":"wp","href":"https:\/\/api.w.org\/{rel}","templated":true}]}}