{"id":202,"date":"2018-02-12T02:09:06","date_gmt":"2018-02-12T02:09:06","guid":{"rendered":"http:\/\/kientruc.khowebseotop.vn\/?post_type=product&#038;p=202"},"modified":"2018-02-12T02:09:28","modified_gmt":"2018-02-12T02:09:28","slug":"noi-nha-xinh-2","status":"publish","type":"product","link":"https:\/\/webmaibinh.com\/w\/kientruc2011\/san-pham\/noi-nha-xinh-2\/","title":{"rendered":"N\u1ed9i th\u1ea5t nh\u00e0 xinh 2"},"content":{"rendered":"<p><iframe src=\"https:\/\/player.vimeo.com\/video\/248422299\" width=\"640\" height=\"360\" frameborder=\"0\" webkitallowfullscreen mozallowfullscreen allowfullscreen><\/iframe><\/p>\n<p><a href=\"https:\/\/vimeo.com\/248422299\">Tresor 2416<\/a> from <a href=\"https:\/\/vimeo.com\/user67998331\">Nam Phan<\/a> on <a href=\"https:\/\/vimeo.com\">Vimeo<\/a>.<\/p>\n","protected":false},"excerpt":{"rendered":"<p>C\u00f3 m\u1ed9t nh\u00e0 thi\u1ebft k\u1ebf n\u1ed9i th\u1ea5t \u0111\u00e3 t\u1eebng n\u00f3i: &#8220;N\u1ed9i th\u1ea5t ph\u00f2ng kh\u00e1ch t\u1ea1o n\u00ean gi\u00e1 tr\u1ecb cho c\u0103n nh\u00e0&#8221;, v\u00ec th\u1ebf ng\u00f4i nh\u00e0 \u0111\u1eb9p v\u00e0 \u0111\u1eb3ng c\u1ea5p s\u1ebd \u0111\u01b0\u1ee3c nh\u00ecn nh\u1eadn qua ph\u00f2ng kh\u00e1ch, c\u00f9ng xem nh\u1eefng g\u1ee3i \u00fd d\u01b0\u1edbi \u0111\u00e2y \u0111\u1ec3 c\u00f3 \u00fd t\u01b0\u1edfng thi\u1ebft k\u1ebf ph\u00f2ng kh\u00e1ch \u0111\u1eb9p v\u00e0 \u1ea5n t\u01b0\u1ee3ng.<\/p>\n","protected":false},"featured_media":198,"comment_status":"open","ping_status":"closed","template":"","meta":[],"_links":{"self":[{"href":"https:\/\/webmaibinh.com\/w\/kientruc2011\/wp-json\/wp\/v2\/product\/202"}],"collection":[{"href":"https:\/\/webmaibinh.com\/w\/kientruc2011\/wp-json\/wp\/v2\/product"}],"about":[{"href":"https:\/\/webmaibinh.com\/w\/kientruc2011\/wp-json\/wp\/v2\/types\/product"}],"replies":[{"embeddable":true,"href":"https:\/\/webmaibinh.com\/w\/kientruc2011\/wp-json\/wp\/v2\/comments?post=202"}],"wp:featuredmedia":[{"embeddable":true,"href":"https:\/\/webmaibinh.com\/w\/kientruc2011\/wp-json\/wp\/v2\/media\/198"}],"wp:attachment":[{"href":"https:\/\/webmaibinh.com\/w\/kientruc2011\/wp-json\/wp\/v2\/media?parent=202"}],"curies":[{"name":"wp","href":"https:\/\/api.w.org\/{rel}","templated":true}]}}