{"id":16,"date":"2017-08-21T23:52:19","date_gmt":"2017-08-21T16:52:19","guid":{"rendered":"https:\/\/bizhostvn.com\/w\/kientruc\/?page_id=16"},"modified":"2017-08-28T11:30:49","modified_gmt":"2017-08-28T04:30:49","slug":"lien-he","status":"publish","type":"page","link":"https:\/\/webmaibinh.com\/w\/kientruc\/lien-he\/","title":{"rendered":"Li\u00ean h\u1ec7"},"content":{"rendered":"<div class=\"row contact-block\"  id=\"row-599753300\">\n\n\t<div id=\"col-956044994\" class=\"col hide-for-small small-12 large-12\"  >\n\t\t<div class=\"col-inner\"  >\n\t\t\t\n\t\t\t\n\n  <div class=\"banner has-hover\" id=\"banner-1765020579\">\n          <div class=\"banner-inner fill\">\n        <div class=\"banner-bg fill\" >\n            <div class=\"bg fill bg-fill bg-loaded\"><\/div>\n                                    \n                    <\/div>\n        <div class=\"banner-layers container\">\n            <div class=\"fill banner-link\"><\/div>            \n   <div id=\"text-box-824890709\" class=\"text-box banner-layer x0 md-x0 lg-x0 y5 md-y5 lg-y5 res-text\">\n                                <div class=\"text dark\">\n              \n              <div class=\"text-inner text-center\">\n                  \n<h3 style=\"text-align: center;\"><span style=\"font-size: 75%; color: #000000;\">V\u0102N PH\u00d2NG<\/span><\/h3>\n<p style=\"text-align: center;\"><span style=\"color: #000000;\">S\u1ed1 29 ng\u00f5 18 L\u01b0\u01a1ng Ng\u1ecdc Quy\u1ebfn, H\u00e0 \u0110\u00f4ng<br \/> Tel: 0909.009.009 &#8211; 0909.009.009<br \/> Mail: webdesign@gmail.com<br \/><\/span><span style=\"color: #000000;\">Website: <a href=\"http:\/\/www.webdesign.com\">www.webdesign.com<\/a><br \/> Vietcombank: 0691000374599<\/span><\/p>\n<a rel=\"noopener noreferrer\" href=\"#\" target=\"_blank\" class=\"button primary\"  >\n  <i class=\"icon-map-pin-fill\" ><\/i>  <span>VIEW US ON THE MAP<\/span>\n  <\/a>\n\n\t<div id=\"gap-881405887\" class=\"gap-element clearfix\" style=\"display:block; height:auto;\">\n\t\t\n<style>\n#gap-881405887 {\n  padding-top: 30px;\n}\n<\/style>\n\t<\/div>\n\t\n<p style=\"text-align: center;\"><span style=\"font-size: 120%;\"><strong><span style=\"color: #000000;\">Hotline<br \/> <\/span><span style=\"color: #ff0000;\">0909.009.009<\/span><\/strong><\/span><\/p>\n              <\/div>\n           <\/div>\n                            \n<style>\n#text-box-824890709 {\n  width: 33%;\n}\n#text-box-824890709 .text {\n  font-size: 100%;\n}\n<\/style>\n    <\/div>\n \n   <div id=\"text-box-2103884322\" class=\"text-box banner-layer x50 md-x50 lg-x50 y5 md-y5 lg-y5 res-text\">\n                                <div class=\"text dark\">\n              \n              <div class=\"text-inner text-center\">\n                  \n<h3 style=\"text-align: center;\"><span style=\"font-size: 75%; color: #000000;\">\u00dd KI\u1ebeN PH\u1ea2N H\u1ed2I<\/span><\/h3>\n\t<div id=\"gap-1153970308\" class=\"gap-element clearfix\" style=\"display:block; height:auto;\">\n\t\t\n<style>\n#gap-1153970308 {\n  padding-top: 18px;\n}\n<\/style>\n\t<\/div>\n\t\n<div role=\"form\" class=\"wpcf7\" id=\"wpcf7-f164-o1\" lang=\"vi\" dir=\"ltr\">\n<div class=\"screen-reader-response\"><p role=\"status\" aria-live=\"polite\" aria-atomic=\"true\"><\/p> <ul><\/ul><\/div>\n<form action=\"\/w\/kientruc\/wp-json\/wp\/v2\/pages\/16#wpcf7-f164-o1\" method=\"post\" class=\"wpcf7-form init\" novalidate=\"novalidate\" data-status=\"init\">\n<div style=\"display: none;\">\n<input type=\"hidden\" name=\"_wpcf7\" value=\"164\" \/>\n<input type=\"hidden\" name=\"_wpcf7_version\" value=\"5.3\" \/>\n<input type=\"hidden\" name=\"_wpcf7_locale\" value=\"vi\" \/>\n<input type=\"hidden\" name=\"_wpcf7_unit_tag\" value=\"wpcf7-f164-o1\" \/>\n<input type=\"hidden\" name=\"_wpcf7_container_post\" value=\"0\" \/>\n<input type=\"hidden\" name=\"_wpcf7_posted_data_hash\" value=\"\" \/>\n<\/div>\n<div class=\"contact-form1\">\n<p><span class=\"wpcf7-form-control-wrap text-312\"><input type=\"text\" name=\"text-312\" value=\"\" size=\"40\" class=\"wpcf7-form-control wpcf7-text\" aria-invalid=\"false\" placeholder=\"T\u00ean \u0111\u01a1n v\u1ecb\" \/><\/span><br \/>\n<span class=\"wpcf7-form-control-wrap tel-205\"><input type=\"tel\" name=\"tel-205\" value=\"\" size=\"40\" class=\"wpcf7-form-control wpcf7-text wpcf7-tel wpcf7-validates-as-tel\" aria-invalid=\"false\" placeholder=\"S\u0110T\" \/><\/span><br \/>\n<span class=\"wpcf7-form-control-wrap text-287\"><input type=\"text\" name=\"text-287\" value=\"\" size=\"40\" class=\"wpcf7-form-control wpcf7-text\" aria-invalid=\"false\" placeholder=\"\u0110\u1ecba ch\u1ec9\" \/><\/span><br \/>\n<span class=\"wpcf7-form-control-wrap textarea-630\"><textarea name=\"textarea-630\" cols=\"40\" rows=\"10\" class=\"wpcf7-form-control wpcf7-textarea\" aria-invalid=\"false\" placeholder=\"Th\u00f4ng \u0111i\u1ec7p\"><\/textarea><\/span><br \/>\n<input type=\"submit\" value=\"G\u1eedi tin nh\u1eafn\" class=\"wpcf7-form-control wpcf7-submit\" \/><\/p><\/div>\n<div class=\"wpcf7-response-output\" aria-hidden=\"true\"><\/div><\/form><\/div>\n<p style=\"text-align: center;\"><span style=\"color: #000000;\"><strong>\u0110\u0102NG K\u00dd NH\u1eacN TIN<\/strong><\/span><\/p>\n<div role=\"form\" class=\"wpcf7\" id=\"wpcf7-f189-o2\" lang=\"vi\" dir=\"ltr\">\n<div class=\"screen-reader-response\"><p role=\"status\" aria-live=\"polite\" aria-atomic=\"true\"><\/p> <ul><\/ul><\/div>\n<form action=\"\/w\/kientruc\/wp-json\/wp\/v2\/pages\/16#wpcf7-f189-o2\" method=\"post\" class=\"wpcf7-form init\" novalidate=\"novalidate\" data-status=\"init\">\n<div style=\"display: none;\">\n<input type=\"hidden\" name=\"_wpcf7\" value=\"189\" \/>\n<input type=\"hidden\" name=\"_wpcf7_version\" value=\"5.3\" \/>\n<input type=\"hidden\" name=\"_wpcf7_locale\" value=\"vi\" \/>\n<input type=\"hidden\" name=\"_wpcf7_unit_tag\" value=\"wpcf7-f189-o2\" \/>\n<input type=\"hidden\" name=\"_wpcf7_container_post\" value=\"0\" \/>\n<input type=\"hidden\" name=\"_wpcf7_posted_data_hash\" value=\"\" \/>\n<\/div>\n<div class=\"form-flat\">\n      <span class=\"wpcf7-form-control-wrap your-email\"><input type=\"email\" name=\"your-email\" value=\"\" size=\"40\" class=\"wpcf7-form-control wpcf7-text wpcf7-email wpcf7-validates-as-required wpcf7-validates-as-email\" aria-required=\"true\" aria-invalid=\"false\" placeholder=\"\u0110\u1ecba ch\u1ec9 Email\" \/><\/span><br \/>\n      <input type=\"submit\" value=\"\u0110\u0103ng k\u00fd\" class=\"wpcf7-form-control wpcf7-submit button\" \/>\n    <\/div>\n<div class=\"wpcf7-response-output\" aria-hidden=\"true\"><\/div><\/form><\/div>\n              <\/div>\n           <\/div>\n                            \n<style>\n#text-box-2103884322 {\n  width: 30%;\n}\n#text-box-2103884322 .text {\n  font-size: 100%;\n}\n<\/style>\n    <\/div>\n \n        <\/div>\n      <\/div>\n\n            \n<style>\n#banner-1765020579 {\n  padding-top: 57%;\n}\n#banner-1765020579 .bg.bg-loaded {\n  background-image: url(https:\/\/webmaibinh.com\/w\/kientruc\/wp-content\/uploads\/2017\/08\/lien-he.jpg);\n}\n<\/style>\n  <\/div>\n\n\n\t\t<\/div>\n\t\t\t<\/div>\n\n\t\n<\/div>\n\t<section class=\"section show-for-small\" id=\"section_107548700\">\n\t\t<div class=\"bg section-bg fill bg-fill bg-loaded bg-loaded\" >\n\n\t\t\t\n\t\t\t\n\t\t\t\n\n\t\t<\/div>\n\n\t\t<div class=\"section-content relative\">\n\t\t\t\n<div class=\"row row-small\"  id=\"row-385609137\">\n\n\t<div id=\"col-1289135476\" class=\"col small-12 large-12\"  >\n\t\t<div class=\"col-inner text-center\"  >\n\t\t\t\n\t\t\t\n<h3 style=\"text-align: center;\"><span style=\"color: #c0c0c0;\">V\u0102N PH\u00d2NG<\/span><\/h3>\n<p style=\"text-align: center;\"><span style=\"color: #c0c0c0;\">46 \u0110\u01b0\u1eddng 30\/4, H\u1ea3i Ch\u00e2u, \u0110\u00e0 N\u1eb5ng<\/span><br \/>\n<span style=\"color: #c0c0c0;\">Tel: 0975. 957.552 \u2013 0985.345.341<\/span><br \/>\n<span style=\"color: #c0c0c0;\">Mail: qshomevn@gmail.com<\/span><br \/>\n<span style=\"color: #c0c0c0;\">Vietcombank: 01234567890<\/span><\/p>\n<a class=\"button primary\"  >\n  <i class=\"icon-map-pin-fill\" ><\/i>  <span>VIEW US ON THE MAP<\/span>\n  <\/a>\n\n\t<div id=\"gap-1795661923\" class=\"gap-element clearfix\" style=\"display:block; height:auto;\">\n\t\t\n<style>\n#gap-1795661923 {\n  padding-top: 10px;\n}\n<\/style>\n\t<\/div>\n\t\n<p style=\"text-align: center;\"><span style=\"color: #c0c0c0;\">Hotline<\/span><br \/>\n<span style=\"color: #ff6600;\"><strong>0975.957.552<\/strong><\/span><\/p>\n\t\t<\/div>\n\t\t\t<\/div>\n\n\t\n<\/div>\n<div class=\"row row-small lien-he-mobile\"  id=\"row-622674984\">\n\n\t<div id=\"col-903235297\" class=\"col small-12 large-12\"  >\n\t\t<div class=\"col-inner text-center\" style=\"background-color:rgb(255, 255, 255);\" >\n\t\t\t\n\t\t\t\n\t<div id=\"gap-1836500432\" class=\"gap-element clearfix\" style=\"display:block; height:auto;\">\n\t\t\n<style>\n#gap-1836500432 {\n  padding-top: 10px;\n}\n<\/style>\n\t<\/div>\n\t\n<h3 style=\"text-align: center;\"><span style=\"font-size: 100%;\"><strong><span style=\"color: #000000;\">\u00dd KI\u1ebeN PH\u1ea2N H\u1ed2I<\/span><\/strong><\/span><\/h3>\n<div role=\"form\" class=\"wpcf7\" id=\"wpcf7-f164-o3\" lang=\"vi\" dir=\"ltr\">\n<div class=\"screen-reader-response\"><p role=\"status\" aria-live=\"polite\" aria-atomic=\"true\"><\/p> <ul><\/ul><\/div>\n<form action=\"\/w\/kientruc\/wp-json\/wp\/v2\/pages\/16#wpcf7-f164-o3\" method=\"post\" class=\"wpcf7-form init\" novalidate=\"novalidate\" data-status=\"init\">\n<div style=\"display: none;\">\n<input type=\"hidden\" name=\"_wpcf7\" value=\"164\" \/>\n<input type=\"hidden\" name=\"_wpcf7_version\" value=\"5.3\" \/>\n<input type=\"hidden\" name=\"_wpcf7_locale\" value=\"vi\" \/>\n<input type=\"hidden\" name=\"_wpcf7_unit_tag\" value=\"wpcf7-f164-o3\" \/>\n<input type=\"hidden\" name=\"_wpcf7_container_post\" value=\"0\" \/>\n<input type=\"hidden\" name=\"_wpcf7_posted_data_hash\" value=\"\" \/>\n<\/div>\n<div class=\"contact-form1\">\n<p><span class=\"wpcf7-form-control-wrap text-312\"><input type=\"text\" name=\"text-312\" value=\"\" size=\"40\" class=\"wpcf7-form-control wpcf7-text\" aria-invalid=\"false\" placeholder=\"T\u00ean \u0111\u01a1n v\u1ecb\" \/><\/span><br \/>\n<span class=\"wpcf7-form-control-wrap tel-205\"><input type=\"tel\" name=\"tel-205\" value=\"\" size=\"40\" class=\"wpcf7-form-control wpcf7-text wpcf7-tel wpcf7-validates-as-tel\" aria-invalid=\"false\" placeholder=\"S\u0110T\" \/><\/span><br \/>\n<span class=\"wpcf7-form-control-wrap text-287\"><input type=\"text\" name=\"text-287\" value=\"\" size=\"40\" class=\"wpcf7-form-control wpcf7-text\" aria-invalid=\"false\" placeholder=\"\u0110\u1ecba ch\u1ec9\" \/><\/span><br \/>\n<span class=\"wpcf7-form-control-wrap textarea-630\"><textarea name=\"textarea-630\" cols=\"40\" rows=\"10\" class=\"wpcf7-form-control wpcf7-textarea\" aria-invalid=\"false\" placeholder=\"Th\u00f4ng \u0111i\u1ec7p\"><\/textarea><\/span><br \/>\n<input type=\"submit\" value=\"G\u1eedi tin nh\u1eafn\" class=\"wpcf7-form-control wpcf7-submit\" \/><\/p><\/div>\n<div class=\"wpcf7-response-output\" aria-hidden=\"true\"><\/div><\/form><\/div>\n<h3 style=\"text-align: center;\"><span style=\"color: #000000;\"><strong>\u0110\u0102NG K\u00dd NH\u1eacN TIN<\/strong><\/span><\/h3>\n<div role=\"form\" class=\"wpcf7\" id=\"wpcf7-f189-o4\" lang=\"vi\" dir=\"ltr\">\n<div class=\"screen-reader-response\"><p role=\"status\" aria-live=\"polite\" aria-atomic=\"true\"><\/p> <ul><\/ul><\/div>\n<form action=\"\/w\/kientruc\/wp-json\/wp\/v2\/pages\/16#wpcf7-f189-o4\" method=\"post\" class=\"wpcf7-form init\" novalidate=\"novalidate\" data-status=\"init\">\n<div style=\"display: none;\">\n<input type=\"hidden\" name=\"_wpcf7\" value=\"189\" \/>\n<input type=\"hidden\" name=\"_wpcf7_version\" value=\"5.3\" \/>\n<input type=\"hidden\" name=\"_wpcf7_locale\" value=\"vi\" \/>\n<input type=\"hidden\" name=\"_wpcf7_unit_tag\" value=\"wpcf7-f189-o4\" \/>\n<input type=\"hidden\" name=\"_wpcf7_container_post\" value=\"0\" \/>\n<input type=\"hidden\" name=\"_wpcf7_posted_data_hash\" value=\"\" \/>\n<\/div>\n<div class=\"form-flat\">\n      <span class=\"wpcf7-form-control-wrap your-email\"><input type=\"email\" name=\"your-email\" value=\"\" size=\"40\" class=\"wpcf7-form-control wpcf7-text wpcf7-email wpcf7-validates-as-required wpcf7-validates-as-email\" aria-required=\"true\" aria-invalid=\"false\" placeholder=\"\u0110\u1ecba ch\u1ec9 Email\" \/><\/span><br \/>\n      <input type=\"submit\" value=\"\u0110\u0103ng k\u00fd\" class=\"wpcf7-form-control wpcf7-submit button\" \/>\n    <\/div>\n<div class=\"wpcf7-response-output\" aria-hidden=\"true\"><\/div><\/form><\/div>\n\t<div id=\"gap-1394337505\" class=\"gap-element clearfix\" style=\"display:block; height:auto;\">\n\t\t\n<style>\n#gap-1394337505 {\n  padding-top: 20px;\n}\n<\/style>\n\t<\/div>\n\t\n\t\t<\/div>\n\t\t\t<\/div>\n\n\t\n<\/div>\n\t\t<\/div>\n\n\t\t\n<style>\n#section_107548700 {\n  padding-top: 10px;\n  padding-bottom: 10px;\n}\n<\/style>\n\t<\/section>\n\t\n","protected":false},"excerpt":{"rendered":"","protected":false},"author":1,"featured_media":0,"parent":0,"menu_order":0,"comment_status":"closed","ping_status":"closed","template":"page-blank.php","meta":[],"_links":{"self":[{"href":"https:\/\/webmaibinh.com\/w\/kientruc\/wp-json\/wp\/v2\/pages\/16"}],"collection":[{"href":"https:\/\/webmaibinh.com\/w\/kientruc\/wp-json\/wp\/v2\/pages"}],"about":[{"href":"https:\/\/webmaibinh.com\/w\/kientruc\/wp-json\/wp\/v2\/types\/page"}],"author":[{"embeddable":true,"href":"https:\/\/webmaibinh.com\/w\/kientruc\/wp-json\/wp\/v2\/users\/1"}],"replies":[{"embeddable":true,"href":"https:\/\/webmaibinh.com\/w\/kientruc\/wp-json\/wp\/v2\/comments?post=16"}],"version-history":[{"count":42,"href":"https:\/\/webmaibinh.com\/w\/kientruc\/wp-json\/wp\/v2\/pages\/16\/revisions"}],"predecessor-version":[{"id":953,"href":"https:\/\/webmaibinh.com\/w\/kientruc\/wp-json\/wp\/v2\/pages\/16\/revisions\/953"}],"wp:attachment":[{"href":"https:\/\/webmaibinh.com\/w\/kientruc\/wp-json\/wp\/v2\/media?parent=16"}],"curies":[{"name":"wp","href":"https:\/\/api.w.org\/{rel}","templated":true}]}}