{"id":24,"date":"2019-11-16T08:34:22","date_gmt":"2019-11-16T01:34:22","guid":{"rendered":"http:\/\/khachsan.muathemewordpress.net\/?page_id=24"},"modified":"2019-11-17T12:35:54","modified_gmt":"2019-11-17T05:35:54","slug":"gioi-thieu","status":"publish","type":"page","link":"https:\/\/webmaibinh.com\/w\/khachsan32011\/gioi-thieu\/","title":{"rendered":"Gi\u1edbi thi\u1ec7u"},"content":{"rendered":"<p>N\u1eb1m \u1edf v\u1ecb tr\u00ed trung t\u00e2m khu ph\u1ed1 T\u00e2y, l\u00e0 m\u1ed9t trong nh\u1eefng khu v\u1ef1c s\u1ea7m u\u1ea5t v\u00e0 nh\u1ed9n nh\u1ecbp nh\u1ea5t th\u00e0nh ph\u1ed1 Nha Trang, kh\u00e1ch s\u1ea1n Carina t\u1ecda l\u1ea1c t\u1ea1i 184 H\u00f9ng V\u01b0\u01a1ng. Kh\u00e1ch s\u1ea1n Carina c\u00f3 v\u1ecb tr\u00ed r\u1ea5t thu\u1eadn ti\u1ec7n, g\u1ea7n Sailing Club, Nh\u00e0 h\u00e0ng Lousean v\u00e0 ch\u1ec9 c\u00e1ch Qu\u1ea3ng Tr\u01b0\u1eddng 2\/4 kho\u1ea3ng 5 ph\u00fat \u0111i b\u1ed9, du kh\u00e1ch c\u00f3 th\u1ec3 tho\u1ea3i m\u00e1i tham quan, kh\u00e1m ph\u00e1 c\u00e1c \u0111i\u1ec3m du l\u1ecbch n\u1ed5i ti\u1ebfng \u1edf n\u01a1i \u0111\u00e2y c\u0169ng nh\u01b0 d\u1ec5 d\u00e0ng di chuy\u1ec3n \u0111\u00e9n c\u00e1c \u0111\u1ecba \u0111i\u1ec3m \u0103n u\u1ed1ng v\u00e0 tr\u1ea3i nghi\u1ec7m th\u00fa v\u1ecb v\u1ec1 n\u00e9t tinh hoa \u1ea9m th\u1ef1c c\u1ee7a th\u00e0nh ph\u1ed1 bi\u1ec3n Nha Trang.<\/p>\n<p>Kh\u00e1ch s\u1ea1n Carina \u0111\u01b0\u1ee3c thi\u1ebft k\u1ebf r\u1ed9ng r\u00e3i, tho\u00e1ng m\u00e1t, sang tr\u1ecdng v\u1edbi trang thi\u1ebft b\u1ecb ti\u1ec7n nghi \u0111\u1ea1t ti\u00eau chu\u1ea9n 3 sao: nh\u00e0 h\u00e0ng, mini bar, thang m\u00e1y, h\u1ec7 th\u1ed1ng \u0111i\u1ec1u ho\u00e0, truy\u1ec1n h\u00ecnh v\u1ec7 tinh, \u0111i\u1ec7n tho\u1ea1i, k\u00e9t s\u1eaft, Internet trong ph\u00f2ng, mi\u1ec5n ph\u00ed wifi t\u1ea5t c\u1ea3 c\u00e1c ph\u00f2ng, qu\u1ea7y l\u1ec5 t\u00e2n 24 gi\u1edd, h\u1ed7 tr\u1ee3 d\u1ecbch v\u1ee5 \u0111\u01b0a \u0111\u00f3n s\u00e2n bay, tour tham quan c\u00e1c \u0111\u1ea3o v\u00e0 n\u1ed9i-ngo\u1ea1i th\u00e0nh,\u2026<\/p>\n<p>V\u1edbi phong c\u00e1ch trang nh\u00e3 \u1ea5m \u00e1p v\u00e0 \u0111\u01b0\u1ee3c trang b\u1ecb nhi\u1ec1u ph\u01b0\u01a1ng ti\u1ec7n, thi\u1ebft b\u1ecb ti\u1ec7n nghi, du kh\u00e1ch s\u1ebd \u0111\u1eafm ch\u00ecm trong kh\u00f4ng gian tuy\u1ec7t v\u1eddi, t\u1eadn h\u01b0\u1edfng nh\u1eefng gi\u00e2y ph\u00fat tho\u1ea3i m\u00e1i v\u00e0 kh\u00e1m ph\u00e1 tr\u1ea3i nghi\u1ec7m nh\u1eefng \u0111i\u1ec1u m\u1edbi l\u1ea1 trong nh\u1eefng ng\u00e0y du l\u1ecbch t\u1ea1i th\u00e0nh ph\u1ed1 bi\u1ec3n Nha Trang.<\/p>\n","protected":false},"excerpt":{"rendered":"<p>N\u1eb1m \u1edf v\u1ecb tr\u00ed trung t\u00e2m khu ph\u1ed1 T\u00e2y, l\u00e0 m\u1ed9t trong nh\u1eefng khu v\u1ef1c s\u1ea7m u\u1ea5t v\u00e0 nh\u1ed9n nh\u1ecbp nh\u1ea5t th\u00e0nh ph\u1ed1 Nha Trang, kh\u00e1ch s\u1ea1n Carina t\u1ecda l\u1ea1c t\u1ea1i 184 H\u00f9ng V\u01b0\u01a1ng. Kh\u00e1ch s\u1ea1n Carina c\u00f3 v\u1ecb tr\u00ed r\u1ea5t thu\u1eadn ti\u1ec7n, g\u1ea7n Sailing Club, Nh\u00e0 h\u00e0ng Lousean v\u00e0 ch\u1ec9 c\u00e1ch Qu\u1ea3ng Tr\u01b0\u1eddng 2\/4 &#8230;<\/p>\n","protected":false},"author":1,"featured_media":0,"parent":0,"menu_order":0,"comment_status":"closed","ping_status":"closed","template":"","meta":[],"_links":{"self":[{"href":"https:\/\/webmaibinh.com\/w\/khachsan32011\/wp-json\/wp\/v2\/pages\/24"}],"collection":[{"href":"https:\/\/webmaibinh.com\/w\/khachsan32011\/wp-json\/wp\/v2\/pages"}],"about":[{"href":"https:\/\/webmaibinh.com\/w\/khachsan32011\/wp-json\/wp\/v2\/types\/page"}],"author":[{"embeddable":true,"href":"https:\/\/webmaibinh.com\/w\/khachsan32011\/wp-json\/wp\/v2\/users\/1"}],"replies":[{"embeddable":true,"href":"https:\/\/webmaibinh.com\/w\/khachsan32011\/wp-json\/wp\/v2\/comments?post=24"}],"version-history":[{"count":0,"href":"https:\/\/webmaibinh.com\/w\/khachsan32011\/wp-json\/wp\/v2\/pages\/24\/revisions"}],"wp:attachment":[{"href":"https:\/\/webmaibinh.com\/w\/khachsan32011\/wp-json\/wp\/v2\/media?parent=24"}],"curies":[{"name":"wp","href":"https:\/\/api.w.org\/{rel}","templated":true}]}}