{"id":163,"date":"2017-06-12T02:39:44","date_gmt":"2017-06-12T02:39:44","guid":{"rendered":"http:\/\/khachsan.khowebseotop.vn\/?page_id=163"},"modified":"2020-05-06T22:24:00","modified_gmt":"2020-05-06T15:24:00","slug":"thong-tin-lien","status":"publish","type":"page","link":"https:\/\/webmaibinh.com\/w\/khachsan2011\/thong-tin-lien\/","title":{"rendered":"Th\u00f4ng tin li\u00ean h\u1ec7"},"content":{"rendered":"\n<p><iframe src=\"https:\/\/www.google.com\/maps\/embed?pb=!1m18!1m12!1m3!1d3918.8951647747363!2d106.63615131462117!3d10.819334261359117!2m3!1f0!2f0!3f0!3m2!1i1024!2i768!4f13.1!3m3!1m2!1s0x317529667c77fcdd%3A0x39f60dd29f004faf!2zMi84NSBQaOG6oW0gVsSDbiBC4bqhY2gsIFBoxrDhu51uZyAxNSwgVMOibiBCw6xuaCwgSOG7kyBDaMOtIE1pbmgsIFZp4buHdCBOYW0!5e0!3m2!1svi!2s!4v1568732176587!5m2!1svi!2s\" width=\"100%\" height=\"450\" frameborder=\"0\" style=\"border:0;\" allowfullscreen=\"\"><\/iframe><\/p>\n<div class=\"row\"  id=\"row-1924804800\">\n\n\n\t<div id=\"col-1501200007\" class=\"col medium-6 small-12 large-6\"  >\n\t\t<div class=\"col-inner\"  >\n\t\t\t\n\t\t\t\n\n<div role=\"form\" class=\"wpcf7\" id=\"wpcf7-f5-o1\" lang=\"vi\" dir=\"ltr\">\n<div class=\"screen-reader-response\"><p role=\"status\" aria-live=\"polite\" aria-atomic=\"true\"><\/p> <ul><\/ul><\/div>\n<form action=\"\/w\/khachsan2011\/wp-json\/wp\/v2\/pages\/163#wpcf7-f5-o1\" method=\"post\" class=\"wpcf7-form init\" novalidate=\"novalidate\" data-status=\"init\">\n<div style=\"display: none;\">\n<input type=\"hidden\" name=\"_wpcf7\" value=\"5\" \/>\n<input type=\"hidden\" name=\"_wpcf7_version\" value=\"5.3\" \/>\n<input type=\"hidden\" name=\"_wpcf7_locale\" value=\"vi\" \/>\n<input type=\"hidden\" name=\"_wpcf7_unit_tag\" value=\"wpcf7-f5-o1\" \/>\n<input type=\"hidden\" name=\"_wpcf7_container_post\" value=\"0\" \/>\n<input type=\"hidden\" name=\"_wpcf7_posted_data_hash\" value=\"\" \/>\n<\/div>\n<p><label><br \/>\n    <span class=\"wpcf7-form-control-wrap your-name\"><input type=\"text\" name=\"your-name\" value=\"H\u1ecd v\u00e0 T\u00ean\" size=\"40\" class=\"wpcf7-form-control wpcf7-text wpcf7-validates-as-required\" aria-required=\"true\" aria-invalid=\"false\" \/><\/span> <\/label><\/p>\n<p><label><br \/>\n    <span class=\"wpcf7-form-control-wrap email-350\"><input type=\"email\" name=\"email-350\" value=\"\u0110\u1ecba ch\u1ec9 Email\" size=\"40\" class=\"wpcf7-form-control wpcf7-text wpcf7-email wpcf7-validates-as-email\" aria-invalid=\"false\" \/><\/span><\/label><\/p>\n<p><label><br \/>\n<span class=\"wpcf7-form-control-wrap dien-thoai\"><input type=\"tel\" name=\"dien-thoai\" value=\"S\u1ed1 \u0111i\u1ec7n tho\u1ea1i\" size=\"40\" class=\"wpcf7-form-control wpcf7-text wpcf7-tel wpcf7-validates-as-tel\" aria-invalid=\"false\" \/><\/span><\/label><\/p>\n<p><input type=\"submit\" value=\"\u0110\u0103ng k\u00fd\" class=\"wpcf7-form-control wpcf7-submit\" \/><\/p>\n<div class=\"wpcf7-response-output\" aria-hidden=\"true\"><\/div><\/form><\/div>\n\n\n\t\t<\/div>\n\t\t\t<\/div>\n\n\t\n\n\t<div id=\"col-753823663\" class=\"col medium-6 small-12 large-6\"  >\n\t\t<div class=\"col-inner\"  >\n\t\t\t\n\t\t\t\n\n<h3>TH\u00d4NG TIN LI\u00caN H\u1ec6<\/h3>\n<p><i class=\"fa fa-home\" aria-hidden=\"true\"><\/i> 490A, \u0110i\u1ec7n Bi\u00ean Ph\u1ee7, P.21, Q. T\u00e2n B\u00ecnh, Tp. HCM <br \/>\n<i class=\"fa fa-phone\" aria-hidden=\"true\"><\/i> Hotline: 0999.999.999 \u2013 0999.999.999<br \/>\n<i class=\"fa fa-envelope-o\" aria-hidden=\"true\"><\/i> Email : email@gmail.com<br \/>\n<i class=\"fa fa-facebook\" aria-hidden=\"true\"><\/i> Facebook : fb.com\/facebook<\/p>\n\n\t\t<\/div>\n\t\t\t<\/div>\n\n\t\n\n<\/div>\n\n","protected":false},"excerpt":{"rendered":"","protected":false},"author":1,"featured_media":0,"parent":0,"menu_order":0,"comment_status":"closed","ping_status":"closed","template":"page-blank-title-center.php","meta":[],"_links":{"self":[{"href":"https:\/\/webmaibinh.com\/w\/khachsan2011\/wp-json\/wp\/v2\/pages\/163"}],"collection":[{"href":"https:\/\/webmaibinh.com\/w\/khachsan2011\/wp-json\/wp\/v2\/pages"}],"about":[{"href":"https:\/\/webmaibinh.com\/w\/khachsan2011\/wp-json\/wp\/v2\/types\/page"}],"author":[{"embeddable":true,"href":"https:\/\/webmaibinh.com\/w\/khachsan2011\/wp-json\/wp\/v2\/users\/1"}],"replies":[{"embeddable":true,"href":"https:\/\/webmaibinh.com\/w\/khachsan2011\/wp-json\/wp\/v2\/comments?post=163"}],"version-history":[{"count":5,"href":"https:\/\/webmaibinh.com\/w\/khachsan2011\/wp-json\/wp\/v2\/pages\/163\/revisions"}],"predecessor-version":[{"id":216,"href":"https:\/\/webmaibinh.com\/w\/khachsan2011\/wp-json\/wp\/v2\/pages\/163\/revisions\/216"}],"wp:attachment":[{"href":"https:\/\/webmaibinh.com\/w\/khachsan2011\/wp-json\/wp\/v2\/media?parent=163"}],"curies":[{"name":"wp","href":"https:\/\/api.w.org\/{rel}","templated":true}]}}