{"id":160,"date":"2017-06-12T02:34:13","date_gmt":"2017-06-12T02:34:13","guid":{"rendered":"http:\/\/khachsan.khowebseotop.vn\/?page_id=160"},"modified":"2017-06-12T02:38:11","modified_gmt":"2017-06-12T02:38:11","slug":"he-thong-phong","status":"publish","type":"page","link":"https:\/\/webmaibinh.com\/w\/khachsan2011\/he-thong-phong\/","title":{"rendered":"H\u1ec7 th\u1ed1ng ph\u00f2ng"},"content":{"rendered":"<div class=\"row\"  id=\"row-1063932628\">\n\n\t<div id=\"col-774848948\" class=\"col small-12 large-12\"  >\n\t\t<div class=\"col-inner\"  >\n\t\t\t\n\t\t\t\n<div id=\"portfolio-1084534509\" class=\"portfolio-element-wrapper has-filtering\">\n  \n    <div class=\"row large-columns-4 medium-columns-3 small-columns-2 row-small\">\n              <div class=\"col\" data-id=\"Nh\u00e0 Ngh\u1ec9 ABC\" >\n          <div class=\"col-inner\" >\n          <a href=\"https:\/\/webmaibinh.com\/w\/khachsan2011\/featured_item\/phong-doi-1-giuong\/\" class=\"plain \">\n          <div class=\"portfolio-box box has-hover\">\n            <div class=\"box-image\" >\n                <div class=\"image-cover\" style=\"padding-top:100%;\">\n                <img width=\"600\" height=\"400\" src=\"https:\/\/webmaibinh.com\/w\/khachsan2011\/wp-content\/uploads\/2017\/06\/danh-sach-nha-nghi-gia-re-tai-sapa-4-1-600x400.jpg\" class=\"attachment-medium size-medium\" alt=\"\" loading=\"lazy\" srcset=\"https:\/\/webmaibinh.com\/w\/khachsan2011\/wp-content\/uploads\/2017\/06\/danh-sach-nha-nghi-gia-re-tai-sapa-4-1-600x400.jpg 600w, https:\/\/webmaibinh.com\/w\/khachsan2011\/wp-content\/uploads\/2017\/06\/danh-sach-nha-nghi-gia-re-tai-sapa-4-1-768x512.jpg 768w, https:\/\/webmaibinh.com\/w\/khachsan2011\/wp-content\/uploads\/2017\/06\/danh-sach-nha-nghi-gia-re-tai-sapa-4-1-1199x800.jpg 1199w\" sizes=\"(max-width: 600px) 100vw, 600px\" \/>                                                <\/div>\n            <\/div>\n            <div class=\"box-text text-center\" >\n                  <div class=\"box-text-inner\">\n                      <h6 class=\"uppercase portfolio-box-title\">PH\u00d2NG \u0110\u00d4I 1 GI\u01af\u1edcNG<\/h6>\n                      <p class=\"uppercase portfolio-box-category is-xsmall op-6\">\n                        <span class=\"show-on-hover\">\n                         Nh\u00e0 Ngh\u1ec9 ABC                        <\/span>\n                      <\/p>\n                  <\/div>\n            <\/div>\n           <\/div>\n           <\/a>\n           <\/div>\n           <\/div>\n                    <div class=\"col\" data-id=\"Nh\u00e0 Ngh\u1ec9 ABC\" >\n          <div class=\"col-inner\" >\n          <a href=\"https:\/\/webmaibinh.com\/w\/khachsan2011\/featured_item\/phong-don-1-giuong\/\" class=\"plain \">\n          <div class=\"portfolio-box box has-hover\">\n            <div class=\"box-image\" >\n                <div class=\"image-cover\" style=\"padding-top:100%;\">\n                <img width=\"600\" height=\"400\" src=\"https:\/\/webmaibinh.com\/w\/khachsan2011\/wp-content\/uploads\/2017\/06\/room-1-7-1-600x400.jpg\" class=\"attachment-medium size-medium\" alt=\"\" loading=\"lazy\" srcset=\"https:\/\/webmaibinh.com\/w\/khachsan2011\/wp-content\/uploads\/2017\/06\/room-1-7-1-600x400.jpg 600w, https:\/\/webmaibinh.com\/w\/khachsan2011\/wp-content\/uploads\/2017\/06\/room-1-7-1-768x512.jpg 768w, https:\/\/webmaibinh.com\/w\/khachsan2011\/wp-content\/uploads\/2017\/06\/room-1-7-1.jpg 1152w\" sizes=\"(max-width: 600px) 100vw, 600px\" \/>                                                <\/div>\n            <\/div>\n            <div class=\"box-text text-center\" >\n                  <div class=\"box-text-inner\">\n                      <h6 class=\"uppercase portfolio-box-title\">Ph\u00f2ng \u0111\u01a1n 1 gi\u01b0\u1eddng<\/h6>\n                      <p class=\"uppercase portfolio-box-category is-xsmall op-6\">\n                        <span class=\"show-on-hover\">\n                         Nh\u00e0 Ngh\u1ec9 ABC                        <\/span>\n                      <\/p>\n                  <\/div>\n            <\/div>\n           <\/div>\n           <\/a>\n           <\/div>\n           <\/div>\n                    <div class=\"col\" data-id=\"Nh\u00e0 Ngh\u1ec9 ABC\" >\n          <div class=\"col-inner\" >\n          <a href=\"https:\/\/webmaibinh.com\/w\/khachsan2011\/featured_item\/phong-don-2-giuong\/\" class=\"plain \">\n          <div class=\"portfolio-box box has-hover\">\n            <div class=\"box-image\" >\n                <div class=\"image-cover\" style=\"padding-top:100%;\">\n                <img width=\"711\" height=\"400\" src=\"https:\/\/webmaibinh.com\/w\/khachsan2011\/wp-content\/uploads\/2017\/06\/4746154314547001-1-711x400.jpg\" class=\"attachment-medium size-medium\" alt=\"\" loading=\"lazy\" srcset=\"https:\/\/webmaibinh.com\/w\/khachsan2011\/wp-content\/uploads\/2017\/06\/4746154314547001-1-711x400.jpg 711w, https:\/\/webmaibinh.com\/w\/khachsan2011\/wp-content\/uploads\/2017\/06\/4746154314547001-1-768x432.jpg 768w, https:\/\/webmaibinh.com\/w\/khachsan2011\/wp-content\/uploads\/2017\/06\/4746154314547001-1.jpg 1366w\" sizes=\"(max-width: 711px) 100vw, 711px\" \/>                                                <\/div>\n            <\/div>\n            <div class=\"box-text text-center\" >\n                  <div class=\"box-text-inner\">\n                      <h6 class=\"uppercase portfolio-box-title\">PH\u00d2NG \u0110\u01a0N 2 GI\u01af\u1edcNG<\/h6>\n                      <p class=\"uppercase portfolio-box-category is-xsmall op-6\">\n                        <span class=\"show-on-hover\">\n                         Nh\u00e0 Ngh\u1ec9 ABC                        <\/span>\n                      <\/p>\n                  <\/div>\n            <\/div>\n           <\/div>\n           <\/a>\n           <\/div>\n           <\/div>\n                    <div class=\"col\" data-id=\"Nh\u00e0 Ngh\u1ec9 ABC\" >\n          <div class=\"col-inner\" >\n          <a href=\"https:\/\/webmaibinh.com\/w\/khachsan2011\/featured_item\/phong-gia-dinh-2-giuong\/\" class=\"plain \">\n          <div class=\"portfolio-box box has-hover\">\n            <div class=\"box-image\" >\n                <div class=\"image-cover\" style=\"padding-top:100%;\">\n                <img width=\"600\" height=\"400\" src=\"https:\/\/webmaibinh.com\/w\/khachsan2011\/wp-content\/uploads\/2017\/06\/phong2giuog-1-600x400.jpg\" class=\"attachment-medium size-medium\" alt=\"\" loading=\"lazy\" srcset=\"https:\/\/webmaibinh.com\/w\/khachsan2011\/wp-content\/uploads\/2017\/06\/phong2giuog-1-600x400.jpg 600w, https:\/\/webmaibinh.com\/w\/khachsan2011\/wp-content\/uploads\/2017\/06\/phong2giuog-1.jpg 640w\" sizes=\"(max-width: 600px) 100vw, 600px\" \/>                                                <\/div>\n            <\/div>\n            <div class=\"box-text text-center\" >\n                  <div class=\"box-text-inner\">\n                      <h6 class=\"uppercase portfolio-box-title\">Ph\u00f2ng gia \u0111\u00ecnh 2 gi\u01b0\u1eddng<\/h6>\n                      <p class=\"uppercase portfolio-box-category is-xsmall op-6\">\n                        <span class=\"show-on-hover\">\n                         Nh\u00e0 Ngh\u1ec9 ABC                        <\/span>\n                      <\/p>\n                  <\/div>\n            <\/div>\n           <\/div>\n           <\/a>\n           <\/div>\n           <\/div>\n                    <div class=\"col\" data-id=\"Nh\u00e0 Ngh\u1ec9 ABC\" >\n          <div class=\"col-inner\" >\n          <a href=\"https:\/\/webmaibinh.com\/w\/khachsan2011\/featured_item\/phong-gia-dinh-2-giuong-co-cua\/\" class=\"plain \">\n          <div class=\"portfolio-box box has-hover\">\n            <div class=\"box-image\" >\n                <div class=\"image-cover\" style=\"padding-top:100%;\">\n                <img width=\"685\" height=\"350\" src=\"https:\/\/webmaibinh.com\/w\/khachsan2011\/wp-content\/uploads\/2017\/06\/lon_13_1317065507-1.jpg\" class=\"attachment-medium size-medium\" alt=\"\" loading=\"lazy\" \/>                                                <\/div>\n            <\/div>\n            <div class=\"box-text text-center\" >\n                  <div class=\"box-text-inner\">\n                      <h6 class=\"uppercase portfolio-box-title\">Ph\u00f2ng gia \u0111\u00ecnh 2 gi\u01b0\u1eddng c\u00f3 c\u1eeda s\u1ed5<\/h6>\n                      <p class=\"uppercase portfolio-box-category is-xsmall op-6\">\n                        <span class=\"show-on-hover\">\n                         Nh\u00e0 Ngh\u1ec9 ABC                        <\/span>\n                      <\/p>\n                  <\/div>\n            <\/div>\n           <\/div>\n           <\/a>\n           <\/div>\n           <\/div>\n                    <div class=\"col\" data-id=\"Nh\u00e0 Ngh\u1ec9 ABC\" >\n          <div class=\"col-inner\" >\n          <a href=\"https:\/\/webmaibinh.com\/w\/khachsan2011\/featured_item\/phong-vip\/\" class=\"plain \">\n          <div class=\"portfolio-box box has-hover\">\n            <div class=\"box-image\" >\n                <div class=\"image-cover\" style=\"padding-top:100%;\">\n                <img width=\"533\" height=\"400\" src=\"https:\/\/webmaibinh.com\/w\/khachsan2011\/wp-content\/uploads\/2017\/06\/nha-nghi-tai-chua-huong-2-533x400.jpg\" class=\"attachment-medium size-medium\" alt=\"\" loading=\"lazy\" srcset=\"https:\/\/webmaibinh.com\/w\/khachsan2011\/wp-content\/uploads\/2017\/06\/nha-nghi-tai-chua-huong-2-533x400.jpg 533w, https:\/\/webmaibinh.com\/w\/khachsan2011\/wp-content\/uploads\/2017\/06\/nha-nghi-tai-chua-huong-2-768x576.jpg 768w, https:\/\/webmaibinh.com\/w\/khachsan2011\/wp-content\/uploads\/2017\/06\/nha-nghi-tai-chua-huong-2-1067x800.jpg 1067w, https:\/\/webmaibinh.com\/w\/khachsan2011\/wp-content\/uploads\/2017\/06\/nha-nghi-tai-chua-huong-2.jpg 1632w\" sizes=\"(max-width: 533px) 100vw, 533px\" \/>                                                <\/div>\n            <\/div>\n            <div class=\"box-text text-center\" >\n                  <div class=\"box-text-inner\">\n                      <h6 class=\"uppercase portfolio-box-title\">Ph\u00f2ng Vip<\/h6>\n                      <p class=\"uppercase portfolio-box-category is-xsmall op-6\">\n                        <span class=\"show-on-hover\">\n                         Nh\u00e0 Ngh\u1ec9 ABC                        <\/span>\n                      <\/p>\n                  <\/div>\n            <\/div>\n           <\/div>\n           <\/a>\n           <\/div>\n           <\/div>\n          <\/div><\/div>\n\t\t<\/div>\n\t\t\t<\/div>\n\n\t\n<\/div>\n","protected":false},"excerpt":{"rendered":"","protected":false},"author":1,"featured_media":0,"parent":0,"menu_order":0,"comment_status":"closed","ping_status":"closed","template":"page-blank-title-center.php","meta":[],"_links":{"self":[{"href":"https:\/\/webmaibinh.com\/w\/khachsan2011\/wp-json\/wp\/v2\/pages\/160"}],"collection":[{"href":"https:\/\/webmaibinh.com\/w\/khachsan2011\/wp-json\/wp\/v2\/pages"}],"about":[{"href":"https:\/\/webmaibinh.com\/w\/khachsan2011\/wp-json\/wp\/v2\/types\/page"}],"author":[{"embeddable":true,"href":"https:\/\/webmaibinh.com\/w\/khachsan2011\/wp-json\/wp\/v2\/users\/1"}],"replies":[{"embeddable":true,"href":"https:\/\/webmaibinh.com\/w\/khachsan2011\/wp-json\/wp\/v2\/comments?post=160"}],"version-history":[{"count":2,"href":"https:\/\/webmaibinh.com\/w\/khachsan2011\/wp-json\/wp\/v2\/pages\/160\/revisions"}],"predecessor-version":[{"id":162,"href":"https:\/\/webmaibinh.com\/w\/khachsan2011\/wp-json\/wp\/v2\/pages\/160\/revisions\/162"}],"wp:attachment":[{"href":"https:\/\/webmaibinh.com\/w\/khachsan2011\/wp-json\/wp\/v2\/media?parent=160"}],"curies":[{"name":"wp","href":"https:\/\/api.w.org\/{rel}","templated":true}]}}