{"id":157,"date":"2018-12-17T08:03:03","date_gmt":"2018-12-17T08:03:03","guid":{"rendered":"http:\/\/khachsan1.khowebseotop.vn\/?page_id=157"},"modified":"2018-12-17T08:25:04","modified_gmt":"2018-12-17T08:25:04","slug":"gioi-thieu","status":"publish","type":"page","link":"https:\/\/webmaibinh.com\/w\/khachsan12011\/gioi-thieu\/","title":{"rendered":"Gi\u1edbi thi\u1ec7u"},"content":{"rendered":"  <div id=\"page-header-322301636\" class=\"page-header-wrapper\">\n  <div class=\"page-title dark featured-title\">\n\n        <div class=\"page-title-bg\">\n      <div class=\"title-bg fill bg-fill\"\n        data-parallax-container=\".page-title\"\n        data-parallax-background\n        data-parallax=\"-\">\n      <\/div>\n      <div class=\"title-overlay fill\"><\/div>\n    <\/div>\n    \n    <div class=\"page-title-inner container align-center text-center flex-row-col medium-flex-wrap\" >\n              <div class=\"title-wrapper uppercase is-larger flex-col\">\n          <h1 class=\"entry-title mb-0\">\n            Gi\u1edbi thi\u1ec7u          <\/h1>\n        <\/div>\n                    <div class=\"title-content flex-col\">\n        <div class=\"title-breadcrumbs pb-half pt-half\"><nav class=\"woocommerce-breadcrumb breadcrumbs uppercase\">Trang ch\u1ee7<\/nav><\/div>      <\/div>\n    <\/div>\n\n     \n<style>\n#page-header-322301636 .page-title-inner {\n  min-height: 252px;\n}\n#page-header-322301636 .title-bg {\n  background-image: url(https:\/\/webmaibinh.com\/w\/khachsan12011\/wp-content\/uploads\/2018\/12\/bg_breadcrumb_nt.jpg);\n}\n<\/style>\n  <\/div>\n    <\/div>\n  \n\t<section class=\"section\" id=\"section_235052630\">\n\t\t<div class=\"bg section-bg fill bg-fill  bg-loaded\" >\n\n\t\t\t\n\t\t\t\n\t\t\t\n\n\t\t<\/div>\n\n\t\t<div class=\"section-content relative\">\n\t\t\t\n<div class=\"row\"  id=\"row-1357830096\">\n\n\t<div id=\"col-2042875045\" class=\"col small-12 large-12\"  >\n\t\t<div class=\"col-inner\"  >\n\t\t\t\n\t\t\t\n<h2 class=\"font-custom1\" style=\"text-align: center;\">Welcome to Emerald Bay Hotel<\/h2>\n<p>Ban Gi\u00e1m \u0111\u1ed1c v\u00e0 to\u00e0n th\u1ec3 nh\u00e2n vi\u00ean EMERALD BAY HOTEL &amp; SPA h\u00e2n h\u1ea1nh \u0111\u01b0\u1ee3c ch\u00e0o \u0111\u00f3n Qu\u00fd \u0111\u1ed1i t\u00e1c. C\u00e1m \u01a1n nh\u1eefng t\u00ecnh c\u1ea3m v\u00e0 s\u1ef1 \u01b0u \u00e1i c\u1ee7a Qu\u00fd \u0111\u1ed1i t\u00e1c \u0111\u00e3 l\u1ef1a ch\u1ecdn EMERALD BAY HOTEL &amp; SPA cho k\u1ef3 ngh\u1ec9 c\u1ee7a Qu\u00fd \u0111\u1ed1i t\u00e1c t\u1ea1i th\u00e0nh ph\u1ed1 bi\u1ec3n Nha Trang xinh \u0111\u1eb9p.<\/p>\n<p>T\u1ecda l\u1ea1c ngay trung t\u00e2m th\u00e0nh ph\u1ed1 Nha Trang s\u1ea7m u\u1ea5t thu\u1eadn ti\u1ec7n cho vi\u1ec7c giao th\u01b0\u01a1ng v\u00e0 kh\u00e1m ph\u00e1 du l\u1ecbch. T\u1ea1i \u0111\u00e2y Qu\u00fd kh\u00e1ch ch\u1ec9 m\u1ea5t v\u00e0i ph\u00fat \u0111\u1ec3 \u0111i b\u1ed9 \u0111\u1ebfn b\u00e3i bi\u1ec3n Nha Trang xinh \u0111\u1eb9p l\u00e0 m\u1ed9t trong 29 v\u1ecbnh \u0111\u1eb9p nh\u1ea5t th\u1ebf gi\u1edbi v\u1edbi b\u00e3i c\u00e1t tr\u1eafng m\u1ecbn, n\u01b0\u1edbc bi\u1ec3n trong nh\u01b0 pha l\u00ea, nh\u1eefng r\u1eb7ng d\u1eeba xanh ng\u1eaft v\u00e0 c\u00e1c trung t\u00e2m mua s\u1eafm, c\u00e1c nh\u00e0 h\u00e0ng, qu\u00e1n bar\u2026 b\u1eadc nh\u1ea5t \u1edf Nha Trang.EMERALD BAY HOTEL &amp; SPA \u0111\u1ea1t ti\u00eau chu\u1ea9n 5 sao, quy m\u00f4 31 t\u1ea7ng v\u1edbi 235 ph\u00f2ng h\u1ea7u h\u1ebft \u0111\u1ec1u c\u00f3 ban c\u00f4ng h\u01b0\u1edbng ra th\u00e0nh ph\u1ed1 ho\u1eb7c bi\u1ec3n, t\u1ea5t c\u1ea3 \u0111\u01b0\u1ee3c trang b\u1ecb \u0111\u1ed3ng b\u1ed9, ti\u1ec7n nghi ti\u00eau chu\u1ea9n qu\u1ed1c t\u1ebf s\u1ebd mang \u0111\u1ebfn cho Qu\u00fd \u0111\u1ed1i t\u00e1c nh\u1eefng gi\u00e2y ph\u00fat th\u01b0 gi\u1ea3n tho\u1ea3i m\u00e1i khi l\u01b0u tr\u00fa t\u1ea1i \u0111\u00e2y. V\u1edbi h\u1ec7 th\u1ed1ng Nh\u00e0 H\u00e0ng, Ph\u00f2ng H\u1ed9i Ngh\u1ecb, Qu\u1ea7y Bar, H\u1ed3 B\u01a1i, Ph\u00f2ng Gym, khu vui ch\u01a1i tr\u1ebb em, Wifi t\u1ed1c \u0111\u1ed9 cao\u2026. Ch\u00fang t\u00f4i t\u1ef1 tin s\u1ebd mang \u0111\u1ebfn cho Qu\u00fd \u0111\u1ed1i t\u00e1c nh\u1eefng d\u1ecbch v\u1ee5 t\u1ed1t nh\u1ea5t khi s\u1eed d\u1ee5ng d\u1ecbch v\u1ee5 t\u1ea1i kh\u00e1ch s\u1ea1n ch\u00fang t\u00f4i.<\/p>\n<p style=\"text-align: center;\">H\u00e3y \u0111\u1ebfn EMERALD BAY HOTEL &amp; SPA \u0111\u1ec3 tr\u1ea3i nghi\u1ec7m s\u1ef1 \u1ea5m c\u00fang, l\u00f2ng m\u1ebfn kh\u00e1ch v\u00e0 c\u00f2n h\u01a1n th\u1ebf n\u1eefa!<\/p>\n<p>\u00a0<\/p>\n<div class=\"row\"  id=\"row-504497915\">\n\n\t<div id=\"col-1662338580\" class=\"col medium-6 small-12 large-6\"  >\n\t\t<div class=\"col-inner\"  >\n\t\t\t\n\t\t\t\n\t<div class=\"img has-hover x md-x lg-x y md-y lg-y\" id=\"image_642632057\">\n\t\t\t\t\t\t\t\t<div class=\"img-inner image-cover dark\" style=\"padding-top:75%;\">\n\t\t\t<img width=\"1020\" height=\"680\" src=\"https:\/\/webmaibinh.com\/w\/khachsan12011\/wp-content\/uploads\/2018\/12\/nhatrang-beach-1200x800.jpg\" class=\"attachment-large size-large\" alt=\"\" loading=\"lazy\" srcset=\"https:\/\/webmaibinh.com\/w\/khachsan12011\/wp-content\/uploads\/2018\/12\/nhatrang-beach.jpg 1200w, https:\/\/webmaibinh.com\/w\/khachsan12011\/wp-content\/uploads\/2018\/12\/nhatrang-beach-510x340.jpg 510w, https:\/\/webmaibinh.com\/w\/khachsan12011\/wp-content\/uploads\/2018\/12\/nhatrang-beach-600x400.jpg 600w, https:\/\/webmaibinh.com\/w\/khachsan12011\/wp-content\/uploads\/2018\/12\/nhatrang-beach-768x512.jpg 768w\" sizes=\"(max-width: 1020px) 100vw, 1020px\" \/>\t\t\t\t\t\t\n\t\t\t\t\t<\/div>\n\t\t\t\t\t\t\t\t\n<style>\n#image_642632057 {\n  width: 100%;\n}\n<\/style>\n\t<\/div>\n\t\n\t\t<\/div>\n\t\t\t<\/div>\n\n\t\n\n\t<div id=\"col-1311768768\" class=\"col medium-6 small-12 large-6\"  >\n\t\t<div class=\"col-inner\"  >\n\t\t\t\n\t\t\t\n\t<div class=\"img has-hover x md-x lg-x y md-y lg-y\" id=\"image_628901730\">\n\t\t\t\t\t\t\t\t<div class=\"img-inner dark\" >\n\t\t\t<img width=\"570\" height=\"210\" src=\"https:\/\/webmaibinh.com\/w\/khachsan12011\/wp-content\/uploads\/2018\/12\/bn-em1.jpg\" class=\"attachment-large size-large\" alt=\"\" loading=\"lazy\" srcset=\"https:\/\/webmaibinh.com\/w\/khachsan12011\/wp-content\/uploads\/2018\/12\/bn-em1.jpg 570w, https:\/\/webmaibinh.com\/w\/khachsan12011\/wp-content\/uploads\/2018\/12\/bn-em1-510x188.jpg 510w\" sizes=\"(max-width: 570px) 100vw, 570px\" \/>\t\t\t\t\t\t\n\t\t\t\t\t<\/div>\n\t\t\t\t\t\t\t\t\n<style>\n#image_628901730 {\n  width: 100%;\n}\n<\/style>\n\t<\/div>\n\t\n<div class=\"row\"  id=\"row-1110504152\">\n\n\t<div id=\"col-1440674437\" class=\"col medium-6 small-12 large-6\"  >\n\t\t<div class=\"col-inner\"  >\n\t\t\t\n\t\t\t\n\t<div class=\"img has-hover x md-x lg-x y md-y lg-y\" id=\"image_1063366759\">\n\t\t\t\t\t\t\t\t<div class=\"img-inner dark\" >\n\t\t\t<img width=\"270\" height=\"210\" src=\"https:\/\/webmaibinh.com\/w\/khachsan12011\/wp-content\/uploads\/2018\/12\/bn-em3.jpg\" class=\"attachment-large size-large\" alt=\"\" loading=\"lazy\" \/>\t\t\t\t\t\t\n\t\t\t\t\t<\/div>\n\t\t\t\t\t\t\t\t\n<style>\n#image_1063366759 {\n  width: 100%;\n}\n<\/style>\n\t<\/div>\n\t\n\t\t<\/div>\n\t\t\t<\/div>\n\n\t\n\n\t<div id=\"col-1913501596\" class=\"col medium-6 small-12 large-6\"  >\n\t\t<div class=\"col-inner\"  >\n\t\t\t\n\t\t\t\n\t<div class=\"img has-hover x md-x lg-x y md-y lg-y\" id=\"image_1919113805\">\n\t\t\t\t\t\t\t\t<div class=\"img-inner dark\" >\n\t\t\t<img width=\"270\" height=\"210\" src=\"https:\/\/webmaibinh.com\/w\/khachsan12011\/wp-content\/uploads\/2018\/12\/bn-em2.jpg\" class=\"attachment-large size-large\" alt=\"\" loading=\"lazy\" \/>\t\t\t\t\t\t\n\t\t\t\t\t<\/div>\n\t\t\t\t\t\t\t\t\n<style>\n#image_1919113805 {\n  width: 100%;\n}\n<\/style>\n\t<\/div>\n\t\n\t\t<\/div>\n\t\t\t<\/div>\n\n\t\n<\/div>\n\t\t<\/div>\n\t\t\t<\/div>\n\n\t\n<\/div>\n\t\t<\/div>\n\t\t\t<\/div>\n\n\t\n<\/div>\n\t\t<\/div>\n\n\t\t\n<style>\n#section_235052630 {\n  padding-top: 30px;\n  padding-bottom: 30px;\n}\n<\/style>\n\t<\/section>\n\t\n","protected":false},"excerpt":{"rendered":"","protected":false},"author":1,"featured_media":0,"parent":0,"menu_order":0,"comment_status":"closed","ping_status":"closed","template":"page-blank.php","meta":[],"_links":{"self":[{"href":"https:\/\/webmaibinh.com\/w\/khachsan12011\/wp-json\/wp\/v2\/pages\/157"}],"collection":[{"href":"https:\/\/webmaibinh.com\/w\/khachsan12011\/wp-json\/wp\/v2\/pages"}],"about":[{"href":"https:\/\/webmaibinh.com\/w\/khachsan12011\/wp-json\/wp\/v2\/types\/page"}],"author":[{"embeddable":true,"href":"https:\/\/webmaibinh.com\/w\/khachsan12011\/wp-json\/wp\/v2\/users\/1"}],"replies":[{"embeddable":true,"href":"https:\/\/webmaibinh.com\/w\/khachsan12011\/wp-json\/wp\/v2\/comments?post=157"}],"version-history":[{"count":2,"href":"https:\/\/webmaibinh.com\/w\/khachsan12011\/wp-json\/wp\/v2\/pages\/157\/revisions"}],"predecessor-version":[{"id":172,"href":"https:\/\/webmaibinh.com\/w\/khachsan12011\/wp-json\/wp\/v2\/pages\/157\/revisions\/172"}],"wp:attachment":[{"href":"https:\/\/webmaibinh.com\/w\/khachsan12011\/wp-json\/wp\/v2\/media?parent=157"}],"curies":[{"name":"wp","href":"https:\/\/api.w.org\/{rel}","templated":true}]}}