{"id":224,"date":"2019-12-25T14:23:08","date_gmt":"2019-12-25T14:23:08","guid":{"rendered":"http:\/\/ketoanacp.muathemewordpress.net\/?page_id=224"},"modified":"2019-12-25T14:23:09","modified_gmt":"2019-12-25T14:23:09","slug":"gioi-thieu","status":"publish","type":"page","link":"https:\/\/webmaibinh.com\/w\/ketoan22011\/gioi-thieu\/","title":{"rendered":"Gi\u1edbi thi\u1ec7u"},"content":{"rendered":"<h2>Gi\u1edbi thi\u1ec7u<\/h2>\n<p><strong>C\u00f4ng ty TNHH D\u1ecbch v\u1ee5 v\u00e0 T\u01b0 v\u1ea5n thu\u1ebf ACP<\/strong>\u00a0\u0111\u01b0\u1ee3c th\u00e0nh l\u1eadp b\u1edfi c\u00e1c th\u00e0nh vi\u00ean \u01b0u t\u00fa chuy\u00ean v\u1ec1 t\u01b0 v\u1ea5n t\u00e0i ch\u00ednh, Thu\u1ebf, K\u1ebf to\u00e1n v\u00e0 Ki\u1ec3m to\u00e1n.<\/p>\n<p>\u0110\u1ea1i l\u00fd thu\u1ebf ACP \u2013 D\u1ecbch v\u1ee5 T\u01b0\u00a0 v\u1ea5n Thu\u1ebf, K\u1ebf to\u00e1n, t\u00e0i ch\u00ednh chuy\u00ean nghi\u1ec7p, ti\u1ec1n th\u00e2n t\u1eeb Trung t\u00e2m D\u1ecbch v\u1ee5 K\u1ebf to\u00e1n ASECE \u0111\u01b0\u1ee3c th\u00e0nh l\u1eadp t\u1eeb n\u0103m 2010. V\u1edbi h\u01a1n 5 n\u0103m h\u00ecnh th\u00e0nh v\u00e0 ph\u00e1t tri\u1ec3n, \u0110\u1ea1i l\u00fd thu\u1ebf ACP \u0111\u00e3 c\u00f3 nh\u1eefng th\u00e0nh c\u00f4ng nh\u1ea5t \u0111\u1ecbnh v\u1edbi s\u1ed1 l\u01b0\u1ee3ng kh\u00e1ch h\u00e0ng ng\u00e0y c\u00e0ng tin t\u01b0\u1edfng s\u1eed d\u1ee5ng d\u1ecbch v\u1ee5 v\u00e0 \u0110\u1ed9i ng\u0169 nh\u00e2n vi\u00ean ng\u00e0y c\u00e0ng chuy\u00ean nghi\u1ec7p.<\/p>\n<p><strong>Ph\u01b0\u01a1ng ch\u00e2m \u2013 T\u1ea7m nh\u00ecn:<\/strong><\/p>\n<p><strong>\u0110\u1ea1i l\u00fd thu\u1ebf ACP<\/strong>\u00a0lu\u00f4n h\u01b0\u1edbng \u0111\u1ebfn D\u1ecbch v\u1ee5 nhanh v\u00e0 chuy\u00ean nghi\u1ec7p. S\u1ebd tr\u1edf th\u00e0nh \u0111\u01a1n v\u1ecb ti\u00ean phong trong l\u0129nh v\u1ef1c T\u01b0 v\u1ea5n thu\u1ebf, D\u1ecbch v\u1ee5 k\u1ebf to\u00e1n v\u00e0 T\u01b0 v\u1ea5n \u0111\u1ea7u t\u01b0 tr\u00ean to\u00e0n qu\u1ed1c. Khi doanh nghi\u1ec7p s\u1eed d\u1ee5ng d\u1ecbch v\u1ee5 c\u1ee7a ch\u00fang t\u00f4i s\u1ebd lu\u00f4n th\u1ea5y h\u00e0i l\u00f2ng.<\/p>\n<p><strong>H\u1ed3 s\u01a1 ph\u00e1p l\u00fd:<\/strong><\/p>\n<p><strong><img src=\"http:\/\/ketoanacp.muathemewordpress.net\/wp-content\/uploads\/2019\/12\/gioi-thieu-224.jpg\" alt=\"acptax, dai ly thue, ho so phap ly\" \/><\/strong><\/p>\n<p>&nbsp;<\/p>\n","protected":false},"excerpt":{"rendered":"<p>Gi\u1edbi thi\u1ec7u C\u00f4ng ty TNHH D\u1ecbch v\u1ee5 v\u00e0 T\u01b0 v\u1ea5n thu\u1ebf ACP\u00a0\u0111\u01b0\u1ee3c th\u00e0nh l\u1eadp b\u1edfi c\u00e1c th\u00e0nh vi\u00ean \u01b0u t\u00fa chuy\u00ean v\u1ec1 t\u01b0 v\u1ea5n t\u00e0i ch\u00ednh, Thu\u1ebf, K\u1ebf to\u00e1n v\u00e0 Ki\u1ec3m to\u00e1n. \u0110\u1ea1i l\u00fd thu\u1ebf ACP \u2013 D\u1ecbch v\u1ee5 T\u01b0\u00a0 v\u1ea5n Thu\u1ebf, K\u1ebf to\u00e1n, t\u00e0i ch\u00ednh chuy\u00ean nghi\u1ec7p, ti\u1ec1n th\u00e2n t\u1eeb Trung t\u00e2m D\u1ecbch v\u1ee5&#8230;<\/p>\n","protected":false},"author":1,"featured_media":0,"parent":0,"menu_order":0,"comment_status":"closed","ping_status":"closed","template":"page-left-sidebar.php","meta":[],"_links":{"self":[{"href":"https:\/\/webmaibinh.com\/w\/ketoan22011\/wp-json\/wp\/v2\/pages\/224"}],"collection":[{"href":"https:\/\/webmaibinh.com\/w\/ketoan22011\/wp-json\/wp\/v2\/pages"}],"about":[{"href":"https:\/\/webmaibinh.com\/w\/ketoan22011\/wp-json\/wp\/v2\/types\/page"}],"author":[{"embeddable":true,"href":"https:\/\/webmaibinh.com\/w\/ketoan22011\/wp-json\/wp\/v2\/users\/1"}],"replies":[{"embeddable":true,"href":"https:\/\/webmaibinh.com\/w\/ketoan22011\/wp-json\/wp\/v2\/comments?post=224"}],"version-history":[{"count":1,"href":"https:\/\/webmaibinh.com\/w\/ketoan22011\/wp-json\/wp\/v2\/pages\/224\/revisions"}],"predecessor-version":[{"id":226,"href":"https:\/\/webmaibinh.com\/w\/ketoan22011\/wp-json\/wp\/v2\/pages\/224\/revisions\/226"}],"wp:attachment":[{"href":"https:\/\/webmaibinh.com\/w\/ketoan22011\/wp-json\/wp\/v2\/media?parent=224"}],"curies":[{"name":"wp","href":"https:\/\/api.w.org\/{rel}","templated":true}]}}