{"id":48,"date":"2017-10-26T16:25:07","date_gmt":"2017-10-26T09:25:07","guid":{"rendered":"https:\/\/bizhostvn.com\/w\/inbat\/?page_id=48"},"modified":"2017-10-27T21:02:23","modified_gmt":"2017-10-27T14:02:23","slug":"bao-gia","status":"publish","type":"page","link":"https:\/\/webmaibinh.com\/w\/iqos2011\/bao-gia\/","title":{"rendered":"B\u00e1o gi\u00e1"},"content":{"rendered":"<div class=\"itemHeader\">\n<div class=\"itemToolbar\">\n<div class=\"clr\"><span style=\"line-height: inherit; font-size: 14.4px;\">\u00a0<\/span><span style=\"line-height: inherit; font-size: 14.4px; color: #555555;\">C\u00f4ng ty Thi\u00ean H\u00e0 nh\u1eadn in \u1ea5n qu\u1ea3ng c\u00e1o v\u1edbi h\u1ec7 th\u1ed1ng m\u00e1y in k\u1ef9 thu\u1eadt s\u1ed1 kh\u1ed5 l\u1edbn chuy\u00ean nghi\u1ec7p \u0111\u00e3 v\u00e0 \u0111ang th\u1ef1c hi\u1ec7n d\u1ecbch v\u1ee5 in \u1ea5n cho nhi\u1ec1u \u0111\u01a1n v\u1ecb truy\u1ec1n th\u00f4ng t\u1ed5 ch\u1ee9c s\u1ef1 ki\u1ec7n v\u00e0 h\u00ea th\u1ed1ng si\u00eau th\u1ecb t\u1ea1i H\u00e0 n\u1ed9i<\/span><\/div>\n<\/div>\n<\/div>\n<div class=\"itemBody\">\n<p>Ngo\u00e0i ra ch\u00fang t\u00f4i c\u00f2n cung c\u1ea5p c\u00e1c lo\u1ea1i m\u00e1y m\u00f3c thi\u1ebft b\u1ecb ng\u00e0nh qu\u1ea3ng c\u00e1o nh\u01b0: M\u00e1y <a title=\"in b\u1ea1t\" href=\"http:\/\/inbat.com.vn\/\"><strong>in b\u1ea1t<\/strong><\/a>, m\u00e1y in Hifi, m\u00e1y kh\u1eafc CNC, m\u00e1y kh\u1eafc Laze\u2026<\/p>\n<p><img title=\"B\u00e1o gi\u00e1 in b\u1ea1t hiflex, in decal 2017\" src=\"http:\/\/inbat.com.vn\/images\/in-bat-bao-gia-2017.JPG\" alt=\"B\u00e1o gi\u00e1 in b\u1ea1t hiflex, in decal 2017\" \/><\/p>\n<p><strong>Ghi ch\u00fa:<\/strong><br \/>\n&#8211; \u0110\u01a1n gi\u00e1 tr\u00ean ch\u01b0a bao g\u1ed3m thu\u1ebf GTGT (VAT 10%)<br \/>\n&#8211; Mi\u1ec5n ph\u00ed v\u1eadn chuy\u1ec3n n\u1ed9i th\u00e0nh H\u00e0 N\u1ed9i 1 v\u1edbi \u0111\u01a1n h\u00e0ng gi\u00e1 tr\u1ecb tr\u00ean 2.000.000\u0111<br \/>\n&#8211; C\u00f4ng ty ch\u1ec9 xu\u1ea5t h\u00f3a \u0111\u01a1n GTGT v\u1edbi \u0111\u01a1n h\u00e0ng gi\u00e1 tr\u1ecb tr\u00ean 5.000.000\u0111<\/p>\n<p><em>Tr\u00e2n tr\u1ecdng c\u1ea3m \u01a1n qu\u00fd kh\u00e1ch h\u00e0ng \u0111\u00e3 quan t\u00e2m t\u1edbi s\u1ea3n ph\u1ea9m c\u1ee7a c\u00f4ng ty ch\u00fang t\u00f4i !<\/em><\/p>\n<p><strong>\u00a0 \u00a0 \u00a0 \u00a0 \u00a0 \u00a0 \u00a0 \u00a0 \u00a0 \u00a0 \u00a0 \u00a0 \u00a0 \u00a0 \u00a0 \u00a0 \u00a0 \u00a0 \u00a0 \u00a0 \u00a0 \u00a0 \u00a0 \u00a0 \u00a0 \u00a0 \u00a0 \u00a0 \u00a0 \u00a0 \u00a0 Ng\u01b0\u1eddi b\u00e1o gi\u00e1\u00a0<\/strong><\/p>\n<p><strong>\u00a0 \u00a0 \u00a0 \u00a0 \u00a0 \u00a0 \u00a0 \u00a0 \u00a0 \u00a0 \u00a0 \u00a0 \u00a0 \u00a0 \u00a0 \u00a0 \u00a0 \u00a0 \u00a0 \u00a0 \u00a0 \u00a0 \u00a0 \u00a0 \u00a0 \u00a0 \u00a0 \u00a0 \u00a0 \u00a0 \u00a0Nguy\u1ec5n Tr\u01b0\u1eddng Th\u1ecd<\/strong><\/p>\n<p><strong>\u00a0 \u00a0 \u00a0 \u00a0 \u00a0 \u00a0 \u00a0 \u00a0 \u00a0 \u00a0 \u00a0 \u00a0 \u00a0 \u00a0 \u00a0 \u00a0 \u00a0 \u00a0 \u00a0 \u00a0 \u00a0 \u00a0 \u00a0 \u00a0 \u00a0 \u00a0 \u00a0 \u00a0 \u00a0 \u00a0 \u00a0 \u00a0 \u00a0 \u00a0\u0110T: 0983.256.709 &#8211; 092.966.2222<\/strong><\/p>\n<\/div>\n","protected":false},"excerpt":{"rendered":"<p>\u00a0C\u00f4ng ty Thi\u00ean H\u00e0 nh\u1eadn in \u1ea5n qu\u1ea3ng c\u00e1o v\u1edbi h\u1ec7 th\u1ed1ng m\u00e1y in k\u1ef9 thu\u1eadt s\u1ed1 kh\u1ed5 l\u1edbn chuy\u00ean nghi\u1ec7p \u0111\u00e3 v\u00e0 \u0111ang th\u1ef1c hi\u1ec7n d\u1ecbch v\u1ee5 in \u1ea5n cho nhi\u1ec1u \u0111\u01a1n v\u1ecb truy\u1ec1n th\u00f4ng t\u1ed5 ch\u1ee9c s\u1ef1 ki\u1ec7n v\u00e0 h\u00ea th\u1ed1ng si\u00eau th\u1ecb t\u1ea1i H\u00e0 n\u1ed9i Ngo\u00e0i ra ch\u00fang t\u00f4i c\u00f2n cung c\u1ea5p [&#8230;]\n","protected":false},"author":1,"featured_media":0,"parent":0,"menu_order":0,"comment_status":"closed","ping_status":"closed","template":"page-left-sidebar.php","meta":[],"_links":{"self":[{"href":"https:\/\/webmaibinh.com\/w\/iqos2011\/wp-json\/wp\/v2\/pages\/48"}],"collection":[{"href":"https:\/\/webmaibinh.com\/w\/iqos2011\/wp-json\/wp\/v2\/pages"}],"about":[{"href":"https:\/\/webmaibinh.com\/w\/iqos2011\/wp-json\/wp\/v2\/types\/page"}],"author":[{"embeddable":true,"href":"https:\/\/webmaibinh.com\/w\/iqos2011\/wp-json\/wp\/v2\/users\/1"}],"replies":[{"embeddable":true,"href":"https:\/\/webmaibinh.com\/w\/iqos2011\/wp-json\/wp\/v2\/comments?post=48"}],"version-history":[{"count":2,"href":"https:\/\/webmaibinh.com\/w\/iqos2011\/wp-json\/wp\/v2\/pages\/48\/revisions"}],"predecessor-version":[{"id":765,"href":"https:\/\/webmaibinh.com\/w\/iqos2011\/wp-json\/wp\/v2\/pages\/48\/revisions\/765"}],"wp:attachment":[{"href":"https:\/\/webmaibinh.com\/w\/iqos2011\/wp-json\/wp\/v2\/media?parent=48"}],"curies":[{"name":"wp","href":"https:\/\/api.w.org\/{rel}","templated":true}]}}