{"id":35,"date":"2017-10-26T16:24:19","date_gmt":"2017-10-26T09:24:19","guid":{"rendered":"https:\/\/bizhostvn.com\/w\/inbat\/?page_id=35"},"modified":"2017-10-27T20:50:37","modified_gmt":"2017-10-27T13:50:37","slug":"in-uv","status":"publish","type":"page","link":"https:\/\/webmaibinh.com\/w\/iqos2011\/in-uv\/","title":{"rendered":"In UV"},"content":{"rendered":"<p>Hi\u1ec7n nay tr\u00ean th\u1ebf gi\u1edbi, c\u00f4ng ngh\u1ec7 in uv \u0111ang d\u1ea7n thay th\u1ebf c\u00e1c s\u1ea3n ph\u1ea9m in b\u1eb1ng c\u00f4ng ngh\u1ec7 in m\u1ef1c solvent, dye,\u2026 C\u00e1c th\u01b0\u01a1ng hi\u1ec7u \u0111a qu\u1ed1c gia nh\u01b0\u00a0McDonald\u2019s, HSBC, AEON Mall,\u2026 \u0111\u1ec1u \u0111\u00e3 \u00e1p d\u1ee5ng quy chu\u1ea9n s\u1ea3n ph\u1ea9m qu\u1ea3ng c\u00e1o nh\u01b0 bi\u1ec3n hi\u1ec7u, h\u1ed9p \u0111\u00e8n, \u0111\u1ec1u ph\u1ea3i in tr\u00ean c\u00e1c lo\u1ea1i m\u00e1y in uv ch\u00ednh h\u00e3ng.<\/p>\n<p>V\u00ec sao l\u1ea1i nh\u01b0 th\u1ebf? Hi\u1ec7n nay <strong>m\u1ef1c in uv<\/strong> \u0111\u01b0\u1ee3c s\u1ea3n xu\u1ea5t tr\u00ean quy tr\u00ecnh kh\u1eaft khe v\u1ec1 vi\u1ec7c b\u1ea3o v\u1ec7 m\u00f4i tr\u01b0\u1eddng, m\u1ef1c uv ch\u00ednh h\u00e3ng s\u1ebd th\u00e2n thi\u1ec7n v\u1edbi m\u00f4i tr\u01b0\u1eddng h\u01a1n h\u1eb3n c\u00e1c lo\u1ea1i m\u1ef1c in qu\u1ea3ng c\u00e1o truy\u1ec1n th\u1ed1ng. B\u00ean c\u1ea1nh \u0111\u00f3, ch\u1ea5t l\u01b0\u1ee3ng b\u1ea3n in\u00a0s\u1eafc n\u00e9t nh\u01b0 in offset v\u00e0 hi\u1ec7u \u1ee9ng m\u00e0u s\u1eafc trung th\u1ef1c \u0111\u00e1p \u1ee9ng ch\u1ea5t l\u01b0\u1ee3ng kh\u1eaft khe t\u1eeb c\u00e1c thi\u1ebft k\u1ebf ti\u00eau chu\u1ea9n qu\u1ed1c t\u1ebf c\u1ee7a c\u00e1c t\u1eadp \u0111o\u00e0n \u0111a qu\u1ed1c gia. C\u00e1c d\u00f2ng m\u00e1y in m\u1ef1c sovent, dye,\u2026 h\u1ea7u nh\u01b0 kh\u00f4ng th\u1ec3 c\u1ea1nh tranh v\u1ec1 ch\u1ea5t l\u01b0\u1ee3ng, tu\u1ed5i th\u1ecd v\u00e0 m\u00e0u s\u1eafc so v\u1edbi c\u00e1c s\u1ea3n ph\u1ea9m in b\u1eb1ng m\u00e1y in uv.<\/p>\n<p>Xu h\u01b0\u1edbng m\u00e1y in uv tr\u00ean th\u1ebf gi\u1edbi th\u00ec \u0111\u00e3 hi\u1ec7n h\u1eefu. T\u1ea1i Vi\u1ec7t Nam, SBC vui m\u1eebng \u0111\u00e3 cung c\u1ea5p c\u00f4ng ngh\u1ec7 in uv cho c\u00e1c c\u00f4ng ty l\u1edbn \u2013 c\u00f4ng ty \u0111\u1ed1i t\u00e1c c\u1ee7a c\u00e1c th\u01b0\u01a1ng hi\u1ec7u \u0111a qu\u1ed1c gia t\u1ea1i Vi\u1ec7t Nam. Qu\u00fd kh\u00e1ch c\u00f3 th\u1ec3 t\u00ecm hi\u1ec3u th\u00eam c\u00e1c d\u00f2ng m\u00e1y in uv nh\u01b0 <strong>m\u00e1y in uv d\u1ea1ng b\u00e0n <\/strong>(m\u00e1y in ph\u1eb3ng), <strong>m\u00e1y in uv d\u1ea1ng cu\u1ed9n<\/strong> v\u00e0 <strong>m\u00e1y in uv hybird<\/strong> hay c\u00f2n g\u1ecdi l\u00e0 <em>m\u00e1y in uv \u0111a n\u0103ng<\/em>.<\/p>\n<p>+ <strong>M\u00e1y in uv d\u1ea1ng b\u00e0n:<\/strong> hay c\u00f2n g\u1ecdi m\u00e1y in ph\u1eb3ng l\u00e0 m\u00e1y in uv c\u00f3 m\u1eb7t b\u00e0n ph\u1eb3ng \u0111\u1ec3 in th\u01b0\u1eddng l\u00e0 h\u00ecnh ch\u1eef nh\u1eadt, vu\u00f4ng,.. c\u00f3 k\u00edch th\u01b0\u1edbc nh\u01b0: 40x60cm, 100x120cm, 130x250cm \u2026 <em>M\u00e1y in uv d\u1ea1ng b\u00e0n<\/em> s\u1ebd in \u0111\u01b0\u1ee3c \u0111\u1eb9p nh\u1ea5t tr\u00ean c\u00e1c v\u1eadt li\u1ec7u ph\u1eb3ng nh\u01b0: Alu, mica, form, k\u00ednh, g\u1ed7, g\u1ea1ch men, decal 3M, b\u1ea1t hiflex cao c\u1ea5p, PP, backlit,\u2026<\/p>\n\n  \n    <div class=\"row large-columns-3 medium-columns-1 small-columns-1 slider row-slider slider-nav-reveal slider-nav-push\"  data-flickity-options='{\"imagesLoaded\": true, \"groupCells\": \"100%\", \"dragThreshold\" : 5, \"cellAlign\": \"left\",\"wrapAround\": true,\"prevNextButtons\": true,\"percentPosition\": true,\"pageDots\": false, \"rightToLeft\": false, \"autoPlay\" : false}'>\n\n  \t\t<div class=\"col post-item\" >\n\t\t\t<div class=\"col-inner\">\n\t\t\t<a href=\"https:\/\/webmaibinh.com\/w\/iqos2011\/kham-pha-cong-nghe-in-moi-in-uv-tren-mica\/\" class=\"plain\">\n\t\t\t\t<div class=\"box box-normal box-text-bottom box-blog-post has-hover\">\n            \t\t\t\t\t<div class=\"box-image\" >\n  \t\t\t\t\t\t<div class=\"image-cover\" style=\"padding-top:56.25%;\">\n  \t\t\t\t\t\t\t<img width=\"300\" height=\"188\" src=\"https:\/\/webmaibinh.com\/w\/iqos2011\/wp-content\/uploads\/2017\/10\/kham-pha-cong-nghe-in-uv-tren-mica-02-300x188.jpg\" class=\"attachment-medium size-medium wp-post-image\" alt=\"\" loading=\"lazy\" srcset=\"https:\/\/webmaibinh.com\/w\/iqos2011\/wp-content\/uploads\/2017\/10\/kham-pha-cong-nghe-in-uv-tren-mica-02-300x188.jpg 300w, https:\/\/webmaibinh.com\/w\/iqos2011\/wp-content\/uploads\/2017\/10\/kham-pha-cong-nghe-in-uv-tren-mica-02-768x480.jpg 768w, https:\/\/webmaibinh.com\/w\/iqos2011\/wp-content\/uploads\/2017\/10\/kham-pha-cong-nghe-in-uv-tren-mica-02.jpg 800w\" sizes=\"(max-width: 300px) 100vw, 300px\" \/>  \t\t\t\t\t\t\t  \t\t\t\t\t\t\t  \t\t\t\t\t\t<\/div>\n  \t\t\t\t\t\t  \t\t\t\t\t<\/div>\n          \t\t\t\t\t<div class=\"box-text text-center\" >\n\t\t\t\t\t<div class=\"box-text-inner blog-post-inner\">\n\n\t\t\t\t\t\n\t\t\t\t\t\t\t\t\t\t<h5 class=\"post-title is-large \">Kh\u00e1m ph\u00e1 c\u00f4ng ngh\u1ec7 in m\u1edbi \u2013 In UV tr\u00ean mica<\/h5>\n\t\t\t\t\t\t\t\t\t\t<div class=\"is-divider\"><\/div>\n\t\t\t\t\t\t\t\t\t\t<p class=\"from_the_blog_excerpt \">In UV tr\u00ean mica mang l\u1ea1i nh\u1eefng th\u00e0nh ph\u1ea9m c\u00f3 ch\u1ea5t l\u01b0\u1ee3ng t\u1ed1t v\u1edbi \u0111\u1ed9 [...]\t\t\t\t\t<\/p>\n\t\t\t\t\t                    \n\t\t\t\t\t\n\t\t\t\t\t\n\t\t\t\t\t<\/div>\n\t\t\t\t\t<\/div>\n\t\t\t\t\t\t\t\t\t<\/div>\n\t\t\t\t<\/a>\n\t\t\t<\/div>\n\t\t<\/div>\n\t\t<div class=\"col post-item\" >\n\t\t\t<div class=\"col-inner\">\n\t\t\t<a href=\"https:\/\/webmaibinh.com\/w\/iqos2011\/tim-hieu-ve-muc-in-uv-tren-bao-bi\/\" class=\"plain\">\n\t\t\t\t<div class=\"box box-normal box-text-bottom box-blog-post has-hover\">\n            \t\t\t\t\t<div class=\"box-image\" >\n  \t\t\t\t\t\t<div class=\"image-cover\" style=\"padding-top:56.25%;\">\n  \t\t\t\t\t\t\t<img width=\"300\" height=\"168\" src=\"https:\/\/webmaibinh.com\/w\/iqos2011\/wp-content\/uploads\/2017\/10\/t\u1ea3i-xu\u1ed1ng-1-300x168.jpg\" class=\"attachment-medium size-medium wp-post-image\" alt=\"\" loading=\"lazy\" \/>  \t\t\t\t\t\t\t  \t\t\t\t\t\t\t  \t\t\t\t\t\t<\/div>\n  \t\t\t\t\t\t  \t\t\t\t\t<\/div>\n          \t\t\t\t\t<div class=\"box-text text-center\" >\n\t\t\t\t\t<div class=\"box-text-inner blog-post-inner\">\n\n\t\t\t\t\t\n\t\t\t\t\t\t\t\t\t\t<h5 class=\"post-title is-large \">T\u00ecm hi\u1ec3u v\u1ec1 m\u1ef1c in UV tr\u00ean bao b\u00ec<\/h5>\n\t\t\t\t\t\t\t\t\t\t<div class=\"is-divider\"><\/div>\n\t\t\t\t\t\t\t\t\t\t<p class=\"from_the_blog_excerpt \">M\u1ed9t trong nh\u1eefng v\u1ea5n \u0111\u1ec1 m\u00e0 c\u00e1c nh\u00e0 in hay g\u1eb7p ph\u1ea3i l\u00e0 kh\u1ea3 n\u0103ng [...]\t\t\t\t\t<\/p>\n\t\t\t\t\t                    \n\t\t\t\t\t\n\t\t\t\t\t\n\t\t\t\t\t<\/div>\n\t\t\t\t\t<\/div>\n\t\t\t\t\t\t\t\t\t<\/div>\n\t\t\t\t<\/a>\n\t\t\t<\/div>\n\t\t<\/div>\n\t\t<div class=\"col post-item\" >\n\t\t\t<div class=\"col-inner\">\n\t\t\t<a href=\"https:\/\/webmaibinh.com\/w\/iqos2011\/dich-vu-in-uv-chat-luong-tai-tp-ha-noi\/\" class=\"plain\">\n\t\t\t\t<div class=\"box box-normal box-text-bottom box-blog-post has-hover\">\n            \t\t\t\t\t<div class=\"box-image\" >\n  \t\t\t\t\t\t<div class=\"image-cover\" style=\"padding-top:56.25%;\">\n  \t\t\t\t\t\t\t<img width=\"300\" height=\"225\" src=\"https:\/\/webmaibinh.com\/w\/iqos2011\/wp-content\/uploads\/2017\/10\/uv1-300x225.jpg\" class=\"attachment-medium size-medium wp-post-image\" alt=\"\" loading=\"lazy\" srcset=\"https:\/\/webmaibinh.com\/w\/iqos2011\/wp-content\/uploads\/2017\/10\/uv1-300x225.jpg 300w, https:\/\/webmaibinh.com\/w\/iqos2011\/wp-content\/uploads\/2017\/10\/uv1.jpg 450w\" sizes=\"(max-width: 300px) 100vw, 300px\" \/>  \t\t\t\t\t\t\t  \t\t\t\t\t\t\t  \t\t\t\t\t\t<\/div>\n  \t\t\t\t\t\t  \t\t\t\t\t<\/div>\n          \t\t\t\t\t<div class=\"box-text text-center\" >\n\t\t\t\t\t<div class=\"box-text-inner blog-post-inner\">\n\n\t\t\t\t\t\n\t\t\t\t\t\t\t\t\t\t<h5 class=\"post-title is-large \">D\u1ecbch v\u1ee5 in UV ch\u1ea5t l\u01b0\u1ee3ng t\u1ea1i TP. H\u00e0 N\u1ed9i<\/h5>\n\t\t\t\t\t\t\t\t\t\t<div class=\"is-divider\"><\/div>\n\t\t\t\t\t\t\t\t\t\t<p class=\"from_the_blog_excerpt \">In UV l\u00e0 d\u1ecbch v\u1ee5 in d\u00f9ng m\u1ef1c UV trong qu\u00e1 tr\u00ecnh in, sau \u0111\u00f3 [...]\t\t\t\t\t<\/p>\n\t\t\t\t\t                    \n\t\t\t\t\t\n\t\t\t\t\t\n\t\t\t\t\t<\/div>\n\t\t\t\t\t<\/div>\n\t\t\t\t\t\t\t\t\t<\/div>\n\t\t\t\t<\/a>\n\t\t\t<\/div>\n\t\t<\/div>\n<\/div>\n","protected":false},"excerpt":{"rendered":"<p>Hi\u1ec7n nay tr\u00ean th\u1ebf gi\u1edbi, c\u00f4ng ngh\u1ec7 in uv \u0111ang d\u1ea7n thay th\u1ebf c\u00e1c s\u1ea3n ph\u1ea9m in b\u1eb1ng c\u00f4ng ngh\u1ec7 in m\u1ef1c solvent, dye,\u2026 C\u00e1c th\u01b0\u01a1ng hi\u1ec7u \u0111a qu\u1ed1c gia nh\u01b0\u00a0McDonald\u2019s, HSBC, AEON Mall,\u2026 \u0111\u1ec1u \u0111\u00e3 \u00e1p d\u1ee5ng quy chu\u1ea9n s\u1ea3n ph\u1ea9m qu\u1ea3ng c\u00e1o nh\u01b0 bi\u1ec3n hi\u1ec7u, h\u1ed9p \u0111\u00e8n, \u0111\u1ec1u ph\u1ea3i in tr\u00ean c\u00e1c lo\u1ea1i [&#8230;]\n","protected":false},"author":1,"featured_media":726,"parent":0,"menu_order":0,"comment_status":"closed","ping_status":"closed","template":"page-left-sidebar.php","meta":[],"_links":{"self":[{"href":"https:\/\/webmaibinh.com\/w\/iqos2011\/wp-json\/wp\/v2\/pages\/35"}],"collection":[{"href":"https:\/\/webmaibinh.com\/w\/iqos2011\/wp-json\/wp\/v2\/pages"}],"about":[{"href":"https:\/\/webmaibinh.com\/w\/iqos2011\/wp-json\/wp\/v2\/types\/page"}],"author":[{"embeddable":true,"href":"https:\/\/webmaibinh.com\/w\/iqos2011\/wp-json\/wp\/v2\/users\/1"}],"replies":[{"embeddable":true,"href":"https:\/\/webmaibinh.com\/w\/iqos2011\/wp-json\/wp\/v2\/comments?post=35"}],"version-history":[{"count":5,"href":"https:\/\/webmaibinh.com\/w\/iqos2011\/wp-json\/wp\/v2\/pages\/35\/revisions"}],"predecessor-version":[{"id":730,"href":"https:\/\/webmaibinh.com\/w\/iqos2011\/wp-json\/wp\/v2\/pages\/35\/revisions\/730"}],"wp:featuredmedia":[{"embeddable":true,"href":"https:\/\/webmaibinh.com\/w\/iqos2011\/wp-json\/wp\/v2\/media\/726"}],"wp:attachment":[{"href":"https:\/\/webmaibinh.com\/w\/iqos2011\/wp-json\/wp\/v2\/media?parent=35"}],"curies":[{"name":"wp","href":"https:\/\/api.w.org\/{rel}","templated":true}]}}