{"id":634,"date":"2019-06-16T22:37:16","date_gmt":"2019-06-16T15:37:16","guid":{"rendered":"https:\/\/hocphongthuy.khowebseotop.vn\/?page_id=634"},"modified":"2019-06-17T00:26:22","modified_gmt":"2019-06-16T17:26:22","slug":"dich-vu","status":"publish","type":"page","link":"https:\/\/webmaibinh.com\/w\/hocphongthuy2011\/dich-vu\/","title":{"rendered":"D\u1ecbch v\u1ee5"},"content":{"rendered":"\t<div id=\"gap-1805980664\" class=\"gap-element clearfix\" style=\"display:block; height:auto;\">\n\t\t\n<style>\n#gap-1805980664 {\n  padding-top: 30px;\n}\n<\/style>\n\t<\/div>\n\t\n<div class=\"row dich-vu-page\"  id=\"row-1185963230\">\n\n\t<div id=\"col-1411470832\" class=\"col small-12 large-12\"  >\n\t\t<div class=\"col-inner\"  >\n\t\t\t\n\t\t\t\n<table width=\"972\">\n<tbody>\n<tr>\n<td width=\"60\"><strong>STT<\/strong><\/td>\n<td width=\"150\"><strong>T\u01b0 v\u1ea5n<\/strong><\/td>\n<td width=\"288\"><strong>N\u1ed9i dung<\/strong><\/td>\n<td width=\"144\"><strong>Ph\u00ed<\/strong><\/td>\n<td width=\"330\"><strong>\u00a0<\/strong><\/td>\n<\/tr>\n<tr>\n<td width=\"60\">1<\/td>\n<td width=\"150\"><strong>\u0110\u1ecba \u0111i\u1ec3m Kinh doanh<\/strong><\/td>\n<td width=\"288\">Thu\u00ea c\u1eeda h\u00e0ng, thu\u00ea c\u00f4ng ty, xem tr\u01b0\u1edbc \u0111\u1ec3 xem c\u00f3 thu\u1eadn l\u1ee3i cho vi\u1ec7c kinh doanh hay kh\u00f4ng, v\u01b0\u1edbng c\u00e2y c\u1ed1i c\u1ed9t \u0111i\u1ec7n th\u00ec x\u1eed l\u00fd l\u00e0m sao.<\/td>\n<td width=\"144\">1000k gi\u1ea3m 50% c\u00f2n 500k<\/td>\n<td width=\"330\">&#8211; G\u00f3i xem tr\u1ef1c ti\u1ebfp \u0111\u1ecba \u0111i\u1ec3m t\u01b0 v\u1ea5n<\/p>\n<p>&#8211; N\u1ed9i th\u00e0nh : 2tr<\/p>\n<p>&#8211; Ngo\u1ea1i th\u00e0nh 5tr<\/p>\n<p>&#8211; Ch\u01b0a bao g\u1ed3m chi ph\u00ed \u0111i l\u1ea1i<\/td>\n<\/tr>\n<tr>\n<td width=\"60\">2<\/td>\n<td width=\"150\"><strong>H\u00f3a gi\u1ea3i, c\u1ea3i t\u1ea1o phong th\u1ee7y, t\u01b0\u1edbng s\u1ed1, \u2026<\/strong><\/td>\n<td width=\"288\">Mua nh\u00e0 mu\u1ed1n ch\u1ec9nh s\u1eeda h\u01b0\u1edbng, v\u1ecb tr\u00ed c\u1ee7a b\u1ebfp, nh\u00e0 v\u1ec7 sinh, b\u00e0n th\u1edd, di chuy\u1ec3n tr\u01b0\u1edbc khi s\u1eeda ch\u1eefa ho\u1eb7c tr\u01b0\u1edbc khi nh\u1eadn nh\u00e0<\/td>\n<td width=\"144\">1000k gi\u1ea3m 50% c\u00f2n 500k<\/td>\n<td width=\"330\">&#8211; G\u00f3i b\u00e0i tr\u00ed, h\u00f3a gi\u1ea3i c\u00e1c \u0111\u1ed3 v\u1eadt phong th\u1ee7y, gia ph\u01b0\u1eddng v\u01b0\u1ee3ng kh\u00ed c\u1ee7a 1 c\u00f4ng ty<\/td>\n<\/tr>\n<tr>\n<td width=\"60\">3<\/td>\n<td width=\"150\"><strong>Nh\u1eadp gia, nh\u1eadp c\u00f4ng ty, \u0111\u1ed9ng th\u1ed5, \u2026<\/strong><\/td>\n<td width=\"288\">T\u01b0 v\u1ea5n, l\u00e0m l\u1ec5, bao g\u1ed3m c\u1ea3 xem gi\u1edd ng\u00e0y, c\u00e1c th\u1ee7 t\u1ee5c v\u1edbi tr\u1eddi \u0111\u1ea5t, thi\u00ean \u0111\u1ecba, th\u1ed5 \u0111\u1ecba<\/td>\n<td width=\"144\">1000k gi\u1ea3m 50% c\u00f2n 500k<\/td>\n<td width=\"330\">&#8211; G\u00f3i ch\u0103m s\u00f3c ban th\u1edd th\u1ea7n t\u00e0i , lau ch\u00f9i v\u00e0 c\u00fang<\/td>\n<\/tr>\n<tr>\n<td width=\"60\">4<\/td>\n<td width=\"150\"><strong>L\u00e0m \u0103n, xem v\u1eadn m\u1ec7nh t\u00e0i l\u1ed9c<\/strong><\/td>\n<td width=\"288\">L\u00e0m \u0103n b\u1ecb \u0111i xu\u1ed1ng, ch\u1eefng l\u1ea1i, xem l\u1ea1i v\u1ea5n \u0111\u1ec1 v\u1ec1 v\u1eadn kh\u00ed v\u00e0 v\u1eadn kh\u00ed c\u1ee7a t\u1eebng n\u0103m v\u00e0 c\u00e1ch h\u00f3a gi\u1ea3i<\/td>\n<td width=\"144\">1000k gi\u1ea3m 50% c\u00f2n 500k<\/td>\n<td width=\"330\">&#8211; G\u00f3i Nh\u1eadp tr\u1ea1ch<\/td>\n<\/tr>\n<tr>\n<td width=\"60\">5<\/td>\n<td width=\"150\"><strong>V\u01b0\u1ee3ng kh\u00ed n\u0103m nay<\/strong><\/td>\n<td width=\"288\">Ti\u1ec1n t\u00e0i danh v\u1ecdng, c\u00f4ng danh, kinh doanh, l\u00e0m \u0103n c\u00f3 ok hay kh\u00f4ng<\/td>\n<td width=\"144\">1000k gi\u1ea3m 50% c\u00f2n 500k<\/td>\n<td width=\"330\">&#8211; G\u00f3i gia tr\u00ec n\u0103ng l\u1ef1c tr\u01b0 ti\u00ean<\/td>\n<\/tr>\n<tr>\n<td width=\"60\">6<\/td>\n<td width=\"150\"><strong>Xem gia ph\u1ea7n, m\u1ed3 m\u1ea3 t\u1ed5 ti\u00ean<\/strong><\/td>\n<td width=\"288\"><\/td>\n<td width=\"144\">1000k gi\u1ea3m 50% c\u00f2n 500k<\/td>\n<td width=\"330\">&#8211; G\u00f3i xem vong, h\u00f3a gi\u1ea3i nh\u1eefng oan kh\u00ed n\u1ebfu c\u00f3<\/td>\n<\/tr>\n<tr>\n<td width=\"60\">7<\/td>\n<td width=\"150\"><strong>Xem v\u1ea1n s\u1ef1, s\u1ef1 vi\u1ec7c b\u1ea5t k\u1ef3<\/strong><\/td>\n<td width=\"288\">Li\u1ec7u vi\u1ec7c n\u00e0y c\u00f3 th\u00e0nh c\u00f4ng hay kh\u00f4ng, c\u00f3 kh\u00f3 kh\u0103n g\u00ec kh\u00f4ng ?<\/td>\n<td width=\"144\">1000k gi\u1ea3m 50% c\u00f2n 500k<\/td>\n<td width=\"330\"><strong>G\u00f3i thu\u00ea bao <\/strong><\/p>\n<p><strong>G\u00f3i c\u01a1 b\u1ea3n :<\/strong> Xin g\u1eb7p v\u00e0 g\u1ecdi \u0111i\u1ec7n tho\u1ea1i ko h\u1ea1n ch\u1ebf 2tr\/th\u00e1ng<\/p>\n<p><strong>G\u00f3i n\u00e2ng cao :<\/strong> B\u1ea5t k\u1ec3 l\u00fac n\u00e0o c\u1ea7n li\u00ean h\u1ec7, \u0111\u1ed9ng th\u1ed5, m\u1ed3 m\u1ea3, xem s\u1ef1 v\u1eadt, hi\u1ec7n t\u01b0\u1ee3ng, ko bao g\u1ed3m g\u00f3i \u0111\u1ebfn t\u1eadn n\u01a1i.<\/p>\n<p>20tr\/n\u0103m<\/td>\n<\/tr>\n<\/tbody>\n<\/table>\n\t\t<\/div>\n\t\t\t<\/div>\n\n\t\n<\/div>\n","protected":false},"excerpt":{"rendered":"","protected":false},"author":2,"featured_media":0,"parent":0,"menu_order":0,"comment_status":"closed","ping_status":"closed","template":"page-blank.php","meta":[],"_links":{"self":[{"href":"https:\/\/webmaibinh.com\/w\/hocphongthuy2011\/wp-json\/wp\/v2\/pages\/634"}],"collection":[{"href":"https:\/\/webmaibinh.com\/w\/hocphongthuy2011\/wp-json\/wp\/v2\/pages"}],"about":[{"href":"https:\/\/webmaibinh.com\/w\/hocphongthuy2011\/wp-json\/wp\/v2\/types\/page"}],"author":[{"embeddable":true,"href":"https:\/\/webmaibinh.com\/w\/hocphongthuy2011\/wp-json\/wp\/v2\/users\/2"}],"replies":[{"embeddable":true,"href":"https:\/\/webmaibinh.com\/w\/hocphongthuy2011\/wp-json\/wp\/v2\/comments?post=634"}],"version-history":[{"count":0,"href":"https:\/\/webmaibinh.com\/w\/hocphongthuy2011\/wp-json\/wp\/v2\/pages\/634\/revisions"}],"wp:attachment":[{"href":"https:\/\/webmaibinh.com\/w\/hocphongthuy2011\/wp-json\/wp\/v2\/media?parent=634"}],"curies":[{"name":"wp","href":"https:\/\/api.w.org\/{rel}","templated":true}]}}