{"id":96,"date":"2018-07-31T15:09:30","date_gmt":"2018-07-31T08:09:30","guid":{"rendered":"http:\/\/hoatuoifly.com\/?page_id=96"},"modified":"2019-07-03T02:28:19","modified_gmt":"2019-07-02T19:28:19","slug":"gioi-thieu","status":"publish","type":"page","link":"https:\/\/webmaibinh.com\/w\/hoatuoi12011\/gioi-thieu\/","title":{"rendered":"Gi\u1edbi thi\u1ec7u"},"content":{"rendered":"<p><a href=\"\/wp-content\/uploads\/2019\/07\/bo-hoa-cuoi-dep2.jpg\"><img loading=\"lazy\" class=\"wp-image-1353 size-medium alignleft\" src=\"\/wp-content\/uploads\/2019\/07\/bo-hoa-cuoi-dep2-300x199.jpg\" alt=\"\" width=\"300\" height=\"199\" srcset=\"https:\/\/webmaibinh.com\/w\/hoatuoi12011\/wp-content\/uploads\/2019\/07\/bo-hoa-cuoi-dep2-300x199.jpg 300w, https:\/\/webmaibinh.com\/w\/hoatuoi12011\/wp-content\/uploads\/2019\/07\/bo-hoa-cuoi-dep2-510x338.jpg 510w, https:\/\/webmaibinh.com\/w\/hoatuoi12011\/wp-content\/uploads\/2019\/07\/bo-hoa-cuoi-dep2-768x509.jpg 768w, https:\/\/webmaibinh.com\/w\/hoatuoi12011\/wp-content\/uploads\/2019\/07\/bo-hoa-cuoi-dep2.jpg 797w\" sizes=\"(max-width: 300px) 100vw, 300px\" \/><\/a><\/p>\n<p><strong>Hoa t\u01b0\u01a1i ch\u00ednh l\u00e0 th\u1ee9 l\u00e0m l\u00ean linh h\u1ed3n c\u1ee7a m\u1ecdi s\u1ef1 ki\u1ec7n, m\u1ecdi \u0111\u00e1m c\u01b0\u1edbi d\u00f9 truy\u1ec1n th\u1ed1ng hay hi\u1ec7n \u0111\u1ea1i.<\/strong><\/p>\n<p>V\u1edbi s\u1ee9c m\u1ea1nh truy\u1ec1n t\u1ea3i th\u00f4ng \u0111i\u1ec7p v\u00e0 \u00fd ngh\u0129a, c\u00f9ng v\u1edbi v\u1ebb \u0111\u1eb9p r\u1ef1c r\u1ee1 \u0111\u1ebfn t\u1eeb m\u00e0u s\u1eafc v\u00e0 m\u00f9i h\u01b0\u01a1ng, hoa t\u01b0\u01a1i lu\u00f4n l\u00e0 th\u1ee9 kh\u00f4ng th\u1ec3 thi\u1ebfu trong m\u1ecdi d\u1ecbp l\u1ec5 quan tr\u1ecdng cho \u0111\u1ebfn nh\u1eefng kho\u1ea3nh kh\u1eafc b\u00ecnh y\u00ean th\u01b0\u1eddng ng\u00e0y. V\u1eady nh\u01b0ng, c\u00f3 m\u1ed9t s\u1ef1 th\u1eadt v\u00f4 c\u00f9ng \u0111au l\u00f2ng r\u1eb1ng nh\u1eefng b\u00f4ng hoa \u0111\u1eb9p v\u00e0 \u0111\u1eaft \u0111\u1ecf kia l\u1ea1i nhanh ch\u00f3ng b\u1ecb v\u1ee9t b\u1ecf ngay sau khi s\u1ef1 ki\u1ec7n k\u1ebft th\u00fac.<\/p>\n<p>V\u1edbi s\u1ef1 rung c\u1ea3m cao v\u1ec1 hoa t\u01b0\u01a1i, \u0111\u1ed3ng th\u1eddi c\u0169ng l\u00e0 n\u1ed7i ni\u1ec1m \u201c<em>th\u01b0\u01a1ng hoa ti\u1ebfc ng\u1ecdc<\/em>\u201d, <strong>\u0110i\u1ec7n Hoa H\u00e0 N\u1ed9i<\/strong> \u0111\u00e3 ra \u0111\u1eddi v\u1edbi s\u1ee9 m\u1ec7nh cung c\u1ea5p c\u00e1c s\u1ea3n ph\u1ea9m hoa t\u01b0\u01a1i cao c\u1ea5p, hoa ngh\u1ec7 thu\u1eadt ph\u1ee5c v\u1ee5 c\u00e1c nhu c\u1ea7u c\u1ee7a c\u00e1 nh\u00e2n v\u00e0 doanh nghi\u1ec7p v\u1ec1 hoa v\u00e0 \u0111\u1eb7c bi\u1ec7t l\u00e0 \u0111i\u1ec7n hoa.<\/p>\n<p>B\u1eb1ng vi\u1ec7c bi\u1ebfn l\u1ee3i nhu\u1eadn tr\u1edf th\u00e0nh gi\u00e1 tr\u1ecb cho m\u1ecdi kh\u00e1ch h\u00e0ng, c\u00f9ng t\u00e2m h\u1ed3n y\u00eau c\u00e1i \u0111\u1eb9p v\u00e0 mong mu\u1ed1n \u0111\u01b0\u1ee3c \u201c k\u1ec3\u201d t\u00e2m t\u01b0 c\u1ee7a m\u00ecnh qua t\u1eebng b\u00f4ng hoa, ch\u00fang t\u00f4i \u0111\u00e3 nhanh ch\u00f3ng tr\u1edf th\u00e0nh th\u01b0\u01a1ng hi\u1ec7u hoa t\u01b0\u01a1i \u0111\u01b0\u1ee3c \u01b0a th\u00edch t\u1ea1i H\u00e0 N\u1ed9i hi\u1ec7n nay.\u00a0 \u0110\u1ed9i ng\u0169 c\u1ee7a ch\u00fang t\u00f4i lu\u00f4n kh\u00f4ng ng\u1eebng c\u1ed1 g\u1eafng truy\u1ec1n t\u1ea3i v\u1ebb \u0111\u1eb9p v\u00e0 th\u00f4ng \u0111i\u1ec7p v\u00f4 c\u00f9ng \u00fd ngh\u0129a c\u1ee7a hoa t\u01b0\u01a1i t\u1edbi c\u1ed9ng \u0111\u1ed3ng. N\u00e2ng niu t\u1eebng b\u00f4ng hoa, t\u1ec9 m\u1ec9 ch\u1ecdn c\u00e1ch ph\u1ed1i m\u00e0u, h\u1ebft l\u00f2ng t\u01b0 v\u1ea5n v\u00e0 c\u1ea9n th\u1eadn giao hoa \u0111\u1ebfn t\u1eadn tay kh\u00e1ch h\u00e0ng,<\/p>\n<p><strong>\u0110i\u1ec7n Hoa H\u00e0 N\u1ed9i<\/strong> lu\u00f4n khi\u1ebfn kh\u00e1ch h\u00e0ng h\u00e0i l\u00f2ng t\u1eeb ch\u1ea5t l\u01b0\u1ee3ng s\u1ea3n ph\u1ea9m v\u00e0 t\u00e1c phong ph\u1ee5c v\u1ee5 chuy\u00ean nghi\u1ec7p t\u1eadn t\u00e2m. Nh\u01b0ng tr\u00ean t\u1ea5t c\u1ea3 nh\u1eefng \u0111i\u1ec1u n\u00e0y, \u0111\u00e2y ch\u00ednh l\u00e0 s\u1ef1 tr\u00e2n tr\u1ecdng c\u1ee7a ch\u00fang t\u00f4i d\u00e0nh cho nh\u1eefng b\u00f4ng hoa n\u00e0y.<\/p>\n","protected":false},"excerpt":{"rendered":"<p>Hoa t\u01b0\u01a1i ch\u00ednh l\u00e0 th\u1ee9 l\u00e0m l\u00ean linh h\u1ed3n c\u1ee7a m\u1ecdi s\u1ef1 ki\u1ec7n, m\u1ecdi \u0111\u00e1m c\u01b0\u1edbi d\u00f9 truy\u1ec1n th\u1ed1ng hay hi\u1ec7n \u0111\u1ea1i. V\u1edbi s\u1ee9c m\u1ea1nh truy\u1ec1n t\u1ea3i th\u00f4ng \u0111i\u1ec7p v\u00e0 \u00fd ngh\u0129a, c\u00f9ng v\u1edbi v\u1ebb \u0111\u1eb9p r\u1ef1c r\u1ee1 \u0111\u1ebfn t\u1eeb m\u00e0u s\u1eafc v\u00e0 m\u00f9i h\u01b0\u01a1ng, hoa t\u01b0\u01a1i lu\u00f4n l\u00e0 th\u1ee9 kh\u00f4ng th\u1ec3 thi\u1ebfu trong m\u1ecdi &#8230;<\/p>\n","protected":false},"author":6,"featured_media":0,"parent":0,"menu_order":0,"comment_status":"closed","ping_status":"closed","template":"page-right-sidebar.php","meta":[],"_links":{"self":[{"href":"https:\/\/webmaibinh.com\/w\/hoatuoi12011\/wp-json\/wp\/v2\/pages\/96"}],"collection":[{"href":"https:\/\/webmaibinh.com\/w\/hoatuoi12011\/wp-json\/wp\/v2\/pages"}],"about":[{"href":"https:\/\/webmaibinh.com\/w\/hoatuoi12011\/wp-json\/wp\/v2\/types\/page"}],"author":[{"embeddable":true,"href":"https:\/\/webmaibinh.com\/w\/hoatuoi12011\/wp-json\/wp\/v2\/users\/6"}],"replies":[{"embeddable":true,"href":"https:\/\/webmaibinh.com\/w\/hoatuoi12011\/wp-json\/wp\/v2\/comments?post=96"}],"version-history":[{"count":0,"href":"https:\/\/webmaibinh.com\/w\/hoatuoi12011\/wp-json\/wp\/v2\/pages\/96\/revisions"}],"wp:attachment":[{"href":"https:\/\/webmaibinh.com\/w\/hoatuoi12011\/wp-json\/wp\/v2\/media?parent=96"}],"curies":[{"name":"wp","href":"https:\/\/api.w.org\/{rel}","templated":true}]}}